{"id":94866,"date":"2026-03-20T07:04:27","date_gmt":"2026-03-20T07:04:27","guid":{"rendered":"https:\/\/soydeaqui.ddns.net\/pachuca\/index.php\/producto\/control-remoto-de-microfono-camara-altavoces-y-mas-para-huawei-ideahub-65-75-86-pulgadas\/"},"modified":"2026-03-20T07:04:40","modified_gmt":"2026-03-20T07:04:40","slug":"control-remoto-de-microfono-camara-altavoces-y-mas-para-huawei-ideahub-65-75-86-pulgadas","status":"publish","type":"product","link":"https:\/\/soydeaqui.ddns.net\/pachuca\/index.php\/producto\/control-remoto-de-microfono-camara-altavoces-y-mas-para-huawei-ideahub-65-75-86-pulgadas\/","title":{"rendered":"Control remoto de micr\u00f3fono, c\u00e1mara, altavoces y m\u00e1s para HUAWEI IdeaHub (65\/75\/86 pulgadas),"},"content":{"rendered":"<div style='width: 100%; max-width: 1200px; margin: 0 auto; font-family: sans-serif; line-height: 1.6; color: inherit; background-color: transparent;'>\n<div style='display: flex; flex-wrap: wrap; gap: 30px; margin-bottom: 30px;'>\n<div style='flex: 1 1 300px; min-width: 280px;'>\n<h3 style='font-size: 22px; border-bottom: 2px solid currentColor; padding-bottom: 5px; margin-top: 0; color: inherit; opacity: 0.8;'>Control de Dispositivos<\/h3>\n<p style='font-size: 15px; color: inherit; margin-bottom: 15px;'>Opera de forma remota los productos de la serie HUAWEI IdeaHub&comma; brindando una experiencia excelente que le permite controlar sin levantarse de su asiento.<\/p>\n<div style='margin-top: 20px;'>\n<h4 style='font-size: 18px; color: inherit; margin-bottom: 10px;'>Modelos compatibles:<\/h4>\n<ul style='padding-left: 20px; font-size: 15px; color: inherit; list-style-type: disc;'>\n<li style='margin-bottom: 5px;'>IHB2-65PU<\/li>\n<li style='margin-bottom: 5px;'>IHB2-75PU<\/li>\n<li style='margin-bottom: 5px;'>IHB2-86PU<\/li>\n<li style='margin-bottom: 5px;'>IHS2-65SA<\/li>\n<li style='margin-bottom: 5px;'>IHS2-75SA<\/li>\n<li style='margin-bottom: 5px;'>IHS2-86SA<\/li>\n<\/ul><\/div>\n<\/p><\/div>\n<div style='flex: 1 1 300px; min-width: 280px;'> <img style='width: 100%; height: auto; border: 1px solid rgba(150&comma;150&comma;150&comma;0.3); border-radius: 8px;' src='https:\/\/ftp3.syscom.mx\/usuarios\/fotos\/IHC\/220440-captura_de_pantalla_2023-11-02_a_la(s)_10.29.49.png' alt='Captura de pantalla del control remoto HUAWEI IdeaHub'> <\/div>\n<\/p><\/div>\n<hr style='border: 0; border-top: 1px solid rgba(150&comma; 150&comma; 150&comma; 0.3); margin: 30px 0;'> <\/div>\n","protected":false},"excerpt":{"rendered":"<p>Control remoto de micr\u00f3fono, c\u00e1mara, altavoces y m\u00e1s para HUAWEI IdeaHub (65\/75\/86 pulgadas),<\/p>\n","protected":false},"featured_media":94865,"comment_status":"open","ping_status":"closed","template":"","meta":[],"product_brand":[],"product_cat":[2048],"product_tag":[2049,718,2004],"class_list":{"0":"post-94866","1":"product","2":"type-product","3":"status-publish","4":"has-post-thumbnail","6":"product_cat-audio-video-conferencia","7":"product_tag-audio-video-conferencia","8":"product_tag-huawei","9":"product_tag-voip-telefonia-ip-videoconferencia","11":"first","12":"instock","13":"sale","14":"shipping-taxable","15":"purchasable","16":"product-type-simple"},"_links":{"self":[{"href":"https:\/\/soydeaqui.ddns.net\/pachuca\/index.php\/wp-json\/wp\/v2\/product\/94866","targetHints":{"allow":["GET"]}}],"collection":[{"href":"https:\/\/soydeaqui.ddns.net\/pachuca\/index.php\/wp-json\/wp\/v2\/product"}],"about":[{"href":"https:\/\/soydeaqui.ddns.net\/pachuca\/index.php\/wp-json\/wp\/v2\/types\/product"}],"replies":[{"embeddable":true,"href":"https:\/\/soydeaqui.ddns.net\/pachuca\/index.php\/wp-json\/wp\/v2\/comments?post=94866"}],"wp:featuredmedia":[{"embeddable":true,"href":"https:\/\/soydeaqui.ddns.net\/pachuca\/index.php\/wp-json\/wp\/v2\/media\/94865"}],"wp:attachment":[{"href":"https:\/\/soydeaqui.ddns.net\/pachuca\/index.php\/wp-json\/wp\/v2\/media?parent=94866"}],"wp:term":[{"taxonomy":"product_brand","embeddable":true,"href":"https:\/\/soydeaqui.ddns.net\/pachuca\/index.php\/wp-json\/wp\/v2\/product_brand?post=94866"},{"taxonomy":"product_cat","embeddable":true,"href":"https:\/\/soydeaqui.ddns.net\/pachuca\/index.php\/wp-json\/wp\/v2\/product_cat?post=94866"},{"taxonomy":"product_tag","embeddable":true,"href":"https:\/\/soydeaqui.ddns.net\/pachuca\/index.php\/wp-json\/wp\/v2\/product_tag?post=94866"}],"curies":[{"name":"wp","href":"https:\/\/api.w.org\/{rel}","templated":true}]}}