{"id":94864,"date":"2026-03-20T07:04:22","date_gmt":"2026-03-20T07:04:22","guid":{"rendered":"https:\/\/soydeaqui.ddns.net\/pachuca\/index.php\/producto\/codificador-de-video-encoder-8ch-hd-soporta-4-entradas-de-audio\/"},"modified":"2026-03-20T07:04:24","modified_gmt":"2026-03-20T07:04:24","slug":"codificador-de-video-encoder-8ch-hd-soporta-4-entradas-de-audio","status":"publish","type":"product","link":"https:\/\/soydeaqui.ddns.net\/pachuca\/index.php\/producto\/codificador-de-video-encoder-8ch-hd-soporta-4-entradas-de-audio\/","title":{"rendered":"CODIFICADOR DE VIDEO (ENCODER) 8CH HD, SOPORTA 4 ENTRADAS DE AUDIO"},"content":{"rendered":"<div style='width: 100%; max-width: 1200px; margin: 0 auto; font-family: sans-serif; line-height: 1.6; color: inherit; background-color: transparent;'> <!-- Imagen principal --> <\/p>\n<div style='margin-bottom: 30px;'> <img style='width: 100%; height: auto; border: 1px solid rgba(150&comma;150&comma;150&comma;0.3); border-radius: 8px;' src='https:\/\/ftp3.syscom.mx\/usuarios\/fotos\/DCT4831HRXA\/196150-baner-proyectos.jpg' alt='Banner de producto'> <\/div>\n<p> <!-- Secci\u00f3n de caracter\u00edsticas --> <\/p>\n<div style='display: flex; flex-wrap: wrap; gap: 30px; margin-bottom: 30px;'>\n<div style='flex: 1 1 300px; min-width: 280px;'>\n<h3 style='font-size: 22px; border-bottom: 2px solid currentColor; padding-bottom: 5px; margin-top: 0; color: inherit; opacity: 0.8;'>Caracter\u00edsticas principales<\/h3>\n<ul style='padding-left: 20px; font-size: 15px; color: inherit;'>\n<li style='margin-bottom: 5px;'>Soporta resoluci\u00f3n de hasta 5 Megapixel<\/li>\n<li style='margin-bottom: 5px;'>Soporta tecnolog\u00edas (TVI \/ AHD \/CVBS)<\/li>\n<li style='margin-bottom: 5px;'>Compresi\u00f3n: H.265 \/ H.264<\/li>\n<li style='margin-bottom: 5px;'>Max. Frame Rate: 240ips@1080P&comma; 144ips@3MP&comma; 120ips@4MP&comma; 80ips@5MP<\/li>\n<li style='margin-bottom: 5px;'>Puerto de red: RJ45 (10\/100\/1000 BASE-T)<\/li>\n<li style='margin-bottom: 5px;'>Soporta 4 entradas de audio<\/li>\n<li style='margin-bottom: 5px;'>Soporta protocolo UTC<\/li>\n<li style='margin-bottom: 5px;'>Notificaci\u00f3n de Evento: Detecci\u00f3n de movimiento&comma; p\u00e9rdida de video<\/li>\n<li style='margin-bottom: 5px;'>Cumple con NDAA<\/li>\n<\/ul><\/div>\n<div style='flex: 1 1 300px; min-width: 280px;'>\n<h3 style='font-size: 22px; border-bottom: 2px solid currentColor; padding-bottom: 5px; margin-top: 0; color: inherit; opacity: 0.8;'>Caracter\u00edsticas F\u00edsicas y El\u00e9ctricas<\/h3>\n<ul style='padding-left: 20px; font-size: 15px; color: inherit;'>\n<li style='margin-bottom: 5px;'>Alimentaci\u00f3n y consumo: 12V=&comma; 0.8A&comma; 10W PoE&comma; IEEE 802.3af (Class 3)&comma; 10W<\/li>\n<li style='margin-bottom: 5px;'>Dimensiones: 200 x 44 x 165.2mm<\/li>\n<li style='margin-bottom: 5px;'>Certificaciones: FCC&comma; CE&comma; KC<\/li>\n<li style='margin-bottom: 5px;'>Peso: 0.81 kg<\/li>\n<li style='margin-bottom: 5px;'>Garant\u00eda: 7 a\u00f1os<\/li>\n<\/ul><\/div>\n<\/p><\/div>\n<p> <!-- Separador --> <\/p>\n<hr style='border: 0; border-top: 1px solid rgba(150&comma; 150&comma; 150&comma; 0.3); margin: 30px 0;'> <\/div>\n","protected":false},"excerpt":{"rendered":"<p>CODIFICADOR DE VIDEO (ENCODER) 8CH HD, SOPORTA 4 ENTRADAS DE AUDIO<\/p>\n","protected":false},"featured_media":94863,"comment_status":"open","ping_status":"closed","template":"","meta":[],"product_brand":[],"product_cat":[2264],"product_tag":[122,2265,2276],"class_list":{"0":"post-94864","1":"product","2":"type-product","3":"status-publish","4":"has-post-thumbnail","6":"product_cat-codificadores-y-decodificadores-de-video","7":"product_tag-camaras-ip-y-nvrs","8":"product_tag-codificadores-y-decodificadores-de-video","9":"product_tag-idis","11":"first","12":"outofstock","13":"sale","14":"shipping-taxable","15":"purchasable","16":"product-type-simple"},"_links":{"self":[{"href":"https:\/\/soydeaqui.ddns.net\/pachuca\/index.php\/wp-json\/wp\/v2\/product\/94864","targetHints":{"allow":["GET"]}}],"collection":[{"href":"https:\/\/soydeaqui.ddns.net\/pachuca\/index.php\/wp-json\/wp\/v2\/product"}],"about":[{"href":"https:\/\/soydeaqui.ddns.net\/pachuca\/index.php\/wp-json\/wp\/v2\/types\/product"}],"replies":[{"embeddable":true,"href":"https:\/\/soydeaqui.ddns.net\/pachuca\/index.php\/wp-json\/wp\/v2\/comments?post=94864"}],"wp:featuredmedia":[{"embeddable":true,"href":"https:\/\/soydeaqui.ddns.net\/pachuca\/index.php\/wp-json\/wp\/v2\/media\/94863"}],"wp:attachment":[{"href":"https:\/\/soydeaqui.ddns.net\/pachuca\/index.php\/wp-json\/wp\/v2\/media?parent=94864"}],"wp:term":[{"taxonomy":"product_brand","embeddable":true,"href":"https:\/\/soydeaqui.ddns.net\/pachuca\/index.php\/wp-json\/wp\/v2\/product_brand?post=94864"},{"taxonomy":"product_cat","embeddable":true,"href":"https:\/\/soydeaqui.ddns.net\/pachuca\/index.php\/wp-json\/wp\/v2\/product_cat?post=94864"},{"taxonomy":"product_tag","embeddable":true,"href":"https:\/\/soydeaqui.ddns.net\/pachuca\/index.php\/wp-json\/wp\/v2\/product_tag?post=94864"}],"curies":[{"name":"wp","href":"https:\/\/api.w.org\/{rel}","templated":true}]}}