{"id":94844,"date":"2026-03-20T07:03:29","date_gmt":"2026-03-20T07:03:29","guid":{"rendered":"https:\/\/soydeaqui.ddns.net\/pachuca\/index.php\/producto\/kit-extensor-hdmi-inalambrico-wifi-5g-4k60hz-para-distancias-de-20-metros\/"},"modified":"2026-03-20T07:03:41","modified_gmt":"2026-03-20T07:03:41","slug":"kit-extensor-hdmi-inalambrico-wifi-5g-4k60hz-para-distancias-de-20-metros","status":"publish","type":"product","link":"https:\/\/soydeaqui.ddns.net\/pachuca\/index.php\/producto\/kit-extensor-hdmi-inalambrico-wifi-5g-4k60hz-para-distancias-de-20-metros\/","title":{"rendered":"Kit extensor HDMI inal\u00e1mbrico | Wifi 5G |  4K60Hz | para distancias de 20 metros"},"content":{"rendered":"<div style='width: 100%; max-width: 1200px; margin: 0 auto; font-family: sans-serif; line-height: 1.6; color: inherit;'> <!-- Imagen 1 --> <\/p>\n<div style='width: 100%; margin: 0; padding: 0;'> <img style='width: 100%; height: auto; border: 1px solid rgba(150&comma;150&comma;150&comma;0.3); border-radius: 8px;' src='https:\/\/ftp3.syscom.mx\/usuarios\/luis.vargas\/EpcomTitanium\/titaniumup.jpg' alt='Kit extensor HDMI inal\u00e1mbrico TT488MINI'> <\/div>\n<p> <!-- Descripci\u00f3n principal --> <\/p>\n<div style='margin: 30px 0;'>\n<h1 style='font-size: 24px; text-align: center; margin-bottom: 10px; color: inherit;'>TT488MINI<\/h1>\n<p style='text-align: center; margin: 10px 70px 50px 70px; font-size: 14px; color: inherit;'>El extensor inal\u00e1mbrico TypeC 4K@60Hz es un dispositivo compuesto por un transmisor y un receptor que permite transmitir v\u00eddeo de alta definici\u00f3n sin cables. Este extensor utiliza la banda de frecuencia inal\u00e1mbrica 5G&comma; lo que garantiza un rendimiento estable y seguro&comma; evitando interferencias. Tiene un alcance de hasta 20 metros&comma; eliminando la necesidad de cables complicados. Es ideal para videoconferencias&comma; entretenimiento en el hogar&comma; educaci\u00f3n multimedia y m\u00e1s.<\/p>\n<\/p><\/div>\n<p> <!-- Caracter\u00edsticas --> <\/p>\n<div style='margin: 30px 0;'>\n<h2 style='font-size: 20px; text-align: center; margin-bottom: 20px; color: inherit;'>Caracter\u00edsticas<\/h2>\n<div style='display: flex; flex-wrap: wrap; gap: 20px;'>\n<div style='flex: 1 1 300px; border-left: 5px double #439cc7; border-radius: 5px; padding: 0px 5px; margin-bottom: 25px; min-height: 220px; color: inherit;'>\n<ul style='padding-left: 20px; font-size: 14px; color: inherit;'>\n<li><strong>HDMI:<\/strong> 2.0<\/li>\n<li><strong>HDCP:<\/strong> 2.2<\/li>\n<li><strong>Ancho de banda:<\/strong> 18Mbps<\/li>\n<li><strong>Resoluciones:<\/strong> 7680&#215;4320@24\/25\/30\/50\/60Hz&comma; 3840&#215;2160@24\/25\/30\/50\/60\/120Hz&comma; 1080p@24\/25\/30\/50\/60\/120\/240Hz&comma; 720p@50\/60\/100\/120Hz<\/li>\n<\/ul><\/div>\n<div style='flex: 1 1 300px; border-left: 5px double #439cc7; border-radius: 5px; padding: 0px 5px; margin-bottom: 25px; min-height: 220px; color: inherit;'>\n<ul style='padding-left: 20px; font-size: 14px; color: inherit;'>\n<li><strong>Formato de audio:<\/strong> LPCM<\/li>\n<li><strong>Dimensiones:<\/strong> 230(L)*40.2(W)*15(H)mm<\/li>\n<li><strong>Peso neto:<\/strong> 58g<\/li>\n<\/ul><\/div>\n<div style='flex: 1 1 300px; border-left: 5px double #439cc7; border-radius: 5px; padding: 0px 5px; margin-bottom: 25px; min-height: 220px; color: inherit;'>\n<ul style='padding-left: 20px; font-size: 14px; color: inherit;'>\n<li><strong>Alimentaci\u00f3n (no inclu\u00edda):<\/strong> USB 5V\/1A<\/li>\n<li><strong>Consumo:<\/strong> 4W<\/li>\n<li><strong>Temperatura de operaci\u00f3n:<\/strong> 0-60\u00ba<\/li>\n<li><strong>Incluye:<\/strong>\n<ul style='padding-left: 20px; margin: 10px 0;'>\n<li style='margin-bottom: 5px;'>1x Transmisor (TX)<\/li>\n<li style='margin-bottom: 5px;'>1x Receptor (RX)<\/li>\n<li style='margin-bottom: 5px;'>2x Cable Micro USB<\/li>\n<\/ul>\n<\/li>\n<\/ul><\/div>\n<\/p><\/div>\n<\/p><\/div>\n<p> <!-- Video de YouTube --> <\/p>\n<div style='margin: 40px 0;'>\n<div style='position: relative; padding-bottom: 56.25%; height: 0; overflow: hidden;'>   <\/div>\n<\/p><\/div>\n<p> <!-- Imagen 2 --> <\/p>\n<div style='width: 100%; margin: 30px 0;'> <img style='width: 100%; height: auto; border: 1px solid rgba(150&comma;150&comma;150&comma;0.3); border-radius: 8px;' src='http:\/\/ftp3.syscom.mx\/usuarios\/ftp\/2025\/08\/29\/2807\/ipcolorWirelessHDMIExtender.jpg_froala_68b20aabe4803' alt='Kit extensor HDMI inal\u00e1mbrico TT488MINI'> <\/div>\n<p> <!-- Imagen 3 --> <\/p>\n<div style='width: 100%; margin: 30px 0;'> <img style='width: 100%; height: auto; border: 1px solid rgba(150&comma;150&comma;150&comma;0.3); border-radius: 8px;' src='https:\/\/ftp3.syscom.mx\/usuarios\/luis.vargas\/EpcomTitanium\/TT488MINI\/TT488MINI-Poster.jpg' alt='Diagrama de instalaci\u00f3n TT488MINI'> <\/div>\n<p> <!-- PDF --> <\/p>\n<div style='width: 100%; margin: 30px 0;'>   <\/div>\n<\/p><\/div>\n","protected":false},"excerpt":{"rendered":"<p>Kit extensor HDMI inal\u00e1mbrico | Wifi 5G |  4K60Hz | para distancias de 20 metros<\/p>\n","protected":false},"featured_media":94843,"comment_status":"open","ping_status":"closed","template":"","meta":[],"product_brand":[],"product_cat":[2073,2074,2077,2075,2072,2076],"product_tag":[417,2079,2080,2083,507,2081,2078,2082],"class_list":{"0":"post-94844","1":"product","2":"type-product","3":"status-publish","4":"has-post-thumbnail","6":"product_cat-convertidores","7":"product_cat-divisores","8":"product_cat-dvi","9":"product_cat-hdmi","10":"product_cat-kits-extensores","11":"product_cat-vga","12":"product_tag-accesorios-generales","13":"product_tag-convertidores","14":"product_tag-divisores","15":"product_tag-dvi","16":"product_tag-epcom-titanium","17":"product_tag-hdmi","18":"product_tag-kits-extensores","19":"product_tag-vga","21":"first","22":"instock","23":"sale","24":"shipping-taxable","25":"purchasable","26":"product-type-simple"},"_links":{"self":[{"href":"https:\/\/soydeaqui.ddns.net\/pachuca\/index.php\/wp-json\/wp\/v2\/product\/94844","targetHints":{"allow":["GET"]}}],"collection":[{"href":"https:\/\/soydeaqui.ddns.net\/pachuca\/index.php\/wp-json\/wp\/v2\/product"}],"about":[{"href":"https:\/\/soydeaqui.ddns.net\/pachuca\/index.php\/wp-json\/wp\/v2\/types\/product"}],"replies":[{"embeddable":true,"href":"https:\/\/soydeaqui.ddns.net\/pachuca\/index.php\/wp-json\/wp\/v2\/comments?post=94844"}],"wp:featuredmedia":[{"embeddable":true,"href":"https:\/\/soydeaqui.ddns.net\/pachuca\/index.php\/wp-json\/wp\/v2\/media\/94843"}],"wp:attachment":[{"href":"https:\/\/soydeaqui.ddns.net\/pachuca\/index.php\/wp-json\/wp\/v2\/media?parent=94844"}],"wp:term":[{"taxonomy":"product_brand","embeddable":true,"href":"https:\/\/soydeaqui.ddns.net\/pachuca\/index.php\/wp-json\/wp\/v2\/product_brand?post=94844"},{"taxonomy":"product_cat","embeddable":true,"href":"https:\/\/soydeaqui.ddns.net\/pachuca\/index.php\/wp-json\/wp\/v2\/product_cat?post=94844"},{"taxonomy":"product_tag","embeddable":true,"href":"https:\/\/soydeaqui.ddns.net\/pachuca\/index.php\/wp-json\/wp\/v2\/product_tag?post=94844"}],"curies":[{"name":"wp","href":"https:\/\/api.w.org\/{rel}","templated":true}]}}