{"id":94829,"date":"2026-03-20T07:02:48","date_gmt":"2026-03-20T07:02:48","guid":{"rendered":"https:\/\/soydeaqui.ddns.net\/pachuca\/index.php\/producto\/proyeccion-inalambrica-ideashare-key-para-huawei-ideahub-65-75-86-pulgadas-conexion-via-usb-tipo-c\/"},"modified":"2026-03-20T07:03:09","modified_gmt":"2026-03-20T07:03:09","slug":"proyeccion-inalambrica-ideashare-key-para-huawei-ideahub-65-75-86-pulgadas-conexion-via-usb-tipo-c","status":"publish","type":"product","link":"https:\/\/soydeaqui.ddns.net\/pachuca\/index.php\/producto\/proyeccion-inalambrica-ideashare-key-para-huawei-ideahub-65-75-86-pulgadas-conexion-via-usb-tipo-c\/","title":{"rendered":"Proyecci\u00f3n Inal\u00e1mbrica &#8211; IdeaShare Key para HUAWEI Ideahub (65\/75\/86 pulgadas), conexi\u00f3n v\u00eda USB Tipo C"},"content":{"rendered":"<div style='width: 100%; max-width: 1200px; margin: 0 auto; font-family: sans-serif; line-height: 1.6; color: inherit; background-color: transparent;'> <!-- Descripci\u00f3n principal --> <\/p>\n<div style='margin-bottom: 30px; font-size: 15px; color: inherit;'>\n<p><strong>IdeaShare Key<\/strong> es la herramienta de proyecci\u00f3n. Simplemente con\u00e9ctelo al IdeaHub al usarlo por primera vez para emparejar los dos dispositivos. Luego inserte la clave en su PC y presione hacia abajo en el medio de la clave IdeaShare. Para dejar de compartir&comma; presione hacia abajo en el centro nuevamente.<\/p>\n<\/p><\/div>\n<p> <!-- Secci\u00f3n de cards --> <\/p>\n<div style='display: flex; flex-wrap: wrap; gap: 30px; margin-bottom: 40px;'> <!-- Card 1 --> <\/p>\n<div style='flex: 1 1 300px; min-width: 280px; border: 1px solid rgba(150&comma; 150&comma; 150&comma; 0.4); border-radius: 8px; overflow: hidden; display: flex; flex-direction: column;'>\n<div style='padding: 15px; border-bottom: 1px solid rgba(150&comma; 150&comma; 150&comma; 0.2); font-weight: bold; font-size: 18px; color: inherit;'>Plug and Play<\/div>\n<div style='flex: 1; display: flex; flex-direction: column;'> <img style='width: 100%; height: auto; border: 1px solid rgba(150&comma;150&comma;150&comma;0.3); border-radius: 0;' src='https:\/\/ftp3.syscom.mx\/usuarios\/fotos\/HWA01\/220442-captura_de_pantalla_2023-11-02_a_la(s)_10.52.39.png' alt='Captura de pantalla 2023-11-02 a las 10.52.39'> <\/p>\n<div style='padding: 15px; color: inherit;'>\n<ul style='padding-left: 20px; margin: 0; font-size: 14px; list-style-type: disc;'>\n<li style='margin-bottom: 5px;'><span style='color: inherit;'>Conexi\u00f3n en red autom\u00e1tica de alta velocidad sin conectar su PC o dispositivos m\u00f3viles a Wi-Fi.<\/span><\/li>\n<li style='margin-bottom: 5px;'><span style='color: inherit;'>Inicio r\u00e1pido sin aplicaciones.<\/span><\/li>\n<\/ul><\/div>\n<\/p><\/div>\n<\/p><\/div>\n<p> <!-- Card 2 --> <\/p>\n<div style='flex: 1 1 300px; min-width: 280px; border: 1px solid rgba(150&comma; 150&comma; 150&comma; 0.4); border-radius: 8px; overflow: hidden; display: flex; flex-direction: column;'>\n<div style='padding: 15px; border-bottom: 1px solid rgba(150&comma; 150&comma; 150&comma; 0.2); font-weight: bold; font-size: 18px; color: inherit;'>Amplia Compatibilidad<\/div>\n<div style='flex: 1; display: flex; flex-direction: column;'> <img style='width: 100%; height: auto; border: 1px solid rgba(150&comma;150&comma;150&comma;0.3); border-radius: 0;' src='https:\/\/ftp3.syscom.mx\/usuarios\/fotos\/HWA01\/220442-captura_de_pantalla_2023-11-02_a_la(s)_10.53.42.png' alt='Captura de pantalla 2023-11-02 a las 10.53.42'> <\/p>\n<div style='padding: 15px; color: inherit;'>\n<ul style='padding-left: 20px; margin: 0; font-size: 14px; list-style-type: disc;'>\n<li style='margin-bottom: 5px;'><span style='color: inherit;'>Android&comma; HarmonyOS&comma; iOS&comma; Windows y macOS.<\/span><\/li>\n<li style='margin-bottom: 5px;'><span style='color: inherit;'>PC&comma; tel\u00e9fonos m\u00f3viles y tabletas.<\/span><\/li>\n<\/ul><\/div>\n<\/p><\/div>\n<\/p><\/div>\n<p> <!-- Card 3 --> <\/p>\n<div style='flex: 1 1 300px; min-width: 280px; border: 1px solid rgba(150&comma; 150&comma; 150&comma; 0.4); border-radius: 8px; overflow: hidden; display: flex; flex-direction: column;'>\n<div style='padding: 15px; border-bottom: 1px solid rgba(150&comma; 150&comma; 150&comma; 0.2); font-weight: bold; font-size: 18px; color: inherit;'>Presencial Real<\/div>\n<div style='flex: 1; display: flex; flex-direction: column;'> <img style='width: 100%; height: auto; border: 1px solid rgba(150&comma;150&comma;150&comma;0.3); border-radius: 0;' src='https:\/\/ftp3.syscom.mx\/usuarios\/fotos\/HWA01\/220442-captura_de_pantalla_2023-11-02_a_la(s)_10.53.53.png' alt='Captura de pantalla 2023-11-02 a las 10.53.53'> <\/p>\n<div style='padding: 15px; color: inherit;'>\n<ul style='padding-left: 20px; margin: 0; font-size: 14px; list-style-type: disc;'>\n<li style='margin-bottom: 5px;'><span style='color: inherit;'>Proyecci\u00f3n HD y transmisi\u00f3n simult\u00e1nea de im\u00e1genes y sonidos.<\/span><\/li>\n<li style='margin-bottom: 5px;'><span style='color: inherit;'>Reproducci\u00f3n de audio sin p\u00e9rdidas de doble canal de 48K con una calidad de sonido excepcional.<\/span><\/li>\n<\/ul><\/div>\n<\/p><\/div>\n<\/p><\/div>\n<p> <!-- Card 4 --> <\/p>\n<div style='flex: 1 1 300px; min-width: 280px; border: 1px solid rgba(150&comma; 150&comma; 150&comma; 0.4); border-radius: 8px; overflow: hidden; display: flex; flex-direction: column;'>\n<div style='padding: 15px; border-bottom: 1px solid rgba(150&comma; 150&comma; 150&comma; 0.2); font-weight: bold; font-size: 18px; color: inherit;'>Colaboraci\u00f3n doble pantalla<\/div>\n<div style='flex: 1; display: flex; flex-direction: column;'> <img style='width: 100%; height: auto; border: 1px solid rgba(150&comma;150&comma;150&comma;0.3); border-radius: 0;' src='https:\/\/ftp3.syscom.mx\/usuarios\/fotos\/HWA01\/220442-captura_de_pantalla_2023-11-02_a_la(s)_10.54.16.png' alt='Captura de pantalla 2023-11-02 a las 10.54.16'> <\/p>\n<div style='padding: 15px; color: inherit;'>\n<ul style='padding-left: 20px; margin: 0; font-size: 14px; list-style-type: disc;'>\n<li style='margin-bottom: 5px;'><span style='color: inherit;'>El modo de pantalla extendida permite la m\u00e1xima eficiencia de colaboraci\u00f3n. Tome notas en su dispositivo mientras proyecta reuniones o archivos en la pantalla.<\/span><\/li>\n<\/ul><\/div>\n<\/p><\/div>\n<\/p><\/div>\n<p> <!-- Card 5 --> <\/p>\n<div style='flex: 1 1 300px; min-width: 280px; border: 1px solid rgba(150&comma; 150&comma; 150&comma; 0.4); border-radius: 8px; overflow: hidden; display: flex; flex-direction: column;'>\n<div style='padding: 15px; border-bottom: 1px solid rgba(150&comma; 150&comma; 150&comma; 0.2); font-weight: bold; font-size: 18px; color: inherit;'>Control Inverso<\/div>\n<div style='flex: 1; display: flex; flex-direction: column;'> <img style='width: 100%; height: auto; border: 1px solid rgba(150&comma;150&comma;150&comma;0.3); border-radius: 0;' src='https:\/\/ftp3.syscom.mx\/usuarios\/fotos\/HWA01\/220442-captura_de_pantalla_2023-11-02_a_la(s)_10.54.26.png' alt='Captura de pantalla 2023-11-02 a las 10.54.26'> <\/p>\n<div style='padding: 15px; color: inherit;'>\n<ul style='padding-left: 20px; margin: 0; font-size: 14px; list-style-type: disc;'>\n<li style='margin-bottom: 5px;'><span style='color: inherit;'>Controla directamente el contenido compartido en la pantalla grande&comma; como pasar p\u00e1ginas y habilitar la presentaci\u00f3n de diapositivas.<\/span><\/li>\n<\/ul><\/div>\n<\/p><\/div>\n<\/p><\/div>\n<p> <!-- Card 6 --> <\/p>\n<div style='flex: 1 1 300px; min-width: 280px; border: 1px solid rgba(150&comma; 150&comma; 150&comma; 0.4); border-radius: 8px; overflow: hidden; display: flex; flex-direction: column;'>\n<div style='padding: 15px; border-bottom: 1px solid rgba(150&comma; 150&comma; 150&comma; 0.2); font-weight: bold; font-size: 18px; color: inherit;'>Tecnolog\u00eda confiable<\/div>\n<div style='flex: 1; display: flex; flex-direction: column;'> <img style='width: 100%; height: auto; border: 1px solid rgba(150&comma;150&comma;150&comma;0.3); border-radius: 0;' src='https:\/\/ftp3.syscom.mx\/usuarios\/fotos\/HWA01\/220442-captura_de_pantalla_2023-11-02_a_la(s)_10.54.35.png' alt='Captura de pantalla 2023-11-02 a las 10.54.35'> <\/p>\n<div style='padding: 15px; color: inherit;'>\n<ul style='padding-left: 20px; margin: 0; font-size: 14px; list-style-type: disc;'>\n<li style='margin-bottom: 5px;'><span style='color: inherit;'>Wi-Fi de doble banda 2&comma;4G\/5G para una conexi\u00f3n m\u00e1s estable.<\/span><\/li>\n<li style='margin-bottom: 5px;'><span style='color: inherit;'>Transmisi\u00f3n cifrada AES256 para garantizar la seguridad de la informaci\u00f3n.<\/span><\/li>\n<\/ul><\/div>\n<\/p><\/div>\n<\/p><\/div>\n<\/p><\/div>\n<p> <!-- Galer\u00eda de im\u00e1genes --> <\/p>\n<div style='display: flex; flex-wrap: wrap; gap: 20px; margin-bottom: 30px;'>\n<div style='flex: 1 1 45%; min-width: 300px;'> <img style='width: 100%; height: auto; border: 1px solid rgba(150&comma;150&comma;150&comma;0.3); border-radius: 8px;' src='https:\/\/ftp3.syscom.mx\/usuarios\/fotos\/HWA01\/220442-ideashare5.png' alt='IdeaShare 5'> <\/div>\n<div style='flex: 1 1 45%; min-width: 300px;'> <img style='width: 100%; height: auto; border: 1px solid rgba(150&comma;150&comma;150&comma;0.3); border-radius: 8px;' src='https:\/\/ftp3.syscom.mx\/usuarios\/fotos\/HWA01\/220442-ideashare6.png' alt='IdeaShare 6'> <\/div>\n<div style='flex: 1 1 45%; min-width: 300px;'> <img style='width: 100%; height: auto; border: 1px solid rgba(150&comma;150&comma;150&comma;0.3); border-radius: 8px;' src='https:\/\/ftp3.syscom.mx\/usuarios\/fotos\/HWA01\/220442-ideashare7.png' alt='IdeaShare 7'> <\/div>\n<div style='flex: 1 1 45%; min-width: 300px;'> <img style='width: 100%; height: auto; border: 1px solid rgba(150&comma;150&comma;150&comma;0.3); border-radius: 8px;' src='https:\/\/ftp3.syscom.mx\/usuarios\/fotos\/HWA01\/220442-ideashare8.png' alt='IdeaShare 8'> <\/div>\n<\/p><\/div>\n<\/p><\/div>\n","protected":false},"excerpt":{"rendered":"<p>Proyecci\u00f3n Inal\u00e1mbrica &#8211; IdeaShare Key para HUAWEI Ideahub (65\/75\/86 pulgadas), conexi\u00f3n v\u00eda USB Tipo C<\/p>\n","protected":false},"featured_media":94828,"comment_status":"open","ping_status":"closed","template":"","meta":[],"product_brand":[],"product_cat":[2048],"product_tag":[2049,718,2004],"class_list":{"0":"post-94829","1":"product","2":"type-product","3":"status-publish","4":"has-post-thumbnail","6":"product_cat-audio-video-conferencia","7":"product_tag-audio-video-conferencia","8":"product_tag-huawei","9":"product_tag-voip-telefonia-ip-videoconferencia","11":"first","12":"instock","13":"sale","14":"shipping-taxable","15":"purchasable","16":"product-type-simple"},"_links":{"self":[{"href":"https:\/\/soydeaqui.ddns.net\/pachuca\/index.php\/wp-json\/wp\/v2\/product\/94829","targetHints":{"allow":["GET"]}}],"collection":[{"href":"https:\/\/soydeaqui.ddns.net\/pachuca\/index.php\/wp-json\/wp\/v2\/product"}],"about":[{"href":"https:\/\/soydeaqui.ddns.net\/pachuca\/index.php\/wp-json\/wp\/v2\/types\/product"}],"replies":[{"embeddable":true,"href":"https:\/\/soydeaqui.ddns.net\/pachuca\/index.php\/wp-json\/wp\/v2\/comments?post=94829"}],"wp:featuredmedia":[{"embeddable":true,"href":"https:\/\/soydeaqui.ddns.net\/pachuca\/index.php\/wp-json\/wp\/v2\/media\/94828"}],"wp:attachment":[{"href":"https:\/\/soydeaqui.ddns.net\/pachuca\/index.php\/wp-json\/wp\/v2\/media?parent=94829"}],"wp:term":[{"taxonomy":"product_brand","embeddable":true,"href":"https:\/\/soydeaqui.ddns.net\/pachuca\/index.php\/wp-json\/wp\/v2\/product_brand?post=94829"},{"taxonomy":"product_cat","embeddable":true,"href":"https:\/\/soydeaqui.ddns.net\/pachuca\/index.php\/wp-json\/wp\/v2\/product_cat?post=94829"},{"taxonomy":"product_tag","embeddable":true,"href":"https:\/\/soydeaqui.ddns.net\/pachuca\/index.php\/wp-json\/wp\/v2\/product_tag?post=94829"}],"curies":[{"name":"wp","href":"https:\/\/api.w.org\/{rel}","templated":true}]}}