{"id":94811,"date":"2026-03-20T07:01:58","date_gmt":"2026-03-20T07:01:58","guid":{"rendered":"https:\/\/soydeaqui.ddns.net\/pachuca\/index.php\/producto\/domo-ip-4-megapixel-lente-2-8-mm-40-mts-ir-exterior-ip67-ik10-microfono-integrado-darkfighter-audio-y-alarma-i-o-poe-onvif-micro-sd-4-analiticos-acusense-deteccion-facial-cont\/"},"modified":"2026-03-20T07:02:04","modified_gmt":"2026-03-20T07:02:04","slug":"domo-ip-4-megapixel-lente-2-8-mm-40-mts-ir-exterior-ip67-ik10-microfono-integrado-darkfighter-audio-y-alarma-i-o-poe-onvif-micro-sd-4-analiticos-acusense-deteccion-facial-cont","status":"publish","type":"product","link":"https:\/\/soydeaqui.ddns.net\/pachuca\/index.php\/producto\/domo-ip-4-megapixel-lente-2-8-mm-40-mts-ir-exterior-ip67-ik10-microfono-integrado-darkfighter-audio-y-alarma-i-o-poe-onvif-micro-sd-4-analiticos-acusense-deteccion-facial-cont\/","title":{"rendered":"Domo IP 4 Megapixel \/ Lente 2.8 mm \/ 40 mts IR \/ Exterior IP67 \/ IK10 \/ Microfono Integrado \/ DARKFIGHTER \/ Audio y Alarma I\/O \/ PoE \/ ONVIF \/ Micro SD \/ 4 Anal\u00edticos: AcuSense, Detecci\u00f3n Facial, Conteo de Personas por Cruce y Zona"},"content":{"rendered":"<div style='width: 100%; max-width: 1200px; margin: 0 auto; font-family: sans-serif; line-height: 1.6; color: inherit; background-color: transparent;'>\n<div style='text-align: center; margin-bottom: 30px;'> <img style='width: 100%; max-width: 583px; height: auto; border: 1px solid rgba(150&comma;150&comma;150&comma;0.3); border-radius: 8px;' src='https:\/\/ftp3.syscom.mx\/usuarios\/jsosa\/HIKVISION\/imagenes\/logo\/hikvision%20see%20far.png' alt='Logo Hikvision'> <\/div>\n<div style='display: flex; flex-wrap: wrap; gap: 30px; margin-bottom: 30px;'>\n<div style='flex: 1 1 300px; min-width: 280px;'> <img style='width: 100%; height: auto; border: 1px solid rgba(150&comma;150&comma;150&comma;0.3); border-radius: 8px;' src='https:\/\/www.hikvision.com\/content\/dam\/hikvision\/usa\/marketing\/campaign---ipc-ultra-series\/Variable-intelligence-for-various-scenarios.png' alt='Variable intelligence for various scenarios'> <\/div>\n<div style='flex: 1 1 300px; min-width: 280px;'>\n<h3 style='font-size: 22px; border-bottom: 2px solid currentColor; padding-bottom: 5px; margin-top: 0; color: inherit; opacity: 0.8;'>Soporta 4 distintos anal\u00edticos&comma; 1 a la vez<\/h3>\n<p style='font-size: 15px; color: inherit;'>Cambie entre cuatro algoritmos de IA integrados y dedicados para el conteo de personas&comma; protecci\u00f3n perimetral y m\u00e1s. Los usuarios pueden continuar optimizando la precisi\u00f3n de la detecci\u00f3n de objetos en una escena espec\u00edfica a trav\u00e9s del modo de aprendizaje mediante ejemplo de an\u00e1lisis de autoaprendizaje.<\/p>\n<ul style='padding-left: 20px; font-size: 15px; color: inherit; margin-top: 15px;'>\n<li style='margin-bottom: 5px;'>Detecci\u00f3n Facial<\/li>\n<li style='margin-bottom: 5px;'>Conteo de Personas por Cruce de Linea<\/li>\n<li style='margin-bottom: 5px;'>Conteo de Personas por Zona<\/li>\n<li style='margin-bottom: 5px;'>Protecci\u00f3n Perimetral<\/li>\n<\/ul><\/div>\n<\/p><\/div>\n<div style='display: flex; flex-wrap: wrap; gap: 30px; margin-bottom: 30px;'>\n<div style='flex: 1 1 300px; min-width: 280px;'>\n<h3 style='font-size: 22px; border-bottom: 2px solid currentColor; padding-bottom: 5px; margin-top: 0; color: inherit; opacity: 0.8;'>Aplicaciones de Terceros<\/h3>\n<p style='font-size: 15px; color: inherit;'>Sabemos que los usuarios a menudo necesitan personalizar sus aplicaciones inteligentes para entornos de instalaci\u00f3n \u00fanicos o escenarios que mejoren el negocio. Es por eso que equipamos c\u00e1maras de red seleccionadas de la serie Ultra con la plataforma abierta integrada (HEOP) de HIKVISION.<\/p>\n<\/p><\/div>\n<div style='flex: 1 1 300px; min-width: 280px;'> <img style='width: 100%; height: auto; border: 1px solid rgba(150&comma;150&comma;150&comma;0.3); border-radius: 8px;' src='https:\/\/www.hikvision.com\/content\/dam\/hikvision\/usa\/marketing\/campaign---ipc-ultra-series\/Upload-tailor-made-algorithms.png' alt='Upload tailor made algorithms'> <\/div>\n<\/p><\/div>\n<div style='display: flex; flex-wrap: wrap; gap: 30px; margin-bottom: 30px;'>\n<div style='flex: 1 1 300px; min-width: 280px;'>\n<div style='border: 1px solid rgba(150&comma; 150&comma; 150&comma; 0.4); border-radius: 8px; overflow: hidden; margin-bottom: 20px;'>\n<div style='padding: 15px; border-bottom: 1px solid rgba(150&comma; 150&comma; 150&comma; 0.2); font-weight: bold; font-size: 18px; background: #df001e; color: white;'>Caracter\u00edsticas Principales:<\/div>\n<div style='padding: 15px; color: inherit;'>\n<ul style='padding-left: 20px; margin: 0; font-size: 14px; list-style-type: disc;'>\n<li style='margin-bottom: 5px;'>Resoluci\u00f3n m\u00e1xima: 4 Megapixel (2688 \u00d7 1520)<\/li>\n<li style='margin-bottom: 5px;'>Iluminaci\u00f3n m\u00ednima (Powered by DarkFighter): 0.003 Lux @ (F1.4&comma; AGC ON)<\/li>\n<li style='margin-bottom: 5px;'>Distancia focal: 2.8 mm (\u00e1ngulo de apertura 101\u00b0)<\/li>\n<li style='margin-bottom: 5px;'>Distancia de infrarrojo: 40 mts Smart IR<\/li>\n<li style='margin-bottom: 5px;'>Funciones normales: WDR 120 dB \/ ROI \/ BLC \/ HLC \/ 3D DNR<\/li>\n<li style='margin-bottom: 5px;'>Funciones Avanzadas: Detecci\u00f3n de Rostros \/ Intrusi\u00f3n de \u00e1rea \/ Cruce de l\u00ednea<\/li>\n<li style='margin-bottom: 5px;'>Compresi\u00f3n: H.265+ \/ H.265 \/ H.264+ \/ H.264<\/li>\n<li style='margin-bottom: 5px;'>Compatible con la plataforma de Hik-Connect (<a style='color: inherit; text-decoration: underline;' href='https:\/\/appstore.hikvision.com\/' target='_blank' rel='noopener'>https:\/\/appstore.hikvision.com\/<\/a>)<\/li>\n<\/ul><\/div>\n<\/p><\/div>\n<div style='border: 1px solid rgba(150&comma; 150&comma; 150&comma; 0.4); border-radius: 8px; overflow: hidden;'>\n<div style='padding: 15px; border-bottom: 1px solid rgba(150&comma; 150&comma; 150&comma; 0.2); font-weight: bold; font-size: 18px; background: #df001e; color: white;'>Entradas y Salidas de Audio \/ Alarmas \/ Red \/ Almacenamiento:<\/div>\n<div style='padding: 15px; color: inherit;'>\n<ul style='padding-left: 20px; margin: 0; font-size: 14px; list-style-type: disc;'>\n<li style='margin-bottom: 5px;'>Entradas de alarma: 1<\/li>\n<li style='margin-bottom: 5px;'>Salidas de alarma: 1<\/li>\n<li style='margin-bottom: 5px; font-weight: bold;'>Micr\u00f3fono integrado<\/li>\n<li style='margin-bottom: 5px;'>Entradas de audio: 1<\/li>\n<li style='margin-bottom: 5px;'>Salidas de audio: 1<\/li>\n<li style='margin-bottom: 5px;'>Puerto de red: 1 (10 \/ 100 Mbps \/ PoE 802.3af)<\/li>\n<li style='margin-bottom: 5px;'>Almacenamiento micro SD de hasta 512 GB \/ ANR (Automatic Network Recovery)<\/li>\n<li style='margin-bottom: 5px;'>Soporta ONVIF (Profile S&comma; Profile G) \/ ISAPI \/ SDK<\/li>\n<\/ul><\/div>\n<\/p><\/div>\n<\/p><\/div>\n<div style='flex: 1 1 300px; min-width: 280px;'>\n<div style='border: 1px solid rgba(150&comma; 150&comma; 150&comma; 0.4); border-radius: 8px; overflow: hidden; margin-bottom: 20px;'>\n<div style='padding: 15px; border-bottom: 1px solid rgba(150&comma; 150&comma; 150&comma; 0.2); font-weight: bold; font-size: 18px; background: #df001e; color: white;'>Caracter\u00edsticas F\u00edsicas y El\u00e9ctricas:<\/div>\n<div style='padding: 15px; color: inherit;'>\n<ul style='padding-left: 20px; margin: 0; font-size: 14px; list-style-type: disc;'>\n<li style='margin-bottom: 5px;'>Alimentaci\u00f3n: 12 Vcc \/ PoE 802.3 af \/ 9 W<\/li>\n<li style='margin-bottom: 5px;'>Temperatura de operaci\u00f3n: -30\u00b0C a 60\u00b0C \/ Humedad al 95% m\u00e1ximo<\/li>\n<li style='margin-bottom: 5px;'>Uso en exterior IP67<\/li>\n<li style='margin-bottom: 5px;'>Antivand\u00e1lico IK10<\/li>\n<li style='margin-bottom: 5px;'>Dimensiones: 121.5 mm \u00d7 97.6 mm<\/li>\n<li style='margin-bottom: 5px;'>Peso: 500 grs<\/li>\n<\/ul><\/div>\n<\/p><\/div>\n<div style='border: 1px solid rgba(150&comma; 150&comma; 150&comma; 0.4); border-radius: 8px; overflow: hidden;'>\n<div style='padding: 15px; border-bottom: 1px solid rgba(150&comma; 150&comma; 150&comma; 0.2); font-weight: bold; font-size: 18px; background: #df001e; color: white;'>Accesorios Opcionales:<\/div>\n<div style='padding: 15px; color: inherit;'>\n<ul style='padding-left: 20px; margin: 0; font-size: 14px; list-style-type: disc;'>\n<li style='margin-bottom: 5px;'>Montaje colgante para domo&comma; modelo: <a style='color: inherit; text-decoration: underline;' href='https:\/\/www.syscom.mx\/producto\/DS-1271ZJ-120-HIKVISION-168453.html' target='_blank' rel='noopener'>DS-1271ZJ-120<\/a><\/li>\n<li style='margin-bottom: 5px;'>Montaje de poste vertical&comma; modelo: <a style='color: inherit; text-decoration: underline;' href='https:\/\/www.syscom.mx\/producto\/DS-1275ZJ-SUS-HIKVISION-156172.html' target='_blank' rel='noopener'>DS-1275ZJ-SUS<\/a><\/li>\n<li style='margin-bottom: 5px;'>Montaje de esquina&comma; modelo: <a style='color: inherit; text-decoration: underline;' href='https:\/\/www.syscom.mx\/producto\/DS-1276ZJ-SUS-HIKVISION-156173.html' target='_blank' rel='noopener'>DS-1276ZJ-SUS<\/a><\/li>\n<li style='margin-bottom: 5px;'>Montaje de pared&comma; modelo: <a style='color: inherit; text-decoration: underline;' href='https:\/\/www.syscom.mx\/producto\/DS-1272ZJ-120-HIKVISION-79331.html' target='_blank' rel='noopener'>DS-1272ZJ-120<\/a><\/li>\n<li style='margin-bottom: 5px;'>Montaje de pared con caja de conexi\u00f3n&comma; modelo: <a style='color: inherit; text-decoration: underline;' href='https:\/\/www.syscom.mx\/producto\/DS-1272ZJ-120B-HIKVISION-168454.html' target='_blank' rel='noopener'>DS-1272ZJ-120B<\/a><\/li>\n<li style='margin-bottom: 5px;'>Caja de conexi\u00f3n&comma; modelo: <a style='color: inherit; text-decoration: underline;' href='https:\/\/www.syscom.mx\/producto\/DS-1280ZJ-DM46-HIKVISION-188766.html' target='_blank' rel='noopener'>DS-1280ZJ-DM46<\/a><\/li>\n<\/ul><\/div>\n<\/p><\/div>\n<\/p><\/div>\n<\/p><\/div>\n<div style='border: 1px solid rgba(150&comma; 150&comma; 150&comma; 0.4); border-radius: 8px; overflow: hidden; margin-bottom: 30px;'>\n<div style='padding: 15px; border-bottom: 1px solid rgba(150&comma; 150&comma; 150&comma; 0.2); font-weight: bold; font-size: 18px; background: #df001e; color: white;'>Caracter\u00edsticas Destacadas:<\/div>\n<div style='padding: 15px; color: inherit;'>\n<ul style='padding-left: 20px; margin: 0 0 15px 0; font-size: 14px; list-style-type: disc;'>\n<li style='margin-bottom: 5px;'>Soporta anal\u00edtico de ACUSENSE con anal\u00edticos como filtro de humano y veh\u00edculos por medio de cruce de l\u00ednea o intrusi\u00f3n<\/li>\n<li style='margin-bottom: 5px;'>Soporta anal\u00edtico de captura facial (recomendado para NVRs con reconocimiento facial)<\/li>\n<li style='margin-bottom: 5px;'>Soporta Hikvision Embedded Open Platform (HEOP)<\/li>\n<\/ul>\n<h3 style='font-size: 18px; margin-top: 25px; margin-bottom: 15px; color: inherit; opacity: 0.8;'>HEOP en pocas palabras<\/h3>\n<p> <img style='width: 100%; max-width: 180px; height: auto; border: 1px solid rgba(150&comma;150&comma;150&comma;0.3); border-radius: 8px; display: block; margin: 0 auto 20px;' src='https:\/\/ftp3.syscom.mx\/usuarios\/fotos\/DS2CD3956G2IS(U)\/216441-heop.png' alt='HEOP'> <\/p>\n<p style='font-size: 14px; color: inherit; margin-bottom: 15px;'>La Plataforma Abierta Embebida de Hikvision (HEOP&comma; por sus siglas en ingl\u00e9s) permite a los socios tecnol\u00f3gicos desarrollar y ejecutar sus propias aplicaciones en el hardware de Hikvision&comma; facilitando sistemas de seguridad personalizados que respondan a las necesidades espec\u00edficas y escenarios de instalaci\u00f3n \u00fanicos de los clientes.<\/p>\n<p style='font-size: 14px; color: inherit; margin-bottom: 15px;'>HEOP cuenta con hardware de arquitectura abierta&comma; interfaces est\u00e1ndar y el kit de desarrollo de algoritmos HikFlow*. Los socios pueden unirse f\u00e1cilmente al ecosistema HEOP a trav\u00e9s del Portal de Socios Tecnol\u00f3gicos de Hikvision.<\/p>\n<p style='font-size: 14px; color: inherit; margin-bottom: 0;'><a style='color: inherit; text-decoration: underline;' href='https:\/\/tpp.hikvision.com\/tpp\/HEOP' target='_blank' rel='noopener'>https:\/\/tpp.hikvision.com\/tpp\/HEOP<\/a><\/p>\n<\/p><\/div>\n<\/p><\/div>\n<div style='margin: 30px 0;'> <video style='width: 100%; height: auto; border: 1px solid rgba(150&comma;150&comma;150&comma;0.3); border-radius: 8px;' src='https:\/\/ftp3.syscom.mx\/usuarios\/jsosa\/HIKVISION\/videos\/ipc\/serie3\/Video%20DEMO%20sobre%20equipos%20Hikision%20de%20la%20Serie%203.mp4' loop muted controls><\/video> <\/div>\n<div style='margin: 30px 0;'> <img style='width: 100%; height: auto; border: 1px solid rgba(150&comma;150&comma;150&comma;0.3); border-radius: 8px;' src='https:\/\/ftp3.syscom.mx\/usuarios\/jsosa\/HIKVISION\/imagenes\/banners\/solution%20complete.png' alt='Soluci\u00f3n completa'> <\/div>\n<\/p><\/div>\n","protected":false},"excerpt":{"rendered":"<p>Domo IP 4 Megapixel \/ Lente 2.8 mm \/ 40 mts IR \/ Exterior IP67 \/ IK10 \/ Microfono Integrado \/ DARKFIGHTER \/ Audio y Alarma I\/O \/ PoE \/ ONVIF \/ Micro SD \/ 4 Anal\u00edticos: AcuSense, Detecci\u00f3n Facial, Conteo de Personas por Cruce y Zona<\/p>\n","protected":false},"featured_media":94810,"comment_status":"open","ping_status":"closed","template":"","meta":[],"product_brand":[],"product_cat":[2056],"product_tag":[122,2057,54],"class_list":{"0":"post-94811","1":"product","2":"type-product","3":"status-publish","4":"has-post-thumbnail","6":"product_cat-domo-eyeball-turret","7":"product_tag-camaras-ip-y-nvrs","8":"product_tag-domo-eyeball-turret","9":"product_tag-hikvision","11":"first","12":"instock","13":"sale","14":"shipping-taxable","15":"purchasable","16":"product-type-simple"},"_links":{"self":[{"href":"https:\/\/soydeaqui.ddns.net\/pachuca\/index.php\/wp-json\/wp\/v2\/product\/94811","targetHints":{"allow":["GET"]}}],"collection":[{"href":"https:\/\/soydeaqui.ddns.net\/pachuca\/index.php\/wp-json\/wp\/v2\/product"}],"about":[{"href":"https:\/\/soydeaqui.ddns.net\/pachuca\/index.php\/wp-json\/wp\/v2\/types\/product"}],"replies":[{"embeddable":true,"href":"https:\/\/soydeaqui.ddns.net\/pachuca\/index.php\/wp-json\/wp\/v2\/comments?post=94811"}],"wp:featuredmedia":[{"embeddable":true,"href":"https:\/\/soydeaqui.ddns.net\/pachuca\/index.php\/wp-json\/wp\/v2\/media\/94810"}],"wp:attachment":[{"href":"https:\/\/soydeaqui.ddns.net\/pachuca\/index.php\/wp-json\/wp\/v2\/media?parent=94811"}],"wp:term":[{"taxonomy":"product_brand","embeddable":true,"href":"https:\/\/soydeaqui.ddns.net\/pachuca\/index.php\/wp-json\/wp\/v2\/product_brand?post=94811"},{"taxonomy":"product_cat","embeddable":true,"href":"https:\/\/soydeaqui.ddns.net\/pachuca\/index.php\/wp-json\/wp\/v2\/product_cat?post=94811"},{"taxonomy":"product_tag","embeddable":true,"href":"https:\/\/soydeaqui.ddns.net\/pachuca\/index.php\/wp-json\/wp\/v2\/product_tag?post=94811"}],"curies":[{"name":"wp","href":"https:\/\/api.w.org\/{rel}","templated":true}]}}