{"id":94803,"date":"2026-03-20T07:01:35","date_gmt":"2026-03-20T07:01:35","guid":{"rendered":"https:\/\/soydeaqui.ddns.net\/pachuca\/index.php\/producto\/huawei-ideahub-b2-pantalla-interactiva-para-colaboracion-inteligente-86-4k-uhd-android-9-wi-fi-blanco-jade\/"},"modified":"2026-03-20T07:01:49","modified_gmt":"2026-03-20T07:01:49","slug":"huawei-ideahub-b2-pantalla-interactiva-para-colaboracion-inteligente-86-4k-uhd-android-9-wi-fi-blanco-jade","status":"publish","type":"product","link":"https:\/\/soydeaqui.ddns.net\/pachuca\/index.php\/producto\/huawei-ideahub-b2-pantalla-interactiva-para-colaboracion-inteligente-86-4k-uhd-android-9-wi-fi-blanco-jade\/","title":{"rendered":"HUAWEI IdeaHub B2, Pantalla interactiva para Colaboraci\u00f3n Inteligente, 86&#8243;, 4K UHD, Android 9, Wi-Fi, blanco Jade."},"content":{"rendered":"<div style='width: 100%; max-width: 1200px; margin: 0 auto; font-family: sans-serif; line-height: 1.6; color: inherit; background-color: transparent;'> <!-- Videos --> <\/p>\n<div style='display: flex; flex-wrap: wrap; gap: 30px; margin-bottom: 30px;'>\n<div style='flex: 1 1 400px;'>\n<div style='position: relative; padding-bottom: 56.25%; height: 0; overflow: hidden; margin-bottom: 30px;'>   <\/div>\n<\/p><\/div>\n<div style='flex: 1 1 400px;'>\n<div style='position: relative; padding-bottom: 56.25%; height: 0; overflow: hidden; margin-bottom: 30px;'>   <\/div>\n<\/p><\/div>\n<\/p><\/div>\n<p> <!-- Secci\u00f3n de dise\u00f1o todo en 1 --> <\/p>\n<div style='display: flex; flex-wrap: wrap; gap: 30px; margin-bottom: 30px;'>\n<div style='flex: 1 1 300px; min-width: 280px;'> <img style='width: 100%; height: auto; border: 1px solid rgba(150&comma;150&comma;150&comma;0.3); border-radius: 8px;' src='https:\/\/ftp3.syscom.mx\/usuarios\/fotos\/IHB265PU\/219940-captura_de_pantalla_2023-07-20_a_la(s)_15.15.13.png' alt='Dise\u00f1o todo en 1'> <\/div>\n<div style='flex: 1 1 300px; min-width: 280px;'>\n<h3 style='font-size: 22px; border-bottom: 2px solid currentColor; padding-bottom: 5px; margin-top: 0; color: inherit; opacity: 0.8;'>Dise\u00f1o todo en 1<\/h3>\n<ul style='padding-left: 20px; font-size: 15px; color: inherit;'>\n<li style='margin-bottom: 5px;'>Pantalla de luz suave 4K y luz \u00f3ptica anti-azul<\/li>\n<li style='margin-bottom: 5px;'>Adaptaci\u00f3n a la luz ambiental para un confort visual \u00f3ptimo<\/li>\n<li style='margin-bottom: 5px;'>Dise\u00f1o integrado con c\u00e1mara 4K&comma; micr\u00f3fonos y altavoces<\/li>\n<li style='margin-bottom: 5px;'>Dise\u00f1o integrado con marco ultraestrecho&comma; adhesi\u00f3n sin costuras sin espacios y nanorrecubrimiento de grado aeroespacial<\/li>\n<li style='margin-bottom: 5px;'>Puertos centralizados en el panel frontal: NFC&comma; USB tipo C&comma; USB 3.0 y bot\u00f3n de encendido<\/li>\n<li style='margin-bottom: 5px;'>L\u00e1piz \u00f3ptico avanzado: Superficie antideslizante&comma; material antidesgaste y fijaci\u00f3n magn\u00e9tica para una escritura fluida<\/li>\n<li style='margin-bottom: 5px;'>Dise\u00f1o sin enchufe: Conmutaci\u00f3n de un solo toque de sistema dual al cambiar de Android a Windows 10 (utilizando OPS)<\/li>\n<\/ul><\/div>\n<\/p><\/div>\n<p> <!-- Secci\u00f3n de conferencias de alta definici\u00f3n --> <\/p>\n<div style='display: flex; flex-wrap: wrap; gap: 30px; margin-bottom: 30px;'>\n<div style='flex: 1 1 300px; min-width: 280px;'>\n<h3 style='font-size: 22px; border-bottom: 2px solid currentColor; padding-bottom: 5px; margin-top: 0; color: inherit; opacity: 0.8;'>Conferencias de alta definici\u00f3n<\/h3>\n<ul style='padding-left: 20px; font-size: 15px; color: inherit;'>\n<li style='margin-bottom: 5px;'>C\u00e1mara de video 4K de nivel profesional<\/li>\n<li style='margin-bottom: 5px;'>Sensor de imagen 4K de 1&comma;5 \u03bcm: Im\u00e1genes realistas y con poco ruido<\/li>\n<li style='margin-bottom: 5px;'>Algoritmo de im\u00e1genes desarrollado por Huawei: Distorsi\u00f3n de TV < 2% para im\u00e1genes naturales<\/li>\n<li style='margin-bottom: 5px;'>Dise\u00f1o de disipaci\u00f3n de calor circulante Resoluci\u00f3n: consistente incluso despu\u00e9s de largas reuniones<\/li>\n<li style='margin-bottom: 5px;'>Campo de sonido 3D para una experiencia de sonido cinematogr\u00e1fica<\/li>\n<li style='margin-bottom: 5px;'>Altavoz ultragrande de 550 cm\u00b3 | m\u00e1x. Nivel de presi\u00f3n sonora de 95 dB<\/li>\n<li style='margin-bottom: 5px;'>Captaci\u00f3n de sonido claro a larga distancia<\/li>\n<li style='margin-bottom: 5px;'>Matriz de seis micr\u00f3fonos | Captaci\u00f3n de sonido de 10 metros<\/li>\n<\/ul><\/div>\n<div style='flex: 1 1 300px; min-width: 280px;'> <img style='width: 100%; height: auto; border: 1px solid rgba(150&comma;150&comma;150&comma;0.3); border-radius: 8px;' src='https:\/\/ftp3.syscom.mx\/usuarios\/fotos\/IHB265PU\/219940-captura_de_pantalla_2023-07-20_a_la(s)_15.21.12.png' alt='Conferencias de alta definici\u00f3n'> <\/div>\n<\/p><\/div>\n<p> <!-- Secci\u00f3n de dise\u00f1o Wi-Fi dual --> <\/p>\n<div style='display: flex; flex-wrap: wrap; gap: 30px; margin-bottom: 30px;'>\n<div style='flex: 1 1 300px; min-width: 280px;'>\n<h3 style='font-size: 22px; border-bottom: 2px solid currentColor; padding-bottom: 5px; margin-top: 0; color: inherit; opacity: 0.8;'>Dise\u00f1o Wi-Fi dual para una proyecci\u00f3n r\u00e1pida y estable<\/h3>\n<p style='font-size: 15px; color: inherit;'>Los m\u00f3dulos Wi-Fi duales garantizan que no haya interferencias entre la conexi\u00f3n a Internet y la proyecci\u00f3n&comma; la proyecci\u00f3n sin controlador USB tipo C para compartir en HD y el control inverso para pasar p\u00e1ginas y anotar m\u00e1s f\u00e1cilmente.<\/p>\n<h4 style='font-size: 18px; margin-top: 15px; margin-bottom: 10px; color: inherit; opacity: 0.9;'>M\u00e1s m\u00e9todos de proyecci\u00f3n<\/h4>\n<ul style='padding-left: 20px; font-size: 15px; color: inherit;'>\n<li style='margin-bottom: 5px;'>Clave de IdeaShare<\/li>\n<li style='margin-bottom: 5px;'>Aplicaci\u00f3n IdeaShare<\/li>\n<li style='margin-bottom: 5px;'>Cables USB tipo C y HDMI<\/li>\n<li style='margin-bottom: 5px;'>Proyecci\u00f3n NFC\/inal\u00e1mbrica desde el men\u00fa desplegable<\/li>\n<\/ul><\/div>\n<div style='flex: 1 1 300px; min-width: 280px;'> <img style='width: 100%; height: auto; border: 1px solid rgba(150&comma;150&comma;150&comma;0.3); border-radius: 8px;' src='https:\/\/ftp3.syscom.mx\/usuarios\/fotos\/IHB265PU\/219940-captura_de_pantalla_2023-07-20_a_la(s)_15.24.21.png' alt='Dise\u00f1o Wi-Fi dual'> <\/div>\n<\/p><\/div>\n<p> <!-- Secci\u00f3n de pizarra inteligente --> <\/p>\n<div style='display: flex; flex-wrap: wrap; gap: 30px; margin-bottom: 30px;'>\n<div style='flex: 1 1 300px; min-width: 280px;'>\n<h3 style='font-size: 22px; border-bottom: 2px solid currentColor; padding-bottom: 5px; margin-top: 0; color: inherit; opacity: 0.8;'>Pizarra inteligente para una escritura fluida<\/h3>\n<ul style='padding-left: 20px; font-size: 15px; color: inherit;'>\n<li style='margin-bottom: 5px;'>Escritura de baja latencia de 25 ms: Seguimiento de escritura a mano con IA<\/li>\n<li style='margin-bottom: 5px;'>M\u00faltiples trazos: l\u00e1pices y pinceles<\/li>\n<li style='margin-bottom: 5px;'>Escritura inteligente: Conversi\u00f3n de su escritura a mano y dibujos a formularios digitales<\/li>\n<li style='margin-bottom: 5px;'>M\u00faltiples configuraciones de espesor: Grosor de bol\u00edgrafo opcional y opciones de color ilimitadas<\/li>\n<li style='margin-bottom: 5px;'>Modo de anotaci\u00f3n: Inserte instant\u00e1neas en la pizarra para hacer anotaciones<\/li>\n<li style='margin-bottom: 5px;'>Gestos multit\u00e1ctiles: Seleccionar&comma; mover&comma; hacer zoom y borrar<\/li>\n<li style='margin-bottom: 5px;'>Escanea para llevar: Escanea el c\u00f3digo QR para quitar el contenido de la pizarra<\/li>\n<li style='margin-bottom: 5px;'>Coautor\u00eda: Dos personas pueden escribir en la pizarra al mismo tiempo<\/li>\n<\/ul><\/div>\n<div style='flex: 1 1 300px; min-width: 280px;'> <img style='width: 100%; height: auto; border: 1px solid rgba(150&comma;150&comma;150&comma;0.3); border-radius: 8px;' src='https:\/\/ftp3.syscom.mx\/usuarios\/fotos\/IHB265PU\/219940-captura_de_pantalla_2023-07-20_a_la(s)_15.28.57.png' alt='Pizarra inteligente'> <\/div>\n<\/p><\/div>\n<p> <!-- Secci\u00f3n de colaboraci\u00f3n multidispositivo --> <\/p>\n<div style='display: flex; flex-wrap: wrap; gap: 30px; margin-bottom: 30px;'>\n<div style='flex: 1 1 300px; min-width: 280px;'> <img style='width: 100%; height: auto; border: 1px solid rgba(150&comma;150&comma;150&comma;0.3); border-radius: 8px;' src='https:\/\/ftp3.syscom.mx\/usuarios\/fotos\/IHB265PU\/219940-captura_de_pantalla_2023-07-20_a_la(s)_15.36.27.png' alt='Colaboraci\u00f3n multidispositivo'> <\/div>\n<div style='flex: 1 1 300px; min-width: 280px;'>\n<h3 style='font-size: 22px; border-bottom: 2px solid currentColor; padding-bottom: 5px; margin-top: 0; color: inherit; opacity: 0.8;'>Colaboraci\u00f3n multidispositivo y ecosistema de oficina inteligente<\/h3>\n<p style='font-size: 15px; color: inherit;'>El IdeaHub B2 tiene aplicaciones de oficina preinstaladas y una secci\u00f3n dedicada de la aplicaci\u00f3n IdeaHub: Colaborar con varios tipos de puntos finales para lograr una colaboraci\u00f3n eficiente entre dispositivos. (requiere licenciamiento)<\/p>\n<\/p><\/div>\n<\/p><\/div>\n<p> <!-- Secci\u00f3n de interfaces personalizables --> <\/p>\n<div style='display: flex; flex-wrap: wrap; gap: 30px; margin-bottom: 30px;'>\n<div style='flex: 1 1 300px; min-width: 280px;'>\n<h3 style='font-size: 22px; border-bottom: 2px solid currentColor; padding-bottom: 5px; margin-top: 0; color: inherit; opacity: 0.8;'>HiBoard y tabl\u00f3n de anuncios personalizables<\/h3>\n<p style='font-size: 15px; color: inherit;'>Interfaces definidas por el usuario para infinitas posibilidades<\/p>\n<h4 style='font-size: 18px; margin-top: 15px; margin-bottom: 10px; color: inherit; opacity: 0.9;'>Tablero de anuncios para marketing empresarial<\/h4>\n<ul style='padding-left: 20px; font-size: 15px; color: inherit;'>\n<li style='margin-bottom: 5px;'>Gesti\u00f3n unificada e inserci\u00f3n programada basada en regiones y organizaciones<\/li>\n<li style='margin-bottom: 5px;'>Se pueden reproducir hasta 50 im\u00e1genes a la vez<\/li>\n<\/ul>\n<h4 style='font-size: 18px; margin-top: 15px; margin-bottom: 10px; color: inherit; opacity: 0.9;'>HiBoard como p\u00e1gina de bienvenida<\/h4>\n<ul style='padding-left: 20px; font-size: 15px; color: inherit;'>\n<li style='margin-bottom: 5px;'>M\u00faltiples plantillas para la p\u00e1gina de bienvenida con una toque para mostrar<\/li>\n<li style='margin-bottom: 5px;'>Admite la importaci\u00f3n de im\u00e1genes y la b\u00fasqueda eficiente gesti\u00f3n<\/li>\n<\/ul><\/div>\n<div style='flex: 1 1 300px; min-width: 280px;'> <img style='width: 100%; height: auto; border: 1px solid rgba(150&comma;150&comma;150&comma;0.3); border-radius: 8px;' src='https:\/\/ftp3.syscom.mx\/usuarios\/fotos\/IHB265PU\/219940-captura_de_pantalla_2023-07-20_a_la(s)_15.39.18.png' alt='Interfaces personalizables'> <\/div>\n<\/p><\/div>\n<p> <!-- Tarjetas de aplicaciones --> <\/p>\n<div style='display: flex; flex-wrap: wrap; gap: 20px; margin-bottom: 30px;'>\n<div style='flex: 1 1 250px; border: 1px solid rgba(150&comma; 150&comma; 150&comma; 0.4); border-radius: 8px; overflow: hidden; display: flex; flex-direction: column;'>\n<div style='padding: 15px; border-bottom: 1px solid rgba(150&comma; 150&comma; 150&comma; 0.2); font-weight: bold; font-size: 18px; color: inherit;'>Sala polivalente de formaci\u00f3n<\/div>\n<div style='padding: 15px; color: inherit;'> <img style='width: 100%; height: auto; border: 1px solid rgba(150&comma;150&comma;150&comma;0.3); border-radius: 8px; margin-bottom: 10px;' src='https:\/\/ftp3.syscom.mx\/usuarios\/fotos\/IHB265PU\/219940-captura_de_pantalla_2023-07-20_a_la(s)_15.42.55.png' alt='Sala polivalente de formaci\u00f3n'> <\/p>\n<p style='font-size: 14px; margin-top: 10px;'>Discusi\u00f3n grupal&comma; desarrollo de empleados&comma; capacitaci\u00f3n con simulaci\u00f3n y capacitaci\u00f3n en vivo Compartir pantalla | Proyecci\u00f3n grupal | Coautor\u00eda | anotaci\u00f3n din\u00e1mica.<\/p>\n<\/p><\/div>\n<\/p><\/div>\n<div style='flex: 1 1 250px; border: 1px solid rgba(150&comma; 150&comma; 150&comma; 0.4); border-radius: 8px; overflow: hidden; display: flex; flex-direction: column;'>\n<div style='padding: 15px; border-bottom: 1px solid rgba(150&comma; 150&comma; 150&comma; 0.2); font-weight: bold; font-size: 18px; color: inherit;'>Oficina Ejecutiva<\/div>\n<div style='padding: 15px; color: inherit;'> <img style='width: 100%; height: auto; border: 1px solid rgba(150&comma;150&comma;150&comma;0.3); border-radius: 8px; margin-bottom: 10px;' src='https:\/\/ftp3.syscom.mx\/usuarios\/fotos\/IHB265PU\/219940-captura_de_pantalla_2023-07-20_a_la(s)_15.44.43.png' alt='Oficina Ejecutiva'> <\/p>\n<p style='font-size: 14px; margin-top: 10px;'>Entrevistas remotas&comma; informes de empleados y reuniones comerciales de CXO | Dise\u00f1o est\u00e9tico | NFC | Protecci\u00f3n de la privacidad | Controlador IdeaHub<\/p>\n<\/p><\/div>\n<\/p><\/div>\n<div style='flex: 1 1 250px; border: 1px solid rgba(150&comma; 150&comma; 150&comma; 0.4); border-radius: 8px; overflow: hidden; display: flex; flex-direction: column;'>\n<div style='padding: 15px; border-bottom: 1px solid rgba(150&comma; 150&comma; 150&comma; 0.2); font-weight: bold; font-size: 18px; color: inherit;'>Sala de estudio<\/div>\n<div style='padding: 15px; color: inherit;'> <img style='width: 100%; height: auto; border: 1px solid rgba(150&comma;150&comma;150&comma;0.3); border-radius: 8px; margin-bottom: 10px;' src='https:\/\/ftp3.syscom.mx\/usuarios\/fotos\/IHB265PU\/219940-captura_de_pantalla_2023-07-20_a_la(s)_15.44.53.png' alt='Sala de estudio'> <\/p>\n<p style='font-size: 14px; margin-top: 10px;'>Trabajo remoto y aprendizaje h\u00edbrido<\/p>\n<p style='font-size: 14px; margin-top: 5px;'>Pantalla 4K | Baja latencia de escritura | Aplicaciones masivas | sonido est\u00e9reo 3D<\/p>\n<\/p><\/div>\n<\/p><\/div>\n<\/p><\/div>\n<p> <!-- T\u00edtulo de especificaciones --> <\/p>\n<h2 style='font-size: 28px; text-align: center; margin-top: 40px; margin-bottom: 20px; color: inherit; opacity: 0.9;'>Especificaciones<\/h2>\n<p> <!-- Secci\u00f3n de especificaciones --> <\/p>\n<div style='display: flex; flex-wrap: wrap; gap: 20px; margin-bottom: 30px;'>\n<div style='flex: 1 1 250px; border: 1px solid rgba(150&comma; 150&comma; 150&comma; 0.4); border-radius: 8px; overflow: hidden; display: flex; flex-direction: column;'>\n<div style='padding: 15px; border-bottom: 1px solid rgba(150&comma; 150&comma; 150&comma; 0.2); font-weight: bold; font-size: 18px; color: inherit;'>Componentes<\/div>\n<div style='padding: 15px; color: inherit;'>\n<ul style='padding-left: 20px; margin: 0; font-size: 14px; list-style-type: disc; color: inherit;'>\n<li style='margin-bottom: 5px;'>Dispositivo x 1: 86 pulgadas<\/li>\n<li style='margin-bottom: 5px;'>L\u00e1pices Stylus x 2: punta de bol\u00edgrafo PET\/cuerpo de bol\u00edgrafo antideslizante\/accesorio magn\u00e9tico<\/li>\n<li style='margin-bottom: 5px;'>Cable: cable de alimentaci\u00f3n x 1<\/li>\n<\/ul><\/div>\n<\/p><\/div>\n<div style='flex: 1 1 250px; border: 1px solid rgba(150&comma; 150&comma; 150&comma; 0.4); border-radius: 8px; overflow: hidden; display: flex; flex-direction: column;'>\n<div style='padding: 15px; border-bottom: 1px solid rgba(150&comma; 150&comma; 150&comma; 0.2); font-weight: bold; font-size: 18px; color: inherit;'>Pantalla<\/div>\n<div style='padding: 15px; color: inherit;'>\n<ul style='padding-left: 20px; margin: 0; font-size: 14px; list-style-type: disc; color: inherit;'>\n<li style='margin-bottom: 5px;'>Resoluci\u00f3n: 4K UHD (3840 x 2160)<\/li>\n<li style='margin-bottom: 5px;'>\u00c1ngulo de visi\u00f3n: 178\u00b0<\/li>\n<li style='margin-bottom: 5px;'>Dureza del vidrio: \u2265 7H<\/li>\n<li style='margin-bottom: 5px;'>Gama de Colores: 85% NTSC (valor t\u00edpico)<\/li>\n<li style='margin-bottom: 5px;'>Profundidad de color: 10 bits (8 bits + FRC)<\/li>\n<li style='margin-bottom: 5px;'>Tipo de retroiluminaci\u00f3n: D-LED<\/li>\n<li style='margin-bottom: 5px;'>N\u00famero de puntos de contacto: 20<\/li>\n<li style='margin-bottom: 5px;'>Frecuencia de actualizaci\u00f3n de pantalla: 60 Hz<\/li>\n<li style='margin-bottom: 5px;'>Relaci\u00f3n de aspecto: 16:9<\/li>\n<\/ul><\/div>\n<\/p><\/div>\n<div style='flex: 1 1 250px; border: 1px solid rgba(150&comma; 150&comma; 150&comma; 0.4); border-radius: 8px; overflow: hidden; display: flex; flex-direction: column;'>\n<div style='padding: 15px; border-bottom: 1px solid rgba(150&comma; 150&comma; 150&comma; 0.2); font-weight: bold; font-size: 18px; color: inherit;'>C\u00e1mara y Micr\u00f3fono<\/div>\n<div style='padding: 15px; color: inherit;'>\n<ul style='padding-left: 20px; margin: 0; font-size: 14px; list-style-type: disc; color: inherit;'>\n<li style='margin-bottom: 5px;'><strong>C\u00e1mara<\/strong><\/li>\n<li style='margin-bottom: 5px;'>Zoom \u00c1ngulo de visi\u00f3n m\u00e1ximo: zoom digital 2x<\/li>\n<li style='margin-bottom: 5px;'>Resoluci\u00f3n de salida de v\u00eddeo: 4K<\/li>\n<li style='margin-bottom: 5px;'>Anotar durante la proyecci\u00f3n: Horizontal 80\u00b0\/Vertical 50\u00b0<\/li>\n<li style='margin-bottom: 5px;'>Distorsi\u00f3n de televisi\u00f3n: 2%<\/li>\n<li style='margin-bottom: 5px;'>Abertura: F1.8<\/li>\n<li style='margin-bottom: 5px;'><strong>Micr\u00f3fono<\/strong><\/li>\n<li style='margin-bottom: 5px;'>\u00c1ngulo de captaci\u00f3n de sonido: 180\u00b0<\/li>\n<li style='margin-bottom: 5px;'>Cantidad de Microfonos: 6<\/li>\n<li style='margin-bottom: 5px;'>Dominio de la frecuencia: 100Hz-20kHz<\/li>\n<li style='margin-bottom: 5px;'>Distancia de captaci\u00f3n de sonido: 10m<\/li>\n<\/ul><\/div>\n<\/p><\/div>\n<div style='flex: 1 1 250px; border: 1px solid rgba(150&comma; 150&comma; 150&comma; 0.4); border-radius: 8px; overflow: hidden; display: flex; flex-direction: column;'>\n<div style='padding: 15px; border-bottom: 1px solid rgba(150&comma; 150&comma; 150&comma; 0.2); font-weight: bold; font-size: 18px; color: inherit;'>Escritura<\/div>\n<div style='padding: 15px; color: inherit;'>\n<ul style='padding-left: 20px; margin: 0; font-size: 14px; list-style-type: disc; color: inherit;'>\n<li style='margin-bottom: 5px;'>Latencia de escritura: 25 ms<\/li>\n<li style='margin-bottom: 5px;'>Precisi\u00f3n: \u00b1 1 mm<\/li>\n<li style='margin-bottom: 5px;'>Modo de ahorro de pizarra: escaneo de c\u00f3digo QR\/correo electr\u00f3nico\/disco local\/unidad flash USB<\/li>\n<li style='margin-bottom: 5px;'>Escritura inteligente: \u221a<\/li>\n<li style='margin-bottom: 5px;'>Distancia de detecci\u00f3n t\u00e1ctil: \u22641&comma;5 mm<\/li>\n<\/ul><\/div>\n<\/p><\/div>\n<div style='flex: 1 1 250px; border: 1px solid rgba(150&comma; 150&comma; 150&comma; 0.4); border-radius: 8px; overflow: hidden; display: flex; flex-direction: column;'>\n<div style='padding: 15px; border-bottom: 1px solid rgba(150&comma; 150&comma; 150&comma; 0.2); font-weight: bold; font-size: 18px; color: inherit;'>Proyecci\u00f3n<\/div>\n<div style='padding: 15px; color: inherit;'>\n<ul style='padding-left: 20px; margin: 0; font-size: 14px; list-style-type: disc; color: inherit;'>\n<li style='margin-bottom: 5px;'>Modo de proyecci\u00f3n: Aplicaci\u00f3n IdeaShare&comma; IdeaShare Key&comma; Proyecci\u00f3n a trav\u00e9s del men\u00fa desplegable&comma; HDMI y proyecci\u00f3n con cable tipo C<\/li>\n<li style='margin-bottom: 5px;'>Rendimiento de proyecci\u00f3n inal\u00e1mbrica: hasta 4K30<\/li>\n<li style='margin-bottom: 5px;'>Rendimiento de proyecci\u00f3n con cable: 4K60<\/li>\n<li style='margin-bottom: 5px;'>Sistema operativo compatible: Android\/Windows\/iOS\/macOS<\/li>\n<li style='margin-bottom: 5px;'>Anotar durante la proyecci\u00f3n: \u221a<\/li>\n<li style='margin-bottom: 5px;'>Control inverso: \u221a<\/li>\n<\/ul><\/div>\n<\/p><\/div>\n<div style='flex: 1 1 250px; border: 1px solid rgba(150&comma; 150&comma; 150&comma; 0.4); border-radius: 8px; overflow: hidden; display: flex; flex-direction: column;'>\n<div style='padding: 15px; border-bottom: 1px solid rgba(150&comma; 150&comma; 150&comma; 0.2); font-weight: bold; font-size: 18px; color: inherit;'>Wi-Fi<\/div>\n<div style='padding: 15px; color: inherit;'>\n<ul style='padding-left: 20px; margin: 0; font-size: 14px; list-style-type: disc; color: inherit;'>\n<li style='margin-bottom: 5px;'>M\u00f3dulo Wi-Fi dual: \u221a<\/li>\n<li style='margin-bottom: 5px;'>Frecuencia WiFi: 2&comma;4 GHz\/5 GHz<\/li>\n<\/ul><\/div>\n<\/p><\/div>\n<div style='flex: 1 1 250px; border: 1px solid rgba(150&comma; 150&comma; 150&comma; 0.4); border-radius: 8px; overflow: hidden; display: flex; flex-direction: column;'>\n<div style='padding: 15px; border-bottom: 1px solid rgba(150&comma; 150&comma; 150&comma; 0.2); font-weight: bold; font-size: 18px; color: inherit;'>Altavoces<\/div>\n<div style='padding: 15px; color: inherit;'>\n<ul style='padding-left: 20px; margin: 0; font-size: 14px; list-style-type: disc; color: inherit;'>\n<li style='margin-bottom: 5px;'>Dominio de frecuencia: 100 Hz\u201320 kHz<\/li>\n<li style='margin-bottom: 5px;'>Unidad de altavoz: 2 x altavoz de frecuencia completa + 2 x altavoz de alta frecuencia<\/li>\n<li style='margin-bottom: 5px;'>Est\u00e9reo: \u221a<\/li>\n<li style='margin-bottom: 5px;'>Potencia Maxima: 30W<\/li>\n<\/ul><\/div>\n<\/p><\/div>\n<div style='flex: 1 1 250px; border: 1px solid rgba(150&comma; 150&comma; 150&comma; 0.4); border-radius: 8px; overflow: hidden; display: flex; flex-direction: column;'>\n<div style='padding: 15px; border-bottom: 1px solid rgba(150&comma; 150&comma; 150&comma; 0.2); font-weight: bold; font-size: 18px; color: inherit;'>Sistema<\/div>\n<div style='padding: 15px; color: inherit;'>\n<ul style='padding-left: 20px; margin: 0; font-size: 14px; list-style-type: disc; color: inherit;'>\n<li style='margin-bottom: 5px;'>CPU: 4-core<\/li>\n<li style='margin-bottom: 5px;'>RAM: 4 GB<\/li>\n<li style='margin-bottom: 5px;'>Flash: 32 GB*<\/li>\n<li style='margin-bottom: 5px;'>OS: Android 9.0\/Windows 10**<\/li>\n<li style='margin-bottom: 5px;'>* El espacio de almacenamiento disponible ser\u00e1 inferior al valor indicado&comma; ya que el software preinstalado ocupa una cierta cantidad de espacio.<\/li>\n<li style='margin-bottom: 5px;'>** Para usar Windows 10&comma; se requiere una computadora con complemento OPS.<\/li>\n<\/ul><\/div>\n<\/p><\/div>\n<div style='flex: 1 1 250px; border: 1px solid rgba(150&comma; 150&comma; 150&comma; 0.4); border-radius: 8px; overflow: hidden; display: flex; flex-direction: column;'>\n<div style='padding: 15px; border-bottom: 1px solid rgba(150&comma; 150&comma; 150&comma; 0.2); font-weight: bold; font-size: 18px; color: inherit;'>Interfaz<\/div>\n<div style='padding: 15px; color: inherit;'>\n<ul style='padding-left: 20px; margin: 0; font-size: 14px; list-style-type: disc; color: inherit;'>\n<li style='margin-bottom: 5px;'>Puertos del panel frontal: Tipo C x 1&comma; Tipo A 3.0 x 2<\/li>\n<li style='margin-bottom: 5px;'>Puertos del panel lateral: USB Tipo B x 1&comma; Tipo A 3.0 x 1&comma; Entrada HDMI x 2&comma; Salida HDMI x 1 y Puerto COM x 1<\/li>\n<\/ul><\/div>\n<\/p><\/div>\n<\/p><\/div>\n<\/p><\/div>\n","protected":false},"excerpt":{"rendered":"<p>HUAWEI IdeaHub B2, Pantalla interactiva para Colaboraci\u00f3n Inteligente, 86&#8243;, 4K UHD, Android 9, Wi-Fi, blanco Jade.<\/p>\n","protected":false},"featured_media":94802,"comment_status":"open","ping_status":"closed","template":"","meta":[],"product_brand":[],"product_cat":[2048],"product_tag":[2049,718,2004],"class_list":{"0":"post-94803","1":"product","2":"type-product","3":"status-publish","4":"has-post-thumbnail","6":"product_cat-audio-video-conferencia","7":"product_tag-audio-video-conferencia","8":"product_tag-huawei","9":"product_tag-voip-telefonia-ip-videoconferencia","11":"first","12":"outofstock","13":"sale","14":"shipping-taxable","15":"purchasable","16":"product-type-simple"},"_links":{"self":[{"href":"https:\/\/soydeaqui.ddns.net\/pachuca\/index.php\/wp-json\/wp\/v2\/product\/94803","targetHints":{"allow":["GET"]}}],"collection":[{"href":"https:\/\/soydeaqui.ddns.net\/pachuca\/index.php\/wp-json\/wp\/v2\/product"}],"about":[{"href":"https:\/\/soydeaqui.ddns.net\/pachuca\/index.php\/wp-json\/wp\/v2\/types\/product"}],"replies":[{"embeddable":true,"href":"https:\/\/soydeaqui.ddns.net\/pachuca\/index.php\/wp-json\/wp\/v2\/comments?post=94803"}],"wp:featuredmedia":[{"embeddable":true,"href":"https:\/\/soydeaqui.ddns.net\/pachuca\/index.php\/wp-json\/wp\/v2\/media\/94802"}],"wp:attachment":[{"href":"https:\/\/soydeaqui.ddns.net\/pachuca\/index.php\/wp-json\/wp\/v2\/media?parent=94803"}],"wp:term":[{"taxonomy":"product_brand","embeddable":true,"href":"https:\/\/soydeaqui.ddns.net\/pachuca\/index.php\/wp-json\/wp\/v2\/product_brand?post=94803"},{"taxonomy":"product_cat","embeddable":true,"href":"https:\/\/soydeaqui.ddns.net\/pachuca\/index.php\/wp-json\/wp\/v2\/product_cat?post=94803"},{"taxonomy":"product_tag","embeddable":true,"href":"https:\/\/soydeaqui.ddns.net\/pachuca\/index.php\/wp-json\/wp\/v2\/product_tag?post=94803"}],"curies":[{"name":"wp","href":"https:\/\/api.w.org\/{rel}","templated":true}]}}