{"id":94773,"date":"2026-03-20T07:00:13","date_gmt":"2026-03-20T07:00:13","guid":{"rendered":"https:\/\/soydeaqui.ddns.net\/pachuca\/index.php\/producto\/eco-v-camara-termografica-portatil-superir-240-x-240-rango-de-20c-a-550c-pantalla-lcd-2-4-fusion-termica-visible-memoria-4gb-30000-imagenes-bateria-8h\/"},"modified":"2026-03-20T07:00:22","modified_gmt":"2026-03-20T07:00:22","slug":"eco-v-camara-termografica-portatil-superir-240-x-240-rango-de-20c-a-550c-pantalla-lcd-2-4-fusion-termica-visible-memoria-4gb-30000-imagenes-bateria-8h","status":"publish","type":"product","link":"https:\/\/soydeaqui.ddns.net\/pachuca\/index.php\/producto\/eco-v-camara-termografica-portatil-superir-240-x-240-rango-de-20c-a-550c-pantalla-lcd-2-4-fusion-termica-visible-memoria-4gb-30000-imagenes-bateria-8h\/","title":{"rendered":"Eco-V &#8211; C\u00e1mara Termogr\u00e1fica Port\u00e1til \/ SuperIR 240 x 240 \/ Rango de -20\u00b0C a 550\u00b0C \/ Pantalla LCD 2.4&#8243; \/ Fusi\u00f3n T\u00e9rmica-Visible \/ Memoria 4GB (30,000 im\u00e1genes) \/ Bater\u00eda 8h"},"content":{"rendered":"<div style='width: 100%; max-width: 1200px; margin: 0 auto; font-family: sans-serif; line-height: 1.6; color: inherit; background-color: transparent;'> <!-- Logo --> <\/p>\n<div style='text-align: center; margin: 24px 0;'> <img style='width: 100%; max-width: 45%; height: auto; border: 1px solid rgba(150&comma;150&comma;150&comma;0.3); border-radius: 8px;' src='https:\/\/ftp3.syscom.mx\/usuarios\/fotos\/HMTP2310VF\/WM30\/200759-logo-hikmicro.png' alt='Logo HikMicro'> <\/div>\n<p> <!-- Video del producto --> <\/p>\n<div style='text-align: center; margin: 24px 0;'>\n<div style='position: relative; padding-bottom: 56.25%; height: 0; overflow: hidden; margin-bottom: 30px;'> <video style='position: absolute; top: 0; left: 0; width: 100%; height: 100%; border: none;' controls><source src='https:\/\/ftp3.syscom.mx\/usuarios\/smendoza\/smendozaro\/Hikmicro\/Eco-V%20espanhol.mp4' type='video\/mp4'>Tu navegador no soporta la reproducci\u00f3n de videos.<\/video> <\/div>\n<\/p><\/div>\n<p> <!-- Im\u00e1genes del producto --> <\/p>\n<div style='display: flex; flex-wrap: wrap; gap: 15px; margin: 30px 0; justify-content: center;'> <img style='width: 100%; max-width: 1200px; height: auto; border: 1px solid rgba(150&comma;150&comma;150&comma;0.3); border-radius: 8px;' src='https:\/\/ftp3.syscom.mx\/usuarios\/fotos\/HMTP301AQFECO\/219923-11.png' alt='C\u00e1mara T\u00e9rmica HikMicro - Vista 1'> <img style='width: 100%; max-width: 1200px; height: auto; border: 1px solid rgba(150&comma;150&comma;150&comma;0.3); border-radius: 8px;' src='https:\/\/ftp3.syscom.mx\/usuarios\/fotos\/HMTP301AQFECO\/219923-12.png' alt='C\u00e1mara T\u00e9rmica HikMicro - Vista 2'> <\/div>\n<p> <!-- Caracter\u00edsticas principales --> <\/p>\n<div style='display: flex; flex-wrap: wrap; gap: 20px; margin: 30px 0;'> <!-- Caracter\u00edsticas de la C\u00e1mara T\u00e9rmica Port\u00e1til --> <\/p>\n<div style='flex: 1 1 400px; min-width: 280px;'>\n<div style='border: 1px solid rgba(150&comma; 150&comma; 150&comma; 0.4); border-radius: 8px; overflow: hidden; display: flex; flex-direction: column;'>\n<div style='padding: 15px; background: #df001e; border-bottom: 1px solid #a80000; font-weight: bold; font-size: 18px; color: white;'>Caracter\u00edsticas Principales:<\/div>\n<div style='padding: 15px; color: inherit;'>\n<ul style='padding-left: 20px; margin: 0; font-size: 14px; list-style-type: disc;'>\n<li style='margin-bottom: 5px;'><strong>Resoluci\u00f3n T\u00e9rmica M\u00e1xima:<\/strong> 96 x 96 p\u00edxeles (240 x 240 con Super IR)<\/li>\n<li style='margin-bottom: 5px;'><strong>Resoluci\u00f3n C\u00e1mara Visual:<\/strong> 640 x 480 p\u00edxeles<\/li>\n<li style='margin-bottom: 5px;'><strong>Lente T\u00e9rmico:<\/strong> Fijo 1.35mm (F 1.0)<\/li>\n<li style='margin-bottom: 5px;'><strong>Campo de Visi\u00f3n:<\/strong> 50\u00b0 x 50\u00b0<\/li>\n<li style='margin-bottom: 5px;'><strong>Rango de Lectura de Temperatura:<\/strong> -20 \u00b0C a 550 \u00b0C<\/li>\n<\/ul><\/div>\n<\/p><\/div>\n<\/p><\/div>\n<p> <!-- Caracter\u00edsticas F\u00edsicas y El\u00e9ctricas --> <\/p>\n<div style='flex: 1 1 400px; min-width: 280px;'>\n<div style='border: 1px solid rgba(150&comma; 150&comma; 150&comma; 0.4); border-radius: 8px; overflow: hidden; display: flex; flex-direction: column;'>\n<div style='padding: 15px; background: #df001e; border-bottom: 1px solid #a80000; font-weight: bold; font-size: 18px; color: white;'>Caracter\u00edsticas F\u00edsicas y El\u00e9ctricas:<\/div>\n<div style='padding: 15px; color: inherit;'>\n<ul style='padding-left: 20px; margin: 0; font-size: 14px; list-style-type: disc;'>\n<li style='margin-bottom: 5px;'><strong>Temperatura de Operaci\u00f3n:<\/strong> -10 \u00b0C a 50 \u00b0C<\/li>\n<li style='margin-bottom: 5px;'><strong>Alimentaci\u00f3n:<\/strong> 5 Vcc \/ 2 A<\/li>\n<li style='margin-bottom: 5px;'><strong>Autonom\u00eda:<\/strong> Hasta 8 horas continuas de uso<\/li>\n<li style='margin-bottom: 5px;'><strong>Display:<\/strong> Pantalla t\u00e1ctil de 2.4&#8242; con resoluci\u00f3n de 240 x 320 p\u00edxeles<\/li>\n<li style='margin-bottom: 5px;'><strong>Bater\u00eda:<\/strong> Integrada de Li-ion<\/li>\n<li style='margin-bottom: 5px;'><strong>Protecci\u00f3n:<\/strong> IP54<\/li>\n<li style='margin-bottom: 5px;'><strong>Dimensiones:<\/strong> 196 mm \u00d7 117 mm \u00d7 59 mm<\/li>\n<li style='margin-bottom: 5px;'><strong>Peso:<\/strong> 290 gramos<\/li>\n<li style='margin-bottom: 5px;'><strong>Garant\u00eda:<\/strong> 3 a\u00f1os<\/li>\n<\/ul><\/div>\n<\/p><\/div>\n<\/p><\/div>\n<\/p><\/div>\n<p> <!-- Consideraciones --> <\/p>\n<div style='display: flex; flex-wrap: wrap; gap: 20px; margin: 30px 0;'>\n<div style='flex: 1 1 100%; min-width: 280px;'>\n<div style='border: 1px solid rgba(150&comma; 150&comma; 150&comma; 0.4); border-radius: 8px; overflow: hidden; display: flex; flex-direction: column;'>\n<div style='padding: 15px; background: #df001e; border-bottom: 1px solid #a80000; font-weight: bold; font-size: 18px; color: white;'>Consideraciones:<\/div>\n<div style='padding: 15px; color: inherit;'>\n<ul style='padding-left: 20px; margin: 0; font-size: 14px; list-style-type: disc;'>\n<li style='margin-bottom: 5px;'>La carga completa de la bater\u00eda es de 180 minutos<\/li>\n<li style='margin-bottom: 5px;'>Memoria interna no removible<\/li>\n<\/ul><\/div>\n<\/p><\/div>\n<\/p><\/div>\n<\/p><\/div>\n<p> <!-- M\u00e1s im\u00e1genes del producto --> <\/p>\n<div style='display: flex; flex-wrap: wrap; gap: 15px; margin: 30px 0; justify-content: center;'> <img style='width: 100%; max-width: 1200px; height: auto; border: 1px solid rgba(150&comma;150&comma;150&comma;0.3); border-radius: 8px;' src='https:\/\/ftp3.syscom.mx\/usuarios\/fotos\/HMTP301AQFECO\/219923-23.png' alt='C\u00e1mara T\u00e9rmica HikMicro - Especificaciones'> <img style='width: 100%; max-width: 1200px; height: auto; border: 1px solid rgba(150&comma;150&comma;150&comma;0.3); border-radius: 8px;' src='https:\/\/ftp3.syscom.mx\/usuarios\/fotos\/HMTP301AQFECO\/219923-24.png' alt='C\u00e1mara T\u00e9rmica HikMicro - Caracter\u00edsticas'> <\/div>\n<p> <!-- Banner final --> <\/p>\n<div style='text-align: center; margin: 30px 0;'> <img style='width: 100%; max-width: 1200px; height: auto; border: 1px solid rgba(150&comma;150&comma;150&comma;0.3); border-radius: 8px;' src='https:\/\/ftp3.syscom.mx\/usuarios\/emendoza\/elesbanmch\/HikMicro\/HIKMICRO.png' alt='Banner HikMicro Tecnolog\u00eda'> <\/div>\n<\/p><\/div>\n","protected":false},"excerpt":{"rendered":"<p>Eco-V &#8211; C\u00e1mara Termogr\u00e1fica Port\u00e1til \/ SuperIR 240 x 240 \/ Rango de -20\u00b0C a 550\u00b0C \/ Pantalla LCD 2.4&#8243; \/ Fusi\u00f3n T\u00e9rmica-Visible \/ Memoria 4GB (30,000 im\u00e1genes) \/ Bater\u00eda 8h<\/p>\n","protected":false},"featured_media":94772,"comment_status":"open","ping_status":"closed","template":"","meta":[],"product_brand":[],"product_cat":[1049],"product_tag":[122,158,1050],"class_list":{"0":"post-94773","1":"product","2":"type-product","3":"status-publish","4":"has-post-thumbnail","6":"product_cat-termicas","7":"product_tag-camaras-ip-y-nvrs","8":"product_tag-hikmicro","9":"product_tag-termicas","11":"first","12":"instock","13":"sale","14":"shipping-taxable","15":"purchasable","16":"product-type-simple"},"_links":{"self":[{"href":"https:\/\/soydeaqui.ddns.net\/pachuca\/index.php\/wp-json\/wp\/v2\/product\/94773","targetHints":{"allow":["GET"]}}],"collection":[{"href":"https:\/\/soydeaqui.ddns.net\/pachuca\/index.php\/wp-json\/wp\/v2\/product"}],"about":[{"href":"https:\/\/soydeaqui.ddns.net\/pachuca\/index.php\/wp-json\/wp\/v2\/types\/product"}],"replies":[{"embeddable":true,"href":"https:\/\/soydeaqui.ddns.net\/pachuca\/index.php\/wp-json\/wp\/v2\/comments?post=94773"}],"wp:featuredmedia":[{"embeddable":true,"href":"https:\/\/soydeaqui.ddns.net\/pachuca\/index.php\/wp-json\/wp\/v2\/media\/94772"}],"wp:attachment":[{"href":"https:\/\/soydeaqui.ddns.net\/pachuca\/index.php\/wp-json\/wp\/v2\/media?parent=94773"}],"wp:term":[{"taxonomy":"product_brand","embeddable":true,"href":"https:\/\/soydeaqui.ddns.net\/pachuca\/index.php\/wp-json\/wp\/v2\/product_brand?post=94773"},{"taxonomy":"product_cat","embeddable":true,"href":"https:\/\/soydeaqui.ddns.net\/pachuca\/index.php\/wp-json\/wp\/v2\/product_cat?post=94773"},{"taxonomy":"product_tag","embeddable":true,"href":"https:\/\/soydeaqui.ddns.net\/pachuca\/index.php\/wp-json\/wp\/v2\/product_tag?post=94773"}],"curies":[{"name":"wp","href":"https:\/\/api.w.org\/{rel}","templated":true}]}}