{"id":94759,"date":"2026-03-20T06:59:32","date_gmt":"2026-03-20T06:59:32","guid":{"rendered":"https:\/\/soydeaqui.ddns.net\/pachuca\/index.php\/producto\/escalera-multi-posiciones-de-6-7-m-22-para-suelos-inclinados-o-con-desniveles\/"},"modified":"2026-03-20T06:59:32","modified_gmt":"2026-03-20T06:59:32","slug":"escalera-multi-posiciones-de-6-7-m-22-para-suelos-inclinados-o-con-desniveles","status":"publish","type":"product","link":"https:\/\/soydeaqui.ddns.net\/pachuca\/index.php\/producto\/escalera-multi-posiciones-de-6-7-m-22-para-suelos-inclinados-o-con-desniveles\/","title":{"rendered":"Escalera Multi-Posiciones de 6.7 m (22&#8242;) para Suelos Inclinados o con Desniveles."},"content":{"rendered":"<div style='width: 100%; max-width: 1200px; margin: 0 auto; font-family: sans-serif; line-height: 1.6; color: inherit; background-color: transparent;'> <!-- Video de YouTube --> <\/p>\n<div style='position: relative; padding-bottom: 56.25%; height: 0; overflow: hidden; margin-bottom: 30px;'>   <\/div>\n<p> <!-- Descripci\u00f3n general --> <\/p>\n<div style='margin-bottom: 30px;'>\n<p style='font-size: 15px; color: inherit; margin: 0 0 15px 0;'>Con la escalera <strong>Conquest<\/strong> puede acceder a varios espacios de trabajo. Esta escalera vers\u00e1til de m\u00faltiples posiciones lo ayudar\u00e1 a hacer las cosas de manera eficiente.<\/p>\n<\/p><\/div>\n<p> <!-- Secciones de caracter\u00edsticas --> <\/p>\n<div style='display: flex; flex-wrap: wrap; gap: 30px; margin-bottom: 30px;'>\n<div style='flex: 1 1 300px; min-width: 280px;'>\n<h3 style='font-size: 20px; border-bottom: 2px solid currentColor; padding-bottom: 5px; margin-top: 0; color: inherit; opacity: 0.8;'>Caracter\u00edsticas principales<\/h3>\n<ul style='padding-left: 20px; font-size: 15px; color: inherit;'>\n<li style='margin-bottom: 10px;'><strong>Bloqueo r\u00e1pido patentado:<\/strong> Sujete y gire el Rapid lock y luego deslice los rieles de la escalera al tama\u00f1o deseado. Gire el bloqueo r\u00e1pido una vez m\u00e1s para bloquear la escalera en su lugar.<\/li>\n<li style='margin-bottom: 10px;'><strong>Almohadilla de pared giratoria:<\/strong> La joya de la corona del King Kombo es su almohadilla de pared giratoria. Ahora puede colocar su escalera de forma segura en esquinas interiores y exteriores&comma; paredes y montantes.<\/li>\n<li style='margin-bottom: 10px;'><strong>Botones de palma:<\/strong> Pase de configuraciones de almacenamiento a estructura en A&comma; extensi\u00f3n y 90\u00b0 grados presionando los botones de palma de la escalera.<\/li>\n<li style='margin-bottom: 10px;'><strong>Ruedas de puntas y deslizamiento:<\/strong> Las ruedas Tip &#038; Glide integradas lo ayudan a mover la escalera f\u00e1cilmente de un trabajo a otro.<\/li>\n<li style='margin-bottom: 10px;'><strong>Barra en V:<\/strong> La barra en V integrada y los pies en \u00e1ngulo en el lado de extensi\u00f3n de la escalera permiten una instalaci\u00f3n f\u00e1cil y segura en esquinas&comma; paredes y postes interiores y exteriores sin da\u00f1ar la superficie de trabajo. Adem\u00e1s&comma; el lado de extensi\u00f3n de la escalera es lo suficientemente angosto para acceder a espacios de trabajo reducidos&comma; como vigas de techo y puertos de acceso al techo y al \u00e1tico.<\/li>\n<li style='margin-bottom: 10px;'><strong>Estabilizadores ajustables:<\/strong> El Conquest All-Terrain est\u00e1 equipado con estabilizadores ajustables que agregan estabilidad lateral y capacidad de nivelaci\u00f3n de las piernas&comma; para que pueda trabajar con seguridad incluso en los terrenos m\u00e1s dif\u00edciles.<\/li>\n<li style='margin-bottom: 10px;'><strong>Fibra de vidrio verde de alta visibilidad no conductora:<\/strong> M\u00e1s ligera&comma; pero m\u00e1s fuerte que la fibra de vidrio promedio&comma; la escalera Conquest 2.0 y Conquest All-Terrain est\u00e1n fabricados con fibra de vidrio no conductora Hi-Viz Green de Little Giant.<\/li>\n<li style='margin-bottom: 10px;'><strong>Asa de transporte:<\/strong> El asa de transporte de peso equilibrado simplifica el transporte de la escalera.<\/li>\n<li style='margin-bottom: 10px;'><strong>Clasificaci\u00f3n:<\/strong> Cumpliendo o superando todas las normas OSHA y ANSI&comma; esta escalera de tipo IAA est\u00e1 clasificada para soportar 300 lbs (136 kg).<\/li>\n<\/ul><\/div>\n<p> <!-- Im\u00e1genes --> <\/p>\n<div style='flex: 1 1 300px; min-width: 280px; display: flex; flex-direction: column; gap: 20px;'> <img style='width: 100%; height: auto; border: 1px solid rgba(150&comma;150&comma;150&comma;0.3); border-radius: 8px;' src='https:\/\/cdn-littlegiantladders.s3.us-west-2.amazonaws.com\/WING-STORE_2\/Shares\/Marketing\/CDN\/.A%2B+Content\/Conquest+2.0\/Conquest+2.png' alt=''> <img style='width: 100%; height: auto; border: 1px solid rgba(150&comma;150&comma;150&comma;0.3); border-radius: 8px;' src='https:\/\/cdn.shopify.com\/s\/files\/1\/0327\/3670\/6700\/files\/Conquest_A_Content_Layout-05_1024x1024.jpg?v=1661799499' alt=''> <img style='width: 100%; height: auto; border: 1px solid rgba(150&comma;150&comma;150&comma;0.3); border-radius: 8px;' src='https:\/\/cdn-littlegiantladders.s3.us-west-2.amazonaws.com\/WING-STORE_2\/Shares\/Marketing\/CDN\/.A%2B+Content\/Conquest+2.0\/Conquest+AT_A%2B+Content+Layout-05.jpg' alt=''> <img style='width: 100%; height: auto; border: 1px solid rgba(150&comma;150&comma;150&comma;0.3); border-radius: 8px;' src='https:\/\/cdn-littlegiantladders.s3.us-west-2.amazonaws.com\/WING-STORE_2\/Shares\/Marketing\/CDN\/.A%2B+Content\/Conquest+2.0\/Conquest+AT_A%2B+Content+Layout-15.jpg' alt=''> <\/div>\n<\/p><\/div>\n<p> <!-- Separador --> <\/p>\n<hr style='border: 0; border-top: 1px solid rgba(150&comma; 150&comma; 150&comma; 0.3); margin: 30px 0;'> <!-- Especificaciones --> <\/p>\n<div style='margin-bottom: 30px;'>\n<h3 style='font-size: 20px; border-bottom: 2px solid currentColor; padding-bottom: 5px; margin-top: 0; color: inherit; opacity: 0.8;'>Especificaciones<\/h3>\n<div style='display: flex; flex-wrap: wrap; gap: 20px; margin-top: 20px;'>\n<div style='flex: 1 1 250px; border: 1px solid rgba(150&comma; 150&comma; 150&comma; 0.4); border-radius: 8px; overflow: hidden; display: flex; flex-direction: column;'>\n<div style='padding: 15px; border-bottom: 1px solid rgba(150&comma; 150&comma; 150&comma; 0.2); font-weight: bold; font-size: 18px; color: inherit;'>Caracter\u00edsticas<\/div>\n<div style='padding: 15px; color: inherit;'>\n<ul style='padding-left: 20px; margin: 0; font-size: 14px; list-style-type: disc;'>\n<li style='margin-bottom: 5px;'><strong>Posici\u00f3n del andamio:<\/strong> S\u00ed<\/li>\n<li style='margin-bottom: 5px;'><strong>Ruedas Tip-N-Glide:<\/strong> S\u00ed<\/li>\n<li style='margin-bottom: 5px;'><strong>Posici\u00f3n de 90\u00b0:<\/strong> S\u00ed<\/li>\n<\/ul><\/div>\n<\/p><\/div>\n<div style='flex: 1 1 250px; border: 1px solid rgba(150&comma; 150&comma; 150&comma; 0.4); border-radius: 8px; overflow: hidden; display: flex; flex-direction: column;'>\n<div style='padding: 15px; border-bottom: 1px solid rgba(150&comma; 150&comma; 150&comma; 0.2); font-weight: bold; font-size: 18px; color: inherit;'>Detalles<\/div>\n<div style='padding: 15px; color: inherit;'>\n<ul style='padding-left: 20px; margin: 0; font-size: 14px; list-style-type: disc;'>\n<li style='margin-bottom: 5px;'><strong>Categor\u00eda del producto:<\/strong> Conquest 2.0 All Terrain<\/li>\n<li style='margin-bottom: 5px;'><strong>N\u00famero de Modelo:<\/strong> 17102-001<\/li>\n<li style='margin-bottom: 5px;'><strong>Clasificaci\u00f3n:<\/strong> Tipo IA &#8211; Servicio Extra Pesado<\/li>\n<li style='margin-bottom: 5px;'><strong>Peso del producto:<\/strong> 42 lb (19.05 kg)<\/li>\n<li style='margin-bottom: 5px;'><strong>Pie:<\/strong> Est\u00e1ndar<\/li>\n<li style='margin-bottom: 5px;'><strong>Bloqueo de bisagra:<\/strong> Pl\u00e1stico\/Bisagra de bloqueo triple<\/li>\n<li style='margin-bottom: 5px;'><strong>Material:<\/strong> Fibra de Vidrio<\/li>\n<li style='margin-bottom: 5px;'><strong>Capacidad de carga:<\/strong> 300 lbs (136 kg)<\/li>\n<li style='margin-bottom: 5px;'><strong>Sistema de separaci\u00f3n:<\/strong> Bloqueo de bisagra<\/li>\n<li style='margin-bottom: 5px;'><strong>Tipo de escalera:<\/strong> Telesc\u00f3pica &#8211; Articulada<\/li>\n<li style='margin-bottom: 5px;'><strong>Garant\u00eda:<\/strong> 1 A\u00f1o<\/li>\n<li style='margin-bottom: 5px;'><strong>Tama\u00f1o:<\/strong> 11&#8242; &#8211; 22&#8242; (3.35 &#8211; 6.71 m)<\/li>\n<\/ul><\/div>\n<\/p><\/div>\n<div style='flex: 1 1 250px; border: 1px solid rgba(150&comma; 150&comma; 150&comma; 0.4); border-radius: 8px; overflow: hidden; display: flex; flex-direction: column;'>\n<div style='padding: 15px; border-bottom: 1px solid rgba(150&comma; 150&comma; 150&comma; 0.2); font-weight: bold; font-size: 18px; color: inherit;'>Dimensiones<\/div>\n<div style='padding: 15px; color: inherit;'>\n<ul style='padding-left: 20px; margin: 0; font-size: 14px; list-style-type: disc;'>\n<li style='margin-bottom: 5px;'><strong>Anchura interior libre:<\/strong> 1 ft (32 cm)<\/li>\n<li style='margin-bottom: 5px;'><strong>Altura de almacenamiento:<\/strong> 5 ft. 7 in (1.70 m)<\/li>\n<li style='margin-bottom: 5px;'><strong>Ancho de almacenamiento en la base:<\/strong> 1 ft. 9 in (53 cm)<\/li>\n<li style='margin-bottom: 5px;'><strong>Profundidad de almacenamiento:<\/strong> 10 in (25 cm)<\/li>\n<li style='margin-bottom: 5px;'><strong>Profundidad de pelda\u00f1o interior:<\/strong> 1 in (3 cm)<\/li>\n<li style='margin-bottom: 5px;'><strong>Profundidad de pelda\u00f1o exterior:<\/strong> 1 in (3 cm)<\/li>\n<li style='margin-bottom: 5px;'><strong>Profundidad de pelda\u00f1o doble:<\/strong> 3 in (9 cm)<\/li>\n<li style='margin-bottom: 5px;'><strong>Ancho de la parte superior:<\/strong> 1 ft. 5 in (45 cm)<\/li>\n<\/ul><\/div>\n<\/p><\/div>\n<div style='flex: 1 1 250px; border: 1px solid rgba(150&comma; 150&comma; 150&comma; 0.4); border-radius: 8px; overflow: hidden; display: flex; flex-direction: column;'>\n<div style='padding: 15px; border-bottom: 1px solid rgba(150&comma; 150&comma; 150&comma; 0.2); font-weight: bold; font-size: 18px; color: inherit;'>Dimensiones &#8211; Escalera<\/div>\n<div style='padding: 15px; color: inherit;'>\n<ul style='padding-left: 20px; margin: 0; font-size: 14px; list-style-type: disc;'>\n<li style='margin-bottom: 5px;'><strong>Tama\u00f1o de la escalera:<\/strong> 5&#8217;6&#8242;-9&#8217;6&#8242; (1.68 &#8211; 2.90 m)<\/li>\n<li style='margin-bottom: 5px;'><strong>Nivel m\u00e1ximo:<\/strong> 6 ft. 8 in (2.03 m)<\/li>\n<li style='margin-bottom: 5px;'><strong>Nivel m\u00ednimo:<\/strong> 2 ft. 11 in (89 cm)<\/li>\n<li style='margin-bottom: 5px;'><strong>Huella m\u00e1xima:<\/strong> 6 ft. 7 in (2.01 m)<\/li>\n<li style='margin-bottom: 5px;'><strong>Huella m\u00ednima:<\/strong> 4 ft. (1.22 m)<\/li>\n<li style='margin-bottom: 5px;'><strong>Alcance m\u00e1ximo:<\/strong> 13 ft. 2 in (4.01 m)<\/li>\n<\/ul><\/div>\n<\/p><\/div>\n<div style='flex: 1 1 250px; border: 1px solid rgba(150&comma; 150&comma; 150&comma; 0.4); border-radius: 8px; overflow: hidden; display: flex; flex-direction: column;'>\n<div style='padding: 15px; border-bottom: 1px solid rgba(150&comma; 150&comma; 150&comma; 0.2); font-weight: bold; font-size: 18px; color: inherit;'>Dimensiones &#8211; Uso extendido<\/div>\n<div style='padding: 15px; color: inherit;'>\n<ul style='padding-left: 20px; margin: 0; font-size: 14px; list-style-type: disc;'>\n<li style='margin-bottom: 5px;'><strong>Longitud total de las secciones:<\/strong> 21 ft. 2 in (6.45 m)<\/li>\n<li style='margin-bottom: 5px;'><strong>Alcance m\u00e1ximo de la extensi\u00f3n:<\/strong> 22 ft. (6.71 m)<\/li>\n<li style='margin-bottom: 5px;'><strong>Simple \/ Extensi\u00f3n nivel m\u00e1s alto:<\/strong> 15 ft. 6 in (4.72 m)<\/li>\n<li style='margin-bottom: 5px;'><strong>Simple\/ Extensi\u00f3n nivel m\u00e1s alto:<\/strong> 7 ft. 10 in (2.39 m)<\/li>\n<li style='margin-bottom: 5px;'><strong>Longitud de trabajo m\u00e1xima:<\/strong> 18 ft. 11 in (5.77 m)<\/li>\n<li style='margin-bottom: 5px;'><strong>Longitud de trabajo m\u00ednima:<\/strong> 10 ft. 11 in (3.33 m)<\/li>\n<\/ul><\/div>\n<\/p><\/div>\n<\/p><\/div>\n<\/p><\/div>\n<\/p><\/div>\n","protected":false},"excerpt":{"rendered":"<p>Escalera Multi-Posiciones de 6.7 m (22&#8242;) para Suelos Inclinados o con Desniveles.<\/p>\n","protected":false},"featured_media":94758,"comment_status":"open","ping_status":"closed","template":"","meta":[],"product_brand":[],"product_cat":[24],"product_tag":[26,25,492],"class_list":{"0":"post-94759","1":"product","2":"type-product","3":"status-publish","4":"has-post-thumbnail","6":"product_cat-accesorios-de-instalacion","7":"product_tag-accesorios-de-instalacion","8":"product_tag-herramientas","9":"product_tag-little-giant-ladder-systems","11":"first","12":"instock","13":"sale","14":"shipping-taxable","15":"purchasable","16":"product-type-simple"},"_links":{"self":[{"href":"https:\/\/soydeaqui.ddns.net\/pachuca\/index.php\/wp-json\/wp\/v2\/product\/94759","targetHints":{"allow":["GET"]}}],"collection":[{"href":"https:\/\/soydeaqui.ddns.net\/pachuca\/index.php\/wp-json\/wp\/v2\/product"}],"about":[{"href":"https:\/\/soydeaqui.ddns.net\/pachuca\/index.php\/wp-json\/wp\/v2\/types\/product"}],"replies":[{"embeddable":true,"href":"https:\/\/soydeaqui.ddns.net\/pachuca\/index.php\/wp-json\/wp\/v2\/comments?post=94759"}],"wp:featuredmedia":[{"embeddable":true,"href":"https:\/\/soydeaqui.ddns.net\/pachuca\/index.php\/wp-json\/wp\/v2\/media\/94758"}],"wp:attachment":[{"href":"https:\/\/soydeaqui.ddns.net\/pachuca\/index.php\/wp-json\/wp\/v2\/media?parent=94759"}],"wp:term":[{"taxonomy":"product_brand","embeddable":true,"href":"https:\/\/soydeaqui.ddns.net\/pachuca\/index.php\/wp-json\/wp\/v2\/product_brand?post=94759"},{"taxonomy":"product_cat","embeddable":true,"href":"https:\/\/soydeaqui.ddns.net\/pachuca\/index.php\/wp-json\/wp\/v2\/product_cat?post=94759"},{"taxonomy":"product_tag","embeddable":true,"href":"https:\/\/soydeaqui.ddns.net\/pachuca\/index.php\/wp-json\/wp\/v2\/product_tag?post=94759"}],"curies":[{"name":"wp","href":"https:\/\/api.w.org\/{rel}","templated":true}]}}