{"id":94757,"date":"2026-03-20T06:59:27","date_gmt":"2026-03-20T06:59:27","guid":{"rendered":"https:\/\/soydeaqui.ddns.net\/pachuca\/index.php\/producto\/domo-ptz-ip-4-megapixel-32x-zoom-300-mts-ir-autoseguimiento-wdr-120-db-eis-deep-learning-exterior-ip67-rapid-focus-hi-poe-microsd\/"},"modified":"2026-03-20T06:59:29","modified_gmt":"2026-03-20T06:59:29","slug":"domo-ptz-ip-4-megapixel-32x-zoom-300-mts-ir-autoseguimiento-wdr-120-db-eis-deep-learning-exterior-ip67-rapid-focus-hi-poe-microsd","status":"publish","type":"product","link":"https:\/\/soydeaqui.ddns.net\/pachuca\/index.php\/producto\/domo-ptz-ip-4-megapixel-32x-zoom-300-mts-ir-autoseguimiento-wdr-120-db-eis-deep-learning-exterior-ip67-rapid-focus-hi-poe-microsd\/","title":{"rendered":"Domo PTZ IP 4 Megapixel  \/ 32X Zoom \/ 300 mts IR \/ AutoSeguimiento \/ WDR 120 dB \/ EIS \/ Deep Learning \/ Exterior IP67 \/ Rapid Focus \/ Hi-PoE \/MicroSD"},"content":{"rendered":"<div style='width: 100%; max-width: 1200px; margin: 0 auto; font-family: sans-serif; line-height: 1.6; color: inherit; background-color: transparent;'> <!-- Logo Hikvision --> <\/p>\n<div style='text-align: center; margin-bottom: 30px;'> <img style='width: 45%; height: auto; border: 1px solid rgba(150&comma;150&comma;150&comma;0.3); border-radius: 8px;' src='https:\/\/ftp3.syscom.mx\/usuarios\/jsosa\/HIKVISION\/imagenes\/logo\/hikvision%20see%20far.png' alt='Logo Hikvision'> <\/div>\n<p> <!-- Videos --> <\/p>\n<div style='display: grid; grid-template-columns: repeat(auto-fill&comma; minmax(300px&comma; 1fr)); gap: 20px; margin-bottom: 30px;'> <!-- Video 1 - Local --> <\/p>\n<div style='position: relative; padding-bottom: 56.25%; height: 0; overflow: hidden;'> <video style='position: absolute; top: 0; left: 0; width: 100%; height: 100%; border: 1px solid rgba(150&comma;150&comma;150&comma;0.3); border-radius: 8px;' src='https:\/\/ftp3.syscom.mx\/usuarios\/fcarrillo\/Hikvision\/videos\/vehicle%20tracking.mp4' loop muted controls><\/video> <\/div>\n<p> <!-- Video 2 - YouTube --> <\/p>\n<div style='position: relative; padding-bottom: 56.25%; height: 0; overflow: hidden;'>   <\/div>\n<p> <!-- Video 3 - YouTube --> <\/p>\n<div style='position: relative; padding-bottom: 56.25%; height: 0; overflow: hidden;'>   <\/div>\n<p> <!-- Video 4 - YouTube --> <\/p>\n<div style='position: relative; padding-bottom: 56.25%; height: 0; overflow: hidden;'>   <\/div>\n<p> <!-- Video 5 - YouTube --> <\/p>\n<div style='position: relative; padding-bottom: 56.25%; height: 0; overflow: hidden;'>   <\/div>\n<p> <!-- Video 6 - YouTube --> <\/p>\n<div style='position: relative; padding-bottom: 56.25%; height: 0; overflow: hidden;'>   <\/div>\n<\/p><\/div>\n<p> <!-- Secci\u00f3n de caracter\u00edsticas --> <\/p>\n<div style='display: flex; flex-wrap: wrap; gap: 30px; margin-bottom: 30px;'> <!-- Caracter\u00edsticas principales --> <\/p>\n<div style='flex: 1 1 300px; min-width: 280px;'>\n<h3 style='font-size: 22px; border-bottom: 2px solid currentColor; padding-bottom: 5px; margin-top: 0; color: inherit; opacity: 0.8;'>Caracter\u00edsticas principales<\/h3>\n<ul style='padding-left: 20px; font-size: 15px; color: inherit;'>\n<li style='margin-bottom: 5px;'>Sensor de imagen: 1\/1.82&#8242; CMOS Scan Progresivo<\/li>\n<li style='margin-bottom: 5px;'>Iluminaci\u00f3n m\u00ednima: Color:0.005 Lux @F1.5 AGC&comma;ON) B\/N:0.0005 Lux @(F1.5&comma; AGC ON)<\/li>\n<li style='margin-bottom: 5px;'>Distancia focal: 6 a 192 mm (32X zoom \u00f3ptico \/ 16X zoom digital)<\/li>\n<li style='margin-bottom: 5px;'>Distancia de IR: 300 m IR inteligente<\/li>\n<li style='margin-bottom: 5px;'>Funciones: WDR 120dB \/ 3D-DNR \/ OIS \/ HLC \/ BLC \/ Auto-Seguimiento \/ Defog \/ Rapid Focus<\/li>\n<\/ul><\/div>\n<p> <!-- Caracter\u00edsticas F\u00edsicas y El\u00e9ctricas --> <\/p>\n<div style='flex: 1 1 300px; min-width: 280px;'>\n<h3 style='font-size: 22px; border-bottom: 2px solid currentColor; padding-bottom: 5px; margin-top: 0; color: inherit; opacity: 0.8;'>Caracter\u00edsticas F\u00edsicas y El\u00e9ctricas<\/h3>\n<ul style='padding-left: 20px; font-size: 15px; color: inherit;'>\n<li style='margin-bottom: 5px;'>Aplicaci\u00f3n: Interior \/ Exterior<\/li>\n<li style='margin-bottom: 5px;'>Protecci\u00f3n: IP67<\/li>\n<li style='margin-bottom: 5px;'>Temperatura de operaci\u00f3n: -40\u00b0C a 70\u00b0C<\/li>\n<li style='margin-bottom: 5px;'>Alimentaci\u00f3n \/ Consumo: 24 Vca \/ 60 W \/ Hi-PoE<\/li>\n<li style='margin-bottom: 5px;'>Dimensiones: 266 x 354 mm<\/li>\n<li style='margin-bottom: 5px;'>Peso: 5 kgs<\/li>\n<li style='margin-bottom: 5px;'>El PTZ no incluye brazo de pared<\/li>\n<li style='margin-bottom: 5px;'>No incluye fuente de alimentaci\u00f3n<\/li>\n<li style='margin-bottom: 5px;'>Red: 1 puerto RJ45 (10 \/ 100 Mbps)<\/li>\n<li style='margin-bottom: 5px;'>7 entradas y 2 salidas de alarma<\/li>\n<li style='margin-bottom: 5px;'>1 entrada y 1 salida de audio<\/li>\n<li style='margin-bottom: 5px;'>1 salida en BNC&comma; resoluci\u00f3n m\u00e1xima de 4 CIF<\/li>\n<\/ul>\n<h4 style='font-size: 18px; margin-top: 20px; margin-bottom: 10px; color: inherit;'>Accesorios<\/h4>\n<ul style='padding-left: 20px; font-size: 15px; color: inherit;'>\n<li style='margin-bottom: 5px;'>Montaje Vertical de Pared \/ Color Plata \/ Exterior: <a href='https:\/\/www.syscom.mx\/producto\/DS-1603ZJ-P-HIKVISION-184691.html' target='_blank' rel='noopener' style='color: inherit; text-decoration: underline;'>DS-1603ZJ-P<\/a><\/li>\n<li style='margin-bottom: 5px;'>Montaje Vertical con Montaje de Poste: <a href='https:\/\/www.syscom.mx\/producto\/DS-1603ZJ-POLE-P-HIKVISION-175436.html' target='_blank' rel='noopener' style='color: inherit; text-decoration: underline;'>DS-1603ZJ-POLE-P<\/a><\/li>\n<li style='margin-bottom: 5px;'>Montaje de Techo Tipo Tubo de 20 cm de Largo para Domos PTZ epcom y HIKVISION: <a href='https:\/\/www.syscom.mx\/producto\/DS-1661ZJ-P-HIKVISION-205927.html' target='_blank' rel='noopener' style='color: inherit; text-decoration: underline;'>DS-1661ZJ-P<\/a><\/li>\n<\/ul><\/div>\n<p> <!-- Funciones de red y almacenamiento --> <\/p>\n<div style='flex: 1 1 300px; min-width: 280px;'>\n<h3 style='font-size: 22px; border-bottom: 2px solid currentColor; padding-bottom: 5px; margin-top: 0; color: inherit; opacity: 0.8;'>Funciones de red y almacenamiento<\/h3>\n<ul style='padding-left: 20px; font-size: 15px; color: inherit;'>\n<li style='margin-bottom: 5px;'>Protocolos: IPv4\/IPv6&comma; HTTP&comma; HTTPS&comma; 802.1x&comma; Qos&comma; FTP&comma; SMTP&comma; UPnP&comma; SNMP&comma; DNS&comma; DDNS&comma; NTP&comma; RTSP&comma; RTCP&comma; RTP&comma; TCP\/IP&comma; DHCP&comma; PPPoE&comma; UDP&comma; IGMP&comma; ICMP&comma; Bonjour<\/li>\n<li style='margin-bottom: 5px;'>Soporta ONVIF (Profile S&comma; Profile G&comma; Profile T) \/ ISAPI \/ SDK<\/li>\n<li style='margin-bottom: 5px;'>Soporta navegadores: IE 8 a 11&comma; Chrome 31.0+&comma; Firefox 30+&comma; Edge 16.16299+&comma; Safari 11+<\/li>\n<li style='margin-bottom: 5px;'>Soporta triple streaming<\/li>\n<li style='margin-bottom: 5px;'>Soporta 20 usuarios simult\u00e1neos<\/li>\n<li style='margin-bottom: 5px;'>Soporta Micro SD de hasta 256GB (no incluida) \/ NAS (NPS&comma; SMB \/CIPS) \/ ANR<\/li>\n<\/ul><\/div>\n<\/p><\/div>\n<p> <!-- PAN \/ TILT --> <\/p>\n<div style='margin-bottom: 30px;'>\n<h3 style='font-size: 22px; border-bottom: 2px solid currentColor; padding-bottom: 5px; margin-top: 0; color: inherit; opacity: 0.8;'>PAN \/ TILT<\/h3>\n<ul style='padding-left: 20px; font-size: 15px; color: inherit;'>\n<li style='margin-bottom: 5px;'>Rango: Pan: 360\u00b0endless; Tilt: -20\u00b0~90\u00b0(Auto Flip)<\/li>\n<li style='margin-bottom: 5px;'>Velocidad: Pan Manual Speed: 0.1\u00b0~210\u00b0\/s&comma; Pan Preset Speed: 280\u00b0\/s. Tilt Manual Speed: 0.1\u00b0~150\u00b0\/s&comma; Tilt Preset Speed: 250\u00b0\/s.<\/li>\n<li style='margin-bottom: 5px;'>Presets: 300<\/li>\n<li style='margin-bottom: 5px;'>patrol: 8 (hasta 32 presets por patrol)<\/li>\n<li style='margin-bottom: 5px;'>Pattern: 4 (hasta 10 minutos por pattern)<\/li>\n<li style='margin-bottom: 5px;'>PARK ACT: Preset \/ Patrol \/ Pattern \/ Auto scan \/ Tilt scan \/ Random scan \/ Frame scan \/ Panorama scan<\/li>\n<\/ul><\/div>\n<p> <!-- Banner soluci\u00f3n completa --> <\/p>\n<div style='margin-top: 30px;'> <img style='width: 100%; height: auto; border: 1px solid rgba(150&comma;150&comma;150&comma;0.3); border-radius: 8px;' src='https:\/\/ftp3.syscom.mx\/usuarios\/jsosa\/HIKVISION\/imagenes\/banners\/solution%20complete.png' alt='Soluci\u00f3n completa'> <\/div>\n<\/p><\/div>\n","protected":false},"excerpt":{"rendered":"<p>Domo PTZ IP 4 Megapixel  \/ 32X Zoom \/ 300 mts IR \/ AutoSeguimiento \/ WDR 120 dB \/ EIS \/ Deep Learning \/ Exterior IP67 \/ Rapid Focus \/ Hi-PoE \/MicroSD<\/p>\n","protected":false},"featured_media":94756,"comment_status":"open","ping_status":"closed","template":"","meta":[],"product_brand":[],"product_cat":[1224],"product_tag":[122,54,1225],"class_list":{"0":"post-94757","1":"product","2":"type-product","3":"status-publish","4":"has-post-thumbnail","6":"product_cat-ptz","7":"product_tag-camaras-ip-y-nvrs","8":"product_tag-hikvision","9":"product_tag-ptz","11":"first","12":"outofstock","13":"sale","14":"shipping-taxable","15":"purchasable","16":"product-type-simple"},"_links":{"self":[{"href":"https:\/\/soydeaqui.ddns.net\/pachuca\/index.php\/wp-json\/wp\/v2\/product\/94757","targetHints":{"allow":["GET"]}}],"collection":[{"href":"https:\/\/soydeaqui.ddns.net\/pachuca\/index.php\/wp-json\/wp\/v2\/product"}],"about":[{"href":"https:\/\/soydeaqui.ddns.net\/pachuca\/index.php\/wp-json\/wp\/v2\/types\/product"}],"replies":[{"embeddable":true,"href":"https:\/\/soydeaqui.ddns.net\/pachuca\/index.php\/wp-json\/wp\/v2\/comments?post=94757"}],"wp:featuredmedia":[{"embeddable":true,"href":"https:\/\/soydeaqui.ddns.net\/pachuca\/index.php\/wp-json\/wp\/v2\/media\/94756"}],"wp:attachment":[{"href":"https:\/\/soydeaqui.ddns.net\/pachuca\/index.php\/wp-json\/wp\/v2\/media?parent=94757"}],"wp:term":[{"taxonomy":"product_brand","embeddable":true,"href":"https:\/\/soydeaqui.ddns.net\/pachuca\/index.php\/wp-json\/wp\/v2\/product_brand?post=94757"},{"taxonomy":"product_cat","embeddable":true,"href":"https:\/\/soydeaqui.ddns.net\/pachuca\/index.php\/wp-json\/wp\/v2\/product_cat?post=94757"},{"taxonomy":"product_tag","embeddable":true,"href":"https:\/\/soydeaqui.ddns.net\/pachuca\/index.php\/wp-json\/wp\/v2\/product_tag?post=94757"}],"curies":[{"name":"wp","href":"https:\/\/api.w.org\/{rel}","templated":true}]}}