{"id":94755,"date":"2026-03-20T06:59:23","date_gmt":"2026-03-20T06:59:23","guid":{"rendered":"https:\/\/soydeaqui.ddns.net\/pachuca\/index.php\/producto\/unidad-de-estado-solido-ssd-512-gb-especializado-para-videovigilancia-movil-alto-performance-uso-24-7-compatible-con-todos-los-mdvr\/"},"modified":"2026-03-20T06:59:25","modified_gmt":"2026-03-20T06:59:25","slug":"unidad-de-estado-solido-ssd-512-gb-especializado-para-videovigilancia-movil-alto-performance-uso-24-7-compatible-con-todos-los-mdvr","status":"publish","type":"product","link":"https:\/\/soydeaqui.ddns.net\/pachuca\/index.php\/producto\/unidad-de-estado-solido-ssd-512-gb-especializado-para-videovigilancia-movil-alto-performance-uso-24-7-compatible-con-todos-los-mdvr\/","title":{"rendered":"Unidad de Estado Solido (SSD) 512 GB \/ Especializado para Videovigilancia m\u00f3vil \/ Alto Performance \/ Uso 24\/7 \/ Compatible con Todos los mDVR"},"content":{"rendered":"<div style='width: 100%; max-width: 1200px; margin: 0 auto; font-family: sans-serif; line-height: 1.6; color: inherit; background-color: transparent;'> <!-- Logo Hikvision --> <\/p>\n<div style='text-align: center; margin: 30px 0;'> <img style='width: 45%; height: auto; border: 1px solid rgba(150&comma;150&comma;150&comma;0.3); border-radius: 8px;' src='https:\/\/ftp3.syscom.mx\/usuarios\/jsosa\/HIKVISION\/imagenes\/logo\/hikvision%20see%20far.png' alt='Logo Hikvision'> <\/div>\n<p> <!-- Secci\u00f3n de caracter\u00edsticas --> <\/p>\n<div style='display: flex; flex-wrap: wrap; gap: 30px; margin-bottom: 30px;'>\n<div style='flex: 1 1 300px; min-width: 280px;'>\n<h3 style='font-size: 22px; border-bottom: 2px solid currentColor; padding-bottom: 5px; margin-top: 0; color: inherit; opacity: 0.8;'>Caracter\u00edsticas principales<\/h3>\n<ul style='padding-left: 20px; font-size: 15px; color: inherit;'>\n<li style='margin-bottom: 5px;'>Capacidad: <strong>512 GB<\/strong><\/li>\n<li style='margin-bottom: 5px;'>Vel. de Lectura: <strong>550 MB\/s<\/strong><\/li>\n<li style='margin-bottom: 5px;'>Vel. de escritura: <strong>485 MB\/s<\/strong><\/li>\n<li style='margin-bottom: 5px;'>Capacidad de trabajo: <strong>24\/7<\/strong><\/li>\n<li style='margin-bottom: 5px;'>Tipo: <strong>SSD 2.5&#8242;<\/strong><\/li>\n<li style='margin-bottom: 5px;'><strong>Especializado para videovigilancia m\u00f3vil<\/strong><\/li>\n<\/ul><\/div>\n<div style='flex: 1 1 300px; min-width: 280px;'>\n<h3 style='font-size: 22px; border-bottom: 2px solid currentColor; padding-bottom: 5px; margin-top: 0; color: inherit; opacity: 0.8;'>Caracter\u00edsticas F\u00edsicas y El\u00e9ctricas<\/h3>\n<ul style='padding-left: 20px; font-size: 15px; color: inherit;'>\n<li style='margin-bottom: 5px;'>Temperatura de operaci\u00f3n: <strong>0 \u00b0C a 70 \u00b0C<\/strong><\/li>\n<li style='margin-bottom: 5px;'>Tama\u00f1o: <strong>7 mm \u00d7 69.85 mm \u00d7 100.45 mm<\/strong><\/li>\n<\/ul><\/div>\n<\/p><\/div>\n<p> <!-- Imagen final --> <\/p>\n<div style='margin: 30px 0;'> <img style='width: 100%; height: auto; border: 1px solid rgba(150&comma;150&comma;150&comma;0.3); border-radius: 8px;' src='https:\/\/ftp3.syscom.mx\/usuarios\/jsosa\/HIKVISION\/imagenes\/banners\/solution%20complete.png' alt='Soluci\u00f3n completa'> <\/div>\n<\/p><\/div>\n","protected":false},"excerpt":{"rendered":"<p>Unidad de Estado Solido (SSD) 512 GB \/ Especializado para Videovigilancia m\u00f3vil \/ Alto Performance \/ Uso 24\/7 \/ Compatible con Todos los mDVR<\/p>\n","protected":false},"featured_media":94754,"comment_status":"open","ping_status":"closed","template":"","meta":[],"product_brand":[],"product_cat":[2199],"product_tag":[54,2065,2139],"class_list":{"0":"post-94755","1":"product","2":"type-product","3":"status-publish","4":"has-post-thumbnail","6":"product_cat-unidades-de-estado-solido-ssd-servidores-almacenamiento","7":"product_tag-hikvision","8":"product_tag-servidores-almacenamiento","9":"product_tag-unidades-de-estado-solido-ssd","11":"first","12":"outofstock","13":"sale","14":"shipping-taxable","15":"purchasable","16":"product-type-simple"},"_links":{"self":[{"href":"https:\/\/soydeaqui.ddns.net\/pachuca\/index.php\/wp-json\/wp\/v2\/product\/94755","targetHints":{"allow":["GET"]}}],"collection":[{"href":"https:\/\/soydeaqui.ddns.net\/pachuca\/index.php\/wp-json\/wp\/v2\/product"}],"about":[{"href":"https:\/\/soydeaqui.ddns.net\/pachuca\/index.php\/wp-json\/wp\/v2\/types\/product"}],"replies":[{"embeddable":true,"href":"https:\/\/soydeaqui.ddns.net\/pachuca\/index.php\/wp-json\/wp\/v2\/comments?post=94755"}],"wp:featuredmedia":[{"embeddable":true,"href":"https:\/\/soydeaqui.ddns.net\/pachuca\/index.php\/wp-json\/wp\/v2\/media\/94754"}],"wp:attachment":[{"href":"https:\/\/soydeaqui.ddns.net\/pachuca\/index.php\/wp-json\/wp\/v2\/media?parent=94755"}],"wp:term":[{"taxonomy":"product_brand","embeddable":true,"href":"https:\/\/soydeaqui.ddns.net\/pachuca\/index.php\/wp-json\/wp\/v2\/product_brand?post=94755"},{"taxonomy":"product_cat","embeddable":true,"href":"https:\/\/soydeaqui.ddns.net\/pachuca\/index.php\/wp-json\/wp\/v2\/product_cat?post=94755"},{"taxonomy":"product_tag","embeddable":true,"href":"https:\/\/soydeaqui.ddns.net\/pachuca\/index.php\/wp-json\/wp\/v2\/product_tag?post=94755"}],"curies":[{"name":"wp","href":"https:\/\/api.w.org\/{rel}","templated":true}]}}