{"id":94724,"date":"2026-03-20T06:57:59","date_gmt":"2026-03-20T06:57:59","guid":{"rendered":"https:\/\/soydeaqui.ddns.net\/pachuca\/index.php\/producto\/turret-ip-movil-1080p-lente-2-8-mm-conexion-m12-10-mts-ir-exterior-ip68-antivandalico-ik10-diseno-antivibracion\/"},"modified":"2026-03-20T06:58:01","modified_gmt":"2026-03-20T06:58:01","slug":"turret-ip-movil-1080p-lente-2-8-mm-conexion-m12-10-mts-ir-exterior-ip68-antivandalico-ik10-diseno-antivibracion","status":"publish","type":"product","link":"https:\/\/soydeaqui.ddns.net\/pachuca\/index.php\/producto\/turret-ip-movil-1080p-lente-2-8-mm-conexion-m12-10-mts-ir-exterior-ip68-antivandalico-ik10-diseno-antivibracion\/","title":{"rendered":"Turret IP M\u00f3vil 1080p \/ Lente 2.8 mm \/ Conexi\u00f3n M12  \/ 10 mts IR \/ Exterior IP68 \/ Antivand\u00e1lico IK10 \/ Dise\u00f1o Antivibracion"},"content":{"rendered":"<div style='width: 100%; max-width: 1200px; margin: 0 auto; font-family: sans-serif; line-height: 1.6; color: inherit; background-color: transparent;'> <img style='width: 100%; height: auto; border: 1px solid rgba(150&comma;150&comma;150&comma;0.3); border-radius: 8px; margin-bottom: 20px;' src='http:\/\/ftp3.syscom.mx\/usuarios\/jdelafuente\/HIKVISION\/hikvision%20logo%20complete.png' alt=''> <\/p>\n<div style='display: flex; flex-wrap: wrap; gap: 30px; margin-bottom: 30px;'>\n<div style='flex: 1 1 300px; min-width: 280px;'>\n<h3 style='font-size: 22px; border-bottom: 2px solid currentColor; padding-bottom: 5px; margin-top: 0; color: inherit; opacity: 0.8;'>Caracter\u00edsticas principales<\/h3>\n<ul style='padding-left: 20px; font-size: 15px; color: inherit;'>\n<li style='margin-bottom: 5px;'><strong>Resoluci\u00f3n:<\/strong> 2 Megapixel (1920 x 1080)<\/li>\n<li style='margin-bottom: 5px;'><strong>Iluminaci\u00f3n m\u00ednima:<\/strong> Color 0.01 Lux @ (F1.2&comma; AGC ON)<\/li>\n<li style='margin-bottom: 5px;'><strong>Distancia de infrarrojo:<\/strong> 30 mts Smart IR<\/li>\n<li style='margin-bottom: 5px;'><strong>Lente:<\/strong> 2.8 mm<\/li>\n<li style='margin-bottom: 5px;'><strong>Soporte:<\/strong> MicroSD<\/li>\n<li style='margin-bottom: 5px;'><strong>Conector:<\/strong> M12 4 pines<\/li>\n<li style='margin-bottom: 5px;'><strong>Visi\u00f3n nocturna:<\/strong> 10 mts IR<\/li>\n<li style='margin-bottom: 5px;'><strong>Funciones avanzadas:<\/strong> Objeto removido \/ Intrusi\u00f3n de \u00e1rea \/ Cruce de l\u00ednea<\/li>\n<li style='margin-bottom: 5px;'><strong>Compresi\u00f3n:<\/strong> H.265 \/ H.264 \/ MJPEG<\/li>\n<\/ul><\/div>\n<div style='flex: 1 1 300px; min-width: 280px;'>\n<h3 style='font-size: 22px; border-bottom: 2px solid currentColor; padding-bottom: 5px; margin-top: 0; color: inherit; opacity: 0.8;'>Compatibilidad<\/h3>\n<ul style='padding-left: 20px; font-size: 15px; color: inherit;'>\n<li style='margin-bottom: 5px;'><strong>DVRs m\u00f3viles compatibles:<\/strong> Serie <a href='https:\/\/www.syscom.mx\/producto\/hikvision-ae-mn5043(m12)-227407.html' style='color: inherit; text-decoration: underline;'>AE-MN5043(M12)<\/a><\/li>\n<\/ul>\n<h3 style='font-size: 22px; border-bottom: 2px solid currentColor; padding-bottom: 5px; margin-top: 20px; color: inherit; opacity: 0.8;'>Caracter\u00edsticas F\u00edsicas y El\u00e9ctricas<\/h3>\n<ul style='padding-left: 20px; font-size: 15px; color: inherit;'>\n<li style='margin-bottom: 5px;'><strong>Alimentaci\u00f3n:<\/strong> PoE<\/li>\n<li style='margin-bottom: 5px;'><strong>Temperatura de operaci\u00f3n:<\/strong> -40\u00b0C a 75\u00b0C \/ Humedad al 95% m\u00e1ximo<\/li>\n<li style='margin-bottom: 5px;'><strong>Antivand\u00e1lico:<\/strong> IK10<\/li>\n<li style='margin-bottom: 5px;'><strong>Protecci\u00f3n:<\/strong> IP68 (exterior)<\/li>\n<li style='margin-bottom: 5px;'><strong>Dimensiones:<\/strong> 163.7 \u00d7 122.6 \u00d7 65.1 mm<\/li>\n<li style='margin-bottom: 5px;'><strong>Peso:<\/strong> 905 gramos<\/li>\n<\/ul><\/div>\n<\/p><\/div>\n<hr style='border: 0; border-top: 1px solid rgba(150&comma; 150&comma; 150&comma; 0.3); margin: 30px 0;'> <\/div>\n","protected":false},"excerpt":{"rendered":"<p>Turret IP M\u00f3vil 1080p \/ Lente 2.8 mm \/ Conexi\u00f3n M12  \/ 10 mts IR \/ Exterior IP68 \/ Antivand\u00e1lico IK10 \/ Dise\u00f1o Antivibracion<\/p>\n","protected":false},"featured_media":94723,"comment_status":"open","ping_status":"closed","template":"","meta":[],"product_brand":[],"product_cat":[1431],"product_tag":[93,54,1344],"class_list":{"0":"post-94724","1":"product","2":"type-product","3":"status-publish","4":"has-post-thumbnail","6":"product_cat-accesorios-videograbadoras-moviles-y-portatiles","7":"product_tag-accesorios","8":"product_tag-hikvision","9":"product_tag-videograbadoras-moviles-y-portatiles","11":"first","12":"outofstock","13":"sale","14":"shipping-taxable","15":"purchasable","16":"product-type-simple"},"_links":{"self":[{"href":"https:\/\/soydeaqui.ddns.net\/pachuca\/index.php\/wp-json\/wp\/v2\/product\/94724","targetHints":{"allow":["GET"]}}],"collection":[{"href":"https:\/\/soydeaqui.ddns.net\/pachuca\/index.php\/wp-json\/wp\/v2\/product"}],"about":[{"href":"https:\/\/soydeaqui.ddns.net\/pachuca\/index.php\/wp-json\/wp\/v2\/types\/product"}],"replies":[{"embeddable":true,"href":"https:\/\/soydeaqui.ddns.net\/pachuca\/index.php\/wp-json\/wp\/v2\/comments?post=94724"}],"wp:featuredmedia":[{"embeddable":true,"href":"https:\/\/soydeaqui.ddns.net\/pachuca\/index.php\/wp-json\/wp\/v2\/media\/94723"}],"wp:attachment":[{"href":"https:\/\/soydeaqui.ddns.net\/pachuca\/index.php\/wp-json\/wp\/v2\/media?parent=94724"}],"wp:term":[{"taxonomy":"product_brand","embeddable":true,"href":"https:\/\/soydeaqui.ddns.net\/pachuca\/index.php\/wp-json\/wp\/v2\/product_brand?post=94724"},{"taxonomy":"product_cat","embeddable":true,"href":"https:\/\/soydeaqui.ddns.net\/pachuca\/index.php\/wp-json\/wp\/v2\/product_cat?post=94724"},{"taxonomy":"product_tag","embeddable":true,"href":"https:\/\/soydeaqui.ddns.net\/pachuca\/index.php\/wp-json\/wp\/v2\/product_tag?post=94724"}],"curies":[{"name":"wp","href":"https:\/\/api.w.org\/{rel}","templated":true}]}}