{"id":94716,"date":"2026-03-20T06:57:37","date_gmt":"2026-03-20T06:57:37","guid":{"rendered":"https:\/\/soydeaqui.ddns.net\/pachuca\/index.php\/producto\/fuente-de-alimentacion-de-respaldo-para-usg6615f-s620-24t16x8y2cz\/"},"modified":"2026-03-20T06:57:49","modified_gmt":"2026-03-20T06:57:49","slug":"fuente-de-alimentacion-de-respaldo-para-usg6615f-s620-24t16x8y2cz","status":"publish","type":"product","link":"https:\/\/soydeaqui.ddns.net\/pachuca\/index.php\/producto\/fuente-de-alimentacion-de-respaldo-para-usg6615f-s620-24t16x8y2cz\/","title":{"rendered":"Fuente De Alimentaci\u00f3n De Respaldo Para USG6615F\/ S620-24T16X8Y2CZ"},"content":{"rendered":"<div style='width: 100%; max-width: 1200px; margin: 0 auto; font-family: sans-serif; line-height: 1.6; color: inherit; background-color: transparent;'> <!-- Secci\u00f3n de caracter\u00edsticas --> <\/p>\n<div style='display: flex; flex-wrap: wrap; gap: 30px; margin-bottom: 30px;'>\n<div style='flex: 1 1 300px; min-width: 280px;'>\n<h3 style='font-size: 22px; border-bottom: 2px solid currentColor; padding-bottom: 5px; margin-top: 0; color: inherit; opacity: 0.8;'>Caracter\u00edsticas<\/h3>\n<ul style='padding-left: 20px; font-size: 15px; color: inherit;'>\n<li style='margin-bottom: 5px;'><strong>Art\u00edculo:<\/strong> PAC600S12-PB<\/li>\n<li style='margin-bottom: 5px;'><strong>Descripci\u00f3n:<\/strong> M\u00f3dulo de alimentaci\u00f3n de CA 600W (Regreso al frente&comma; escape lateral del panel de alimentaci\u00f3n&comma; factor de forma peque\u00f1o)<\/li>\n<li style='margin-bottom: 5px;'><strong>N\u00famero de parte:<\/strong> 02313BUS<\/li>\n<li style='margin-bottom: 5px;'><strong>Modelo:<\/strong> PAC600S12-PB<\/li>\n<\/ul><\/div>\n<\/p><\/div>\n<p> <!-- Panel del PAC600S12-PB --> <\/p>\n<div style='margin-bottom: 30px;'>\n<h3 style='font-size: 20px; border-bottom: 2px solid currentColor; padding-bottom: 5px; margin-top: 0; color: inherit; opacity: 0.8;'>Panel del PAC600S12-PB<\/h3>\n<p> <img style='width: 100%; height: auto; border: 1px solid rgba(150&comma;150&comma;150&comma;0.3); border-radius: 8px;' src='https:\/\/ftp3.syscom.mx\/usuarios\/fotos\/PAC600S12PB\/220292-pac600s12-b2.png' alt='Panel del PAC600S12-PB'> <!-- Tabla de panel --> <\/p>\n<div style='margin-top: 20px; overflow-x: auto;'>\n<table style='width: 100%; border-collapse: collapse; color: inherit; font-size: 14px;'>\n<thead style='background-color: rgba(150&comma;150&comma;150&comma;0.1);'>\n<tr>\n<th style='padding: 12px; border: 1px solid rgba(150&comma;150&comma;150&comma;0.3); text-align: left;'>N\u00famero<\/th>\n<th style='padding: 12px; border: 1px solid rgba(150&comma;150&comma;150&comma;0.3); text-align: left;'>Descripci\u00f3n<\/th>\n<\/tr>\n<\/thead>\n<tbody>\n<tr>\n<td style='padding: 10px; border: 1px solid rgba(150&comma;150&comma;150&comma;0.3);'>1<\/td>\n<td style='padding: 10px; border: 1px solid rgba(150&comma;150&comma;150&comma;0.3);'>Indicador de estado de alimentaci\u00f3n<\/td>\n<\/tr>\n<tr style='background-color: rgba(150&comma;150&comma;150&comma;0.05);'>\n<td style='padding: 10px; border: 1px solid rgba(150&comma;150&comma;150&comma;0.3);'>2<\/td>\n<td style='padding: 10px; border: 1px solid rgba(150&comma;150&comma;150&comma;0.3);'>Toma de corriente<\/td>\n<\/tr>\n<\/tbody>\n<\/table><\/div>\n<\/p><\/div>\n<p> <!-- Tabla 1: Indicadores --> <\/p>\n<div style='margin-bottom: 30px;'>\n<h3 style='font-size: 20px; border-bottom: 2px solid currentColor; padding-bottom: 5px; margin-top: 0; color: inherit; opacity: 0.8;'>Indicadores sobre el PAC600S12-PB<\/h3>\n<div style='margin-top: 20px; overflow-x: auto;'>\n<table style='width: 100%; border-collapse: collapse; color: inherit; font-size: 14px;'>\n<thead style='background-color: rgba(150&comma;150&comma;150&comma;0.1);'>\n<tr>\n<th style='padding: 12px; border: 1px solid rgba(150&comma;150&comma;150&comma;0.3); text-align: left;'>Serigraf\u00eda<\/th>\n<th style='padding: 12px; border: 1px solid rgba(150&comma;150&comma;150&comma;0.3); text-align: left;'>Nombre<\/th>\n<th style='padding: 12px; border: 1px solid rgba(150&comma;150&comma;150&comma;0.3); text-align: left;'>Colores<\/th>\n<th style='padding: 12px; border: 1px solid rgba(150&comma;150&comma;150&comma;0.3); text-align: left;'>Estado<\/th>\n<th style='padding: 12px; border: 1px solid rgba(150&comma;150&comma;150&comma;0.3); text-align: left;'>Descripci\u00f3n<\/th>\n<\/tr>\n<\/thead>\n<tbody>\n<tr>\n<td style='padding: 10px; border: 1px solid rgba(150&comma;150&comma;150&comma;0.3);'>EST\u00c1TICA<\/td>\n<td style='padding: 10px; border: 1px solid rgba(150&comma;150&comma;150&comma;0.3);'>Indicador de estado de alimentaci\u00f3n<\/td>\n<td style='padding: 10px; border: 1px solid rgba(150&comma;150&comma;150&comma;0.3);'>Verde<\/td>\n<td style='padding: 10px; border: 1px solid rgba(150&comma;150&comma;150&comma;0.3);'>Permanece encendido<\/td>\n<td style='padding: 10px; border: 1px solid rgba(150&comma;150&comma;150&comma;0.3);'>La salida del m\u00f3dulo de alimentaci\u00f3n de CA es normal.<\/td>\n<\/tr>\n<tr style='background-color: rgba(150&comma;150&comma;150&comma;0.05);'>\n<td style='padding: 10px; border: 1px solid rgba(150&comma;150&comma;150&comma;0.3);'> <\/td>\n<td style='padding: 10px; border: 1px solid rgba(150&comma;150&comma;150&comma;0.3);'> <\/td>\n<td style='padding: 10px; border: 1px solid rgba(150&comma;150&comma;150&comma;0.3);'>&#8211;<\/td>\n<td style='padding: 10px; border: 1px solid rgba(150&comma;150&comma;150&comma;0.3);'>Apagado<\/td>\n<td style='padding: 10px; border: 1px solid rgba(150&comma;150&comma;150&comma;0.3);'>La entrada del m\u00f3dulo de alimentaci\u00f3n de CA est\u00e1 fuera de rango. Por ejemplo&comma; no se hay ninguna entrada de CA&comma; existe sobretensi\u00f3n de entrada de CA o subtensi\u00f3n de entrada de CA.<\/td>\n<\/tr>\n<tr>\n<td style='padding: 10px; border: 1px solid rgba(150&comma;150&comma;150&comma;0.3);'> <\/td>\n<td style='padding: 10px; border: 1px solid rgba(150&comma;150&comma;150&comma;0.3);'> <\/td>\n<td style='padding: 10px; border: 1px solid rgba(150&comma;150&comma;150&comma;0.3);'> <\/td>\n<td style='padding: 10px; border: 1px solid rgba(150&comma;150&comma;150&comma;0.3);'> <\/td>\n<td style='padding: 10px; border: 1px solid rgba(150&comma;150&comma;150&comma;0.3);'>La salida del m\u00f3dulo de alimentaci\u00f3n de CA est\u00e1 fuera de rango. Por ejemplo&comma; se ha producido una subtensi\u00f3n o una sobretemperatura.<\/td>\n<\/tr>\n<\/tbody>\n<\/table><\/div>\n<\/p><\/div>\n<p> <!-- Tabla 2: Puertos --> <\/p>\n<div style='margin-bottom: 30px;'>\n<h3 style='font-size: 20px; border-bottom: 2px solid currentColor; padding-bottom: 5px; margin-top: 0; color: inherit; opacity: 0.8;'>Puertos en el PAC600S12-PB<\/h3>\n<div style='margin-top: 20px; overflow-x: auto;'>\n<table style='width: 100%; border-collapse: collapse; color: inherit; font-size: 14px;'>\n<thead style='background-color: rgba(150&comma;150&comma;150&comma;0.1);'>\n<tr>\n<th style='padding: 12px; border: 1px solid rgba(150&comma;150&comma;150&comma;0.3); text-align: left;'>Puerto<\/th>\n<th style='padding: 12px; border: 1px solid rgba(150&comma;150&comma;150&comma;0.3); text-align: left;'>Tipo de conector<\/th>\n<th style='padding: 12px; border: 1px solid rgba(150&comma;150&comma;150&comma;0.3); text-align: left;'>Descripci\u00f3n<\/th>\n<\/tr>\n<\/thead>\n<tbody>\n<tr>\n<td style='padding: 10px; border: 1px solid rgba(150&comma;150&comma;150&comma;0.3);'>Toma de corriente<\/td>\n<td style='padding: 10px; border: 1px solid rgba(150&comma;150&comma;150&comma;0.3);'>&#8211;<\/td>\n<td style='padding: 10px; border: 1px solid rgba(150&comma;150&comma;150&comma;0.3);'>Conecta el enchufe C13 del cable de alimentaci\u00f3n de CA. Para obtener m\u00e1s informaci\u00f3n&comma; consulte Cables de alimentaci\u00f3n de CA.<\/td>\n<\/tr>\n<\/tbody>\n<\/table><\/div>\n<\/p><\/div>\n<p> <!-- Tabla 3: Funciones y caracter\u00edsticas --> <\/p>\n<div style='margin-bottom: 30px;'>\n<h3 style='font-size: 20px; border-bottom: 2px solid currentColor; padding-bottom: 5px; margin-top: 0; color: inherit; opacity: 0.8;'>Funciones y caracter\u00edsticas del PAC600S12-PB<\/h3>\n<div style='margin-top: 20px; overflow-x: auto;'>\n<table style='width: 100%; border-collapse: collapse; color: inherit; font-size: 14px;'>\n<thead style='background-color: rgba(150&comma;150&comma;150&comma;0.1);'>\n<tr>\n<th style='padding: 12px; border: 1px solid rgba(150&comma;150&comma;150&comma;0.3); text-align: left;'>Funciones y caracter\u00edsticas<\/th>\n<th style='padding: 12px; border: 1px solid rgba(150&comma;150&comma;150&comma;0.3); text-align: left;'>Descripci\u00f3n<\/th>\n<\/tr>\n<\/thead>\n<tbody>\n<tr>\n<td style='padding: 10px; border: 1px solid rgba(150&comma;150&comma;150&comma;0.3);'>Protecci\u00f3n de subtensi\u00f3n de entrada<\/td>\n<td style='padding: 10px; border: 1px solid rgba(150&comma;150&comma;150&comma;0.3);'>Detiene la salida de potencia y la restaura autom\u00e1ticamente despu\u00e9s de que el voltaje de entrada se vuelve normal.<\/td>\n<\/tr>\n<tr style='background-color: rgba(150&comma;150&comma;150&comma;0.05);'>\n<td style='padding: 10px; border: 1px solid rgba(150&comma;150&comma;150&comma;0.3);'>Protecci\u00f3n de sobretensi\u00f3n de entrada<\/td>\n<td style='padding: 10px; border: 1px solid rgba(150&comma;150&comma;150&comma;0.3);'>Detiene la salida de potencia y la restaura autom\u00e1ticamente despu\u00e9s de que el voltaje de entrada se vuelve normal.<\/td>\n<\/tr>\n<tr>\n<td style='padding: 10px; border: 1px solid rgba(150&comma;150&comma;150&comma;0.3);'>Protecci\u00f3n de sobrecorriente de entrada<\/td>\n<td style='padding: 10px; border: 1px solid rgba(150&comma;150&comma;150&comma;0.3);'>Detiene la salida de potencia y no la restaura autom\u00e1ticamente despu\u00e9s de que la corriente de entrada se vuelve normal.<\/td>\n<\/tr>\n<tr style='background-color: rgba(150&comma;150&comma;150&comma;0.05);'>\n<td style='padding: 10px; border: 1px solid rgba(150&comma;150&comma;150&comma;0.3);'>Protecci\u00f3n de limitaci\u00f3n de corriente de salida<\/td>\n<td style='padding: 10px; border: 1px solid rgba(150&comma;150&comma;150&comma;0.3);'>Intermitentemente proporciona salida y la restaura autom\u00e1ticamente despu\u00e9s de que la corriente de salida caiga dentro de un rango normal.<\/td>\n<\/tr>\n<tr>\n<td style='padding: 10px; border: 1px solid rgba(150&comma;150&comma;150&comma;0.3);'>Protecci\u00f3n contra cortocircuitos de salida<\/td>\n<td style='padding: 10px; border: 1px solid rgba(150&comma;150&comma;150&comma;0.3);'>Intermitentemente detiene la salida y la restaura autom\u00e1ticamente despu\u00e9s de eliminar la condici\u00f3n de sobretensi\u00f3n.<\/td>\n<\/tr>\n<tr style='background-color: rgba(150&comma;150&comma;150&comma;0.05);'>\n<td style='padding: 10px; border: 1px solid rgba(150&comma;150&comma;150&comma;0.3);'>Protecci\u00f3n contra sobretemperatura<\/td>\n<td style='padding: 10px; border: 1px solid rgba(150&comma;150&comma;150&comma;0.3);'>Cuando la temperatura del m\u00f3dulo de potencia alcanza un umbral preestablecido&comma; el m\u00f3dulo detiene la salida de potencia y la restaurar\u00e1 autom\u00e1ticamente despu\u00e9s de que la temperatura caiga de nuevo al rango normal.<\/td>\n<\/tr>\n<tr>\n<td style='padding: 10px; border: 1px solid rgba(150&comma;150&comma;150&comma;0.3);'>Disipaci\u00f3n de calor<\/td>\n<td style='padding: 10px; border: 1px solid rgba(150&comma;150&comma;150&comma;0.3);'>La disipaci\u00f3n de calor es proporcionada por el ventilador del m\u00f3dulo de potencia.<\/td>\n<\/tr>\n<tr style='background-color: rgba(150&comma;150&comma;150&comma;0.05);'>\n<td style='padding: 10px; border: 1px solid rgba(150&comma;150&comma;150&comma;0.3);'>Intercambio en caliente<\/td>\n<td style='padding: 10px; border: 1px solid rgba(150&comma;150&comma;150&comma;0.3);'>El dispositivo tiene 1+1 redundancia del m\u00f3dulo de potencia. Puede cambiar en caliente un m\u00f3dulo de alimentaci\u00f3n sin interrumpir el funcionamiento del dispositivo.<\/td>\n<\/tr>\n<\/tbody>\n<\/table><\/div>\n<\/p><\/div>\n<p> <!-- Tabla 4: Especificaciones t\u00e9cnicas --> <\/p>\n<div style='margin-bottom: 30px;'>\n<h3 style='font-size: 20px; border-bottom: 2px solid currentColor; padding-bottom: 5px; margin-top: 0; color: inherit; opacity: 0.8;'>Especificaciones t\u00e9cnicas del PAC600S12-PB<\/h3>\n<div style='margin-top: 20px; overflow-x: auto;'>\n<table style='width: 100%; border-collapse: collapse; color: inherit; font-size: 14px;'>\n<thead style='background-color: rgba(150&comma;150&comma;150&comma;0.1);'>\n<tr>\n<th style='padding: 12px; border: 1px solid rgba(150&comma;150&comma;150&comma;0.3); text-align: left;'>Art\u00edculo<\/th>\n<th style='padding: 12px; border: 1px solid rgba(150&comma;150&comma;150&comma;0.3); text-align: left;'>Caracter\u00edsticas<\/th>\n<\/tr>\n<\/thead>\n<tbody>\n<tr>\n<td style='padding: 10px; border: 1px solid rgba(150&comma;150&comma;150&comma;0.3);'>Dimensiones sin embalaje (alto x ancho x profundo) [mm (pulg.)]<\/td>\n<td style='padding: 10px; border: 1px solid rgba(150&comma;150&comma;150&comma;0.3);'>39&comma;6 mm x 66 mm x 215 mm (1&comma;56 pulg. x 2&comma;60 pulg. x 8&comma;47 pulg.)<\/td>\n<\/tr>\n<tr style='background-color: rgba(150&comma;150&comma;150&comma;0.05);'>\n<td style='padding: 10px; border: 1px solid rgba(150&comma;150&comma;150&comma;0.3);'>Peso sin embalaje [kg (lb)]<\/td>\n<td style='padding: 10px; border: 1px solid rgba(150&comma;150&comma;150&comma;0.3);'>1 kg (2&comma;2 lb)<\/td>\n<\/tr>\n<tr>\n<td style='padding: 10px; border: 1px solid rgba(150&comma;150&comma;150&comma;0.3);'>Tensi\u00f3n de entrada nominal [V]<\/td>\n<td style='padding: 10px; border: 1px solid rgba(150&comma;150&comma;150&comma;0.3);'>CA: 100 V a 240 V&comma; 50 Hz o 60 Hz CC de alto voltaje: 240 V&comma; CC<\/td>\n<\/tr>\n<tr style='background-color: rgba(150&comma;150&comma;150&comma;0.05);'>\n<td style='padding: 10px; border: 1px solid rgba(150&comma;150&comma;150&comma;0.3);'>Corriente de entrada m\u00e1xima [A]<\/td>\n<td style='padding: 10px; border: 1px solid rgba(150&comma;150&comma;150&comma;0.3);'>8 A<\/td>\n<\/tr>\n<tr>\n<td style='padding: 10px; border: 1px solid rgba(150&comma;150&comma;150&comma;0.3);'>Voltaje de salida nominal [A]<\/td>\n<td style='padding: 10px; border: 1px solid rgba(150&comma;150&comma;150&comma;0.3);'>12 V<\/td>\n<\/tr>\n<tr style='background-color: rgba(150&comma;150&comma;150&comma;0.05);'>\n<td style='padding: 10px; border: 1px solid rgba(150&comma;150&comma;150&comma;0.3);'>Corriente de salida nominal [A]<\/td>\n<td style='padding: 10px; border: 1px solid rgba(150&comma;150&comma;150&comma;0.3);'>50 A<\/td>\n<\/tr>\n<tr>\n<td style='padding: 10px; border: 1px solid rgba(150&comma;150&comma;150&comma;0.3);'>Potencia de salida nominal [W]<\/td>\n<td style='padding: 10px; border: 1px solid rgba(150&comma;150&comma;150&comma;0.3);'>600 W<\/td>\n<\/tr>\n<tr style='background-color: rgba(150&comma;150&comma;150&comma;0.05);'>\n<td style='padding: 10px; border: 1px solid rgba(150&comma;150&comma;150&comma;0.3);'>Intercambio en caliente<\/td>\n<td style='padding: 10px; border: 1px solid rgba(150&comma;150&comma;150&comma;0.3);'>Soportado<\/td>\n<\/tr>\n<tr>\n<td style='padding: 10px; border: 1px solid rgba(150&comma;150&comma;150&comma;0.3);'>Tipo de conector de alimentaci\u00f3n<\/td>\n<td style='padding: 10px; border: 1px solid rgba(150&comma;150&comma;150&comma;0.3);'>C13<\/td>\n<\/tr>\n<\/tbody>\n<\/table><\/div>\n<\/p><\/div>\n<p> <!-- Nota final --> <\/p>\n<div style='margin-top: 30px; padding: 15px; border-left: 4px solid rgba(150&comma;150&comma;150&comma;0.5); font-size: 14px; color: inherit;'> NOTA: Es \u00fanicamente para el modelo USG6615F y S620-24T16X8Y2CZ de Huawei. <\/div>\n<p> <!-- Separador final --> <\/p>\n<hr style='border: 0; border-top: 1px solid rgba(150&comma; 150&comma; 150&comma; 0.3); margin: 30px 0;'> <\/div>\n","protected":false},"excerpt":{"rendered":"<p>Fuente De Alimentaci\u00f3n De Respaldo Para USG6615F\/ S620-24T16X8Y2CZ<\/p>\n","protected":false},"featured_media":94715,"comment_status":"open","ping_status":"closed","template":"","meta":[],"product_brand":[],"product_cat":[1103],"product_tag":[142,457,718],"class_list":{"0":"post-94716","1":"product","2":"type-product","3":"status-publish","4":"has-post-thumbnail","6":"product_cat-fuentes-de-alimentacion-energia-videovigilancia","7":"product_tag-energia","8":"product_tag-fuentes-de-alimentacion","9":"product_tag-huawei","11":"first","12":"instock","13":"sale","14":"shipping-taxable","15":"purchasable","16":"product-type-simple"},"_links":{"self":[{"href":"https:\/\/soydeaqui.ddns.net\/pachuca\/index.php\/wp-json\/wp\/v2\/product\/94716","targetHints":{"allow":["GET"]}}],"collection":[{"href":"https:\/\/soydeaqui.ddns.net\/pachuca\/index.php\/wp-json\/wp\/v2\/product"}],"about":[{"href":"https:\/\/soydeaqui.ddns.net\/pachuca\/index.php\/wp-json\/wp\/v2\/types\/product"}],"replies":[{"embeddable":true,"href":"https:\/\/soydeaqui.ddns.net\/pachuca\/index.php\/wp-json\/wp\/v2\/comments?post=94716"}],"wp:featuredmedia":[{"embeddable":true,"href":"https:\/\/soydeaqui.ddns.net\/pachuca\/index.php\/wp-json\/wp\/v2\/media\/94715"}],"wp:attachment":[{"href":"https:\/\/soydeaqui.ddns.net\/pachuca\/index.php\/wp-json\/wp\/v2\/media?parent=94716"}],"wp:term":[{"taxonomy":"product_brand","embeddable":true,"href":"https:\/\/soydeaqui.ddns.net\/pachuca\/index.php\/wp-json\/wp\/v2\/product_brand?post=94716"},{"taxonomy":"product_cat","embeddable":true,"href":"https:\/\/soydeaqui.ddns.net\/pachuca\/index.php\/wp-json\/wp\/v2\/product_cat?post=94716"},{"taxonomy":"product_tag","embeddable":true,"href":"https:\/\/soydeaqui.ddns.net\/pachuca\/index.php\/wp-json\/wp\/v2\/product_tag?post=94716"}],"curies":[{"name":"wp","href":"https:\/\/api.w.org\/{rel}","templated":true}]}}