{"id":94702,"date":"2026-03-20T06:57:01","date_gmt":"2026-03-20T06:57:01","guid":{"rendered":"https:\/\/soydeaqui.ddns.net\/pachuca\/index.php\/producto\/fuente-de-alimentacion-de-respaldo-para-firewall-huawei-usg6585e\/"},"modified":"2026-03-20T06:57:12","modified_gmt":"2026-03-20T06:57:12","slug":"fuente-de-alimentacion-de-respaldo-para-firewall-huawei-usg6585e","status":"publish","type":"product","link":"https:\/\/soydeaqui.ddns.net\/pachuca\/index.php\/producto\/fuente-de-alimentacion-de-respaldo-para-firewall-huawei-usg6585e\/","title":{"rendered":"Fuente De Alimentaci\u00f3n De Respaldo Para Firewall Huawei USG6585E"},"content":{"rendered":"<div style='width: 100%; max-width: 1200px; margin: 0 auto; font-family: sans-serif; line-height: 1.6; color: inherit; background-color: transparent;'> <!-- Secci\u00f3n de caracter\u00edsticas --> <\/p>\n<div style='display: flex; flex-wrap: wrap; gap: 30px; margin-bottom: 30px;'>\n<div style='flex: 1 1 300px; min-width: 280px;'>\n<h3 style='font-size: 22px; border-bottom: 2px solid currentColor; padding-bottom: 5px; margin-top: 0; color: inherit; opacity: 0.8;'>Informaci\u00f3n del producto<\/h3>\n<ul style='padding-left: 20px; font-size: 15px; color: inherit;'>\n<li style='margin-bottom: 5px;'><strong>Art\u00edculo:<\/strong> PAC60S12-AR<\/li>\n<li style='margin-bottom: 5px;'><strong>Descripci\u00f3n:<\/strong> M\u00f3dulo de alimentaci\u00f3n de CA 60W<\/li>\n<li style='margin-bottom: 5px;'><strong>N\u00famero de pieza:<\/strong> 02312SLE<\/li>\n<li style='margin-bottom: 5px;'><strong>Modelo:<\/strong> PAC60S12-AR<\/li>\n<\/ul><\/div>\n<\/p><\/div>\n<p> <!-- Panel del producto --> <\/p>\n<div style='display: flex; flex-wrap: wrap; gap: 20px; margin-bottom: 30px;'>\n<div style='flex: 1 1 250px; border: 1px solid rgba(150&comma; 150&comma; 150&comma; 0.4); border-radius: 8px; overflow: hidden; display: flex; flex-direction: column;'>\n<div style='padding: 15px; border-bottom: 1px solid rgba(150&comma; 150&comma; 150&comma; 0.2); font-weight: bold; font-size: 18px; color: inherit;'>Panel del producto<\/div>\n<div style='padding: 15px; color: inherit;'>\n<ul style='padding-left: 20px; margin: 0; font-size: 14px; list-style-type: disc;'>\n<li style='margin-bottom: 5px;'><strong>1:<\/strong> Indicador de estado de alimentaci\u00f3n<\/li>\n<li style='margin-bottom: 5px;'><strong>2:<\/strong> Toma de corriente<\/li>\n<li style='margin-bottom: 5px;'><strong>3:<\/strong> Agujero de clip<\/li>\n<\/ul><\/div>\n<\/p><\/div>\n<\/p><\/div>\n<p> <!-- Indicadores --> <\/p>\n<div style='display: flex; flex-wrap: wrap; gap: 20px; margin-bottom: 30px;'>\n<div style='flex: 1 1 250px; border: 1px solid rgba(150&comma; 150&comma; 150&comma; 0.4); border-radius: 8px; overflow: hidden; display: flex; flex-direction: column;'>\n<div style='padding: 15px; border-bottom: 1px solid rgba(150&comma; 150&comma; 150&comma; 0.2); font-weight: bold; font-size: 18px; color: inherit;'>Indicadores<\/div>\n<div style='padding: 15px; color: inherit;'>\n<ul style='padding-left: 20px; margin: 0; font-size: 14px; list-style-type: disc;'>\n<li style='margin-bottom: 5px;'><strong>Serigraf\u00eda:<\/strong> EST\u00c1TICA<\/li>\n<li style='margin-bottom: 5px;'><strong>Nombre:<\/strong> Indicador de estado de alimentaci\u00f3n<\/li>\n<li style='margin-bottom: 5px;'><strong>Colores:<\/strong> Verde<\/li>\n<li style='margin-bottom: 5px;'><strong>Estado:<\/strong> Permanece encendido<\/li>\n<li style='margin-bottom: 5px;'><strong>Descripci\u00f3n:<\/strong> La salida del m\u00f3dulo de alimentaci\u00f3n de CA es normal.<\/li>\n<\/ul>\n<ul style='padding-left: 20px; margin: 15px 0; font-size: 14px; list-style-type: disc;'>\n<li style='margin-bottom: 5px;'><strong>Colores:<\/strong> Verde<\/li>\n<li style='margin-bottom: 5px;'><strong>Estado:<\/strong> Parpadeando<\/li>\n<li style='margin-bottom: 5px;'><strong>Descripci\u00f3n:<\/strong> La potencia de salida est\u00e1 fuera de rango. Por ejemplo&comma; se ha producido sobretensi\u00f3n&comma; sobrecorriente o cortocircuito.<\/li>\n<\/ul>\n<ul style='padding-left: 20px; margin: 15px 0; font-size: 14px; list-style-type: disc;'>\n<li style='margin-bottom: 5px;'><strong>Colores:<\/strong> &#8211;<\/li>\n<li style='margin-bottom: 5px;'><strong>Estado:<\/strong> Apagado<\/li>\n<li style='margin-bottom: 5px;'><strong>Descripci\u00f3n:<\/strong> La entrada del m\u00f3dulo de alimentaci\u00f3n de CA est\u00e1 fuera de rango. Por ejemplo&comma; no hay ninguna entrada de CA&comma; sobretensi\u00f3n en entrada de CA o subtensi\u00f3n en entrada de CA.<\/li>\n<\/ul>\n<ul style='padding-left: 20px; margin: 15px 0; font-size: 14px; list-style-type: disc;'>\n<li style='margin-bottom: 5px;'><strong>Descripci\u00f3n:<\/strong> La salida del m\u00f3dulo de alimentaci\u00f3n de CA est\u00e1 fuera de rango. Por ejemplo&comma; se ha producido una subtensi\u00f3n o una sobretemperatura.<\/li>\n<\/ul><\/div>\n<\/p><\/div>\n<\/p><\/div>\n<p> <!-- Puertos --> <\/p>\n<div style='display: flex; flex-wrap: wrap; gap: 20px; margin-bottom: 30px;'>\n<div style='flex: 1 1 250px; border: 1px solid rgba(150&comma; 150&comma; 150&comma; 0.4); border-radius: 8px; overflow: hidden; display: flex; flex-direction: column;'>\n<div style='padding: 15px; border-bottom: 1px solid rgba(150&comma; 150&comma; 150&comma; 0.2); font-weight: bold; font-size: 18px; color: inherit;'>Puertos<\/div>\n<div style='padding: 15px; color: inherit;'>\n<ul style='padding-left: 20px; margin: 0; font-size: 14px; list-style-type: disc;'>\n<li style='margin-bottom: 5px;'><strong>Toma de corriente:<\/strong> Conecta el enchufe C13 del cable de alimentaci\u00f3n de CA. Para obtener m\u00e1s informaci\u00f3n&comma; consulte Cables de alimentaci\u00f3n de CA.<\/li>\n<li style='margin-bottom: 5px;'><strong>Agujero de clip:<\/strong> El orificio se utiliza para instalar el clip del cable de alimentaci\u00f3n&comma; que se utiliza para atar y fijar el cable. El clip del cable de alimentaci\u00f3n se instala antes del env\u00edo.<\/li>\n<\/ul><\/div>\n<\/p><\/div>\n<\/p><\/div>\n<p> <!-- Funciones y caracter\u00edsticas --> <\/p>\n<div style='display: flex; flex-wrap: wrap; gap: 20px; margin-bottom: 30px;'>\n<div style='flex: 1 1 250px; border: 1px solid rgba(150&comma; 150&comma; 150&comma; 0.4); border-radius: 8px; overflow: hidden; display: flex; flex-direction: column;'>\n<div style='padding: 15px; border-bottom: 1px solid rgba(150&comma; 150&comma; 150&comma; 0.2); font-weight: bold; font-size: 18px; color: inherit;'>Funciones y caracter\u00edsticas<\/div>\n<div style='padding: 15px; color: inherit;'>\n<ul style='padding-left: 20px; margin: 0; font-size: 14px; list-style-type: disc;'>\n<li style='margin-bottom: 5px;'><strong>Protecci\u00f3n de subtensi\u00f3n de entrada:<\/strong> Detiene la salida de potencia y la restaura autom\u00e1ticamente despu\u00e9s de que el voltaje de entrada se vuelve normal.<\/li>\n<li style='margin-bottom: 5px;'><strong>Protecci\u00f3n de sobrecorriente de entrada:<\/strong> Detiene la salida de potencia y no la restaura autom\u00e1ticamente despu\u00e9s de que la corriente de entrada se vuelve normal.<\/li>\n<li style='margin-bottom: 5px;'><strong>Protecci\u00f3n de limitaci\u00f3n de corriente de salida:<\/strong> Intermitentemente proporciona salida y la restaura autom\u00e1ticamente despu\u00e9s de que la corriente de salida caiga dentro de un rango normal.<\/li>\n<li style='margin-bottom: 5px;'><strong>Protecci\u00f3n de sobretensi\u00f3n de salida:<\/strong> Intermitentemente detiene la salida y la restaura autom\u00e1ticamente despu\u00e9s de eliminar la condici\u00f3n de sobretensi\u00f3n.<\/li>\n<li style='margin-bottom: 5px;'><strong>Protecci\u00f3n contra cortocircuitos de salida:<\/strong> Intermitentemente proporciona salida y la restaura autom\u00e1ticamente despu\u00e9s de que se elimina el cortocircuito de salida.<\/li>\n<li style='margin-bottom: 5px;'><strong>Protecci\u00f3n contra sobretemperatura:<\/strong> Cuando la temperatura del m\u00f3dulo de potencia alcanza un umbral preestablecido&comma; el m\u00f3dulo detiene la salida de potencia y la restaurar\u00e1 autom\u00e1ticamente despu\u00e9s de que la temperatura caiga de nuevo al rango normal.<\/li>\n<li style='margin-bottom: 5px;'><strong>Disipaci\u00f3n de calor:<\/strong> El m\u00f3dulo de alimentaci\u00f3n no tiene ventiladores. La disipaci\u00f3n de calor es proporcionada por el m\u00f3dulo de ventilador del dispositivo.<\/li>\n<li style='margin-bottom: 5px;'><strong>Intercambio en caliente:<\/strong> El dispositivo tiene 1+1 redundancia del m\u00f3dulo de potencia. Puede cambiar un m\u00f3dulo de alimentaci\u00f3n de 170 W sin interrumpir el funcionamiento del dispositivo.<\/li>\n<\/ul><\/div>\n<\/p><\/div>\n<\/p><\/div>\n<p> <!-- Especificaciones t\u00e9cnicas --> <\/p>\n<div style='display: flex; flex-wrap: wrap; gap: 20px; margin-bottom: 30px;'>\n<div style='flex: 1 1 250px; border: 1px solid rgba(150&comma; 150&comma; 150&comma; 0.4); border-radius: 8px; overflow: hidden; display: flex; flex-direction: column;'>\n<div style='padding: 15px; border-bottom: 1px solid rgba(150&comma; 150&comma; 150&comma; 0.2); font-weight: bold; font-size: 18px; color: inherit;'>Especificaciones t\u00e9cnicas<\/div>\n<div style='padding: 15px; color: inherit;'>\n<ul style='padding-left: 20px; margin: 0; font-size: 14px; list-style-type: disc;'>\n<li style='margin-bottom: 5px;'><strong>Dimensiones sin embalaje:<\/strong> 39&comma;8 mm x 90 mm x 214&comma;3 mm (1&comma;57 pulg. x 3&comma;54 pulg. x 8&comma;43 pulg.)<\/li>\n<li style='margin-bottom: 5px;'><strong>Peso sin embalaje:<\/strong> 0&comma;68 kg (1&comma;5 lb)<\/li>\n<li style='margin-bottom: 5px;'><strong>N\u00famero de entradas:<\/strong> 1<\/li>\n<li style='margin-bottom: 5px;'><strong>Voltaje de entrada nominal:<\/strong> 100 V CA a 240 V CA (50 Hz\/60 Hz)<\/li>\n<li style='margin-bottom: 5px;'><strong>Rango de voltaje de entrada:<\/strong> 90 V CA a 264 V CA (47 Hz a 63 Hz)<\/li>\n<li style='margin-bottom: 5px;'><strong>Corriente de entrada m\u00e1xima:<\/strong> 2 A<\/li>\n<li style='margin-bottom: 5px;'><strong>Voltaje de salida nominal:<\/strong> 12 V<\/li>\n<li style='margin-bottom: 5px;'><strong>Corriente de salida nominal:<\/strong> 5 A<\/li>\n<li style='margin-bottom: 5px;'><strong>Potencia de salida nominal:<\/strong> 60 W<\/li>\n<\/ul><\/div>\n<\/p><\/div>\n<\/p><\/div>\n<p> <!-- Nota importante --> <\/p>\n<div style='margin-top: 30px; padding: 15px; border-left: 4px solid rgba(255&comma; 0&comma; 0&comma; 0.6); background-color: rgba(255&comma; 0&comma; 0&comma; 0.05);'>\n<p style='margin: 0; font-weight: bold; color: inherit;'>NOTA: Es \u00fanicamente para el modelo USG6585E de Huawei.<\/p>\n<\/p><\/div>\n<p> <!-- Separador final --> <\/p>\n<hr style='border: 0; border-top: 1px solid rgba(150&comma; 150&comma; 150&comma; 0.3); margin: 30px 0;'> <\/div>\n","protected":false},"excerpt":{"rendered":"<p>Fuente De Alimentaci\u00f3n De Respaldo Para Firewall Huawei USG6585E<\/p>\n","protected":false},"featured_media":94701,"comment_status":"open","ping_status":"closed","template":"","meta":[],"product_brand":[],"product_cat":[1103],"product_tag":[142,457,718],"class_list":{"0":"post-94702","1":"product","2":"type-product","3":"status-publish","4":"has-post-thumbnail","6":"product_cat-fuentes-de-alimentacion-energia-videovigilancia","7":"product_tag-energia","8":"product_tag-fuentes-de-alimentacion","9":"product_tag-huawei","11":"first","12":"instock","13":"sale","14":"shipping-taxable","15":"purchasable","16":"product-type-simple"},"_links":{"self":[{"href":"https:\/\/soydeaqui.ddns.net\/pachuca\/index.php\/wp-json\/wp\/v2\/product\/94702","targetHints":{"allow":["GET"]}}],"collection":[{"href":"https:\/\/soydeaqui.ddns.net\/pachuca\/index.php\/wp-json\/wp\/v2\/product"}],"about":[{"href":"https:\/\/soydeaqui.ddns.net\/pachuca\/index.php\/wp-json\/wp\/v2\/types\/product"}],"replies":[{"embeddable":true,"href":"https:\/\/soydeaqui.ddns.net\/pachuca\/index.php\/wp-json\/wp\/v2\/comments?post=94702"}],"wp:featuredmedia":[{"embeddable":true,"href":"https:\/\/soydeaqui.ddns.net\/pachuca\/index.php\/wp-json\/wp\/v2\/media\/94701"}],"wp:attachment":[{"href":"https:\/\/soydeaqui.ddns.net\/pachuca\/index.php\/wp-json\/wp\/v2\/media?parent=94702"}],"wp:term":[{"taxonomy":"product_brand","embeddable":true,"href":"https:\/\/soydeaqui.ddns.net\/pachuca\/index.php\/wp-json\/wp\/v2\/product_brand?post=94702"},{"taxonomy":"product_cat","embeddable":true,"href":"https:\/\/soydeaqui.ddns.net\/pachuca\/index.php\/wp-json\/wp\/v2\/product_cat?post=94702"},{"taxonomy":"product_tag","embeddable":true,"href":"https:\/\/soydeaqui.ddns.net\/pachuca\/index.php\/wp-json\/wp\/v2\/product_tag?post=94702"}],"curies":[{"name":"wp","href":"https:\/\/api.w.org\/{rel}","templated":true}]}}