{"id":94700,"date":"2026-03-20T06:56:57","date_gmt":"2026-03-20T06:56:57","guid":{"rendered":"https:\/\/soydeaqui.ddns.net\/pachuca\/index.php\/producto\/nvr-movil-de-8-canales-de-2-megapixel-8-puertos-poe-1-bahia-de-disco-duro-incluye-modulo-gps\/"},"modified":"2026-03-20T06:56:58","modified_gmt":"2026-03-20T06:56:58","slug":"nvr-movil-de-8-canales-de-2-megapixel-8-puertos-poe-1-bahia-de-disco-duro-incluye-modulo-gps","status":"publish","type":"product","link":"https:\/\/soydeaqui.ddns.net\/pachuca\/index.php\/producto\/nvr-movil-de-8-canales-de-2-megapixel-8-puertos-poe-1-bahia-de-disco-duro-incluye-modulo-gps\/","title":{"rendered":"NVR M\u00f3vil de 8 Canales de 2 Megapixel \/ 8 Puertos PoE \/ 1 Bah\u00eda de Disco Duro \/ Incluye Modulo GPS"},"content":{"rendered":"<div style='width: 100%; max-width: 1200px; margin: 0 auto; font-family: sans-serif; line-height: 1.6; color: inherit; background-color: transparent;'> <!-- Imagen logo --> <\/p>\n<div style='text-align: center; margin: 20px 0;'> <img style='width: 45%; height: auto; border: 1px solid rgba(150&comma;150&comma;150&comma;0.3); border-radius: 8px;' src='https:\/\/ftp3.syscom.mx\/usuarios\/jsosa\/HIKVISION\/imagenes\/logo\/hikvision%20see%20far.png' alt='Logo Hikvision'> <\/div>\n<p> <!-- Video de YouTube --> <\/p>\n<div style='position: relative; padding-bottom: 56.25%; height: 0; overflow: hidden; margin: 30px 0;'>   <\/div>\n<p> <!-- Secci\u00f3n de caracter\u00edsticas --> <\/p>\n<div style='display: flex; flex-wrap: wrap; gap: 30px; margin-bottom: 30px;'>\n<div style='flex: 1 1 300px; min-width: 280px;'>\n<h3 style='font-size: 22px; border-bottom: 2px solid currentColor; padding-bottom: 5px; margin-top: 0; color: inherit; opacity: 0.8;'>Caracter\u00edsticas principales<\/h3>\n<ul style='padding-left: 20px; font-size: 15px; color: inherit; list-style-type: disc;'>\n<li style='margin-bottom: 5px;'>Soporta 8 c\u00e1maras m\u00f3vil IP PoE + 8 c\u00e1maras m\u00f3vil IP (requiere switch PoE).<\/li>\n<li style='margin-bottom: 5px;'>Compresi\u00f3n H.264\/H.265.<\/li>\n<li style='margin-bottom: 5px;'>Incluye m\u00f3dulo de GPS.<\/li>\n<li style='margin-bottom: 5px; font-weight: bold;'>Grabaci\u00f3n y visualizaci\u00f3n solamente local.<\/li>\n<li style='margin-bottom: 5px; font-weight: bold;'>Requiere el modelo <a style='color: #005cb9; text-decoration: none;' href='https:\/\/www.syscom.mx\/producto\/AE-MP1460-GLF-WI58-S-HIKVISION-210165.html'>AE-MP1460\/GLF\/WI58\/S<\/a> para la conexi\u00f3n con la plataforma.<\/li>\n<li style='margin-bottom: 5px;'>Salida de video VGA.<\/li>\n<li style='margin-bottom: 5px;'>Soporta grabaci\u00f3n c\u00edclica (sobre escritura) y no c\u00edclica.<\/li>\n<\/ul><\/div>\n<div style='flex: 1 1 300px; min-width: 280px;'>\n<h3 style='font-size: 22px; border-bottom: 2px solid currentColor; padding-bottom: 5px; margin-top: 0; color: inherit; opacity: 0.8;'>Caracter\u00edsticas F\u00edsicas y El\u00e9ctricas<\/h3>\n<ul style='padding-left: 20px; font-size: 15px; color: inherit; list-style-type: disc;'>\n<li style='margin-bottom: 5px;'>Soporta antena GPS (incluida).<\/li>\n<li style='margin-bottom: 5px;'>1 Bah\u00eda para HDD (2.5&#8242;) de hasta 2 TB.<\/li>\n<li style='margin-bottom: 5px;'>1 Puerto de red RJ45 (10 \/ 100 \/ 1000 M).<\/li>\n<li style='margin-bottom: 5px;'>4 Entradas de alarma<\/li>\n<li style='margin-bottom: 5px;'>2 Salidas de alarma.<\/li>\n<li style='margin-bottom: 5px;'>Temperatura de operaci\u00f3n: -10 a 60 \u00b0C \/ Humedad del 10 a 95%.<\/li>\n<li style='margin-bottom: 5px;'>Alimentaci\u00f3n: 9 &#8211; 32 Vcc (se alimenta directa de la bater\u00eda del autom\u00f3vil).<\/li>\n<li style='margin-bottom: 5px;'>Dimensiones: 184.4 x 190.05 x 63.2 mm.<\/li>\n<li style='margin-bottom: 5px;'>Peso: 1.58 kg (sin disco duro).<\/li>\n<\/ul><\/div>\n<\/p><\/div>\n<p> <!-- Secci\u00f3n de soluciones remotas --> <\/p>\n<div style='display: flex; flex-wrap: wrap; gap: 30px; margin-bottom: 30px;'>\n<div style='flex: 1 1 100%; min-width: 280px;'>\n<h3 style='font-size: 22px; border-bottom: 2px solid currentColor; padding-bottom: 5px; margin-top: 0; color: inherit; opacity: 0.8;'>Soluciones para transmisi\u00f3n y centralizaci\u00f3n remota<\/h3>\n<p style='margin-top: 0;'><strong>Existen dos soluciones para poder tener transmisi\u00f3n y centralizaci\u00f3n remota:<\/strong><\/p>\n<p><strong>1.- Usando la plataforma de Hik-Central Profesional:<\/strong><\/p>\n<ul style='padding-left: 20px; font-size: 15px; color: inherit; list-style-type: disc;'>\n<li style='margin-bottom: 5px;'><a style='color: #005cb9; text-decoration: none;' href='https:\/\/www.syscom.mx\/principal\/searchcont?route=DS-MP5604-HIKVISION-188780&#038;autodetect=HC-P-MS-B' target='_blank' rel='noopener'><strong>HC-P-MS-B<\/strong><\/a>: Esta licencia a\u00f1ade la base para dispositivos m\u00f3viles&comma; incluye 10 unidades y tambi\u00e9n m\u00f3dulo de Business Intelligence.<\/li>\n<li style='margin-bottom: 5px;'><a style='color: #005cb9; text-decoration: none;' href='https:\/\/www.syscom.mx\/producto\/HC-P-MS-1-HIKVISION-200925.html' target='_blank' rel='noopener'><strong>HC-P-MS\/1<\/strong><\/a>: Esta licencia agrega 1 dispositivo m\u00f3vil adicional&comma; se requiere tener una licencia base activa. (Se usa a partir del dispositivo n\u00famero 11 en adelante).<\/li>\n<\/ul>\n<p style='margin-bottom: 10px;'>Esta soluci\u00f3n requiere infraestructura de red adicional:<\/p>\n<ul style='padding-left: 20px; font-size: 15px; color: inherit; list-style-type: disc;'>\n<li style='margin-bottom: 5px;'>Se requiere un servidor (PC) dedicada para colocar las licencias del software Hik-Central Profesional&comma; en este servidor se dejan corriendo los servicios para poder consultar el video en vivo&comma; ver grabaciones y posicionamiento de manera remota. (Se recomienda un servidor como m\u00ednimo Core i5 y 8 GB RAM).<\/li>\n<li style='margin-bottom: 5px;'>Se requiere tener una IP p\u00fablica fija (dedicada) y un buen ancho de banda que depender\u00e1 de la cantidad del n\u00famero de DVR\u00b4s m\u00f3viles a centralizar.<\/li>\n<\/ul>\n<p><strong>2.- Usando la plataforma de HikConnect Teams:<\/strong><\/p>\n<ul style='padding-left: 20px; font-size: 15px; color: inherit; list-style-type: disc;'>\n<li style='margin-bottom: 5px;'><a style='color: #005cb9; text-decoration: none;' href='https:\/\/www.syscom.mx\/principal\/searchcont?route=HCT-VEHICULO-1D-1A-HIKVISION-226162&#038;autodetect=HCTvehiculo' target='_blank' rel='noopener'><strong>HCT-VEHICULO-1D-1A<\/strong><\/a>: Licencia Anual HikConnect Teams\/ Monitoreo Vehicular de GPS (Ubicaci\u00f3n) y Video en Tiempo Real por 1 A\u00f1o para 1 Dispositivo \/ Compatible con Dash Cam y DVR\u00b4s Moviles. (<a style='color: #005cb9; text-decoration: none;' href='https:\/\/soporte.syscom.mx\/es\/articles\/6645147-hikcentral-connect-agregar-mdvr-modelo-ds-mp5604' target='_blank' rel='noopener'>Tutorial de configuraci\u00f3n<\/a>)<\/li>\n<\/ul>\n<p>Esta soluci\u00f3n se maneja en la nube&comma; no requiere servidores (PC) de por medio&comma; toda la administraci\u00f3n es por interfaz web.<\/p>\n<p><strong>Nota:<\/strong> <em>Generando su cuenta desde el portal Hik-Connect.com se le otorga 10 equipos gratis&comma; temporalmente por ajustes de la plataforma no se puede agregar m\u00e1s licencias&comma; fecha tentativa de liberaci\u00f3n de la plataforma para nuevas licencias es 15 Enero 2024&comma; para m\u00e1s informaci\u00f3n cont\u00e1ctenos.<\/em><\/p>\n<p><a style='color: #005cb9; text-decoration: none;' href='https:\/\/soporte.syscom.mx\/es\/articles\/8507358-hikconnect-for-teams-crear-cuenta-hikconnect-for-teams'><em>Crear cuenta HikConnect teams desde p\u00e1gina web.<\/em><\/a><\/p>\n<\/p><\/div>\n<\/p><\/div>\n<\/p><\/div>\n","protected":false},"excerpt":{"rendered":"<p>NVR M\u00f3vil de 8 Canales de 2 Megapixel \/ 8 Puertos PoE \/ 1 Bah\u00eda de Disco Duro \/ Incluye Modulo GPS<\/p>\n","protected":false},"featured_media":94699,"comment_status":"open","ping_status":"closed","template":"","meta":[],"product_brand":[],"product_cat":[2244,1406],"product_tag":[1409,54,2245,1345],"class_list":{"0":"post-94700","1":"product","2":"type-product","3":"status-publish","4":"has-post-thumbnail","6":"product_cat-mdvr-mnvr","7":"product_cat-videograbadoras-moviles-videovigilancia","8":"product_tag-dash-cams-y-body-cams","9":"product_tag-hikvision","10":"product_tag-mdvr-mnvr","11":"product_tag-videograbadoras-moviles","13":"first","14":"outofstock","15":"sale","16":"shipping-taxable","17":"purchasable","18":"product-type-simple"},"_links":{"self":[{"href":"https:\/\/soydeaqui.ddns.net\/pachuca\/index.php\/wp-json\/wp\/v2\/product\/94700","targetHints":{"allow":["GET"]}}],"collection":[{"href":"https:\/\/soydeaqui.ddns.net\/pachuca\/index.php\/wp-json\/wp\/v2\/product"}],"about":[{"href":"https:\/\/soydeaqui.ddns.net\/pachuca\/index.php\/wp-json\/wp\/v2\/types\/product"}],"replies":[{"embeddable":true,"href":"https:\/\/soydeaqui.ddns.net\/pachuca\/index.php\/wp-json\/wp\/v2\/comments?post=94700"}],"wp:featuredmedia":[{"embeddable":true,"href":"https:\/\/soydeaqui.ddns.net\/pachuca\/index.php\/wp-json\/wp\/v2\/media\/94699"}],"wp:attachment":[{"href":"https:\/\/soydeaqui.ddns.net\/pachuca\/index.php\/wp-json\/wp\/v2\/media?parent=94700"}],"wp:term":[{"taxonomy":"product_brand","embeddable":true,"href":"https:\/\/soydeaqui.ddns.net\/pachuca\/index.php\/wp-json\/wp\/v2\/product_brand?post=94700"},{"taxonomy":"product_cat","embeddable":true,"href":"https:\/\/soydeaqui.ddns.net\/pachuca\/index.php\/wp-json\/wp\/v2\/product_cat?post=94700"},{"taxonomy":"product_tag","embeddable":true,"href":"https:\/\/soydeaqui.ddns.net\/pachuca\/index.php\/wp-json\/wp\/v2\/product_tag?post=94700"}],"curies":[{"name":"wp","href":"https:\/\/api.w.org\/{rel}","templated":true}]}}