{"id":94696,"date":"2026-03-20T06:56:45","date_gmt":"2026-03-20T06:56:45","guid":{"rendered":"https:\/\/soydeaqui.ddns.net\/pachuca\/index.php\/producto\/camara-domo-2mp-con-ia-antivandalica-lente-motorizado-de-2-8-a-12mm-ir-40m-wdr-120db-ranura-microsd-ip66-ip67-ik10-nema4x\/"},"modified":"2026-03-20T06:56:52","modified_gmt":"2026-03-20T06:56:52","slug":"camara-domo-2mp-con-ia-antivandalica-lente-motorizado-de-2-8-a-12mm-ir-40m-wdr-120db-ranura-microsd-ip66-ip67-ik10-nema4x","status":"publish","type":"product","link":"https:\/\/soydeaqui.ddns.net\/pachuca\/index.php\/producto\/camara-domo-2mp-con-ia-antivandalica-lente-motorizado-de-2-8-a-12mm-ir-40m-wdr-120db-ranura-microsd-ip66-ip67-ik10-nema4x\/","title":{"rendered":"C\u00e1mara Domo 2MP con IA, Antivandalica \/ Lente Motorizado de 2.8 a 12mm \/ IR 40m \/ WDR 120dB \/ Ranura MicroSD \/ IP66 IP67 IK10 NEMA4X"},"content":{"rendered":"<div style=\"width: 100%; max-width: 1200px; margin: 0 auto; font-family: sans-serif; line-height: 1.6; color: inherit; background-color: transparent;\"><!-- Secci\u00f3n 1 - H.265 + WiseStream II --> <\/p>\n<div style=\"display: flex; flex-wrap: wrap; gap: 30px; margin-bottom: 30px;\">\n<div style=\"flex: 1 1 300px; min-width: 280px;\"><img decoding=\"async\" style=\"width: 100%; height: auto; border: 1px solid rgba(150&comma;150&comma;150&comma;0.3); border-radius: 8px;\" src=\"https:\/\/ftp3.syscom.mx\/usuarios\/imendez\/Hanwha\/Serie%20X\/GIF\/WiseStream.gif\" alt=\"\" \/><\/div>\n<div style=\"flex: 1 1 300px; min-width: 280px;\">\n<h3 style=\"font-size: 22px; border-bottom: 2px solid currentColor; padding-bottom: 5px; margin-top: 0; color: inherit; opacity: 0.8;\">H.265 + WiseStream II<\/h3>\n<p style=\"text-align: justify; font-size: 15px; color: inherit;\">Mediante WiseStream II&comma; la tecnolog&iacute;a de compresi&oacute;n de v&iacute;deo de Hanwha Techwin&comma; la serie Wisenet X reduce el almacenamiento de datos hasta un 99% en comparaci&oacute;n con la actual tecnolog&iacute;a H.264&comma; cuando se combina con la compresi&oacute;n H.265. Los costes del sistema se reducen enormemente sin comprometer la calidad de las im&aacute;genes.<\/p>\n<\/p><\/div>\n<\/p><\/div>\n<p> <!-- Secci\u00f3n 2 - An\u00e1lisis de v\u00eddeo basado en Deep Learning --> <\/p>\n<div style=\"display: flex; flex-wrap: wrap; gap: 30px; margin-bottom: 30px;\">\n<div style=\"flex: 1 1 300px; min-width: 280px;\">\n<h3 style=\"font-size: 22px; border-bottom: 2px solid currentColor; padding-bottom: 5px; margin-top: 0; color: inherit; opacity: 0.8;\">An&aacute;lisis de v&iacute;deo basado en Deep Learning<\/h3>\n<p style=\"font-size: 15px; color: inherit;\">Las c&aacute;maras Wisenet AI que utilizan algoritmos AI filtran los movimientos irrelevantes causados por cambios ambientales como agitar &aacute;rboles&comma; sombras o animales. Mientras que las c&aacute;maras convencionales detectan el movimiento en funci&oacute;n de sus p&iacute;xeles y generan eventos incluso si los usuarios desean ignorarlo&comma; las c&aacute;maras Wisenet AI basadas en Deep Learning generan alarmas de eventos solo para personas y veh&iacute;culos&comma; reduciendo las falsas alarmas para una operaci&oacute;n m&aacute;s eficiente<\/p>\n<\/p><\/div>\n<div style=\"flex: 1 1 300px; min-width: 280px;\"><img decoding=\"async\" style=\"width: 100%; height: auto; border: 1px solid rgba(150&comma;150&comma;150&comma;0.3); border-radius: 8px;\" src=\"https:\/\/ftp3.syscom.mx\/usuarios\/gmagos\/Hanwha\/fotos\/feature_1-min2.gif\" alt=\"\" \/><\/div>\n<\/p><\/div>\n<p> <!-- Secci\u00f3n 3 - BestShots --> <\/p>\n<div style=\"display: flex; flex-wrap: wrap; gap: 30px; margin-bottom: 30px;\">\n<div style=\"flex: 1 1 300px; min-width: 280px;\"><img decoding=\"async\" style=\"width: 100%; height: auto; border: 1px solid rgba(150&comma;150&comma;150&comma;0.3); border-radius: 8px;\" src=\"https:\/\/ftp3.syscom.mx\/usuarios\/fotos\/TNB9000\/188256-captura_de_pantalla_2020-06-10_a_la(s)_17.42.10.png\" alt=\"\" \/><\/div>\n<div style=\"flex: 1 1 300px; min-width: 280px;\">\n<h3 style=\"font-size: 22px; border-bottom: 2px solid currentColor; padding-bottom: 5px; margin-top: 0; color: inherit; opacity: 0.8;\">BestShots<\/h3>\n<p style=\"font-size: 15px; color: inherit;\">Los metadatos que incluyen el atributo (personas: edad&comma; sexo&comma; colores de la ropa de arriba \/ abajo&comma; usar anteojos&comma; veh&iacute;culo: tipos&comma; colores) se env&iacute;an al servidor de fondo y se utilizan para extraer informaci&oacute;n sobre situaciones espec&iacute;ficas&comma; lo que reduce significativamente el tiempo para buscar todo el video. Las c&aacute;maras con AI de la serie Wisenet P est&aacute;n equipadas con la funci&oacute;n BestShot para la reidentificaci&oacute;n que garantiza que solo las im&aacute;genes m&aacute;s adecuadas de los objetos clasificados se env&iacute;en al servidor de fondo.<\/p>\n<\/p><\/div>\n<\/p><\/div>\n<p> <!-- T\u00edtulo Caracter\u00edsticas t\u00e9cnicas --> <\/p>\n<h2 style=\"text-align: center; font-size: 20px; margin: 30px 0 15px; color: inherit; opacity: 0.9;\">Caracter&iacute;sticas t&eacute;cnicas<\/h2>\n<p> <!-- Secci\u00f3n de cards con especificaciones --> <\/p>\n<div style=\"display: flex; flex-wrap: wrap; gap: 20px; margin-bottom: 30px;\"><!-- Video y almacenamiento --> <\/p>\n<div style=\"flex: 1 1 250px; border: 1px solid rgba(150&comma; 150&comma; 150&comma; 0.4); border-radius: 8px; overflow: hidden; display: flex; flex-direction: column;\">\n<div style=\"padding: 15px; border-bottom: 1px solid rgba(150&comma; 150&comma; 150&comma; 0.2); font-weight: bold; font-size: 18px; color: inherit;\">Video<\/div>\n<div style=\"padding: 15px; color: inherit;\">\n<ul style=\"padding-left: 20px; margin: 0; font-size: 14px; list-style-type: disc;\">\n<li style=\"margin-bottom: 5px;\"><strong>Compresi&oacute;n:<\/strong> H.265 &amp; WiseStream III \/ H.264 \/ MJPEG<\/li>\n<li style=\"margin-bottom: 5px;\"><strong>Resoluci&oacute;n:<\/strong> 1920 x 1080p (2MP)<\/li>\n<li style=\"margin-bottom: 5px;\"><strong>Sensor:<\/strong> 1\/2.8&#8242;<\/li>\n<li style=\"margin-bottom: 5px;\"><strong>Iluminaci&oacute;n m&iacute;nima:<\/strong> Color: 0.038Lux&comma; BW: 0 Lux (IR encendido)<\/li>\n<li style=\"margin-bottom: 5px;\"><strong>Lente:<\/strong> Motorizado de 2.8 a 12mm<\/li>\n<li style=\"margin-bottom: 5px;\">40m iluminacion infrarroja<\/li>\n<\/ul><\/div>\n<\/p><\/div>\n<div style=\"flex: 1 1 250px; border: 1px solid rgba(150&comma; 150&comma; 150&comma; 0.4); border-radius: 8px; overflow: hidden; display: flex; flex-direction: column;\">\n<div style=\"padding: 15px; border-bottom: 1px solid rgba(150&comma; 150&comma; 150&comma; 0.2); font-weight: bold; font-size: 18px; color: inherit;\">Almacenamiento<\/div>\n<div style=\"padding: 15px; color: inherit;\">\n<ul style=\"padding-left: 20px; margin: 0; font-size: 14px; list-style-type: disc;\">\n<li style=\"margin-bottom: 5px;\">1 Ranura para tarjeta microSD de hasta 512 GB<\/li>\n<\/ul><\/div>\n<\/p><\/div>\n<div style=\"flex: 1 1 250px; border: 1px solid rgba(150&comma; 150&comma; 150&comma; 0.4); border-radius: 8px; overflow: hidden; display: flex; flex-direction: column;\">\n<div style=\"padding: 15px; border-bottom: 1px solid rgba(150&comma; 150&comma; 150&comma; 0.2); font-weight: bold; font-size: 18px; color: inherit;\">Funciones<\/div>\n<div style=\"padding: 15px; color: inherit;\">\n<ul style=\"padding-left: 20px; margin: 0; font-size: 14px; list-style-type: disc;\">\n<li style=\"margin-bottom: 5px;\"><strong>Compensaci&oacute;n de luz:<\/strong> WDR 120dB&comma; BLC<\/li>\n<li style=\"margin-bottom: 5px;\"><strong>Enfoque:<\/strong> Simple<\/li>\n<\/ul><\/div>\n<\/p><\/div>\n<p> <!-- Interfaces --> <\/p>\n<div style=\"flex: 1 1 250px; border: 1px solid rgba(150&comma; 150&comma; 150&comma; 0.4); border-radius: 8px; overflow: hidden; display: flex; flex-direction: column;\">\n<div style=\"padding: 15px; border-bottom: 1px solid rgba(150&comma; 150&comma; 150&comma; 0.2); font-weight: bold; font-size: 18px; color: inherit;\">Interfaces<\/div>\n<div style=\"padding: 15px; color: inherit;\">\n<ul style=\"padding-left: 20px; margin: 0; font-size: 14px; list-style-type: disc;\">\n<li style=\"margin-bottom: 5px;\"><strong>Puerto Ethernet:<\/strong> RJ45 10\/100 Base-T<\/li>\n<li style=\"margin-bottom: 5px;\"><strong>Entrada de Audio:<\/strong> Micr&oacute;fono \/ l&iacute;nea<\/li>\n<li style=\"margin-bottom: 5px;\"><strong>Salida de Audio:<\/strong> 1<\/li>\n<li style=\"margin-bottom: 5px;\"><strong>Entrada\/Salida de Alarma:<\/strong> 2<\/li>\n<\/ul><\/div>\n<\/p><\/div>\n<p> <!-- Caracter\u00edsticas f\u00edsicas y el\u00e9ctricas --> <\/p>\n<div style=\"flex: 1 1 250px; border: 1px solid rgba(150&comma; 150&comma; 150&comma; 0.4); border-radius: 8px; overflow: hidden; display: flex; flex-direction: column;\">\n<div style=\"padding: 15px; border-bottom: 1px solid rgba(150&comma; 150&comma; 150&comma; 0.2); font-weight: bold; font-size: 18px; color: inherit;\">Caracter&iacute;sticas F&iacute;sicas y El&eacute;ctricas<\/div>\n<div style=\"padding: 15px; color: inherit;\">\n<ul style=\"padding-left: 20px; margin: 0; font-size: 14px; list-style-type: disc;\">\n<li style=\"margin-bottom: 5px;\"><strong>Temperatura de operaci&oacute;n:<\/strong> -40 a 55&deg;C<\/li>\n<li style=\"margin-bottom: 5px;\"><strong>Certificaci&oacute;n:<\/strong> IP66 \/ IP67 \/ IK10&comma; NEMA4X<\/li>\n<li style=\"margin-bottom: 5px;\"><strong>Alimentaci&oacute;n:<\/strong> 12Vcc \/ PoE 802.03af<\/li>\n<li style=\"margin-bottom: 5px;\"><strong>Consumo:<\/strong> 12.5 \/ 12.95W<\/li>\n<li style=\"margin-bottom: 5px;\"><strong>Dimensiones:<\/strong> &Oslash; 160 x 118mm<\/li>\n<li style=\"margin-bottom: 5px;\"><strong>Peso:<\/strong> 1.45Kg<\/li>\n<\/ul><\/div>\n<\/p><\/div>\n<p> <!-- An\u00e1lisis de eventos con base en el motor de IA --> <\/p>\n<div style=\"flex: 1 1 250px; border: 1px solid rgba(150&comma; 150&comma; 150&comma; 0.4); border-radius: 8px; overflow: hidden; display: flex; flex-direction: column;\">\n<div style=\"padding: 15px; border-bottom: 1px solid rgba(150&comma; 150&comma; 150&comma; 0.2); font-weight: bold; font-size: 18px; color: inherit;\">An&aacute;lisis de eventos con base en el motor de IA<\/div>\n<div style=\"padding: 15px; color: inherit;\">\n<ul style=\"padding-left: 20px; margin: 0; font-size: 14px; list-style-type: disc;\">\n<li style=\"margin-bottom: 5px;\">Detecci&oacute;n de objetos<\/li>\n<li style=\"margin-bottom: 5px;\">Merodeo<\/li>\n<li style=\"margin-bottom: 5px;\">Detecci&oacute;n de direcci&oacute;n<\/li>\n<li style=\"margin-bottom: 5px;\"><strong>Cruce de l&iacute;nea virtual<\/strong><\/li>\n<li style=\"margin-bottom: 5px;\">Entrada \/ Salida<\/li>\n<\/ul><\/div>\n<\/p><\/div>\n<p> <!-- Clasificaci\u00f3n de objetos --> <\/p>\n<div style=\"flex: 1 1 250px; border: 1px solid rgba(150&comma; 150&comma; 150&comma; 0.4); border-radius: 8px; overflow: hidden; display: flex; flex-direction: column;\">\n<div style=\"padding: 15px; border-bottom: 1px solid rgba(150&comma; 150&comma; 150&comma; 0.2); font-weight: bold; font-size: 18px; color: inherit;\">Clasificaci&oacute;n de objetos<\/div>\n<div style=\"padding: 15px; color: inherit;\">\n<ul style=\"padding-left: 20px; margin: 0; font-size: 14px; list-style-type: disc;\">\n<li style=\"margin-bottom: 5px;\">Persona\/Rostro<\/li>\n<li style=\"margin-bottom: 5px;\">Veh&iacute;culo<\/li>\n<li style=\"margin-bottom: 5px;\">BestShot por objeto<\/li>\n<\/ul><\/div>\n<\/p><\/div>\n<p> <!-- An\u00e1lisis de eventos --> <\/p>\n<div style=\"flex: 1 1 250px; border: 1px solid rgba(150&comma; 150&comma; 150&comma; 0.4); border-radius: 8px; overflow: hidden; display: flex; flex-direction: column;\">\n<div style=\"padding: 15px; border-bottom: 1px solid rgba(150&comma; 150&comma; 150&comma; 0.2); font-weight: bold; font-size: 18px; color: inherit;\">An&aacute;lisis de eventos<\/div>\n<div style=\"padding: 15px; color: inherit;\">\n<ul style=\"padding-left: 20px; margin: 0; font-size: 14px; list-style-type: disc;\">\n<li style=\"margin-bottom: 5px;\">Aparici&oacute;n \/ Desaparici&oacute;n<\/li>\n<li style=\"margin-bottom: 5px;\">Detecci&oacute;n de Desenfoque<\/li>\n<li style=\"margin-bottom: 5px;\">Detecci&oacute;n de Audio<\/li>\n<li style=\"margin-bottom: 5px;\">Detecci&oacute;n de Movimiento<\/li>\n<li style=\"margin-bottom: 5px;\">Sabotaje<\/li>\n<li style=\"margin-bottom: 5px;\"><strong>Clasificaci&oacute;n de sonidos<\/strong><\/li>\n<\/ul><\/div>\n<\/p><\/div>\n<\/p><\/div>\n<p> <!-- T\u00edtulo Otras caracter\u00edsticas --> <\/p>\n<h2 style=\"text-align: center; font-size: 20px; margin: 30px 0 15px; color: inherit; opacity: 0.9;\">Otras caracter&iacute;sticas<\/h2>\n<p> <!-- Secci\u00f3n de caracter\u00edsticas adicionales --> <\/p>\n<div style=\"display: flex; flex-wrap: wrap; gap: 20px; margin-bottom: 30px; justify-content: center;\">\n<div style=\"flex: 1 1 200px; border: 1px solid rgba(150&comma; 150&comma; 150&comma; 0.4); border-radius: 8px; overflow: hidden; padding: 15px; text-align: center;\"><strong style=\"color: inherit; font-size: 15px;\">H.265 &amp; WiseStream II<\/strong><\/div>\n<div style=\"flex: 1 1 200px; border: 1px solid rgba(150&comma; 150&comma; 150&comma; 0.4); border-radius: 8px; overflow: hidden; padding: 15px; text-align: center;\"><strong style=\"color: inherit; font-size: 15px;\">Anal&iacute;ticos de Audio<\/strong><\/div>\n<div style=\"flex: 1 1 200px; border: 1px solid rgba(150&comma; 150&comma; 150&comma; 0.4); border-radius: 8px; overflow: hidden; padding: 15px; text-align: center;\"><strong style=\"color: inherit; font-size: 15px;\">Resoluci&oacute;n 8K<\/strong><\/div>\n<\/p><\/div>\n<p> <!-- Secci\u00f3n de videos --> <\/p>\n<div style=\"display: flex; flex-wrap: wrap; gap: 30px; margin-bottom: 30px; justify-content: center;\">\n<div style=\"flex: 1 1 300px; min-width: 280px;\">\n<div style=\"position: relative; padding-bottom: 56.25%; height: 0; overflow: hidden; margin-bottom: 30px;\"> <\/div>\n<\/p><\/div>\n<div style=\"flex: 1 1 300px; min-width: 280px;\">\n<div style=\"position: relative; padding-bottom: 56.25%; height: 0; overflow: hidden; margin-bottom: 30px;\"> <\/div>\n<\/p><\/div>\n<div style=\"flex: 1 1 300px; min-width: 280px;\">\n<div style=\"position: relative; padding-bottom: 56.25%; height: 0; overflow: hidden; margin-bottom: 30px;\"> <\/div>\n<\/p><\/div>\n<\/p><\/div>\n<p> <!-- Secci\u00f3n de videos adicionales --> <\/p>\n<div style=\"display: flex; flex-wrap: wrap; gap: 30px; margin-bottom: 30px; justify-content: center;\">\n<div style=\"flex: 1 1 300px; min-width: 280px;\">\n<div style=\"position: relative; padding-bottom: 56.25%; height: 0; overflow: hidden; margin-bottom: 30px;\"> <\/div>\n<\/p><\/div>\n<div style=\"flex: 1 1 300px; min-width: 280px;\">\n<div style=\"position: relative; padding-bottom: 56.25%; height: 0; overflow: hidden; margin-bottom: 30px;\"> <\/div>\n<\/p><\/div>\n<div style=\"flex: 1 1 300px; min-width: 280px;\">\n<div style=\"position: relative; padding-bottom: 56.25%; height: 0; overflow: hidden; margin-bottom: 30px;\"> <\/div>\n<\/p><\/div>\n<\/p><\/div>\n<p> <!-- Enlace a base de conocimiento --> <\/p>\n<div style=\"text-align: center; margin: 30px 0;\"><a style=\"color: inherit; text-decoration: none;\" href=\"http:\/\/soporte.syscom.mx\/videovigilancia\/hanwha-lista-de-tips-tecnicos\" target=\"_blank\" rel=\"noopener\"> <img decoding=\"async\" style=\"width: 432px; max-width: 100%; height: auto; border: 1px solid rgba(150&comma;150&comma;150&comma;0.3); border-radius: 8px;\" src=\"https:\/\/ftp3.syscom.mx\/usuarios\/gmagos\/Hanwha\/fotos\/basede1.png\" alt=\"\" \/> <\/a><\/div>\n<p> <!-- Separador final --><\/p>\n<hr style=\"border: 0; border-top: 1px solid rgba(150&comma; 150&comma; 150&comma; 0.3); margin: 30px 0;\" \/><\/div>\n","protected":false},"excerpt":{"rendered":"<p>C\u00e1mara Domo 2MP con IA, Antivandalica \/ Lente Motorizado de 2.8 a 12mm \/ IR 40m \/ WDR 120dB \/ Ranura MicroSD \/ IP66 IP67 IK10 NEMA4X<\/p>\n","protected":false},"featured_media":94695,"comment_status":"open","ping_status":"closed","template":"","meta":[],"product_brand":[],"product_cat":[2056],"product_tag":[122,2057,2260],"class_list":{"0":"post-94696","1":"product","2":"type-product","3":"status-publish","4":"has-post-thumbnail","6":"product_cat-domo-eyeball-turret","7":"product_tag-camaras-ip-y-nvrs","8":"product_tag-domo-eyeball-turret","9":"product_tag-hanwha-techwin-wisenet","11":"first","12":"outofstock","13":"sale","14":"shipping-taxable","15":"purchasable","16":"product-type-simple"},"_links":{"self":[{"href":"https:\/\/soydeaqui.ddns.net\/pachuca\/index.php\/wp-json\/wp\/v2\/product\/94696","targetHints":{"allow":["GET"]}}],"collection":[{"href":"https:\/\/soydeaqui.ddns.net\/pachuca\/index.php\/wp-json\/wp\/v2\/product"}],"about":[{"href":"https:\/\/soydeaqui.ddns.net\/pachuca\/index.php\/wp-json\/wp\/v2\/types\/product"}],"replies":[{"embeddable":true,"href":"https:\/\/soydeaqui.ddns.net\/pachuca\/index.php\/wp-json\/wp\/v2\/comments?post=94696"}],"wp:featuredmedia":[{"embeddable":true,"href":"https:\/\/soydeaqui.ddns.net\/pachuca\/index.php\/wp-json\/wp\/v2\/media\/94695"}],"wp:attachment":[{"href":"https:\/\/soydeaqui.ddns.net\/pachuca\/index.php\/wp-json\/wp\/v2\/media?parent=94696"}],"wp:term":[{"taxonomy":"product_brand","embeddable":true,"href":"https:\/\/soydeaqui.ddns.net\/pachuca\/index.php\/wp-json\/wp\/v2\/product_brand?post=94696"},{"taxonomy":"product_cat","embeddable":true,"href":"https:\/\/soydeaqui.ddns.net\/pachuca\/index.php\/wp-json\/wp\/v2\/product_cat?post=94696"},{"taxonomy":"product_tag","embeddable":true,"href":"https:\/\/soydeaqui.ddns.net\/pachuca\/index.php\/wp-json\/wp\/v2\/product_tag?post=94696"}],"curies":[{"name":"wp","href":"https:\/\/api.w.org\/{rel}","templated":true}]}}