{"id":94694,"date":"2026-03-20T06:56:41","date_gmt":"2026-03-20T06:56:41","guid":{"rendered":"https:\/\/soydeaqui.ddns.net\/pachuca\/index.php\/producto\/nvr-32-megapixel-8k-reconocimiento-facial-base-de-datos-32-canales-ip-4-bahias-de-disco-duro-16-puertos-poe-hdmi-en-8k-acusense-soporta-pos-acusearch\/"},"modified":"2026-03-20T06:56:42","modified_gmt":"2026-03-20T06:56:42","slug":"nvr-32-megapixel-8k-reconocimiento-facial-base-de-datos-32-canales-ip-4-bahias-de-disco-duro-16-puertos-poe-hdmi-en-8k-acusense-soporta-pos-acusearch","status":"publish","type":"product","link":"https:\/\/soydeaqui.ddns.net\/pachuca\/index.php\/producto\/nvr-32-megapixel-8k-reconocimiento-facial-base-de-datos-32-canales-ip-4-bahias-de-disco-duro-16-puertos-poe-hdmi-en-8k-acusense-soporta-pos-acusearch\/","title":{"rendered":"NVR 32 Megapixel (8K) \/ Reconocimiento Facial (Base de Datos) \/ 32 Canales IP \/ 4 Bah\u00edas de Disco Duro \/ 16 Puertos PoE+ \/ HDMI en 8K \/ ACUSENSE \/ Soporta POS \/ AcuSearch"},"content":{"rendered":"<div style=\"width: 100%; max-width: 1200px; margin: 0 auto; font-family: sans-serif; line-height: 1.6; color: inherit; background-color: transparent;\"><!-- Banner inicial --> <\/p>\n<p style=\"text-align: center; margin: 0; padding: 20px 0;\"><img decoding=\"async\" style=\"width: 45%; height: auto; border: 1px solid rgba(150&comma;150&comma;150&comma;0.3); border-radius: 8px;\" src=\"https:\/\/ftp3.syscom.mx\/usuarios\/jsosa\/HIKVISION\/imagenes\/logo\/hikvision%20see%20far.png\" alt=\"Logo Hikvision\" \/><\/p>\n<p> <!-- Videos Secci\u00f3n 1 --> <\/p>\n<div style=\"display: flex; flex-wrap: wrap; gap: 30px; margin: 30px 0;\">\n<div style=\"flex: 1 1 45%; min-width: 300px;\">\n<h3 style=\"font-size: 20px; text-align: center; border-bottom: 2px solid currentColor; padding-bottom: 5px; margin: 0 0 15px 0; color: inherit; opacity: 0.8;\">Smart Search + Acusense<\/h3>\n<div style=\"position: relative; padding-bottom: 56.25%; height: 0; overflow: hidden;\"> <\/div>\n<\/p><\/div>\n<div style=\"flex: 1 1 45%; min-width: 300px;\">\n<h3 style=\"font-size: 20px; text-align: center; border-bottom: 2px solid currentColor; padding-bottom: 5px; margin: 0 0 15px 0; color: inherit; opacity: 0.8;\">Enlace de audio y video para una respuesta instant&aacute;nea!<\/h3>\n<div style=\"position: relative; padding-bottom: 56.25%; height: 0; overflow: hidden;\"> <\/div>\n<\/p><\/div>\n<\/p><\/div>\n<p> <!-- Secci\u00f3n principal con flex --> <\/p>\n<div style=\"display: flex; flex-wrap: wrap; gap: 30px; margin: 30px 0;\"><!-- Columna izquierda --> <\/p>\n<div style=\"flex: 1 1 45%; min-width: 300px;\">\n<div style=\"display: flex; flex-direction: column; gap: 20px;\"><!-- Caracter\u00edsticas Principales --> <\/p>\n<div style=\"border: 1px solid rgba(150&comma; 150&comma; 150&comma; 0.4); border-radius: 8px; overflow: hidden;\">\n<div style=\"padding: 15px; border-bottom: 1px solid rgba(150&comma; 150&comma; 150&comma; 0.2); font-weight: bold; font-size: 18px; background-color: #df001e; color: white;\">Caracter&iacute;sticas Principales<\/div>\n<div style=\"padding: 15px; color: inherit;\">\n<ul style=\"padding-left: 20px; margin: 0; font-size: 14px; list-style-type: disc;\">\n<li style=\"margin-bottom: 5px;\">Compresi&oacute;n de v&iacute;deo: H.265+ \/ H.265 \/ H.264+ \/ H.264.<\/li>\n<li style=\"margin-bottom: 5px;\">Soporta mouse USB para operar (incluido).<\/li>\n<li style=\"margin-bottom: 5px;\">Soporta 4 HDD&acute;s de hasta 14 TB. (no incluido).<\/li>\n<li style=\"margin-bottom: 5px;\">Soporta DDNS (Hik-Connect&comma; DynDNS&comma; No-IP&comma; etc).<\/li>\n<li style=\"margin-bottom: 5px;\">Soporta Hik-Connect (P2P) (<a style=\"color: inherit; text-decoration: none;\" href=\"https:\/\/appstore.hikvision.com\/\" target=\"_blank\" rel=\"noopener\">https:\/\/appstore.hikvision.com\/<\/a>).<\/li>\n<li style=\"margin-bottom: 5px;\">Acceso remoto v&iacute;a tel&eacute;fono: Android&comma; iPhone&comma; iPad (Hik-Connect).<\/li>\n<li style=\"margin-bottom: 5px;\">Software cliente IVMS-4200 (gratuito).<\/li>\n<\/ul><\/div>\n<\/p><\/div>\n<p> <!-- Interfaces Entradas y Salidas --> <\/p>\n<div style=\"border: 1px solid rgba(150&comma; 150&comma; 150&comma; 0.4); border-radius: 8px; overflow: hidden;\">\n<div style=\"padding: 15px; border-bottom: 1px solid rgba(150&comma; 150&comma; 150&comma; 0.2); font-weight: bold; font-size: 18px; background-color: #df001e; color: white;\">Interfaces Entradas y Salidas<\/div>\n<div style=\"padding: 15px; color: inherit;\">\n<ul style=\"padding-left: 20px; margin: 0; font-size: 14px; list-style-type: disc;\">\n<li style=\"margin-bottom: 5px;\"><strong>Salida independiente HDMI 1 y HDMI 2.<\/strong><\/li>\n<li style=\"margin-bottom: 5px;\"><strong>Salida simultanea HDMI 1 y VGA.<\/strong><\/li>\n<li style=\"margin-bottom: 5px;\">Resoluci&oacute;n HDMI 1: 8K \/ 4K \/ 1080p.<\/li>\n<li style=\"margin-bottom: 5px;\">Resoluci&oacute;n HDMI 2: 4K \/ 1080p.<\/li>\n<li style=\"margin-bottom: 5px;\">Resoluci&oacute;n VGA: 1080p.<\/li>\n<li style=\"margin-bottom: 5px;\">Entrada de Audio: 1.<\/li>\n<li style=\"margin-bottom: 5px;\">Salida de Audio: 1.<\/li>\n<li style=\"margin-bottom: 5px;\">Entrada de Alarma: 16<\/li>\n<li style=\"margin-bottom: 5px;\">Salida de Alarma: 4<\/li>\n<li style=\"margin-bottom: 5px;\">Soporta audio bidireccional (audio de dos v&iacute;as).<\/li>\n<\/ul><\/div>\n<\/p><\/div>\n<p> <!-- Capacidad de procesamiento y funciones de red --> <\/p>\n<div style=\"border: 1px solid rgba(150&comma; 150&comma; 150&comma; 0.4); border-radius: 8px; overflow: hidden;\">\n<div style=\"padding: 15px; border-bottom: 1px solid rgba(150&comma; 150&comma; 150&comma; 0.2); font-weight: bold; font-size: 18px; background-color: #df001e; color: white;\">Capacidad de procesamiento y funciones de red<\/div>\n<div style=\"padding: 15px; color: inherit;\">\n<ul style=\"padding-left: 20px; margin: 0; font-size: 14px; list-style-type: disc;\">\n<li style=\"margin-bottom: 5px;\">Throughput entrada: 320 Mbps.<\/li>\n<li style=\"margin-bottom: 5px;\">Throughput salida: 400 Mbps.<\/li>\n<li style=\"margin-bottom: 5px;\">1 puerto red RJ-45: 10 \/ 100 \/ 1000 Mbps. (LAN)<\/li>\n<\/ul><\/div>\n<\/p><\/div>\n<\/p><\/div>\n<\/p><\/div>\n<p> <!-- Columna derecha --> <\/p>\n<div style=\"flex: 1 1 45%; min-width: 300px;\">\n<div style=\"display: flex; flex-direction: column; gap: 20px;\"><!-- Caracter\u00edsticas F\u00edsicas y El\u00e9ctricas --> <\/p>\n<div style=\"border: 1px solid rgba(150&comma; 150&comma; 150&comma; 0.4); border-radius: 8px; overflow: hidden;\">\n<div style=\"padding: 15px; border-bottom: 1px solid rgba(150&comma; 150&comma; 150&comma; 0.2); font-weight: bold; font-size: 18px; background-color: #df001e; color: white;\">Caracter&iacute;sticas F&iacute;sicas y El&eacute;ctricas<\/div>\n<div style=\"padding: 15px; color: inherit;\">\n<ul style=\"padding-left: 20px; margin: 0; font-size: 14px; list-style-type: disc;\">\n<li style=\"margin-bottom: 5px;\">Dimensiones: 445 x 400 x 71mm.<\/li>\n<li style=\"margin-bottom: 5px;\">Alimentaci&oacute;n: 100 a 240 VCA \/ 50 W.<\/li>\n<li style=\"margin-bottom: 5px;\">Temperatura de operaci&oacute;n: -10&deg;C a 55&deg;C.<\/li>\n<li style=\"margin-bottom: 5px;\">Peso: 5 Kg sin HDD.<\/li>\n<\/ul><\/div>\n<\/p><\/div>\n<p> <!-- Funci\u00f3n de Grabaci\u00f3n y Visualizaci\u00f3n --> <\/p>\n<div style=\"border: 1px solid rgba(150&comma; 150&comma; 150&comma; 0.4); border-radius: 8px; overflow: hidden;\">\n<div style=\"padding: 15px; border-bottom: 1px solid rgba(150&comma; 150&comma; 150&comma; 0.2); font-weight: bold; font-size: 18px; background-color: #df001e; color: white;\">Funci&oacute;n de Grabaci&oacute;n y Visualizaci&oacute;n<\/div>\n<div style=\"padding: 15px; color: inherit;\">\n<ul style=\"padding-left: 20px; margin: 0; font-size: 14px; list-style-type: disc;\">\n<li style=\"margin-bottom: 5px;\">Detecci&oacute;n de movimiento multizona.<\/li>\n<li style=\"margin-bottom: 5px;\">Zoom digital en visualizaci&oacute;n y grabaci&oacute;n.<\/li>\n<li style=\"margin-bottom: 5px;\">Dual stream (main stream y sub stream).<\/li>\n<li style=\"margin-bottom: 5px;\">Soporta avance r&aacute;pido&comma; lento&comma; cuadro a cuadro&comma; etc.<\/li>\n<li style=\"margin-bottom: 5px;\">Soporta tecnolog&iacute;a de discos duros S.M.A.R.T.<\/li>\n<li style=\"margin-bottom: 5px;\">Soporta m&uacute;ltiples tipos de grabaci&oacute;n&comma; incluyendo tiempo real&comma; grabaci&oacute;n manual&comma; videosensor&comma; videosensor y alarma&comma; videosensor o alarma.<\/li>\n<li style=\"margin-bottom: 5px;\">Soporta grabaci&oacute;n c&iacute;clica (sobreescritura) y no c&iacute;clica.<\/li>\n<\/ul><\/div>\n<\/p><\/div>\n<p> <!-- Resoluci\u00f3n de Grabaci\u00f3n por Canal --> <\/p>\n<div style=\"border: 1px solid rgba(150&comma; 150&comma; 150&comma; 0.4); border-radius: 8px; overflow: hidden;\">\n<div style=\"padding: 15px; border-bottom: 1px solid rgba(150&comma; 150&comma; 150&comma; 0.2); font-weight: bold; font-size: 18px; background-color: #df001e; color: white;\">Resoluci&oacute;n de Grabaci&oacute;n por Canal (recomendado con H.265)<\/div>\n<div style=\"padding: 15px; color: inherit;\">\n<ul style=\"padding-left: 20px; margin: 0; font-size: 14px; list-style-type: disc;\">\n<li style=\"margin-bottom: 5px;\">2 MP (1080P): 32 Canales &#8211; 30 IPS.<\/li>\n<li style=\"margin-bottom: 5px;\">4 MP: 32 Canales &#8211; 30 IPS.<\/li>\n<li style=\"margin-bottom: 5px;\">5 MP: 32 Canales &#8211; 30 IPS.<\/li>\n<li style=\"margin-bottom: 5px;\">6 MP: 32 Canales &#8211; 30 IPS.<\/li>\n<li style=\"margin-bottom: 5px;\">4K (8 MP): 32 Canales &#8211; 22 IPS.<\/li>\n<li style=\"margin-bottom: 5px;\">4K (12 MP): 32 Canales &#8211; 22 IPS.<\/li>\n<li style=\"margin-bottom: 5px;\">Reproducci&oacute;n s&iacute;ncrona en canales: 16 Canales.<\/li>\n<\/ul><\/div>\n<\/p><\/div>\n<\/p><\/div>\n<\/p><\/div>\n<\/p><\/div>\n<p> <!-- Caracter\u00edsticas destacadas --> <\/p>\n<div style=\"border: 1px solid rgba(150&comma; 150&comma; 150&comma; 0.4); border-radius: 8px; overflow: hidden; margin: 30px 0;\">\n<div style=\"padding: 15px; border-bottom: 1px solid rgba(150&comma; 150&comma; 150&comma; 0.2); font-weight: bold; font-size: 18px; background-color: #df001e; color: white;\">Caracter&iacute;sticas destacadas<\/div>\n<div style=\"padding: 15px; color: inherit;\">\n<div style=\"margin-bottom: 20px;\">\n<h4 style=\"margin: 0 0 10px 0; font-size: 16px; color: inherit; opacity: 0.8;\"><strong>Reconocimiento Facial:<\/strong><\/h4>\n<ul style=\"padding-left: 20px; margin: 0; font-size: 14px; list-style-type: disc;\">\n<li style=\"margin-bottom: 5px;\">Hasta 16 librer&iacute;as con un m&aacute;ximo de 100&comma;000 rostros en total.<\/li>\n<li style=\"margin-bottom: 5px;\">Cada fotograf&iacute;a debe de pesar m&aacute;ximo 20 GB.<\/li>\n<li style=\"margin-bottom: 5px;\">Cuando la c&aacute;mara detecta un rostro y coincidente con la base de datos&comma; se puede: activar la grabaci&oacute;n&comma; notificar al software remoto (iVMS-4200)&comma; enviar un email&comma; activar una salida de alarma&comma; etc.<\/li>\n<li style=\"margin-bottom: 5px;\">Soporta 32 canales de video con reconocimiento facial&comma; podemos usar c&aacute;maras: IDS-2CD7 (que soporte Reconocimiento Facial).<\/li>\n<li style=\"margin-bottom: 5px;\">Soporta 16 canales&comma; podemos usar c&aacute;maras: DS-2CD3XXG2 \/ DS-2CD3XX7G2 (que soporte captura facial).<\/li>\n<\/ul><\/div>\n<div style=\"margin-bottom: 20px;\">\n<h4 style=\"margin: 0 0 10px 0; font-size: 16px; color: inherit; opacity: 0.8;\"><strong>ACUSENSE (Filtro de Falsas Alarmas):<\/strong><\/h4>\n<ul style=\"padding-left: 20px; margin: 0; font-size: 14px; list-style-type: disc;\">\n<li style=\"margin-bottom: 5px;\">Con tecnolog&iacute;a ACUSENSE podemos evitar falsas alarmas como movimiento de arboles&comma; animales&comma; etc.<\/li>\n<li style=\"margin-bottom: 5px;\">Al activar la tecnolog&iacute;a ACUSENSE solo detecta cuerpo humano y veh&iacute;culos para detectar realmente eventos importantes y asi eliminar falsas alarmas.<\/li>\n<li style=\"margin-bottom: 5px;\">Soporta hasta 32 canales con ACUSENSE utilizando c&aacute;maras: DS-2CD2XX7G2 \/ DS-2CD2XX3G2 \/ IDS-2CD7 \/ DS-2CD3XXG2 \/ DS-2CD3XX7G2 (que soporte ACUSENSE).<\/li>\n<li style=\"margin-bottom: 5px;\">Soporta hasta 32 canales con la tecnolog&iacute;a ACUSENSE Lite (humano y vehiculo pero con deteccion de movimiento&comma; no analiticos) usando c&aacute;maras DS-2CD1XX3G2 y DS-2CD1XX3G7G2 (que soporte ACUSENSE Lite).<\/li>\n<\/ul><\/div>\n<div style=\"margin-bottom: 20px;\">\n<h4 style=\"margin: 0 0 10px 0; font-size: 16px; color: inherit; opacity: 0.8;\"><strong>Soporta POS (Punto de Venta):<\/strong><\/h4>\n<ul style=\"padding-left: 20px; margin: 0; font-size: 14px; list-style-type: disc;\">\n<li style=\"margin-bottom: 5px;\">Soporta 16 canales con la integraci&oacute;n POS. El sistema de POS a integrar se recomienda que soporte dos impresiones&comma; una fisica (ticket de la compra) y una digital (para mandar el texto al NVR).<\/li>\n<\/ul><\/div>\n<div style=\"margin-bottom: 20px;\">\n<h4 style=\"margin: 0 0 10px 0; font-size: 16px; color: inherit; opacity: 0.8;\"><strong>Heat Map (Mapa de Color):<\/strong><\/h4>\n<ul style=\"padding-left: 20px; margin: 0; font-size: 14px; list-style-type: disc;\">\n<li style=\"margin-bottom: 5px;\">Usando c&aacute;maras fisheye o domos IP que soporten la anal&iacute;tica de calor para poder realizar an&aacute;lisis del movimiento seg&uacute;n el escenario por medio de pixeles (paleta de colores)&comma; eso nos permite tomar una decisi&oacute;n de los movimientos mas frecuentes seg&uacute;n el escenario.<\/li>\n<\/ul><\/div>\n<div style=\"margin-bottom: 20px;\">\n<h4 style=\"margin: 0 0 10px 0; font-size: 16px; color: inherit; opacity: 0.8;\"><strong>People Counting (Conteo de Personas):<\/strong><\/h4>\n<ul style=\"padding-left: 20px; margin: 0; font-size: 14px; list-style-type: disc;\">\n<li style=\"margin-bottom: 5px;\">Usando c&aacute;maras IP con anal&iacute;tica de conteo de personas (base de datos) podemos realizar un conteo de personas por medio de la captura facial&comma; esto hace que nos permita tener una efectividad mayor para evitar posibles duplicaciones. Podemos tener diferentes tipos de an&aacute;lisis como entrada&comma; salida y duplicados (varias veces entran y salen). Podemos tener excepciones de rostros que no cuenten por ser miembros o personas dentro del mismo local.<\/li>\n<\/ul><\/div>\n<div>\n<h4 style=\"margin: 0 0 10px 0; font-size: 16px; color: inherit; opacity: 0.8;\"><strong>ANPR (Lectura de Placas):<\/strong><\/h4>\n<ul style=\"padding-left: 20px; margin: 0; font-size: 14px; list-style-type: disc;\">\n<li style=\"margin-bottom: 5px;\">Usando c&aacute;maras con analitica de ANPR podemos tener lectura de placas (base de datos) y podemos tener tambien diferentes caracteristicas del autom&oacute;vil como tipo del veh&iacute;culo&comma; color&comma; tama&ntilde;o&comma; etc&#8230;<\/li>\n<\/ul><\/div>\n<\/p><\/div>\n<\/p><\/div>\n<p> <!-- Videos Secci\u00f3n 2 --> <\/p>\n<div style=\"display: flex; flex-wrap: wrap; gap: 30px; margin: 30px 0;\">\n<div style=\"flex: 1 1 45%; min-width: 300px;\">\n<h3 style=\"font-size: 20px; text-align: center; border-bottom: 2px solid currentColor; padding-bottom: 5px; margin: 0 0 15px 0; color: inherit; opacity: 0.8;\">Gestion de entradas y salidas<\/h3>\n<div style=\"position: relative; padding-bottom: 56.25%; height: 0; overflow: hidden;\"> <\/div>\n<\/p><\/div>\n<div style=\"flex: 1 1 45%; min-width: 300px;\">\n<h3 style=\"font-size: 20px; text-align: center; border-bottom: 2px solid currentColor; padding-bottom: 5px; margin: 0 0 15px 0; color: inherit; opacity: 0.8;\">Configuraci&oacute;n de eventos<\/h3>\n<div style=\"position: relative; padding-bottom: 56.25%; height: 0; overflow: hidden;\"> <\/div>\n<\/p><\/div>\n<\/p><\/div>\n<p> <!-- Banner final --> <\/p>\n<div style=\"margin: 30px 0;\"><img decoding=\"async\" style=\"width: 100%; height: auto; border: 1px solid rgba(150&comma;150&comma;150&comma;0.3); border-radius: 8px;\" src=\"https:\/\/ftp3.syscom.mx\/usuarios\/jsosa\/HIKVISION\/imagenes\/banners\/solution%20complete.png\" alt=\"Banner Soluci&oacute;n Completa\" \/><\/div>\n<\/p><\/div>\n","protected":false},"excerpt":{"rendered":"<p>NVR 32 Megapixel (8K) \/ Reconocimiento Facial (Base de Datos) \/ 32 Canales IP \/ 4 Bah\u00edas de Disco Duro \/ 16 Puertos PoE+ \/ HDMI en 8K \/ ACUSENSE \/ Soporta POS \/ AcuSearch<\/p>\n","protected":false},"featured_media":94693,"comment_status":"open","ping_status":"closed","template":"","meta":[],"product_brand":[],"product_cat":[2234],"product_tag":[122,54,2235],"class_list":{"0":"post-94694","1":"product","2":"type-product","3":"status-publish","4":"has-post-thumbnail","6":"product_cat-nvrs-network-video-recorders","7":"product_tag-camaras-ip-y-nvrs","8":"product_tag-hikvision","9":"product_tag-nvrs-network-video-recorders","11":"first","12":"instock","13":"sale","14":"shipping-taxable","15":"purchasable","16":"product-type-simple"},"_links":{"self":[{"href":"https:\/\/soydeaqui.ddns.net\/pachuca\/index.php\/wp-json\/wp\/v2\/product\/94694","targetHints":{"allow":["GET"]}}],"collection":[{"href":"https:\/\/soydeaqui.ddns.net\/pachuca\/index.php\/wp-json\/wp\/v2\/product"}],"about":[{"href":"https:\/\/soydeaqui.ddns.net\/pachuca\/index.php\/wp-json\/wp\/v2\/types\/product"}],"replies":[{"embeddable":true,"href":"https:\/\/soydeaqui.ddns.net\/pachuca\/index.php\/wp-json\/wp\/v2\/comments?post=94694"}],"wp:featuredmedia":[{"embeddable":true,"href":"https:\/\/soydeaqui.ddns.net\/pachuca\/index.php\/wp-json\/wp\/v2\/media\/94693"}],"wp:attachment":[{"href":"https:\/\/soydeaqui.ddns.net\/pachuca\/index.php\/wp-json\/wp\/v2\/media?parent=94694"}],"wp:term":[{"taxonomy":"product_brand","embeddable":true,"href":"https:\/\/soydeaqui.ddns.net\/pachuca\/index.php\/wp-json\/wp\/v2\/product_brand?post=94694"},{"taxonomy":"product_cat","embeddable":true,"href":"https:\/\/soydeaqui.ddns.net\/pachuca\/index.php\/wp-json\/wp\/v2\/product_cat?post=94694"},{"taxonomy":"product_tag","embeddable":true,"href":"https:\/\/soydeaqui.ddns.net\/pachuca\/index.php\/wp-json\/wp\/v2\/product_tag?post=94694"}],"curies":[{"name":"wp","href":"https:\/\/api.w.org\/{rel}","templated":true}]}}