{"id":94680,"date":"2026-03-20T06:56:05","date_gmt":"2026-03-20T06:56:05","guid":{"rendered":"https:\/\/soydeaqui.ddns.net\/pachuca\/index.php\/producto\/caja-derivacion-conexion-de-plastico-100-x-100-x-54-mm-con-7-glandulas-de-goma-para-instalaciones-comerciales-residenciales-e-industriales-incluye-tornilleria-para-su-tapa\/"},"modified":"2026-03-20T06:56:19","modified_gmt":"2026-03-20T06:56:19","slug":"caja-derivacion-conexion-de-plastico-100-x-100-x-54-mm-con-7-glandulas-de-goma-para-instalaciones-comerciales-residenciales-e-industriales-incluye-tornilleria-para-su-tapa","status":"publish","type":"product","link":"https:\/\/soydeaqui.ddns.net\/pachuca\/index.php\/producto\/caja-derivacion-conexion-de-plastico-100-x-100-x-54-mm-con-7-glandulas-de-goma-para-instalaciones-comerciales-residenciales-e-industriales-incluye-tornilleria-para-su-tapa\/","title":{"rendered":"Caja Derivaci\u00f3n-Conexi\u00f3n de Pl\u00e1stico (100 X 100 X 54 mm) con 7 Gl\u00e1ndulas de Goma. Para Instalaciones Comerciales, Residenciales e Industriales. Incluye Torniller\u00eda para su Tapa."},"content":{"rendered":"<div style='width: 100%; max-width: 1200px; margin: 0 auto; font-family: sans-serif; line-height: 1.6; color: inherit; background-color: transparent;'> <!-- Logo --> <\/p>\n<div style='text-align: center; margin: 20px 0;'> <img style='width: 100%; max-width: 300px; height: auto; border: 1px solid rgba(150&comma;150&comma;150&comma;0.3); border-radius: 8px;' src='https:\/\/ftp3.syscom.mx\/usuarios\/fotos\/logotipos\/precision.png' alt='Logo'> <\/div>\n<p> <!-- Secci\u00f3n de caracter\u00edsticas --> <\/p>\n<div style='display: flex; flex-wrap: wrap; gap: 30px; margin-bottom: 30px;'>\n<div style='flex: 1 1 300px; min-width: 280px;'>\n<h3 style='font-size: 22px; border-bottom: 2px solid currentColor; padding-bottom: 5px; margin-top: 0; color: inherit; opacity: 0.8;'>Caracter\u00edsticas Generales<\/h3>\n<ul style='padding-left: 20px; font-size: 15px; color: inherit;'>\n<li style='margin-bottom: 5px;'>Caja de derivaci\u00f3n de pl\u00e1stico.<\/li>\n<li style='margin-bottom: 5px;'><strong>N\u00famero de entradas:<\/strong> 7 gl\u00e1ndulas de goma.<\/li>\n<li style='margin-bottom: 5px;'><strong>Gl\u00e1ndulas:<\/strong> Recortables a la medida requerida.<\/li>\n<\/ul><\/div>\n<\/p><\/div>\n<p> <!-- Secci\u00f3n de aplicaciones --> <\/p>\n<div style='display: flex; flex-wrap: wrap; gap: 30px; margin-bottom: 30px;'>\n<div style='flex: 1 1 300px; min-width: 280px;'>\n<h3 style='font-size: 22px; border-bottom: 2px solid currentColor; padding-bottom: 5px; margin-top: 0; color: inherit; opacity: 0.8;'>Aplicaciones<\/h3>\n<ul style='padding-left: 20px; font-size: 15px; color: inherit;'>\n<li style='margin-bottom: 5px;'>Energ\u00eda solar.<\/li>\n<li style='margin-bottom: 5px;'>Instalaciones el\u00e9ctricas.<\/li>\n<li style='margin-bottom: 5px;'>Instalaciones de telecomunicaciones (v\u00eddeo&comma; voz&comma; datos).<\/li>\n<li style='margin-bottom: 5px;'>Instalaciones de seguridad y control (automatizaci\u00f3n&comma; alarmas).<\/li>\n<\/ul><\/div>\n<\/p><\/div>\n<p> <!-- Secci\u00f3n de especificaciones --> <\/p>\n<div style='display: flex; flex-wrap: wrap; gap: 30px; margin-bottom: 30px;'>\n<div style='flex: 1 1 300px; min-width: 280px;'>\n<h3 style='font-size: 22px; border-bottom: 2px solid currentColor; padding-bottom: 5px; margin-top: 0; color: inherit; opacity: 0.8;'>Caracter\u00edsticas F\u00edsicas y El\u00e9ctricas<\/h3>\n<ul style='padding-left: 20px; font-size: 15px; color: inherit;'>\n<li style='margin-bottom: 5px;'><strong>Dimensiones:<\/strong> 100 x 100 x 54 mm (Ancho x Alto x Profundidad).<\/li>\n<li style='margin-bottom: 5px;'><strong>Di\u00e1metro de los orificios de gl\u00e1ndulas:<\/strong> 2.8mm<\/li>\n<li style='margin-bottom: 5px;'><strong>Di\u00e1metro de las gl\u00e1ndulas:<\/strong> 3.5 cm&comma; y se pueden cortar en decrecientes de 3 mm<\/li>\n<li style='margin-bottom: 5px;'><strong>Temperatura de operaci\u00f3n:<\/strong> -40 a 120\u00b0C<\/li>\n<li style='margin-bottom: 5px;'><strong>Protecci\u00f3n:<\/strong> EMI y prevenci\u00f3n de electricidad est\u00e1tica.<\/li>\n<li style='margin-bottom: 5px;'><strong>Grado de protecci\u00f3n:<\/strong> IP55<\/li>\n<\/ul><\/div>\n<\/p><\/div>\n<p> <!-- Separador --> <\/p>\n<hr style='border: 0; border-top: 1px solid rgba(150&comma; 150&comma; 150&comma; 0.3); margin: 30px 0;'> <!-- Secci\u00f3n de ejemplo de aplicaci\u00f3n --> <\/p>\n<div style='text-align: center; margin-bottom: 30px;'>\n<h3 style='font-size: 22px; margin-top: 0; margin-bottom: 20px; color: inherit; opacity: 0.8;'>Ejemplo de Aplicaci\u00f3n<\/h3>\n<p> <img style='width: 100%; max-width: 400px; height: auto; border: 1px solid rgba(150&comma;150&comma;150&comma;0.3); border-radius: 8px; display: inline-block;' src='https:\/\/ftp3.syscom.mx\/usuarios\/fotos\/PST1010ER\/220198-pst1010er-ad-5-p.png' alt='Ejemplo de Aplicaci\u00f3n'> <\/div>\n<\/p><\/div>\n","protected":false},"excerpt":{"rendered":"<p>Caja Derivaci\u00f3n-Conexi\u00f3n de Pl\u00e1stico (100 X 100 X 54 mm) con 7 Gl\u00e1ndulas de Goma. Para Instalaciones Comerciales, Residenciales e Industriales. Incluye Torniller\u00eda para su Tapa.<\/p>\n","protected":false},"featured_media":94679,"comment_status":"open","ping_status":"closed","template":"","meta":[],"product_brand":[],"product_cat":[688],"product_tag":[417,689,248],"class_list":{"0":"post-94680","1":"product","2":"type-product","3":"status-publish","4":"has-post-thumbnail","6":"product_cat-cajas-de-interconexion","7":"product_tag-accesorios-generales","8":"product_tag-cajas-de-interconexion","9":"product_tag-precision","11":"first","12":"instock","13":"sale","14":"shipping-taxable","15":"purchasable","16":"product-type-simple"},"_links":{"self":[{"href":"https:\/\/soydeaqui.ddns.net\/pachuca\/index.php\/wp-json\/wp\/v2\/product\/94680","targetHints":{"allow":["GET"]}}],"collection":[{"href":"https:\/\/soydeaqui.ddns.net\/pachuca\/index.php\/wp-json\/wp\/v2\/product"}],"about":[{"href":"https:\/\/soydeaqui.ddns.net\/pachuca\/index.php\/wp-json\/wp\/v2\/types\/product"}],"replies":[{"embeddable":true,"href":"https:\/\/soydeaqui.ddns.net\/pachuca\/index.php\/wp-json\/wp\/v2\/comments?post=94680"}],"wp:featuredmedia":[{"embeddable":true,"href":"https:\/\/soydeaqui.ddns.net\/pachuca\/index.php\/wp-json\/wp\/v2\/media\/94679"}],"wp:attachment":[{"href":"https:\/\/soydeaqui.ddns.net\/pachuca\/index.php\/wp-json\/wp\/v2\/media?parent=94680"}],"wp:term":[{"taxonomy":"product_brand","embeddable":true,"href":"https:\/\/soydeaqui.ddns.net\/pachuca\/index.php\/wp-json\/wp\/v2\/product_brand?post=94680"},{"taxonomy":"product_cat","embeddable":true,"href":"https:\/\/soydeaqui.ddns.net\/pachuca\/index.php\/wp-json\/wp\/v2\/product_cat?post=94680"},{"taxonomy":"product_tag","embeddable":true,"href":"https:\/\/soydeaqui.ddns.net\/pachuca\/index.php\/wp-json\/wp\/v2\/product_tag?post=94680"}],"curies":[{"name":"wp","href":"https:\/\/api.w.org\/{rel}","templated":true}]}}