{"id":94669,"date":"2026-03-20T06:55:33","date_gmt":"2026-03-20T06:55:33","guid":{"rendered":"https:\/\/soydeaqui.ddns.net\/pachuca\/index.php\/producto\/bateria-12v-35ah-para-respaldo-tecnologias-agm-vrla-5-anos-vida-util-terminales-nb3-reconocida-ul\/"},"modified":"2026-03-20T06:55:35","modified_gmt":"2026-03-20T06:55:35","slug":"bateria-12v-35ah-para-respaldo-tecnologias-agm-vrla-5-anos-vida-util-terminales-nb3-reconocida-ul","status":"publish","type":"product","link":"https:\/\/soydeaqui.ddns.net\/pachuca\/index.php\/producto\/bateria-12v-35ah-para-respaldo-tecnologias-agm-vrla-5-anos-vida-util-terminales-nb3-reconocida-ul\/","title":{"rendered":"Bater\u00eda 12V, 35AH, Para Respaldo, Tecnolog\u00edas AGM\/VRLA, 5 A\u00f1os Vida \u00datil, Terminales NB3, Reconocida UL"},"content":{"rendered":"<div style='width: 100%; max-width: 1200px; margin: 0 auto; font-family: sans-serif; line-height: 1.6; color: inherit; background-color: transparent;'>\n<div style='display: flex; flex-wrap: wrap; gap: 30px; margin-bottom: 30px;'>\n<div style='flex: 1 1 300px; min-width: 280px;'>\n<h3 style='font-size: 22px; border-bottom: 2px solid currentColor; padding-bottom: 5px; margin-top: 0; color: inherit; opacity: 0.8;'>Sobre la marca<\/h3>\n<p style='font-size: 15px; color: inherit; margin-bottom: 15px;'>Power Sonic ofrece una amplia gama de productos de bater\u00eda innovadores que incluyen tecnolog\u00edas de litio y \u00e1cido de plomo selladas. Esto garantiza que tengamos la bater\u00eda adecuada para satisfacer las demandas \u00fanicas de su aplicaci\u00f3n.<\/p>\n<p style='font-size: 15px; color: inherit;'>Power Sonic ha brindado soluciones de bater\u00edas seguras&comma; confiables y de calidad en todo el mundo durante m\u00e1s de 50 a\u00f1os. Nuestros productos de bater\u00eda est\u00e1n dise\u00f1ados y fabricados con los \u00faltimos equipos de \u00faltima generaci\u00f3n y est\u00e1n sujetos al control de calidad m\u00e1s estricto. Este proceso es clave para garantizar tanto la consistencia como la confiabilidad con cualquier producto que lleve el nombre de Power Sonic.<\/p>\n<\/p><\/div>\n<div style='flex: 1 1 300px; min-width: 280px;'>\n<h3 style='font-size: 22px; border-bottom: 2px solid currentColor; padding-bottom: 5px; margin-top: 0; color: inherit; opacity: 0.8;'>Sobre la serie PS<\/h3>\n<p style='font-size: 15px; color: inherit; margin-bottom: 15px;'>La serie PS de Power Sonic de bater\u00edas selladas de plomo-\u00e1cido se ha dise\u00f1ado con tecnolog\u00eda AGM (Absorbent Glass Mat) para garantizar un rendimiento y una fiabilidad superiores. Disponibles en 2&comma; 4&comma; 6 y 12 V con capacidades desde 0.8 a 260 AH. Con gran variedad de modelos&comma; es la primera opci\u00f3n para la industria de seguridad humana.<\/p>\n<h4 style='font-size: 18px; color: inherit; margin-top: 20px; margin-bottom: 10px;'>Caracter\u00edsticas generales<\/h4>\n<ul style='padding-left: 20px; font-size: 14px; color: inherit;'>\n<li style='margin-bottom: 5px;'>Bater\u00edas selladas de plomo \u00e1cido<\/li>\n<li style='margin-bottom: 5px;'>Dise\u00f1o de 5 a\u00f1os de vida \u00fatil<\/li>\n<li style='margin-bottom: 5px;'>Reconocida UL<\/li>\n<li style='margin-bottom: 5px;'>Tecnolog\u00eda VRLA (Bater\u00edas Regulated Lead Acid) para larga vida \u00fatil por liberaci\u00f3n de gases<\/li>\n<li style='margin-bottom: 5px;'>Tecnolog\u00eda AGM (Absorbent Glass Mat) para garantizar un rendimiento y una fiabilidad superiores<\/li>\n<li style='margin-bottom: 5px;'>Relaci\u00f3n de potencia y volumen que produce una densidad de energ\u00eda inigualable<\/li>\n<li style='margin-bottom: 5px;'>Libre de mantenimiento<\/li>\n<li style='margin-bottom: 5px;'>Recargables con cargadores VRLA<\/li>\n<li style='margin-bottom: 5px;'>Construcci\u00f3n a prueba de derrames regulada por v\u00e1lvula permite una operaci\u00f3n segura en cualquier orientaci\u00f3n (excepto el uso continuo invertido)<\/li>\n<li style='margin-bottom: 5px;'>Caja de ABS resistente a impactos y cubierta retardante de llama seg\u00fan UL94:HB y UL94:V0<\/li>\n<li style='margin-bottom: 5px;'>Baja tasa de descarga para una larga vida \u00fatil<\/li>\n<li style='margin-bottom: 5px;'>Certificado ISO 9001:2015<\/li>\n<\/ul><\/div>\n<\/p><\/div>\n<div style='display: flex; flex-wrap: wrap; gap: 30px; margin-bottom: 30px;'>\n<div style='flex: 1 1 300px; min-width: 280px;'>\n<h3 style='font-size: 22px; border-bottom: 2px solid currentColor; padding-bottom: 5px; margin-top: 0; color: inherit; opacity: 0.8;'>Especificaciones t\u00e9cnicas<\/h3>\n<ul style='padding-left: 20px; font-size: 14px; color: inherit;'>\n<li style='margin-bottom: 5px;'><strong>Dise\u00f1o:<\/strong> 5 a\u00f1os de vida \u00fatil<\/li>\n<li style='margin-bottom: 5px;'><strong>Reconocimiento:<\/strong> UL<\/li>\n<li style='margin-bottom: 5px;'><strong>Tipo de terminal:<\/strong> NB3<\/li>\n<li style='margin-bottom: 5px;'><strong>Voltaje Nominal:<\/strong> 12V<\/li>\n<li style='margin-bottom: 5px;'><strong>Capacidad @20HR:<\/strong> 35.00 AH<\/li>\n<li style='margin-bottom: 5px;'><strong>Capacidad @10HR:<\/strong> 33.00 AH<\/li>\n<li style='margin-bottom: 5px;'><strong>Peso:<\/strong> 10.5 kg\/23.15 lbs<\/li>\n<li style='margin-bottom: 5px;'><strong>Dimensiones:<\/strong> 7.68&#8217;\/195 mm Longitud x 5.12&#8217;\/130 mm Ancho x 6.46&#8217;\/164 mm Altura<\/li>\n<li style='margin-bottom: 5px;'><strong>Cargador recomendado:<\/strong> <a href='https:\/\/www.syscom.mx\/producto\/PSC-124000ACX-POWER-SONIC-218376.html' style='color: inherit; text-decoration: underline;' target='_blank'>PSC-124000ACX<\/a><\/li>\n<\/ul><\/div>\n<div style='flex: 1 1 300px; min-width: 280px;'>\n<h3 style='font-size: 22px; border-bottom: 2px solid currentColor; padding-bottom: 5px; margin-top: 0; color: inherit; opacity: 0.8;'>Aplicaciones<\/h3>\n<ul style='padding-left: 20px; font-size: 14px; color: inherit;'>\n<li style='margin-bottom: 5px;'>Sistemas de seguridad y emergencia<\/li>\n<li style='margin-bottom: 5px;'>Sistemas de control de acceso<\/li>\n<li style='margin-bottom: 5px;'>Sistemas de alarma<\/li>\n<li style='margin-bottom: 5px;'>Sistemas de detecci\u00f3n de incendio<\/li>\n<li style='margin-bottom: 5px;'>Muchas aplicaciones m\u00e1s<\/li>\n<\/ul><\/div>\n<\/p><\/div>\n<hr style='border: 0; border-top: 1px solid rgba(150&comma; 150&comma; 150&comma; 0.3); margin: 30px 0;'> <\/div>\n","protected":false},"excerpt":{"rendered":"<p>Bater\u00eda 12V, 35AH, Para Respaldo, Tecnolog\u00edas AGM\/VRLA, 5 A\u00f1os Vida \u00datil, Terminales NB3, Reconocida UL<\/p>\n","protected":false},"featured_media":94668,"comment_status":"open","ping_status":"closed","template":"","meta":[],"product_brand":[],"product_cat":[141],"product_tag":[143,142,236],"class_list":{"0":"post-94669","1":"product","2":"type-product","3":"status-publish","4":"has-post-thumbnail","6":"product_cat-baterias","7":"product_tag-baterias","8":"product_tag-energia","9":"product_tag-power-sonic","11":"first","12":"outofstock","13":"sale","14":"shipping-taxable","15":"purchasable","16":"product-type-simple"},"_links":{"self":[{"href":"https:\/\/soydeaqui.ddns.net\/pachuca\/index.php\/wp-json\/wp\/v2\/product\/94669","targetHints":{"allow":["GET"]}}],"collection":[{"href":"https:\/\/soydeaqui.ddns.net\/pachuca\/index.php\/wp-json\/wp\/v2\/product"}],"about":[{"href":"https:\/\/soydeaqui.ddns.net\/pachuca\/index.php\/wp-json\/wp\/v2\/types\/product"}],"replies":[{"embeddable":true,"href":"https:\/\/soydeaqui.ddns.net\/pachuca\/index.php\/wp-json\/wp\/v2\/comments?post=94669"}],"wp:featuredmedia":[{"embeddable":true,"href":"https:\/\/soydeaqui.ddns.net\/pachuca\/index.php\/wp-json\/wp\/v2\/media\/94668"}],"wp:attachment":[{"href":"https:\/\/soydeaqui.ddns.net\/pachuca\/index.php\/wp-json\/wp\/v2\/media?parent=94669"}],"wp:term":[{"taxonomy":"product_brand","embeddable":true,"href":"https:\/\/soydeaqui.ddns.net\/pachuca\/index.php\/wp-json\/wp\/v2\/product_brand?post=94669"},{"taxonomy":"product_cat","embeddable":true,"href":"https:\/\/soydeaqui.ddns.net\/pachuca\/index.php\/wp-json\/wp\/v2\/product_cat?post=94669"},{"taxonomy":"product_tag","embeddable":true,"href":"https:\/\/soydeaqui.ddns.net\/pachuca\/index.php\/wp-json\/wp\/v2\/product_tag?post=94669"}],"curies":[{"name":"wp","href":"https:\/\/api.w.org\/{rel}","templated":true}]}}