{"id":94667,"date":"2026-03-20T06:55:29","date_gmt":"2026-03-20T06:55:29","guid":{"rendered":"https:\/\/soydeaqui.ddns.net\/pachuca\/index.php\/producto\/kit-de-camara-de-bateria-recargable-y-panel-solar-wi-fi-almacenamiento-gratuito-en-memoria-interna-de-32-gb-incluye-1-pieza-de-cs-hb8-y-1-pieza-de-cs-cmt-solarpanel-e\/"},"modified":"2026-03-20T06:55:31","modified_gmt":"2026-03-20T06:55:31","slug":"kit-de-camara-de-bateria-recargable-y-panel-solar-wi-fi-almacenamiento-gratuito-en-memoria-interna-de-32-gb-incluye-1-pieza-de-cs-hb8-y-1-pieza-de-cs-cmt-solarpanel-e","status":"publish","type":"product","link":"https:\/\/soydeaqui.ddns.net\/pachuca\/index.php\/producto\/kit-de-camara-de-bateria-recargable-y-panel-solar-wi-fi-almacenamiento-gratuito-en-memoria-interna-de-32-gb-incluye-1-pieza-de-cs-hb8-y-1-pieza-de-cs-cmt-solarpanel-e\/","title":{"rendered":"Kit de C\u00e1mara de Bater\u00eda Recargable  y Panel Solar \/ Wi-Fi \/ Almacenamiento Gratuito en Memoria Interna de 32 GB \/ Incluye 1 pieza de CS-HB8 y 1 Pieza de CS-CMT-SOLARPANEL-E"},"content":{"rendered":"<div style='width: 100%; max-width: 1200px; margin: 0 auto; font-family: sans-serif; line-height: 1.6; color: inherit; background-color: transparent;'> <!-- Banner promocional --> <\/p>\n<div style='width: 100%; margin-bottom: 20px;'> <a href='#link' target='_blank' rel='noopener' style='display: block;'> <img style='width: 100%; height: auto; border: 1px solid rgba(150&comma;150&comma;150&comma;0.3); border-radius: 8px;' src='https:\/\/ftp3.syscom.mx\/usuarios\/rcovarrubias\/EZVIZ\/Bannerspag\/SerieH.png' alt='Banner promocional'> <\/a> <\/div>\n<p> <!-- Contenido principal en grid --> <\/p>\n<div style='display: grid; grid-template-columns: repeat(auto-fill&comma; minmax(300px&comma; 1fr)); gap: 30px; margin-bottom: 30px;'> <!-- Secci\u00f3n de contenido 1 --> <\/p>\n<div style='background-color: transparent;'>\n<h3 style='font-size: 22px; border-bottom: 2px solid currentColor; padding-bottom: 5px; margin-top: 0; color: inherit; opacity: 0.8;'>Caracter\u00edsticas principales:<\/h3>\n<p style='margin-top: 0;'><strong>El kit incluye:<\/strong><\/p>\n<ul style='padding-left: 20px; font-size: 15px; color: inherit;'>\n<li style='margin-bottom: 5px;'>1 C\u00e1mara de bater\u00eda recargable <strong><a style='color: inherit; text-decoration: underline;' href='https:\/\/www.syscom.mx\/producto\/CS-HB8-EZVIZ-215090.html'>CS-HB8<\/a><\/strong><\/li>\n<li style='margin-bottom: 5px;'>1 Panel solar <a style='color: inherit; text-decoration: underline;' href='https:\/\/www.syscom.mx\/producto\/CS-CMTSOLARPANEL-E-EZVIZ-221351.html'>CS-CMTSOLARPANEL-E<\/a><\/li>\n<\/ul><\/div>\n<p> <!-- Secci\u00f3n de contenido 2 --> <\/p>\n<div style='background-color: transparent;'>\n<h3 style='font-size: 22px; border-bottom: 2px solid currentColor; padding-bottom: 5px; margin-top: 0; color: inherit; opacity: 0.8;'>Caracter\u00edsticas F\u00edsicas y El\u00e9ctricas:<\/h3>\n<ul style='padding-left: 20px; font-size: 15px; color: inherit;'>\n<li style='margin-bottom: 5px;'>Alimentaci\u00f3n de la c\u00e1mara: 5 Vcc \/ 5W<\/li>\n<li style='margin-bottom: 5px;'>Material: Metal<\/li>\n<li style='margin-bottom: 5px;'><strong>La c\u00e1mara solo incluye cable USB&comma; fuente recomendada <a style='color: inherit; text-decoration: underline;' href='https:\/\/www.syscom.mx\/producto\/PLUSB1000V-EPCOM-POWERLINE-193143.html'>PLUSB1000V<\/a><\/strong><\/li>\n<li style='margin-bottom: 5px;'><strong>El cable del panel solar es de 3.9 metros para conexi\u00f3n a la c\u00e1mara<\/strong><\/li>\n<li style='margin-bottom: 5px;'><strong>La entrada de alimentaci\u00f3n de la c\u00e1mara es micro USB&comma; el panel solar incluye adaptador de C a micro USB para conectar la c\u00e1mara<\/strong><\/li>\n<\/ul><\/div>\n<p> <!-- Secci\u00f3n de contenido 3 --> <\/p>\n<div style='background-color: transparent;'>\n<h3 style='font-size: 22px; border-bottom: 2px solid currentColor; padding-bottom: 5px; margin-top: 0; color: inherit; opacity: 0.8;'>Caracter\u00edsticas Destacadas:<\/h3>\n<ul style='padding-left: 20px; font-size: 15px; color: inherit;'>\n<li style='margin-bottom: 5px;'>Licencias para grabaci\u00f3n en nube: <a style='color: inherit; text-decoration: underline;' href='https:\/\/www.syscom.mx\/producto\/EZ-CLOUD-7A-EZVIZ-207807.html'>EZ-CLOUD\/7A<\/a>&comma; <a style='color: inherit; text-decoration: underline;' href='https:\/\/www.syscom.mx\/producto\/EZ-CLOUD-30A-EZVIZ-207809.html'>EZ-CLOUD\/30A<\/a><\/li>\n<li style='margin-bottom: 5px;'>Tambi\u00e9n puede contratar nube en la App de EZVIZ<\/li>\n<\/ul>\n<h4 style='margin-top: 20px; margin-bottom: 10px; font-size: 18px; color: inherit; opacity: 0.8;'>Notas:<\/h4>\n<ul style='padding-left: 20px; font-size: 15px; color: inherit; list-style-type: square;'>\n<li style='margin-bottom: 5px; color: #e74c3c;'><strong>Configuraci\u00f3n \u00fanicamente mediante aplicaci\u00f3n EZVIZ<\/strong><\/li>\n<li style='margin-bottom: 5px; color: #e74c3c;'><strong>Cargue la bater\u00eda de su c\u00e1mara al 100% con el transformador antes de instalar<\/strong><\/li>\n<li style='margin-bottom: 5px; color: #e74c3c;'><strong>Graba solo por movimiento para mejorar el rendimiento de la bater\u00eda<\/strong><\/li>\n<li style='margin-bottom: 5px; color: #e74c3c;'><strong>La duraci\u00f3n de la bater\u00eda puede variar seg\u00fan frecuencia de activaci\u00f3n por movimiento&comma; notificaciones&comma; etc.<\/strong><\/li>\n<li style='margin-bottom: 5px; color: #e74c3c;'><strong>Utilice el panel solar para mantener la bater\u00eda siempre cargada<\/strong><\/li>\n<li style='margin-bottom: 5px; color: #e74c3c;'><strong>Las c\u00e1maras de bater\u00eda no se pueden agregar al DVR \/ NVR por su mecanismo de ahorro de energ\u00eda<\/strong><\/li>\n<\/ul><\/div>\n<\/p><\/div>\n<p> <!-- Im\u00e1genes adicionales --> <\/p>\n<div style='display: flex; flex-wrap: wrap; gap: 20px; margin-top: 30px;'>\n<div style='flex: 1 1 300px; min-width: 280px;'> <img style='width: 100%; height: auto; border: 1px solid rgba(150&comma;150&comma;150&comma;0.3); border-radius: 8px;' src='https:\/\/ftp3.syscom.mx\/usuarios\/rcovarrubias\/EZVIZ\/IMAGENES\/HB8\/hb8panel.png' alt='Panel solar con c\u00e1mara'> <\/div>\n<div style='flex: 1 1 300px; min-width: 280px;'> <img style='width: 100%; height: auto; border: 1px solid rgba(150&comma;150&comma;150&comma;0.3); border-radius: 8px;' src='https:\/\/ftp3.syscom.mx\/usuarios\/rcovarrubias\/EZVIZ\/Manual%20esp-ing\/CS-HB8\/hb8%20memoria.png' alt='Almacenamiento interno'> <\/div>\n<\/p><\/div>\n<\/p><\/div>\n","protected":false},"excerpt":{"rendered":"<p>Kit de C\u00e1mara de Bater\u00eda Recargable  y Panel Solar \/ Wi-Fi \/ Almacenamiento Gratuito en Memoria Interna de 32 GB \/ Incluye 1 pieza de CS-HB8 y 1 Pieza de CS-CMT-SOLARPANEL-E<\/p>\n","protected":false},"featured_media":94666,"comment_status":"open","ping_status":"closed","template":"","meta":[],"product_brand":[],"product_cat":[2231],"product_tag":[111,2233,2232],"class_list":{"0":"post-94667","1":"product","2":"type-product","3":"status-publish","4":"has-post-thumbnail","6":"product_cat-ip-megapixel","7":"product_tag-ezviz","8":"product_tag-ip-megapixel","9":"product_tag-kits-sistemas-completos","11":"first","12":"outofstock","13":"sale","14":"shipping-taxable","15":"purchasable","16":"product-type-simple"},"_links":{"self":[{"href":"https:\/\/soydeaqui.ddns.net\/pachuca\/index.php\/wp-json\/wp\/v2\/product\/94667","targetHints":{"allow":["GET"]}}],"collection":[{"href":"https:\/\/soydeaqui.ddns.net\/pachuca\/index.php\/wp-json\/wp\/v2\/product"}],"about":[{"href":"https:\/\/soydeaqui.ddns.net\/pachuca\/index.php\/wp-json\/wp\/v2\/types\/product"}],"replies":[{"embeddable":true,"href":"https:\/\/soydeaqui.ddns.net\/pachuca\/index.php\/wp-json\/wp\/v2\/comments?post=94667"}],"wp:featuredmedia":[{"embeddable":true,"href":"https:\/\/soydeaqui.ddns.net\/pachuca\/index.php\/wp-json\/wp\/v2\/media\/94666"}],"wp:attachment":[{"href":"https:\/\/soydeaqui.ddns.net\/pachuca\/index.php\/wp-json\/wp\/v2\/media?parent=94667"}],"wp:term":[{"taxonomy":"product_brand","embeddable":true,"href":"https:\/\/soydeaqui.ddns.net\/pachuca\/index.php\/wp-json\/wp\/v2\/product_brand?post=94667"},{"taxonomy":"product_cat","embeddable":true,"href":"https:\/\/soydeaqui.ddns.net\/pachuca\/index.php\/wp-json\/wp\/v2\/product_cat?post=94667"},{"taxonomy":"product_tag","embeddable":true,"href":"https:\/\/soydeaqui.ddns.net\/pachuca\/index.php\/wp-json\/wp\/v2\/product_tag?post=94667"}],"curies":[{"name":"wp","href":"https:\/\/api.w.org\/{rel}","templated":true}]}}