{"id":94634,"date":"2026-03-20T06:53:58","date_gmt":"2026-03-20T06:53:58","guid":{"rendered":"https:\/\/soydeaqui.ddns.net\/pachuca\/index.php\/producto\/probador-de-video-prueba-de-camara-analogica-prueba-de-camara-ip-soporta-onvif-4k-h-264-y-h-265-tvi-de-8-mp-cvi-de-8-mp-ahd-de-8-mp-entrada-vga-soporta-1920x1200p-60fps-entrada-hdmi-s\/"},"modified":"2026-03-20T06:53:59","modified_gmt":"2026-03-20T06:53:59","slug":"probador-de-video-prueba-de-camara-analogica-prueba-de-camara-ip-soporta-onvif-4k-h-264-y-h-265-tvi-de-8-mp-cvi-de-8-mp-ahd-de-8-mp-entrada-vga-soporta-1920x1200p-60fps-entrada-hdmi-s","status":"publish","type":"product","link":"https:\/\/soydeaqui.ddns.net\/pachuca\/index.php\/producto\/probador-de-video-prueba-de-camara-analogica-prueba-de-camara-ip-soporta-onvif-4k-h-264-y-h-265-tvi-de-8-mp-cvi-de-8-mp-ahd-de-8-mp-entrada-vga-soporta-1920x1200p-60fps-entrada-hdmi-s\/","title":{"rendered":"Probador de V\u00eddeo \/ Prueba de c\u00e1mara anal\u00f3gica \/ Prueba de c\u00e1mara IP\/ Soporta ONVIF, 4K, H.264 y H.265 \/ TVI de 8 MP, CVI de 8 MP, AHD de 8 MP \/ Entrada VGA, soporta 1920x1200P 60FPS \/ Entrada HDMI, soporta 4K 30FPS"},"content":{"rendered":"<div style='width: 100%; max-width: 1200px; margin: 0 auto; font-family: sans-serif; line-height: 1.6; color: inherit; background-color: transparent;'>\n<div style='display: flex; flex-wrap: wrap; gap: 30px; margin-bottom: 30px;'>\n<div style='flex: 1 1 300px; min-width: 280px;'>\n<h3 style='font-size: 22px; border-bottom: 2px solid currentColor; padding-bottom: 5px; margin-top: 0; color: inherit; opacity: 0.8;'>Caracter\u00edsticas<\/h3>\n<ul style='padding-left: 20px; font-size: 15px; color: inherit;'>\n<li style='margin-bottom: 5px;'>Pantalla t\u00e1ctil IPS de 5&comma;4 pulgadas&comma; resoluci\u00f3n de 1920 x 1152<\/li>\n<li style='margin-bottom: 5px;'>H.265 y H.264 IP&comma; visualizaci\u00f3n de video 4K a trav\u00e9s de la corriente principal<\/li>\n<li style='margin-bottom: 5px;'>Prueba de c\u00e1mara TVI de 8MP&comma; 3840 x 2160P 12.5\/15 FPS&comma; zoom 4x&comma; grabaci\u00f3n y reproducci\u00f3n de video&comma; control PTZ coaxial y men\u00fa OSD de llamada<\/li>\n<li style='margin-bottom: 5px;'>Prueba de c\u00e1mara AHD de 8MP&comma; 3840x2160P 15 FPS&comma; zoom 4x&comma; grabaci\u00f3n y reproducci\u00f3n de video&comma; PTZ coaxial y men\u00fa OSD de llamada<\/li>\n<li style='margin-bottom: 5px;'>Prueba de c\u00e1mara CVI de 8MP&comma; 3840 x 2160P 12.5\/15FPS&comma; 4x zoom&comma; grabaci\u00f3n y reproducci\u00f3n de video&comma; PTZ coaxial y men\u00fa OSD de llamada<\/li>\n<li style='margin-bottom: 5px;'>Aplicaci\u00f3n HD autom\u00e1tica&comma; reconocimiento autom\u00e1tico del tipo de c\u00e1mara coaxial HD y resoluci\u00f3n&comma; instant\u00e1nea de soporte&comma; grabaci\u00f3n y reproducci\u00f3n de video&comma; PTZ coaxial y men\u00fa OSD de llamada<\/li>\n<li style='margin-bottom: 5px;'>Entrada VGA&comma; hasta 1920 x 1200P 60FPS&comma; admite instant\u00e1neas&comma; grabaci\u00f3n y reproducci\u00f3n de video<\/li>\n<li style='margin-bottom: 5px;'>Entrada HDMI&comma; hasta 4K 30FPS&comma; admite instant\u00e1neas&comma; grabaci\u00f3n y reproducci\u00f3n de video<\/li>\n<li style='margin-bottom: 5px;'>ONVIF r\u00e1pido&comma; inicio de sesi\u00f3n autom\u00e1tico y visualizaci\u00f3n de imagen&comma; creaci\u00f3n de informe de prueba<\/li>\n<li style='margin-bottom: 5px;'>IPC test pro&comma; escanea autom\u00e1ticamente todos los segmentos de la red IP&comma; abre autom\u00e1ticamente la alimentaci\u00f3n PoE y muestra la alimentaci\u00f3n. Ingrese el nombre de usuario y la contrase\u00f1a&comma; puede escanear la c\u00e1mara imagen&comma; puede activar por lotes las c\u00e1maras HIKVISION y Dahua. Ir a la interfaz ONVIF y herramientas de prueba<\/li>\n<li style='margin-bottom: 5px;'>Axis&comma; prueba de c\u00e1mara Hikvision&comma; ingrese a la aplicaci\u00f3n ONVIF&comma; ingrese el nombre de usuario y la contrase\u00f1a para probar<\/li>\n<li style='margin-bottom: 5px;'>Herramienta de prueba de Hikvision&comma; soporte por lotes para activar c\u00e1maras Hikvision y modificar la direcci\u00f3n IP&comma; modificar la contrase\u00f1a&comma; etc. Nombre de canal de modificaci\u00f3n autodefinido&comma; puede cambiar r\u00e1pidamente el video H.264 y H.265&comma; abrir el modo din\u00e1mico amplio. Restauraci\u00f3n de f\u00e1brica&comma; etc.<\/li>\n<li style='margin-bottom: 5px;'>Herramienta de prueba Dahua&comma; soporte por lotes para activar c\u00e1maras Dahua y modificar direcci\u00f3n IP&comma; nombre de usuario y contrase\u00f1a. Nombre de canal de modificaci\u00f3n autodefinido.<\/li>\n<li style='margin-bottom: 5px;'>Imagen de pantalla anal\u00f3gica e IP al mismo tiempo<\/li>\n<\/ul><\/div>\n<\/p><\/div>\n<\/p><\/div>\n","protected":false},"excerpt":{"rendered":"<p>Probador de V\u00eddeo \/ Prueba de c\u00e1mara anal\u00f3gica \/ Prueba de c\u00e1mara IP\/ Soporta ONVIF, 4K, H.264 y H.265 \/ TVI de 8 MP, CVI de 8 MP, AHD de 8 MP \/ Entrada VGA, soporta 1920x1200P 60FPS \/ Entrada HDMI, soporta 4K 30FPS<\/p>\n","protected":false},"featured_media":94633,"comment_status":"open","ping_status":"closed","template":"","meta":[],"product_brand":[],"product_cat":[2283],"product_tag":[417,935,2284],"class_list":{"0":"post-94634","1":"product","2":"type-product","3":"status-publish","4":"has-post-thumbnail","6":"product_cat-probadores-de-video","7":"product_tag-accesorios-generales","8":"product_tag-epcom","9":"product_tag-probadores-de-video","11":"first","12":"outofstock","13":"sale","14":"shipping-taxable","15":"purchasable","16":"product-type-simple"},"_links":{"self":[{"href":"https:\/\/soydeaqui.ddns.net\/pachuca\/index.php\/wp-json\/wp\/v2\/product\/94634","targetHints":{"allow":["GET"]}}],"collection":[{"href":"https:\/\/soydeaqui.ddns.net\/pachuca\/index.php\/wp-json\/wp\/v2\/product"}],"about":[{"href":"https:\/\/soydeaqui.ddns.net\/pachuca\/index.php\/wp-json\/wp\/v2\/types\/product"}],"replies":[{"embeddable":true,"href":"https:\/\/soydeaqui.ddns.net\/pachuca\/index.php\/wp-json\/wp\/v2\/comments?post=94634"}],"wp:featuredmedia":[{"embeddable":true,"href":"https:\/\/soydeaqui.ddns.net\/pachuca\/index.php\/wp-json\/wp\/v2\/media\/94633"}],"wp:attachment":[{"href":"https:\/\/soydeaqui.ddns.net\/pachuca\/index.php\/wp-json\/wp\/v2\/media?parent=94634"}],"wp:term":[{"taxonomy":"product_brand","embeddable":true,"href":"https:\/\/soydeaqui.ddns.net\/pachuca\/index.php\/wp-json\/wp\/v2\/product_brand?post=94634"},{"taxonomy":"product_cat","embeddable":true,"href":"https:\/\/soydeaqui.ddns.net\/pachuca\/index.php\/wp-json\/wp\/v2\/product_cat?post=94634"},{"taxonomy":"product_tag","embeddable":true,"href":"https:\/\/soydeaqui.ddns.net\/pachuca\/index.php\/wp-json\/wp\/v2\/product_tag?post=94634"}],"curies":[{"name":"wp","href":"https:\/\/api.w.org\/{rel}","templated":true}]}}