{"id":94632,"date":"2026-03-20T06:53:54","date_gmt":"2026-03-20T06:53:54","guid":{"rendered":"https:\/\/soydeaqui.ddns.net\/pachuca\/index.php\/producto\/adaptador-de-red-usb-a-3-0-a-rj45-admite-10-100-1000-mbps-caja-de-aluminio-longitud-del-cable-10-cm\/"},"modified":"2026-03-20T06:53:55","modified_gmt":"2026-03-20T06:53:55","slug":"adaptador-de-red-usb-a-3-0-a-rj45-admite-10-100-1000-mbps-caja-de-aluminio-longitud-del-cable-10-cm","status":"publish","type":"product","link":"https:\/\/soydeaqui.ddns.net\/pachuca\/index.php\/producto\/adaptador-de-red-usb-a-3-0-a-rj45-admite-10-100-1000-mbps-caja-de-aluminio-longitud-del-cable-10-cm\/","title":{"rendered":"Adaptador de Red USB-A 3.0 a RJ45 \/Admite 10\/100\/1000 Mbps \/ Caja de Aluminio \/ Longitud del cable 10 cm"},"content":{"rendered":"<div style='width: 100%; max-width: 1200px; margin: 0 auto; font-family: sans-serif; line-height: 1.6; color: inherit; background-color: transparent;'> <!-- Im\u00e1genes --> <\/p>\n<div style='display: flex; flex-wrap: wrap; gap: 15px; margin-bottom: 30px;'>\n<div style='flex: 1 1 300px; min-width: 280px;'> <img style='width: 100%; height: auto; border: 1px solid rgba(150&comma;150&comma;150&comma;0.3); border-radius: 8px;' src='http:\/\/ftp3.syscom.mx\/usuarios\/hallende\/UGREEN2\/Estaciones%20de%20acoplamiento\/50992\/50992-10.jpg' alt=''> <\/div>\n<div style='flex: 1 1 300px; min-width: 280px;'> <img style='width: 100%; height: auto; border: 1px solid rgba(150&comma;150&comma;150&comma;0.3); border-radius: 8px;' src='http:\/\/ftp3.syscom.mx\/usuarios\/hallende\/UGREEN2\/Estaciones%20de%20acoplamiento\/50992\/50992-11.jpg' alt=''> <\/div>\n<div style='flex: 1 1 300px; min-width: 280px;'> <img style='width: 100%; height: auto; border: 1px solid rgba(150&comma;150&comma;150&comma;0.3); border-radius: 8px;' src='http:\/\/ftp3.syscom.mx\/usuarios\/hallende\/UGREEN2\/Estaciones%20de%20acoplamiento\/50992\/50992-20.jpg' alt=''> <\/div>\n<\/p><\/div>\n<p> <!-- Secci\u00f3n de caracter\u00edsticas principales --> <\/p>\n<div style='display: grid; grid-template-columns: repeat(auto-fill&comma; minmax(250px&comma; 1fr)); gap: 20px; margin-bottom: 30px;'>\n<div style='border: 1px solid rgba(150&comma;150&comma;150&comma;0.4); border-radius: 8px; padding: 15px;'>\n<h3 style='font-size: 18px; margin-top: 0; margin-bottom: 10px; color: inherit; opacity: 0.8;'>Caracter\u00edsticas Principales<\/h3>\n<ul style='padding-left: 20px; margin: 0; font-size: 14px; color: inherit; list-style-type: disc;'>\n<li style='margin-bottom: 5px;'>Entrada USB-A 3.0 para conexi\u00f3n r\u00e1pida<\/li>\n<li style='margin-bottom: 5px;'>Puerto Ethernet Gigabit para alta velocidad<\/li>\n<li style='margin-bottom: 5px;'>Velocidad USB 3.0 de hasta 5 Gbps<\/li>\n<li style='margin-bottom: 5px;'>Caja de aluminio para mayor durabilidad<\/li>\n<li style='margin-bottom: 5px;'>Longitud del cable: 10 cm compacto<\/li>\n<\/ul><\/div>\n<\/p><\/div>\n<p> <!-- Secci\u00f3n de especificaciones t\u00e9cnicas --> <\/p>\n<div style='display: flex; flex-wrap: wrap; gap: 20px; margin-bottom: 30px;'>\n<div style='flex: 1 1 250px; border: 1px solid rgba(150&comma; 150&comma; 150&comma; 0.4); border-radius: 8px; overflow: hidden; display: flex; flex-direction: column;'>\n<div style='padding: 15px; border-bottom: 1px solid rgba(150&comma; 150&comma; 150&comma; 0.2); font-weight: bold; font-size: 18px; color: inherit;'>Especificaciones T\u00e9cnicas<\/div>\n<div style='padding: 15px; color: inherit;'>\n<ul style='padding-left: 20px; margin: 0; font-size: 14px; list-style-type: disc;'>\n<li style='margin-bottom: 5px;'><strong>Conector de entrada:<\/strong> USB-A 3.0 macho<\/li>\n<li style='margin-bottom: 5px;'><strong>Conector de salida:<\/strong> Puerto Ethernet Gigabit RJ45<\/li>\n<li style='margin-bottom: 5px;'><strong>Velocidad USB:<\/strong> Hasta 5Gbps<\/li>\n<li style='margin-bottom: 5px;'><strong>Velocidad Ethernet:<\/strong> 10\/100\/1000Mbps<\/li>\n<li style='margin-bottom: 5px;'><strong>Tipo de carcasa:<\/strong> Aluminio anodizado<\/li>\n<li style='margin-bottom: 5px;'><strong>Longitud del cable:<\/strong> 10 cm<\/li>\n<li style='margin-bottom: 5px;'><strong>Dimensiones:<\/strong> 57 x 23.8 x 15.8 mm<\/li>\n<li style='margin-bottom: 5px;'><strong>Chipset:<\/strong> AX88179<\/li>\n<\/ul><\/div>\n<\/p><\/div>\n<p> <!-- Secci\u00f3n de compatibilidad --> <\/p>\n<div style='flex: 1 1 250px; border: 1px solid rgba(150&comma; 150&comma; 150&comma; 0.4); border-radius: 8px; overflow: hidden; display: flex; flex-direction: column;'>\n<div style='padding: 15px; border-bottom: 1px solid rgba(150&comma; 150&comma; 150&comma; 0.2); font-weight: bold; font-size: 18px; color: inherit;'>Compatibilidad<\/div>\n<div style='padding: 15px; color: inherit;'>\n<ul style='padding-left: 20px; margin: 0; font-size: 14px; list-style-type: disc;'>\n<li style='margin-bottom: 5px;'>Windows 11\/10\/8.1\/8\/7\/Vista\/XP<\/li>\n<li style='margin-bottom: 5px;'>Mac OS 10.6\/10.7\/10.8\/10.9\/10.10\/10.11\/10.12<\/li>\n<li style='margin-bottom: 5px;'>Linux<\/li>\n<li style='margin-bottom: 5px;'>Chrome OS<\/li>\n<li style='margin-bottom: 5px;'>Nintendo Switch<\/li>\n<li style='margin-bottom: 5px;'>No compatible: Windows RT&comma; Android<\/li>\n<\/ul><\/div>\n<\/p><\/div>\n<p> <!-- Secci\u00f3n de caracter\u00edsticas avanzadas --> <\/p>\n<div style='flex: 1 1 250px; border: 1px solid rgba(150&comma; 150&comma; 150&comma; 0.4); border-radius: 8px; overflow: hidden; display: flex; flex-direction: column;'>\n<div style='padding: 15px; border-bottom: 1px solid rgba(150&comma; 150&comma; 150&comma; 0.2); font-weight: bold; font-size: 18px; color: inherit;'>Caracter\u00edsticas Avanzadas<\/div>\n<div style='padding: 15px; color: inherit;'>\n<ul style='padding-left: 20px; margin: 0; font-size: 14px; list-style-type: disc;'>\n<li style='margin-bottom: 5px;'>Control de flujo para modo full duplex y semi duplex<\/li>\n<li style='margin-bottom: 5px;'>Detecci\u00f3n de cruce y correcci\u00f3n autom\u00e1tica<\/li>\n<li style='margin-bottom: 5px;'>Activaci\u00f3n de LAN y VLAN<\/li>\n<li style='margin-bottom: 5px;'>Compatibilidad con IEEE 802.3&comma; 802.3u y 802.3ab<\/li>\n<li style='margin-bottom: 5px;'>Indicadores LED de estado<\/li>\n<\/ul><\/div>\n<\/p><\/div>\n<\/p><\/div>\n<p> <!-- Secci\u00f3n de aplicaciones --> <\/p>\n<div style='display: flex; flex-wrap: wrap; gap: 20px; margin-bottom: 30px;'>\n<div style='flex: 1 1 250px; border: 1px solid rgba(150&comma; 150&comma; 150&comma; 0.4); border-radius: 8px; overflow: hidden; display: flex; flex-direction: column;'>\n<div style='padding: 15px; border-bottom: 1px solid rgba(150&comma; 150&comma; 150&comma; 0.2); font-weight: bold; font-size: 18px; color: inherit;'>Aplicaciones<\/div>\n<div style='padding: 15px; color: inherit;'>\n<ul style='padding-left: 20px; margin: 0; font-size: 14px; list-style-type: disc;'>\n<li style='margin-bottom: 5px;'>Conexi\u00f3n a redes Ethernet para dispositivos sin puerto RJ45<\/li>\n<li style='margin-bottom: 5px;'>Mejora de conexi\u00f3n para dispositivos con puerto Ethernet anticuado<\/li>\n<li style='margin-bottom: 5px;'>Ideal para juegos en l\u00ednea con conexi\u00f3n estable<\/li>\n<li style='margin-bottom: 5px;'>Transmisi\u00f3n de video en alta definici\u00f3n<\/li>\n<li style='margin-bottom: 5px;'>Transferencia de datos a alta velocidad<\/li>\n<\/ul><\/div>\n<\/p><\/div>\n<\/p><\/div>\n<p> <!-- Separador --> <\/p>\n<hr style='border: 0; border-top: 1px solid rgba(150&comma; 150&comma; 150&comma; 0.3); margin: 30px 0;'> <!-- Garant\u00eda --> <\/p>\n<div style='margin-bottom: 30px;'>\n<h3 style='font-size: 18px; border-bottom: 2px solid currentColor; padding-bottom: 5px; margin-top: 0; color: inherit; opacity: 0.8;'>Garant\u00eda<\/h3>\n<p style='font-size: 14px; color: inherit; margin-bottom: 10px;'>1 A\u00f1o de Garant\u00eda por defectos de fabricaci\u00f3n<\/p>\n<\/p><\/div>\n<\/p><\/div>\n","protected":false},"excerpt":{"rendered":"<p>Adaptador de Red USB-A 3.0 a RJ45 \/Admite 10\/100\/1000 Mbps \/ Caja de Aluminio \/ Longitud del cable 10 cm<\/p>\n","protected":false},"featured_media":94631,"comment_status":"open","ping_status":"closed","template":"","meta":[],"product_brand":[],"product_cat":[1235],"product_tag":[417,1236,650],"class_list":{"0":"post-94632","1":"product","2":"type-product","3":"status-publish","4":"has-post-thumbnail","6":"product_cat-accesorios-para-computadora-y-smartphones","7":"product_tag-accesorios-generales","8":"product_tag-accesorios-para-computadora-y-smartphones","9":"product_tag-ugreen","11":"first","12":"instock","13":"sale","14":"shipping-taxable","15":"purchasable","16":"product-type-simple"},"_links":{"self":[{"href":"https:\/\/soydeaqui.ddns.net\/pachuca\/index.php\/wp-json\/wp\/v2\/product\/94632","targetHints":{"allow":["GET"]}}],"collection":[{"href":"https:\/\/soydeaqui.ddns.net\/pachuca\/index.php\/wp-json\/wp\/v2\/product"}],"about":[{"href":"https:\/\/soydeaqui.ddns.net\/pachuca\/index.php\/wp-json\/wp\/v2\/types\/product"}],"replies":[{"embeddable":true,"href":"https:\/\/soydeaqui.ddns.net\/pachuca\/index.php\/wp-json\/wp\/v2\/comments?post=94632"}],"wp:featuredmedia":[{"embeddable":true,"href":"https:\/\/soydeaqui.ddns.net\/pachuca\/index.php\/wp-json\/wp\/v2\/media\/94631"}],"wp:attachment":[{"href":"https:\/\/soydeaqui.ddns.net\/pachuca\/index.php\/wp-json\/wp\/v2\/media?parent=94632"}],"wp:term":[{"taxonomy":"product_brand","embeddable":true,"href":"https:\/\/soydeaqui.ddns.net\/pachuca\/index.php\/wp-json\/wp\/v2\/product_brand?post=94632"},{"taxonomy":"product_cat","embeddable":true,"href":"https:\/\/soydeaqui.ddns.net\/pachuca\/index.php\/wp-json\/wp\/v2\/product_cat?post=94632"},{"taxonomy":"product_tag","embeddable":true,"href":"https:\/\/soydeaqui.ddns.net\/pachuca\/index.php\/wp-json\/wp\/v2\/product_tag?post=94632"}],"curies":[{"name":"wp","href":"https:\/\/api.w.org\/{rel}","templated":true}]}}