{"id":94628,"date":"2026-03-20T06:53:46","date_gmt":"2026-03-20T06:53:46","guid":{"rendered":"https:\/\/soydeaqui.ddns.net\/pachuca\/index.php\/producto\/probador-de-video-de-muneca-soporta-onvif-8k-h-264-y-h-265-tvi-de-8-mp-cvi-de-8-mp-y-ahd-de-8-mp-salida-de-energia-dc12v-3a-48v-poe-25-5w-admite-rs485-prueba-de-audio-tvi-5-0-prueba\/"},"modified":"2026-03-20T06:53:47","modified_gmt":"2026-03-20T06:53:47","slug":"probador-de-video-de-muneca-soporta-onvif-8k-h-264-y-h-265-tvi-de-8-mp-cvi-de-8-mp-y-ahd-de-8-mp-salida-de-energia-dc12v-3a-48v-poe-25-5w-admite-rs485-prueba-de-audio-tvi-5-0-prueba","status":"publish","type":"product","link":"https:\/\/soydeaqui.ddns.net\/pachuca\/index.php\/producto\/probador-de-video-de-muneca-soporta-onvif-8k-h-264-y-h-265-tvi-de-8-mp-cvi-de-8-mp-y-ahd-de-8-mp-salida-de-energia-dc12v-3a-48v-poe-25-5w-admite-rs485-prueba-de-audio-tvi-5-0-prueba\/","title":{"rendered":"Probador de V\u00eddeo de mu\u00f1eca \/ Soporta ONVIF, 8K, H.264 y H.265 \/ TVI de 8 MP, CVI de 8 MP, y  AHD de 8 MP \/ Salida de energ\u00eda  DC12V 3A, 48V PoE 25.5W \/ Admite RS485 \/ Prueba de audio TVI 5.0 \/ Prueba de cable UTP, RJ45 TDR"},"content":{"rendered":"<div style='width: 100%; max-width: 1200px; margin: 0 auto; font-family: sans-serif; line-height: 1.6; color: inherit; background-color: transparent;'> <!-- Secci\u00f3n de caracter\u00edsticas principales --> <\/p>\n<div style='display: flex; flex-wrap: wrap; gap: 30px; margin-bottom: 30px;'>\n<div style='flex: 1 1 300px; min-width: 280px;'>\n<h3 style='font-size: 22px; border-bottom: 2px solid currentColor; padding-bottom: 5px; margin-top: 0; color: inherit; opacity: 0.8;'>Caracter\u00edsticas principales<\/h3>\n<ul style='padding-left: 20px; font-size: 15px; color: inherit;'>\n<li style='margin-bottom: 5px;'>Pantalla t\u00e1ctil IPS de 4 pulgadas con resoluci\u00f3n 960*640<\/li>\n<li style='margin-bottom: 5px;'>Soporte para prueba de c\u00e1maras anal\u00f3gicas y IP (ONVIF&comma; 8K&comma; H.264 y H.265)<\/li>\n<li style='margin-bottom: 5px;'>Prueba de c\u00e1maras TVI&comma; CVI y AHD de 8MP<\/li>\n<li style='margin-bottom: 5px;'>Salida de energ\u00eda DC12V 3A y 48V PoE 25.5W<\/li>\n<li style='margin-bottom: 5px;'>Dise\u00f1o ergon\u00f3mico de mu\u00f1eca<\/li>\n<li style='margin-bottom: 5px;'>Soporte para prueba de cable UTP y RJ45 TDR<\/li>\n<\/ul><\/div>\n<\/p><\/div>\n<p> <!-- Secci\u00f3n de especificaciones t\u00e9cnicas --> <\/p>\n<div style='display: flex; flex-wrap: wrap; gap: 30px; margin-bottom: 30px;'>\n<div style='flex: 1 1 300px; min-width: 280px;'>\n<h3 style='font-size: 22px; border-bottom: 2px solid currentColor; padding-bottom: 5px; margin-top: 0; color: inherit; opacity: 0.8;'>Especificaciones t\u00e9cnicas<\/h3>\n<ul style='padding-left: 20px; font-size: 15px; color: inherit;'>\n<li style='margin-bottom: 5px;'><strong>Modelo:<\/strong> M-IPC-450D<\/li>\n<li style='margin-bottom: 5px;'><strong>Bater\u00eda:<\/strong> 7.4V \/ 2600mAh Litio-Ion&comma; 9 horas de trabajo despu\u00e9s de 3-4 horas de carga<\/li>\n<li style='margin-bottom: 5px;'><strong>Temperatura de operaci\u00f3n:<\/strong> -10\u2103 a +50\u2103<\/li>\n<li style='margin-bottom: 5px;'><strong>Humedad de operaci\u00f3n:<\/strong> 30% &#8211; 90%<\/li>\n<li style='margin-bottom: 5px;'><strong>Dimensiones:<\/strong> 160mm x 100mm x 45mm (Probador); 200mm x 165mm x 75mm (Caja)<\/li>\n<li style='margin-bottom: 5px;'><strong>Peso:<\/strong> 386g (Probador); 865g (Probador con accesorios)<\/li>\n<\/ul><\/div>\n<\/p><\/div>\n<p> <!-- Secci\u00f3n de funciones de prueba --> <\/p>\n<div style='display: flex; flex-wrap: wrap; gap: 20px; margin-bottom: 30px;'>\n<div style='flex: 1 1 250px; border: 1px solid rgba(150&comma; 150&comma; 150&comma; 0.4); border-radius: 8px; overflow: hidden; display: flex; flex-direction: column;'>\n<div style='padding: 15px; border-bottom: 1px solid rgba(150&comma; 150&comma; 150&comma; 0.2); font-weight: bold; font-size: 18px; color: inherit;'>Prueba de c\u00e1maras<\/div>\n<div style='padding: 15px; color: inherit;'>\n<ul style='padding-left: 20px; margin: 0; font-size: 14px; list-style-type: disc;'>\n<li style='margin-bottom: 5px;'>Soporta pruebas de c\u00e1maras IP con resoluci\u00f3n 8K<\/li>\n<li style='margin-bottom: 5px;'>Prueba de c\u00e1maras TVI&comma; CVI y AHD de 8MP<\/li>\n<li style='margin-bottom: 5px;'>4x zoom para agrandar imagen<\/li>\n<li style='margin-bottom: 5px;'>Captura de pantalla&comma; grabaci\u00f3n y reproducci\u00f3n de video<\/li>\n<li style='margin-bottom: 5px;'>Control coaxial PTZ y men\u00fa OSD<\/li>\n<li style='margin-bottom: 5px;'>Funci\u00f3n &#8216;Auto HD&#8217; para reconocimiento autom\u00e1tico de c\u00e1maras coaxiales<\/li>\n<li style='margin-bottom: 5px;'>Soporta creaci\u00f3n de reportes de prueba<\/li>\n<\/ul><\/div>\n<\/p><\/div>\n<div style='flex: 1 1 250px; border: 1px solid rgba(150&comma; 150&comma; 150&comma; 0.4); border-radius: 8px; overflow: hidden; display: flex; flex-direction: column;'>\n<div style='padding: 15px; border-bottom: 1px solid rgba(150&comma; 150&comma; 150&comma; 0.2); font-weight: bold; font-size: 18px; color: inherit;'>Prueba de red<\/div>\n<div style='padding: 15px; color: inherit;'>\n<ul style='padding-left: 20px; margin: 0; font-size: 14px; list-style-type: disc;'>\n<li style='margin-bottom: 5px;'>Prueba de conexi\u00f3n RJ45 TDR<\/li>\n<li style='margin-bottom: 5px;'>Soporta detecci\u00f3n de fallos en cable RJ45 (punto cercano&comma; medio y lejano)<\/li>\n<li style='margin-bottom: 5px;'>Herramienta de trazado de cables digitales<\/li>\n<li style='margin-bottom: 5px;'>Prueba de conectividad de cable UTP y telef\u00f3nico<\/li>\n<li style='margin-bottom: 5px;'>Soporta creaci\u00f3n de reportes de prueba<\/li>\n<li style='margin-bottom: 5px;'>Prueba de audio TVI 5.0<\/li>\n<\/ul><\/div>\n<\/p><\/div>\n<div style='flex: 1 1 250px; border: 1px solid rgba(150&comma; 150&comma; 150&comma; 0.4); border-radius: 8px; overflow: hidden; display: flex; flex-direction: column;'>\n<div style='padding: 15px; border-bottom: 1px solid rgba(150&comma; 150&comma; 150&comma; 0.2); font-weight: bold; font-size: 18px; color: inherit;'>Conectividad y red<\/div>\n<div style='padding: 15px; color: inherit;'>\n<ul style='padding-left: 20px; margin: 0; font-size: 14px; list-style-type: disc;'>\n<li style='margin-bottom: 5px;'>Soporta ONVIF para c\u00e1maras IP<\/li>\n<li style='margin-bottom: 5px;'>Detecci\u00f3n r\u00e1pida de c\u00e1maras de red<\/li>\n<li style='margin-bottom: 5px;'>Wi-Fi integrado (velocidad de 150M)<\/li>\n<li style='margin-bottom: 5px;'>Soporta herramientas de red: Ping&comma; escaneo IP&comma; servidor DHCP&comma; puerto Flash&comma; Trace Route<\/li>\n<li style='margin-bottom: 5px;'>Monitor de tr\u00e1fico de red en tiempo real<\/li>\n<li style='margin-bottom: 5px;'>Soporta proyecci\u00f3n de pantalla (Tester&comma; tel\u00e9fono m\u00f3vil y PC simult\u00e1neamente)<\/li>\n<\/ul><\/div>\n<\/p><\/div>\n<div style='flex: 1 1 250px; border: 1px solid rgba(150&comma; 150&comma; 150&comma; 0.4); border-radius: 8px; overflow: hidden; display: flex; flex-direction: column;'>\n<div style='padding: 15px; border-bottom: 1px solid rgba(150&comma; 150&comma; 150&comma; 0.2); font-weight: bold; font-size: 18px; color: inherit;'>Alimentaci\u00f3n y almacenamiento<\/div>\n<div style='padding: 15px; color: inherit;'>\n<ul style='padding-left: 20px; margin: 0; font-size: 14px; list-style-type: disc;'>\n<li style='margin-bottom: 5px;'>Salida de alimentaci\u00f3n DC12V 3A<\/li>\n<li style='margin-bottom: 5px;'>Salida PoE 48V con potencia m\u00e1xima de 25.5W<\/li>\n<li style='margin-bottom: 5px;'>Ranura para tarjeta SD&comma; soporta hasta 32GB<\/li>\n<li style='margin-bottom: 5px;'>Soporta actualizaci\u00f3n de software por el cliente<\/li>\n<li style='margin-bottom: 5px;'>Visualizaci\u00f3n en tiempo real del voltaje y potencia de entrada\/salida<\/li>\n<\/ul><\/div>\n<\/p><\/div>\n<div style='flex: 1 1 250px; border: 1px solid rgba(150&comma; 150&comma; 150&comma; 0.4); border-radius: 8px; overflow: hidden; display: flex; flex-direction: column;'>\n<div style='padding: 15px; border-bottom: 1px solid rgba(150&comma; 150&comma; 150&comma; 0.2); font-weight: bold; font-size: 18px; color: inherit;'>Control y men\u00fa<\/div>\n<div style='padding: 15px; color: inherit;'>\n<ul style='padding-left: 20px; margin: 0; font-size: 14px; list-style-type: disc;'>\n<li style='margin-bottom: 5px;'>Soporta men\u00fa OSD con selecci\u00f3n de idioma<\/li>\n<li style='margin-bottom: 5px;'>Idiomas soportados: Ingl\u00e9s&comma; portugu\u00e9s&comma; coreano&comma; ruso&comma; italiano&comma; franc\u00e9s&comma; polaco&comma; espa\u00f1ol&comma; japon\u00e9s&comma; turco&comma; alem\u00e1n&comma; serbio&comma; checo y vietnamita<\/li>\n<li style='margin-bottom: 5px;'>Apagado autom\u00e1tico programable (1-30 minutos)<\/li>\n<\/ul><\/div>\n<\/p><\/div>\n<\/p><\/div>\n<p> <!-- Secci\u00f3n de accesorios incluidos --> <\/p>\n<div style='display: flex; flex-wrap: wrap; gap: 30px; margin-bottom: 30px;'>\n<div style='flex: 1 1 300px; min-width: 280px;'>\n<h3 style='font-size: 22px; border-bottom: 2px solid currentColor; padding-bottom: 5px; margin-top: 0; color: inherit; opacity: 0.8;'>Accesorios incluidos<\/h3>\n<ul style='padding-left: 20px; font-size: 15px; color: inherit;'>\n<li style='margin-bottom: 5px;'>Probador de red<\/li>\n<li style='margin-bottom: 5px;'>Cable de alimentaci\u00f3n DC12V 1A<\/li>\n<li style='margin-bottom: 5px;'>Bater\u00eda de litio (7.4V \/ 2600mAh)<\/li>\n<li style='margin-bottom: 5px;'>Mochila \/ Cable de alimentaci\u00f3n DC \/ Cable BNC \/ Cable RS485 \/ Cable de audio \/ Cord\u00f3n de seguridad<\/li>\n<li style='margin-bottom: 5px;'>Probador de trazado de cables<\/li>\n<li style='margin-bottom: 5px;'>Correa de mu\u00f1eca<\/li>\n<li style='margin-bottom: 5px;'>Manual de usuario<\/li>\n<\/ul><\/div>\n<\/p><\/div>\n<p> <!-- Separador --> <\/p>\n<hr style='border: 0; border-top: 1px solid rgba(150&comma; 150&comma; 150&comma; 0.3); margin: 30px 0;'> <\/div>\n","protected":false},"excerpt":{"rendered":"<p>Probador de V\u00eddeo de mu\u00f1eca \/ Soporta ONVIF, 8K, H.264 y H.265 \/ TVI de 8 MP, CVI de 8 MP, y  AHD de 8 MP \/ Salida de energ\u00eda  DC12V 3A, 48V PoE 25.5W \/ Admite RS485 \/ Prueba de audio TVI 5.0 \/ Prueba de cable UTP, RJ45 TDR<\/p>\n","protected":false},"featured_media":94627,"comment_status":"open","ping_status":"closed","template":"","meta":[],"product_brand":[],"product_cat":[2283],"product_tag":[417,935,2284],"class_list":{"0":"post-94628","1":"product","2":"type-product","3":"status-publish","4":"has-post-thumbnail","6":"product_cat-probadores-de-video","7":"product_tag-accesorios-generales","8":"product_tag-epcom","9":"product_tag-probadores-de-video","11":"first","12":"outofstock","13":"sale","14":"shipping-taxable","15":"purchasable","16":"product-type-simple"},"_links":{"self":[{"href":"https:\/\/soydeaqui.ddns.net\/pachuca\/index.php\/wp-json\/wp\/v2\/product\/94628","targetHints":{"allow":["GET"]}}],"collection":[{"href":"https:\/\/soydeaqui.ddns.net\/pachuca\/index.php\/wp-json\/wp\/v2\/product"}],"about":[{"href":"https:\/\/soydeaqui.ddns.net\/pachuca\/index.php\/wp-json\/wp\/v2\/types\/product"}],"replies":[{"embeddable":true,"href":"https:\/\/soydeaqui.ddns.net\/pachuca\/index.php\/wp-json\/wp\/v2\/comments?post=94628"}],"wp:featuredmedia":[{"embeddable":true,"href":"https:\/\/soydeaqui.ddns.net\/pachuca\/index.php\/wp-json\/wp\/v2\/media\/94627"}],"wp:attachment":[{"href":"https:\/\/soydeaqui.ddns.net\/pachuca\/index.php\/wp-json\/wp\/v2\/media?parent=94628"}],"wp:term":[{"taxonomy":"product_brand","embeddable":true,"href":"https:\/\/soydeaqui.ddns.net\/pachuca\/index.php\/wp-json\/wp\/v2\/product_brand?post=94628"},{"taxonomy":"product_cat","embeddable":true,"href":"https:\/\/soydeaqui.ddns.net\/pachuca\/index.php\/wp-json\/wp\/v2\/product_cat?post=94628"},{"taxonomy":"product_tag","embeddable":true,"href":"https:\/\/soydeaqui.ddns.net\/pachuca\/index.php\/wp-json\/wp\/v2\/product_tag?post=94628"}],"curies":[{"name":"wp","href":"https:\/\/api.w.org\/{rel}","templated":true}]}}