{"id":94621,"date":"2026-03-20T06:53:27","date_gmt":"2026-03-20T06:53:27","guid":{"rendered":"https:\/\/soydeaqui.ddns.net\/pachuca\/index.php\/producto\/tarjeta-de-monitoreo-remoto-snmp-para-ups-linked-pro-serie-rt220\/"},"modified":"2026-03-20T06:53:37","modified_gmt":"2026-03-20T06:53:37","slug":"tarjeta-de-monitoreo-remoto-snmp-para-ups-linked-pro-serie-rt220","status":"publish","type":"product","link":"https:\/\/soydeaqui.ddns.net\/pachuca\/index.php\/producto\/tarjeta-de-monitoreo-remoto-snmp-para-ups-linked-pro-serie-rt220\/","title":{"rendered":"Tarjeta de Monitoreo Remoto SNMP para UPS LINKED PRO Serie RT220"},"content":{"rendered":"<div style='width: 100%; max-width: 1200px; margin: 0 auto; font-family: sans-serif; line-height: 1.6; color: inherit; background-color: transparent;'>\n<div style='display: flex; flex-wrap: wrap; gap: 30px; margin-bottom: 30px;'>\n<div style='flex: 1 1 300px; min-width: 280px;'>\n<h3 style='font-size: 22px; border-bottom: 2px solid currentColor; padding-bottom: 5px; margin-top: 0; color: inherit; opacity: 0.8;'>Descripci\u00f3n<\/h3>\n<p style='font-size: 15px; color: inherit; margin-top: 0; margin-bottom: 15px;'>LPSNMP es un complemento de administraci\u00f3n opcional para el UPS serie CyberPower espec\u00edfico. Al insertar la tarjeta en la ranura de red SNMP \/ HTTP del UPS&comma; los usuarios pueden monitorear y controlar de forma remota los dispositivos en un back office&comma; sala de servidores o centro de datos mediante navegadores web est\u00e1ndar&comma; sistema de gesti\u00f3n de red (NMS) o interfaz de l\u00ednea de comandos (SSH y Telnet) en su red.<\/p>\n<p style='font-size: 15px; color: inherit; margin-top: 0; margin-bottom: 0;'>Tambi\u00e9n pueden realizar tareas de gesti\u00f3n&comma; incluidos paros programados&comma; arranques y reinicios. Cuando ocurre un problema de energ\u00eda&comma; los administradores ser\u00e1n notificados inmediatamente por correo electr\u00f3nico&comma; traps de SNMP y SMS. Al utilizar el software de apagado autom\u00e1tico&comma; los servidores y las estaciones de trabajo permanecer\u00e1n protegidos contra la p\u00e9rdida de datos debido a un corte de energ\u00eda.<\/p>\n<p style='font-size: 15px; color: inherit; margin-top: 15px; margin-bottom: 0;'>El registro de eventos registra el historial operacional del UPS. Con su capacidad de intercambio en caliente&comma; el sistema puede permanecer encendido para el equipo conectado cuando el personal de servicio realice instalaci\u00f3n o reemplazo en sitio. Con su interfaz multi lenguaje&comma; los usuarios pueden elegir su idioma preferido para una administraci\u00f3n sencilla.<\/p>\n<\/p><\/div>\n<\/p><\/div>\n<div style='display: flex; flex-wrap: wrap; gap: 20px; margin-bottom: 30px;'>\n<div style='flex: 1 1 250px; border: 1px solid rgba(150&comma; 150&comma; 150&comma; 0.4); border-radius: 8px; overflow: hidden; display: flex; flex-direction: column;'>\n<div style='padding: 15px; border-bottom: 1px solid rgba(150&comma; 150&comma; 150&comma; 0.2); font-weight: bold; font-size: 18px; color: inherit;'>Caracter\u00edsticas<\/div>\n<div style='padding: 15px; color: inherit;'>\n<ul style='padding-left: 20px; margin: 0; font-size: 14px; list-style-type: disc;'>\n<li style='margin-bottom: 5px;'>Programaci\u00f3n remota del funcionamiento del UPS<\/li>\n<li style='margin-bottom: 5px;'>Notificaci\u00f3n de Eventos Autom\u00e1tica<\/li>\n<li style='margin-bottom: 5px;'>Actualizaci\u00f3n del Software por el Usuario via FTP<\/li>\n<li style='margin-bottom: 5px;'>TCP\/IP&comma; UDP&comma; SNMP\/HTTP&comma; NTP y SMTP<\/li>\n<li style='margin-bottom: 5px;'>Auto Apagado<\/li>\n<li style='margin-bottom: 5px;'>Configuraci\u00f3n de acciones de eventos flexible<\/li>\n<li style='margin-bottom: 5px;'>Notificaciones de Alerta M\u00faltiples<\/li>\n<li style='margin-bottom: 5px;'>Compatible con Ethernet 10Mbps o 10\/100Mbps<\/li>\n<li style='margin-bottom: 5px;'>Registro de Eventos<\/li>\n<li style='margin-bottom: 5px;'>Instalaci\u00f3n R\u00e1pida<\/li>\n<li style='margin-bottom: 5px;'>Interfaz de Software Amigable<\/li>\n<\/ul><\/div>\n<\/p><\/div>\n<\/p><\/div>\n<hr style='border: 0; border-top: 1px solid rgba(150&comma; 150&comma; 150&comma; 0.3); margin: 30px 0;'> <\/div>\n","protected":false},"excerpt":{"rendered":"<p>Tarjeta de Monitoreo Remoto SNMP para UPS LINKED PRO Serie RT220<\/p>\n","protected":false},"featured_media":94620,"comment_status":"open","ping_status":"closed","template":"","meta":[],"product_brand":[],"product_cat":[1231],"product_tag":[142,435,1232],"class_list":{"0":"post-94621","1":"product","2":"type-product","3":"status-publish","4":"has-post-thumbnail","6":"product_cat-ups-no-break-energia-videovigilancia","7":"product_tag-energia","8":"product_tag-linkedpro-by-epcom","9":"product_tag-ups-no-break-2","11":"first","12":"instock","13":"sale","14":"shipping-taxable","15":"purchasable","16":"product-type-simple"},"_links":{"self":[{"href":"https:\/\/soydeaqui.ddns.net\/pachuca\/index.php\/wp-json\/wp\/v2\/product\/94621","targetHints":{"allow":["GET"]}}],"collection":[{"href":"https:\/\/soydeaqui.ddns.net\/pachuca\/index.php\/wp-json\/wp\/v2\/product"}],"about":[{"href":"https:\/\/soydeaqui.ddns.net\/pachuca\/index.php\/wp-json\/wp\/v2\/types\/product"}],"replies":[{"embeddable":true,"href":"https:\/\/soydeaqui.ddns.net\/pachuca\/index.php\/wp-json\/wp\/v2\/comments?post=94621"}],"wp:featuredmedia":[{"embeddable":true,"href":"https:\/\/soydeaqui.ddns.net\/pachuca\/index.php\/wp-json\/wp\/v2\/media\/94620"}],"wp:attachment":[{"href":"https:\/\/soydeaqui.ddns.net\/pachuca\/index.php\/wp-json\/wp\/v2\/media?parent=94621"}],"wp:term":[{"taxonomy":"product_brand","embeddable":true,"href":"https:\/\/soydeaqui.ddns.net\/pachuca\/index.php\/wp-json\/wp\/v2\/product_brand?post=94621"},{"taxonomy":"product_cat","embeddable":true,"href":"https:\/\/soydeaqui.ddns.net\/pachuca\/index.php\/wp-json\/wp\/v2\/product_cat?post=94621"},{"taxonomy":"product_tag","embeddable":true,"href":"https:\/\/soydeaqui.ddns.net\/pachuca\/index.php\/wp-json\/wp\/v2\/product_tag?post=94621"}],"curies":[{"name":"wp","href":"https:\/\/api.w.org\/{rel}","templated":true}]}}