{"id":94619,"date":"2026-03-20T06:53:22","date_gmt":"2026-03-20T06:53:22","guid":{"rendered":"https:\/\/soydeaqui.ddns.net\/pachuca\/index.php\/producto\/servidor-de-almacenamiento-en-red-soporta-24-discos-duros-no-incluye-discos-raid-iscsi-graba-512-canales-ip-doble-controlador\/"},"modified":"2026-03-20T06:53:24","modified_gmt":"2026-03-20T06:53:24","slug":"servidor-de-almacenamiento-en-red-soporta-24-discos-duros-no-incluye-discos-raid-iscsi-graba-512-canales-ip-doble-controlador","status":"publish","type":"product","link":"https:\/\/soydeaqui.ddns.net\/pachuca\/index.php\/producto\/servidor-de-almacenamiento-en-red-soporta-24-discos-duros-no-incluye-discos-raid-iscsi-graba-512-canales-ip-doble-controlador\/","title":{"rendered":"Servidor de Almacenamiento en Red \/ Soporta 24 Discos Duros (No Incluye Discos) \/ RAID \/ iSCSI \/ Graba 512 canales IP \/ Doble Controlador"},"content":{"rendered":"<div style='width: 100%; max-width: 1200px; margin: 0 auto; font-family: sans-serif; line-height: 1.6; color: inherit; background-color: transparent;'>\n<p style='text-align: center;'><img style='width: 45%; height: auto; border: 1px solid rgba(150&comma;150&comma;150&comma;0.3); border-radius: 8px;' src='https:\/\/ftp3.syscom.mx\/usuarios\/jsosa\/HIKVISION\/imagenes\/logo\/hikvision%20see%20far.png' alt='Logo Hikvision'><\/p>\n<div style='display: flex; flex-wrap: wrap; gap: 30px; margin-top: 30px; margin-bottom: 30px;'>\n<div style='flex: 1 1 300px; min-width: 280px;'>\n<div style='border-left: 5px solid #ff0000; border-radius: 5px; padding: 5px; box-shadow: 2px 2px 10px rgba(216&comma;216&comma;216&comma;0.4);'> <span style='font-weight: bold; font-size: 18px; color: inherit; display: block; margin-bottom: 10px;'>Caracter\u00edsticas principales:<\/span> <\/p>\n<ul style='padding-left: 20px; font-size: 15px; color: inherit;'>\n<li style='margin-bottom: 5px;'><span style='font-family: verdana&comma; geneva&comma; sans-serif;'>Compatible con DVR \/ NVR Epcom y HIKVISION.<\/span><\/li>\n<li style='margin-bottom: 5px;'><span style='font-family: verdana&comma; geneva&comma; sans-serif;'>Compatible con sistema de Hik-Central Professional (no requiere licencias adicionales para grabar&comma; solo la de video).<\/span><\/li>\n<li style='margin-bottom: 5px;'><span style='font-family: verdana&comma; geneva&comma; sans-serif;'>Soporta compresi\u00f3n H.265+ \/ H.265 \/ H.264.<\/span><\/li>\n<li style='margin-bottom: 5px;'><span style='font-family: verdana&comma; geneva&comma; sans-serif;'>Soporta hasta 24 HDD internos tipo SATA de hasta 16 TB c\/u. (384 TB en total).<\/span><\/li>\n<li style='margin-bottom: 5px;'><span style='font-family: verdana&comma; geneva&comma; sans-serif;'>Soporta Hot Swap.<\/span><\/li>\n<li style='margin-bottom: 5px;'><span style='font-family: verdana&comma; geneva&comma; sans-serif;'>Soporta 2 controlador (64 bit procesador multi-core).<\/span><\/li>\n<li style='margin-bottom: 5px;'><span style='font-family: verdana&comma; geneva&comma; sans-serif;'>Cuenta con 4 tarjetas de red 10\/100\/1000.<\/span><\/li>\n<li style='margin-bottom: 5px;'><span style='font-family: verdana&comma; geneva&comma; sans-serif;'>Cuenta con fuente de alimentaci\u00f3n redundante.<\/span><\/li>\n<li style='margin-bottom: 5px;'><span style='font-family: verdana&comma; geneva&comma; sans-serif;'>Puede grabar hasta 512 c\u00e1maras IP (usando 2 Mbps por c\u00e1mara).<\/span><\/li>\n<li style='margin-bottom: 5px;'><span style='font-family: verdana&comma; geneva&comma; sans-serif;'>Puede grabar hasta 256 c\u00e1maras IP (usando 4 Mbps por c\u00e1mara).<\/span><\/li>\n<li style='margin-bottom: 5px;'><span style='font-family: verdana&comma; geneva&comma; sans-serif;'>Puede grabar hasta 128 c\u00e1maras IP (usando 8 Mbps por c\u00e1mara).<\/span><\/li>\n<li style='margin-bottom: 5px;'><span style='font-family: verdana&comma; geneva&comma; sans-serif;'>Maneja protocolos iCSI \/ RTSP \/ ONVIF \/ PSIA.<\/span><\/li>\n<li style='margin-bottom: 5px;'><span style='font-family: verdana&comma; geneva&comma; sans-serif;'>Soporta arreglo RAID 0 \/ 1 \/ 3 \/ 5 \/ 6 \/ 10 \/ 50 \/ VRAID \/ JBOD \/ Hot-Spare.<\/span><\/li>\n<\/ul><\/div>\n<\/p><\/div>\n<div style='flex: 1 1 300px; min-width: 280px;'>\n<div style='border-left: 5px solid #ff0000; border-radius: 5px; padding: 5px; box-shadow: 2px 2px 10px rgba(216&comma;216&comma;216&comma;0.4);'> <span style='font-weight: bold; font-size: 18px; color: inherit; display: block; margin-bottom: 10px;'>Caracter\u00edsticas F\u00edsicas y El\u00e9ctricas:<\/span> <\/p>\n<ul style='padding-left: 20px; font-size: 15px; color: inherit;'>\n<li style='margin-bottom: 5px;'><span style='font-family: verdana&comma; geneva&comma; sans-serif;'>Dimensiones: 447 x 172 x 550 mm.<\/span><\/li>\n<li style='margin-bottom: 5px;'><span style='font-family: verdana&comma; geneva&comma; sans-serif;'>Peso: 33.5 Kg (sin HDD).<\/span><\/li>\n<li style='margin-bottom: 5px;'><span style='font-family: verdana&comma; geneva&comma; sans-serif;'>Ocupa 4 unidades de rack (19&#8242;).<\/span><\/li>\n<li style='margin-bottom: 5px;'><span style='font-family: verdana&comma; geneva&comma; sans-serif;'>Alimentaci\u00f3n: 800 W.<\/span><\/li>\n<\/ul><\/div>\n<\/p><\/div>\n<\/p><\/div>\n<div style='margin-top: 30px; margin-bottom: 30px;'>\n<p style='text-align: justify;'><strong style='font-size: 16px; color: inherit;'>La serie DS-A82 es una estructura controladora doble de almacenamiento en red para proyectos a gran escala con altas demandas de seguridad de los datos.<\/strong><\/p>\n<p style='text-align: justify;'><strong style='font-size: 16px; color: inherit;'>El Hybrid SAN crea una red con acceso a servidores de almacenamiento de datos e integra la tecnolog\u00eda \u00fanica de trasnmision directa de video de Hikvsion&comma; asi como tambi\u00e9n es compatible con IPSAN\/FCSAN.<\/strong><\/p>\n<p style='text-align: justify;'><strong style='font-size: 16px; color: inherit;'>Los sistemas Hybrid SAN de Hikvision realmente hace que las aplicaciones sean simples&comma; flexibles y econ\u00f3micas.<\/strong><\/p>\n<\/p><\/div>\n<div style='margin-top: 30px; margin-bottom: 30px;'> <img style='width: 100%; height: auto; border: 1px solid rgba(150&comma;150&comma;150&comma;0.3); border-radius: 8px;' src='http:\/\/ftp3.syscom.mx\/usuarios\/yalvarado\/hikvision\/CVR\/CVR.PNG' alt='Imagen CVR'> <\/div>\n<\/p><\/div>\n","protected":false},"excerpt":{"rendered":"<p>Servidor de Almacenamiento en Red \/ Soporta 24 Discos Duros (No Incluye Discos) \/ RAID \/ iSCSI \/ Graba 512 canales IP \/ Doble Controlador<\/p>\n","protected":false},"featured_media":94618,"comment_status":"open","ping_status":"closed","template":"","meta":[],"product_brand":[],"product_cat":[2064],"product_tag":[2066,54,2065],"class_list":{"0":"post-94619","1":"product","2":"type-product","3":"status-publish","4":"has-post-thumbnail","6":"product_cat-almacenamiento-nas-san-esata","7":"product_tag-almacenamiento-nas-san-esata","8":"product_tag-hikvision","9":"product_tag-servidores-almacenamiento","11":"first","12":"outofstock","13":"sale","14":"shipping-taxable","15":"purchasable","16":"product-type-simple"},"_links":{"self":[{"href":"https:\/\/soydeaqui.ddns.net\/pachuca\/index.php\/wp-json\/wp\/v2\/product\/94619","targetHints":{"allow":["GET"]}}],"collection":[{"href":"https:\/\/soydeaqui.ddns.net\/pachuca\/index.php\/wp-json\/wp\/v2\/product"}],"about":[{"href":"https:\/\/soydeaqui.ddns.net\/pachuca\/index.php\/wp-json\/wp\/v2\/types\/product"}],"replies":[{"embeddable":true,"href":"https:\/\/soydeaqui.ddns.net\/pachuca\/index.php\/wp-json\/wp\/v2\/comments?post=94619"}],"wp:featuredmedia":[{"embeddable":true,"href":"https:\/\/soydeaqui.ddns.net\/pachuca\/index.php\/wp-json\/wp\/v2\/media\/94618"}],"wp:attachment":[{"href":"https:\/\/soydeaqui.ddns.net\/pachuca\/index.php\/wp-json\/wp\/v2\/media?parent=94619"}],"wp:term":[{"taxonomy":"product_brand","embeddable":true,"href":"https:\/\/soydeaqui.ddns.net\/pachuca\/index.php\/wp-json\/wp\/v2\/product_brand?post=94619"},{"taxonomy":"product_cat","embeddable":true,"href":"https:\/\/soydeaqui.ddns.net\/pachuca\/index.php\/wp-json\/wp\/v2\/product_cat?post=94619"},{"taxonomy":"product_tag","embeddable":true,"href":"https:\/\/soydeaqui.ddns.net\/pachuca\/index.php\/wp-json\/wp\/v2\/product_tag?post=94619"}],"curies":[{"name":"wp","href":"https:\/\/api.w.org\/{rel}","templated":true}]}}