{"id":94598,"date":"2026-03-20T06:52:27","date_gmt":"2026-03-20T06:52:27","guid":{"rendered":"https:\/\/soydeaqui.ddns.net\/pachuca\/index.php\/producto\/tomacorriente-vertical-para-distribucion-de-energia-pdu-8-contactos-1ur-montaje-en-rack-de-19-proteccion-contra-sobretensiones-de-2100-joule-120vca-15a-1875w-max-cable-de-1-8-m\/"},"modified":"2026-03-20T06:52:28","modified_gmt":"2026-03-20T06:52:28","slug":"tomacorriente-vertical-para-distribucion-de-energia-pdu-8-contactos-1ur-montaje-en-rack-de-19-proteccion-contra-sobretensiones-de-2100-joule-120vca-15a-1875w-max-cable-de-1-8-m","status":"publish","type":"product","link":"https:\/\/soydeaqui.ddns.net\/pachuca\/index.php\/producto\/tomacorriente-vertical-para-distribucion-de-energia-pdu-8-contactos-1ur-montaje-en-rack-de-19-proteccion-contra-sobretensiones-de-2100-joule-120vca-15a-1875w-max-cable-de-1-8-m\/","title":{"rendered":"Tomacorriente Vertical para Distribuci\u00f3n de Energ\u00eda (PDU) | 8 Contactos | 1UR | Montaje en Rack de 19&#8243; | Protecci\u00f3n contra sobretensiones de 2100 Joule | 120Vca \/ 15A 1875W Max. | Cable de 1.8 m."},"content":{"rendered":"<div style=\"width: 100%; max-width: 1200px; margin: 0 auto; font-family: sans-serif; line-height: 1.6; color: inherit; background-color: transparent;\"><!-- Secci\u00f3n de caracter\u00edsticas --> <\/p>\n<div style=\"display: flex; flex-wrap: wrap; gap: 30px; margin-bottom: 30px;\">\n<div style=\"flex: 1 1 300px; min-width: 280px;\">\n<h3 style=\"font-size: 22px; border-bottom: 2px solid currentColor; padding-bottom: 5px; margin-top: 0; color: inherit; opacity: 0.8;\">Caracter&iacute;sticas principales<\/h3>\n<ul style=\"padding-left: 20px; font-size: 15px; color: inherit;\">\n<li style=\"margin-bottom: 5px;\">Alimente su equipo en rack de forma segura y eficiente con el protector contra sobretensiones de PDU para montaje en rack de 8 puertos IEC C13<\/li>\n<li style=\"margin-bottom: 5px;\">Consolide&comma; proteja y controle la energ&iacute;a de su equipo en rack con este protector contra sobretensiones de PDU de 1UR<\/li>\n<li style=\"margin-bottom: 5px;\">Interruptor maestro DPST para un c&oacute;modo control de encendido\/apagado de todos los equipos conectados<\/li>\n<li style=\"margin-bottom: 5px;\">Esta unidad de alta resistencia le permite ahorrar espacio y es perfecto para organizar y alimentar sus dispositivos de red dentro de un rack est&aacute;ndar de 19&#8242;<\/li>\n<li style=\"margin-bottom: 5px;\"><strong>Dimensiones:<\/strong> 44.8 &times; 4.5 &times; 4.5 cm<\/li>\n<\/ul><\/div>\n<\/p><\/div>\n<p> <!-- Secci\u00f3n de especificaciones --> <\/p>\n<div style=\"display: flex; flex-wrap: wrap; gap: 20px; margin-bottom: 30px;\">\n<div style=\"flex: 1 1 250px; border: 1px solid rgba(150&comma; 150&comma; 150&comma; 0.4); border-radius: 8px; overflow: hidden; display: flex; flex-direction: column;\">\n<div style=\"padding: 15px; border-bottom: 1px solid rgba(150&comma; 150&comma; 150&comma; 0.2); font-weight: bold; font-size: 18px; color: inherit;\">Especificaciones<\/div>\n<div style=\"padding: 15px; color: inherit;\">\n<ul style=\"padding-left: 20px; margin: 0; font-size: 14px; list-style-type: disc;\">\n<li style=\"margin-bottom: 5px;\"><strong>Contactos:<\/strong> 8<\/li>\n<li style=\"margin-bottom: 5px;\"><strong>Formato:<\/strong> 1UR<\/li>\n<li style=\"margin-bottom: 5px;\"><strong>Montaje:<\/strong> Rack de 19&#8242;<\/li>\n<li style=\"margin-bottom: 5px;\"><strong>Protecci&oacute;n contra sobretensiones:<\/strong> 2100 Joule<\/li>\n<li style=\"margin-bottom: 5px;\"><strong>Tensi&oacute;n:<\/strong> 120Vca<\/li>\n<li style=\"margin-bottom: 5px;\"><strong>Corriente:<\/strong> 15A<\/li>\n<li style=\"margin-bottom: 5px;\"><strong>Potencia m&aacute;xima:<\/strong> 1875W<\/li>\n<li style=\"margin-bottom: 5px;\"><strong>Cable:<\/strong> 1.8 m<\/li>\n<\/ul><\/div>\n<\/p><\/div>\n<\/p><\/div>\n<p> <!-- Separador --><\/p>\n<hr style=\"border: 0; border-top: 1px solid rgba(150&comma; 150&comma; 150&comma; 0.3); margin: 30px 0;\" \/><\/div>\n","protected":false},"excerpt":{"rendered":"<p>Tomacorriente Vertical para Distribuci\u00f3n de Energ\u00eda (PDU) | 8 Contactos | 1UR | Montaje en Rack de 19&#8243; | Protecci\u00f3n contra sobretensiones de 2100 Joule | 120Vca \/ 15A 1875W Max. | Cable de 1.8 m.<\/p>\n","protected":false},"featured_media":32,"comment_status":"open","ping_status":"closed","template":"","meta":[],"product_brand":[],"product_cat":[1235],"product_tag":[417,1236,650],"class_list":{"0":"post-94598","1":"product","2":"type-product","3":"status-publish","4":"has-post-thumbnail","6":"product_cat-accesorios-para-computadora-y-smartphones","7":"product_tag-accesorios-generales","8":"product_tag-accesorios-para-computadora-y-smartphones","9":"product_tag-ugreen","11":"first","12":"instock","13":"sale","14":"shipping-taxable","15":"purchasable","16":"product-type-simple"},"_links":{"self":[{"href":"https:\/\/soydeaqui.ddns.net\/pachuca\/index.php\/wp-json\/wp\/v2\/product\/94598","targetHints":{"allow":["GET"]}}],"collection":[{"href":"https:\/\/soydeaqui.ddns.net\/pachuca\/index.php\/wp-json\/wp\/v2\/product"}],"about":[{"href":"https:\/\/soydeaqui.ddns.net\/pachuca\/index.php\/wp-json\/wp\/v2\/types\/product"}],"replies":[{"embeddable":true,"href":"https:\/\/soydeaqui.ddns.net\/pachuca\/index.php\/wp-json\/wp\/v2\/comments?post=94598"}],"wp:featuredmedia":[{"embeddable":true,"href":"https:\/\/soydeaqui.ddns.net\/pachuca\/index.php\/wp-json\/wp\/v2\/media\/32"}],"wp:attachment":[{"href":"https:\/\/soydeaqui.ddns.net\/pachuca\/index.php\/wp-json\/wp\/v2\/media?parent=94598"}],"wp:term":[{"taxonomy":"product_brand","embeddable":true,"href":"https:\/\/soydeaqui.ddns.net\/pachuca\/index.php\/wp-json\/wp\/v2\/product_brand?post=94598"},{"taxonomy":"product_cat","embeddable":true,"href":"https:\/\/soydeaqui.ddns.net\/pachuca\/index.php\/wp-json\/wp\/v2\/product_cat?post=94598"},{"taxonomy":"product_tag","embeddable":true,"href":"https:\/\/soydeaqui.ddns.net\/pachuca\/index.php\/wp-json\/wp\/v2\/product_tag?post=94598"}],"curies":[{"name":"wp","href":"https:\/\/api.w.org\/{rel}","templated":true}]}}