{"id":94568,"date":"2026-03-20T06:51:05","date_gmt":"2026-03-20T06:51:05","guid":{"rendered":"https:\/\/soydeaqui.ddns.net\/pachuca\/index.php\/producto\/adaptador-de-pared-inyector-poe-48-vcc-0-5-a-controlado-por-chip-ic-proteccion-contra-ov-oc-sc-uv-facil-de-instalar\/"},"modified":"2026-03-20T06:51:06","modified_gmt":"2026-03-20T06:51:06","slug":"adaptador-de-pared-inyector-poe-48-vcc-0-5-a-controlado-por-chip-ic-proteccion-contra-ov-oc-sc-uv-facil-de-instalar","status":"publish","type":"product","link":"https:\/\/soydeaqui.ddns.net\/pachuca\/index.php\/producto\/adaptador-de-pared-inyector-poe-48-vcc-0-5-a-controlado-por-chip-ic-proteccion-contra-ov-oc-sc-uv-facil-de-instalar\/","title":{"rendered":"Adaptador de pared \/ Inyector PoE \/ 48 Vcc \/ 0.5 A \/ Controlado por chip IC \/ Protecci\u00f3n contra OV, OC, SC, UV\/  F\u00e1cil de instalar"},"content":{"rendered":"<div style='width: 100%; max-width: 1200px; margin: 0 auto; font-family: sans-serif; line-height: 1.6; color: inherit; background-color: transparent;'>\n<div style='text-align: center; margin-bottom: 30px;'>\n<h1 style='font-size: 28px; color: inherit; margin: 0;'><strong>ADPOE4805<\/strong><\/h1>\n<h3 style='font-size: 20px; color: inherit; margin: 10px 0 0 0;'>Adaptador de pared PoE 48 Vcc; 0.5 Amper<\/h3>\n<\/p><\/div>\n<p style='text-align: center; color: inherit; margin: 0 0 30px 0;'><strong>Alta compatibilidad con m\u00faltiples dispositivos de red&comma; que ayudar\u00e1n a que la integraci\u00f3n sea perfecta y funcional.<\/strong><\/p>\n<div style='display: flex; flex-wrap: wrap; gap: 30px; margin-bottom: 30px;'>\n<div style='flex: 1 1 300px; min-width: 280px;'> <img style='width: 100%; height: auto; border: 1px solid rgba(150&comma;150&comma;150&comma;0.3); border-radius: 8px;' src='https:\/\/ftp3.syscom.mx\/usuarios\/fotos\/BancoFotografiasSyscom\/EPCOMPOWERLINE\/ADPOE2403\/ADPOE2403-p.PNG' alt=''> <\/p>\n<h3 style='font-size: 22px; border-bottom: 2px solid currentColor; padding-bottom: 5px; margin-top: 20px; color: inherit; opacity: 0.8;'>Caracter\u00edsticas<\/h3>\n<ul style='padding-left: 20px; font-size: 15px; color: inherit;'>\n<li style='margin-bottom: 5px;'><strong>Voltaje de entrada:<\/strong> 100-240 Vca<\/li>\n<li style='margin-bottom: 5px;'><strong>Protecci\u00f3n contra:<\/strong> Sobre corriente \/ Sobre tensi\u00f3n \/ baja tensi\u00f3n \/ Cortocircuito<\/li>\n<li style='margin-bottom: 5px;'><strong>Voltaje de salida:<\/strong> 48 Vcc<\/li>\n<li style='margin-bottom: 5px;'><strong>Corriente de salida:<\/strong> 0.5 Amper<\/li>\n<li style='margin-bottom: 5px;'><strong>Frecuencia nominal:<\/strong> 50-60 Hz<\/li>\n<li style='margin-bottom: 5px;'><strong>Potencia de salida:<\/strong> 24 W<\/li>\n<\/ul><\/div>\n<div style='flex: 1 1 300px; min-width: 280px;'> <img style='width: 100%; height: auto; border: 1px solid rgba(150&comma;150&comma;150&comma;0.3); border-radius: 8px;' src='https:\/\/ftp3.syscom.mx\/usuarios\/fotos\/BancoFotografiasSyscom\/EPCOMPOWERLINE\/ADPOE2403\/ADPOE2403-AD-1-p.PNG' alt=''> <\/p>\n<h3 style='font-size: 22px; border-bottom: 2px solid currentColor; padding-bottom: 5px; margin-top: 20px; color: inherit; opacity: 0.8;'>Especificaciones F\u00edsicas<\/h3>\n<ul style='padding-left: 20px; font-size: 15px; color: inherit;'>\n<li style='margin-bottom: 5px;'><strong>Entrada:<\/strong> Terminales a pared de fase y neutro<\/li>\n<li style='margin-bottom: 5px;'><strong>Salida:<\/strong> 2 Puertos para red RJ45<\/li>\n<li style='margin-bottom: 5px;'><strong>Material:<\/strong> Pl\u00e1stico ABS<\/li>\n<li style='margin-bottom: 5px;'><strong>Color:<\/strong> Negro<\/li>\n<li style='margin-bottom: 5px;'><strong>Temperatura de operaci\u00f3n:<\/strong> -25\u00b0C a 65 \u00b0C<\/li>\n<li style='margin-bottom: 5px;'><strong>Dimensiones (L x W x H):<\/strong> 90 x 52 x 53 mm<\/li>\n<\/ul><\/div>\n<div style='flex: 1 1 300px; min-width: 280px;'> <img style='width: 100%; height: auto; border: 1px solid rgba(150&comma;150&comma;150&comma;0.3); border-radius: 8px;' src='https:\/\/ftp3.syscom.mx\/usuarios\/fotos\/BancoFotografiasSyscom\/EPCOMPOWERLINE\/ADPOE2403\/ADPOE2403-AD-2-p.PNG' alt=''> <\/p>\n<h3 style='font-size: 22px; border-bottom: 2px solid currentColor; padding-bottom: 5px; margin-top: 20px; color: inherit; opacity: 0.8;'>Aplicaciones<\/h3>\n<ul style='padding-left: 20px; font-size: 15px; color: inherit;'>\n<li style='margin-bottom: 5px;'>C\u00e1maras IP<\/li>\n<li style='margin-bottom: 5px;'>Conmutadores y enrutadores de red<\/li>\n<li style='margin-bottom: 5px;'>Tel\u00e9fonos VoIP<\/li>\n<li style='margin-bottom: 5px;'>Puntos de acceso inal\u00e1mbrico<\/li>\n<li style='margin-bottom: 5px;'>Inyectores Poe<\/li>\n<li style='margin-bottom: 5px;'>Sistemas de Redes de Datos<\/li>\n<\/ul><\/div>\n<\/p><\/div>\n<\/p><\/div>\n","protected":false},"excerpt":{"rendered":"<p>Adaptador de pared \/ Inyector PoE \/ 48 Vcc \/ 0.5 A \/ Controlado por chip IC \/ Protecci\u00f3n contra OV, OC, SC, UV\/  F\u00e1cil de instalar<\/p>\n","protected":false},"featured_media":94567,"comment_status":"open","ping_status":"closed","template":"","meta":[],"product_brand":[],"product_cat":[1272],"product_tag":[1273,417,454],"class_list":{"0":"post-94568","1":"product","2":"type-product","3":"status-publish","4":"has-post-thumbnail","6":"product_cat-accesorios-ethernet-y-fibra","7":"product_tag-accesorios-ethernet-y-fibra","8":"product_tag-accesorios-generales","9":"product_tag-epcom-powerline","11":"first","12":"instock","13":"sale","14":"shipping-taxable","15":"purchasable","16":"product-type-simple"},"_links":{"self":[{"href":"https:\/\/soydeaqui.ddns.net\/pachuca\/index.php\/wp-json\/wp\/v2\/product\/94568","targetHints":{"allow":["GET"]}}],"collection":[{"href":"https:\/\/soydeaqui.ddns.net\/pachuca\/index.php\/wp-json\/wp\/v2\/product"}],"about":[{"href":"https:\/\/soydeaqui.ddns.net\/pachuca\/index.php\/wp-json\/wp\/v2\/types\/product"}],"replies":[{"embeddable":true,"href":"https:\/\/soydeaqui.ddns.net\/pachuca\/index.php\/wp-json\/wp\/v2\/comments?post=94568"}],"wp:featuredmedia":[{"embeddable":true,"href":"https:\/\/soydeaqui.ddns.net\/pachuca\/index.php\/wp-json\/wp\/v2\/media\/94567"}],"wp:attachment":[{"href":"https:\/\/soydeaqui.ddns.net\/pachuca\/index.php\/wp-json\/wp\/v2\/media?parent=94568"}],"wp:term":[{"taxonomy":"product_brand","embeddable":true,"href":"https:\/\/soydeaqui.ddns.net\/pachuca\/index.php\/wp-json\/wp\/v2\/product_brand?post=94568"},{"taxonomy":"product_cat","embeddable":true,"href":"https:\/\/soydeaqui.ddns.net\/pachuca\/index.php\/wp-json\/wp\/v2\/product_cat?post=94568"},{"taxonomy":"product_tag","embeddable":true,"href":"https:\/\/soydeaqui.ddns.net\/pachuca\/index.php\/wp-json\/wp\/v2\/product_tag?post=94568"}],"curies":[{"name":"wp","href":"https:\/\/api.w.org\/{rel}","templated":true}]}}