{"id":94559,"date":"2026-03-20T06:50:42","date_gmt":"2026-03-20T06:50:42","guid":{"rendered":"https:\/\/soydeaqui.ddns.net\/pachuca\/index.php\/producto\/dvr-movil-multiplataforma-4-canales-ahd-2-canales-ip-almacenamiento-en-memoria-micro-sd-h-265-chip-ia-embebido-soporta-4g-gps\/"},"modified":"2026-03-20T06:50:51","modified_gmt":"2026-03-20T06:50:51","slug":"dvr-movil-multiplataforma-4-canales-ahd-2-canales-ip-almacenamiento-en-memoria-micro-sd-h-265-chip-ia-embebido-soporta-4g-gps","status":"publish","type":"product","link":"https:\/\/soydeaqui.ddns.net\/pachuca\/index.php\/producto\/dvr-movil-multiplataforma-4-canales-ahd-2-canales-ip-almacenamiento-en-memoria-micro-sd-h-265-chip-ia-embebido-soporta-4g-gps\/","title":{"rendered":"DVR M\u00f3vil \/ Multiplataforma \/ 4 Canales AHD + 2 canales IP\/ Almacenamiento en Memoria Micro SD \/ H.265 \/ Chip IA Embebido \/ Soporta 4G \/ GPS"},"content":{"rendered":"<div style='width: 100%; max-width: 1200px; margin: 0 auto; font-family: sans-serif; line-height: 1.6; color: inherit; background-color: transparent;'> <!-- Banner principal --> <\/p>\n<div style='width: 100%; max-width: 800px; margin: 0 auto 30px; border-radius: 8px; overflow: hidden;'> <img style='width: 100%; height: auto; border: 1px solid rgba(150&comma;150&comma;150&comma;0.3); border-radius: 8px;' src='https:\/\/ftp3.syscom.mx\/usuarios\/aberumen\/Banners\/Banner-inteligencia-artificial%20Streamax.jpg' alt='Banner Streamax Inteligencia Artificial' \/> <\/div>\n<p> <!-- Introducci\u00f3n --> <\/p>\n<div style='margin-bottom: 30px; padding-left: 15px; border-left: 4px solid rgba(0&comma;51&comma;102&comma;0.5);'>\n<p style='color: inherit; font-size: 1.15rem; margin: 0;'>La seguridad en el transporte p\u00fablico&comma; traslado de mercanc\u00eda&comma; taxis&comma; etc.&comma; es un motivo de preocupaci\u00f3n en caso de accidentes de tr\u00e1nsito o la protecci\u00f3n contra posibles asaltos. Los medios de transporte hacen necesaria la existencia de un sistema de gesti\u00f3n central que brinde protecci\u00f3n contra actividades delictivas como hurtos&comma; arrebatos&comma; entre otros.<\/p>\n<\/p><\/div>\n<p> <!-- Soluci\u00f3n Integral --> <\/p>\n<div style='margin: 30px 0; padding: 15px 20px; border: 1px solid rgba(150&comma;150&comma;150&comma;0.3); border-radius: 8px; background-color: rgba(248&comma;249&comma;250&comma;0.5);'>\n<p style='color: inherit; font-size: 1.1rem; margin: 0; font-weight: bold;'>\u2705 SOLUCI\u00d3N INTEGRAL: Nuestros MDVRs (Mobile Digital Video Recorders) ofrecen una gesti\u00f3n centralizada y monitoreo avanzado para aumentar la seguridad&comma; prevenir accidentes y optimizar la log\u00edstica de toda su flota vehicular.<\/p>\n<\/p><\/div>\n<p> <!-- T\u00edtulo Caracter\u00edsticas --> <\/p>\n<h2 style='font-size: 1.8rem; font-weight: bold; color: inherit; text-align: center; margin: 30px 0 20px; opacity: 0.8;'>CARACTER\u00cdSTICAS CLAVE DE NUESTROS MDVRS<\/h2>\n<p> <!-- Caracter\u00edsticas Principales --> <\/p>\n<div style='display: flex; flex-wrap: wrap; gap: 20px; margin-bottom: 30px;'> <!-- Caracter\u00edstica 1 --> <\/p>\n<div style='flex: 1 1 300px; min-width: 280px;'>\n<div style='padding: 15px; border: 1px solid rgba(150&comma;150&comma;150&comma;0.3); border-radius: 8px; background-color: rgba(248&comma;249&comma;250&comma;0.5);'>\n<div style='text-align: center;'> <img style='width: 100%; max-height: 80px; height: auto; border: none; border-radius: 0;' src='https:\/\/ftp3.syscom.mx\/usuarios\/aberumen\/XMR406NAHD-h.png' alt='MDVR General' \/> <\/p>\n<h5 style='font-weight: bold; color: inherit; margin: 10px 0 5px;'>DESCRIPCI\u00d3N GENERAL<\/h5>\n<p style='color: inherit; font-size: 0.95rem; margin: 0;'>Una soluci\u00f3n avanzada para la gesti\u00f3n de flotas&comma; dise\u00f1ada con hardware de vanguardia para rendimiento excepcional y resistencia en cualquier entorno vehicular.<\/p>\n<\/p><\/div>\n<\/p><\/div>\n<\/p><\/div>\n<p> <!-- Caracter\u00edstica 2 --> <\/p>\n<div style='flex: 1 1 300px; min-width: 280px;'>\n<div style='padding: 15px; border: 1px solid rgba(150&comma;150&comma;150&comma;0.3); border-radius: 8px; background-color: rgba(248&comma;249&comma;250&comma;0.5);'>\n<div style='text-align: center;'> <img style='width: 100%; max-height: 80px; height: auto; border: none; border-radius: 0;' src='https:\/\/ftp3.syscom.mx\/usuarios\/aberumen\/Banners\/IAlogodriver.jpg' alt='IA ADAS DSM' \/> <\/p>\n<h5 style='font-weight: bold; color: inherit; margin: 10px 0 5px;'>INTELIGENCIA ARTIFICIAL (ADAS\/DSM)<\/h5>\n<p style='color: inherit; font-size: 0.95rem; margin: 0;'>Chip interno de IA para an\u00e1lisis de ADAS (prevenci\u00f3n de colisiones) y DSM (monitoreo del conductor)&comma; mejorando la seguridad y reduciendo riesgos.<\/p>\n<ul style='padding-left: 20px; margin: 10px 0 0; list-style-type: disc; font-size: 0.9rem; color: inherit;'>\n<li style='margin-bottom: 5px;'>ADAS: Alerta de colisi\u00f3n.<\/li>\n<li style='margin-bottom: 5px;'>DSM: Fatiga&comma; distracci\u00f3n.<\/li>\n<\/ul><\/div>\n<\/p><\/div>\n<\/p><\/div>\n<p> <!-- Caracter\u00edstica 3 --> <\/p>\n<div style='flex: 1 1 300px; min-width: 280px;'>\n<div style='padding: 15px; border: 1px solid rgba(150&comma;150&comma;150&comma;0.3); border-radius: 8px; background-color: rgba(248&comma;249&comma;250&comma;0.5);'>\n<div style='text-align: center;'> <img style='width: 100%; max-height: 80px; height: auto; border: none; border-radius: 0;' src='https:\/\/ftp3.syscom.mx\/usuarios\/aberumen\/Banners\/imagecheck.png' alt='Caracter\u00edsticas Check' \/> <\/p>\n<h5 style='font-weight: bold; color: inherit; margin: 10px 0 5px;'>ROBUSTO RENDIMIENTO<\/h5>\n<p style='color: inherit; font-size: 0.95rem; margin: 0;'>Grabaci\u00f3n de alta definici\u00f3n y almacenamiento robusto para asegurar cada momento en el transporte.<\/p>\n<ul style='padding-left: 20px; margin: 10px 0 0; list-style-type: disc; font-size: 0.9rem; color: inherit;'>\n<li style='margin-bottom: 5px;'>4 Canales AHD + 2 canales IP.<\/li>\n<li style='margin-bottom: 5px;'>Admite hasta 2 tarjetas Micro SD de 512 GB cada una (1 TB total) y 1 unidad SSD M.2 de hasta 2 TB<\/li>\n<li style='margin-bottom: 5px;'>M\u00f3dulos 4G&comma; GPS integrados.<\/li>\n<\/ul><\/div>\n<\/p><\/div>\n<\/p><\/div>\n<\/p><\/div>\n<p> <!-- Separador --> <\/p>\n<hr style='border: 0; border-top: 2px solid rgba(0&comma;51&comma;102&comma;0.5); margin: 40px 0;'> <!-- T\u00edtulo Control Total --> <\/p>\n<h3 style='font-size: 1.6rem; font-weight: bold; color: inherit; text-align: center; margin: 30px 0 20px; opacity: 0.8;'>CONTROL TOTAL EN LA OPERACI\u00d3N<\/h3>\n<p> <!-- Secci\u00f3n de Especificaciones --> <\/p>\n<div style='display: flex; flex-wrap: wrap; gap: 20px; margin-bottom: 30px;'> <!-- Accesorios --> <\/p>\n<div style='flex: 1 1 250px;'>\n<div style='padding: 15px; border: 1px solid rgba(150&comma;150&comma;150&comma;0.3); border-radius: 8px; background-color: rgba(248&comma;249&comma;250&comma;0.5);'>\n<h5 style='font-weight: bold; color: inherit; margin-top: 0;'>ACCESORIOS COMPATIBLES<\/h5>\n<ul style='padding-left: 20px; margin: 10px 0; list-style-type: disc; font-size: 0.9rem; color: inherit;'>\n<li style='margin-bottom: 5px;'><span style='color: #003366; font-weight: bold;'>\u2022<\/span> Respaldo de corriente (XMRUPS).<\/li>\n<li style='margin-bottom: 5px;'><span style='color: #003366; font-weight: bold;'>\u2022<\/span> M\u00f3dulo de alarmas (XMRSENSOR).<\/li>\n<li style='margin-bottom: 5px;'><span style='color: #003366; font-weight: bold;'>\u2022<\/span> Adaptador para canal IP (XMRIPCADAPTER).<\/li>\n<\/ul><\/div>\n<\/p><\/div>\n<p> <!-- Especificaciones Power --> <\/p>\n<div style='flex: 1 1 250px;'>\n<div style='padding: 15px; border: 1px solid rgba(150&comma;150&comma;150&comma;0.3); border-radius: 8px; background-color: rgba(248&comma;249&comma;250&comma;0.5);'>\n<h5 style='font-weight: bold; color: inherit; margin-top: 0;'>ESPECIFICACIONES POWER<\/h5>\n<ul style='padding-left: 20px; margin: 10px 0; list-style-type: disc; font-size: 0.9rem; color: inherit;'>\n<li style='margin-bottom: 5px;'><span style='color: #003366; font-weight: bold;'>\u2022<\/span> Voltaje amplio (8-36Vcc).<\/li>\n<li style='margin-bottom: 5px;'><span style='color: #003366; font-weight: bold;'>\u2022<\/span> G-sensor incluido.<\/li>\n<li style='margin-bottom: 5px;'><span style='color: #003366; font-weight: bold;'>\u2022<\/span> Resistencia a temperaturas extremas<\/li>\n<\/ul><\/div>\n<\/p><\/div>\n<p> <!-- Reportes y An\u00e1lisis --> <\/p>\n<div style='flex: 1 1 250px;'>\n<div style='padding: 15px; border: 1px solid rgba(150&comma;150&comma;150&comma;0.3); border-radius: 8px; background-color: rgba(248&comma;249&comma;250&comma;0.5);'>\n<h5 style='font-weight: bold; color: inherit; margin-top: 0;'>REPORTES Y AN\u00c1LISIS<\/h5>\n<ul style='padding-left: 20px; margin: 10px 0; list-style-type: disc; font-size: 0.9rem; color: inherit;'>\n<li style='margin-bottom: 5px;'><span style='color: #003366; font-weight: bold;'>\u2022<\/span> Informes de viaje detallados.<\/li>\n<li style='margin-bottom: 5px;'><span style='color: #003366; font-weight: bold;'>\u2022<\/span> An\u00e1lisis de comportamiento del conductor.<\/li>\n<li style='margin-bottom: 5px;'><span style='color: #003366; font-weight: bold;'>\u2022<\/span> Optimizaci\u00f3n del consumo de combustible.<\/li>\n<\/ul><\/div>\n<\/p><\/div>\n<\/p><\/div>\n<p> <!-- T\u00edtulo Plataformas Compatibles --> <\/p>\n<h3 style='font-size: 1.6rem; font-weight: bold; color: inherit; text-align: center; margin: 30px 0 20px; opacity: 0.8;'>\u25b6\ufe0f DESCUBRE NUESTRA TECNOLOG\u00cdA EN ACCI\u00d3N<\/h3>\n<p> <!-- Videos TikTok --> <\/p>\n<div style='border: 3px solid rgba(0&comma;51&comma;102&comma;0.3); border-radius: 8px; background-color: rgba(248&comma;249&comma;250&comma;0.5); padding: 20px; margin-bottom: 30px;'>\n<div style='display: flex; flex-wrap: wrap; gap: 20px; justify-content: center;'> <!-- Video 1 --> <\/p>\n<div style='flex: 1 1 300px; min-width: 280px;'>\n<div style='position: relative; padding-bottom: 56.25%; height: 0; overflow: hidden;'>   <\/div>\n<\/p><\/div>\n<p> <!-- Video 2 --> <\/p>\n<div style='flex: 1 1 300px; min-width: 280px;'>\n<div style='position: relative; padding-bottom: 56.25%; height: 0; overflow: hidden;'>   <\/div>\n<\/p><\/div>\n<p> <!-- Video 3 --> <\/p>\n<div style='flex: 1 1 300px; min-width: 280px;'>\n<div style='position: relative; padding-bottom: 56.25%; height: 0; overflow: hidden;'>   <\/div>\n<\/p><\/div>\n<\/p><\/div>\n<\/p><\/div>\n<p> <!-- Botones de Descarga --> <\/p>\n<div style='display: flex; flex-wrap: wrap; gap: 15px; justify-content: center; margin-bottom: 30px;'> <a style='flex: 1 1 200px; min-width: 180px; padding: 10px; text-align: center; font-weight: bold; color: white; background-color: #003366; border: 1px solid #003366; border-radius: 4px; text-decoration: none; box-shadow: 0 2px 4px rgba(0&comma;0&comma;0&comma;0.1);' href='https:\/\/ftp3.syscom.mx\/usuarios\/aberumen\/Streamax\/Manuales\/M1N%202.0.pdf' target='_blank' rel='noopener'>MANUAL DE USUARIO<\/a> <a style='flex: 1 1 200px; min-width: 180px; padding: 10px; text-align: center; font-weight: bold; color: white; background-color: #003366; border: 1px solid #003366; border-radius: 4px; text-decoration: none; box-shadow: 0 2px 4px rgba(0&comma;0&comma;0&comma;0.1);' href='https:\/\/ftp3.syscom.mx\/usuarios\/aberumen\/Streamax\/Manuales\/Lo%20que%20necesitas%20saber%20de%20XMR406NAHD.pdf' target='_blank' rel='noopener'>LO QUE NECESITAS SABER<\/a> <a style='flex: 1 1 200px; min-width: 180px; padding: 10px; text-align: center; font-weight: bold; color: white; background-color: #003366; border: 1px solid #003366; border-radius: 4px; text-decoration: none; box-shadow: 0 2px 4px rgba(0&comma;0&comma;0&comma;0.1);' href='[LINK%20DRIVERS]' target='_blank' rel='noopener'>DESCARGA DE DRIVERS<\/a> <a style='flex: 1 1 200px; min-width: 180px; padding: 10px; text-align: center; font-weight: bold; color: white; background-color: #003366; border: 1px solid #003366; border-radius: 4px; text-decoration: none; box-shadow: 0 2px 4px rgba(0&comma;0&comma;0&comma;0.1);' href='[LINK%20FICHA%20T%C3%89CNICA]' target='_blank' rel='noopener'>FICHA T\u00c9CNICA<\/a> <\/div>\n<p> <!-- Videos YouTube --> <\/p>\n<div style='display: flex; flex-wrap: wrap; gap: 20px; margin-bottom: 30px;'> <!-- Video 1 --> <\/p>\n<div style='flex: 1 1 400px; min-width: 280px;'>\n<div style='position: relative; padding-bottom: 56.25%; height: 0; overflow: hidden; border: 1px solid rgba(0&comma;51&comma;102&comma;0.3); border-radius: 8px;'>   <\/div>\n<\/p><\/div>\n<p> <!-- Video 2 --> <\/p>\n<div style='flex: 1 1 400px; min-width: 280px;'>\n<div style='position: relative; padding-bottom: 56.25%; height: 0; overflow: hidden; border: 1px solid rgba(0&comma;51&comma;102&comma;0.3); border-radius: 8px;'>   <\/div>\n<\/p><\/div>\n<\/p><\/div>\n<p> <!-- Plataformas Compatibles --> <\/p>\n<h2 style='font-size: 1.6rem; font-weight: bold; color: inherit; text-align: center; margin: 30px 0 20px; opacity: 0.8;'>PLATAFORMAS COMPATIBLES<\/h2>\n<div style='width: 100%; max-width: 600px; margin: 0 auto;'> <img style='width: 100%; height: auto; border: 1px solid rgba(150&comma;150&comma;150&comma;0.3); border-radius: 8px;' src='https:\/\/ftp3.syscom.mx\/usuarios\/aberumen\/Banners\/LOGOS-MOVILES.png' alt='Logos de plataformas m\u00f3viles' \/> <\/div>\n<\/p><\/div>\n","protected":false},"excerpt":{"rendered":"<p>DVR M\u00f3vil \/ Multiplataforma \/ 4 Canales AHD + 2 canales IP\/ Almacenamiento en Memoria Micro SD \/ H.265 \/ Chip IA Embebido \/ Soporta 4G \/ GPS<\/p>\n","protected":false},"featured_media":94558,"comment_status":"open","ping_status":"closed","template":"","meta":[],"product_brand":[],"product_cat":[1343],"product_tag":[1474,1345,1344],"class_list":{"0":"post-94559","1":"product","2":"type-product","3":"status-publish","4":"has-post-thumbnail","6":"product_cat-videograbadoras-moviles","7":"product_tag-streamax","8":"product_tag-videograbadoras-moviles","9":"product_tag-videograbadoras-moviles-y-portatiles","11":"first","12":"instock","13":"sale","14":"shipping-taxable","15":"purchasable","16":"product-type-simple"},"_links":{"self":[{"href":"https:\/\/soydeaqui.ddns.net\/pachuca\/index.php\/wp-json\/wp\/v2\/product\/94559","targetHints":{"allow":["GET"]}}],"collection":[{"href":"https:\/\/soydeaqui.ddns.net\/pachuca\/index.php\/wp-json\/wp\/v2\/product"}],"about":[{"href":"https:\/\/soydeaqui.ddns.net\/pachuca\/index.php\/wp-json\/wp\/v2\/types\/product"}],"replies":[{"embeddable":true,"href":"https:\/\/soydeaqui.ddns.net\/pachuca\/index.php\/wp-json\/wp\/v2\/comments?post=94559"}],"wp:featuredmedia":[{"embeddable":true,"href":"https:\/\/soydeaqui.ddns.net\/pachuca\/index.php\/wp-json\/wp\/v2\/media\/94558"}],"wp:attachment":[{"href":"https:\/\/soydeaqui.ddns.net\/pachuca\/index.php\/wp-json\/wp\/v2\/media?parent=94559"}],"wp:term":[{"taxonomy":"product_brand","embeddable":true,"href":"https:\/\/soydeaqui.ddns.net\/pachuca\/index.php\/wp-json\/wp\/v2\/product_brand?post=94559"},{"taxonomy":"product_cat","embeddable":true,"href":"https:\/\/soydeaqui.ddns.net\/pachuca\/index.php\/wp-json\/wp\/v2\/product_cat?post=94559"},{"taxonomy":"product_tag","embeddable":true,"href":"https:\/\/soydeaqui.ddns.net\/pachuca\/index.php\/wp-json\/wp\/v2\/product_tag?post=94559"}],"curies":[{"name":"wp","href":"https:\/\/api.w.org\/{rel}","templated":true}]}}