{"id":94526,"date":"2026-03-20T06:49:13","date_gmt":"2026-03-20T06:49:13","guid":{"rendered":"https:\/\/soydeaqui.ddns.net\/pachuca\/index.php\/producto\/enchufe-macho-con-bloqueo-de-media-vuelta-trifasico-50-a-250-vca-3-fases-3-polos-4-hilos-grado-industrial-color-negro-y-blanco\/"},"modified":"2026-03-20T06:49:15","modified_gmt":"2026-03-20T06:49:15","slug":"enchufe-macho-con-bloqueo-de-media-vuelta-trifasico-50-a-250-vca-3-fases-3-polos-4-hilos-grado-industrial-color-negro-y-blanco","status":"publish","type":"product","link":"https:\/\/soydeaqui.ddns.net\/pachuca\/index.php\/producto\/enchufe-macho-con-bloqueo-de-media-vuelta-trifasico-50-a-250-vca-3-fases-3-polos-4-hilos-grado-industrial-color-negro-y-blanco\/","title":{"rendered":"Enchufe Macho con Bloqueo de Media Vuelta Trif\u00e1sico \/ 50 A 250 VCA 3 Fases \/ 3 Polos 4 Hilos \/ Grado Industrial \/ Color Negro y Blanco."},"content":{"rendered":"<div style='width: 100%; max-width: 1200px; margin: 0 auto; font-family: sans-serif; line-height: 1.6; color: inherit; background-color: transparent;'> <!-- Secci\u00f3n de especificaciones --> <\/p>\n<div style='display: flex; flex-wrap: wrap; gap: 30px; margin-bottom: 30px;'>\n<div style='flex: 1 1 300px; min-width: 280px;'>\n<h3 style='font-size: 22px; border-bottom: 2px solid currentColor; padding-bottom: 5px; margin-top: 0; color: inherit; opacity: 0.8;'>Especificaciones<\/h3>\n<ul style='padding-left: 20px; font-size: 15px; color: inherit;'>\n<li style='margin-bottom: 5px;'><strong>Aplicaci\u00f3n:<\/strong> Conexiones<\/li>\n<li style='margin-bottom: 5px;'><strong>Material:<\/strong> Nylon<\/li>\n<li style='margin-bottom: 5px;'><strong>Condiciones ambientales:<\/strong> Interiores secos a menos que est\u00e9 protegido por medios adicionales.<\/li>\n<li style='margin-bottom: 5px;'><strong>Indicar RoHS de EU:<\/strong> S\u00ed<\/li>\n<li style='margin-bottom: 5px;'><strong>Rango de Cable:<\/strong> .830 in &#8211; 1.250 in (21.08 &#8211; 31.75 mm)<\/li>\n<li style='margin-bottom: 5px;'><strong>Montaje:<\/strong> Montado en cable<\/li>\n<li style='margin-bottom: 5px;'><strong>N\u00famero de Polos:<\/strong> 3 Polos<\/li>\n<li style='margin-bottom: 5px;'><strong>Temperatura de Operaci\u00f3n:<\/strong> M\u00e1xima continua de 75 \u00b0C y m\u00ednima de -40 \u00b0C sin impactos.<\/li>\n<li style='margin-bottom: 5px;'><strong>Rango de amperaje:<\/strong> 50 A<\/li>\n<li style='margin-bottom: 5px;'><strong>Fase:<\/strong> 3 Fases 250 V CA<\/li>\n<li style='margin-bottom: 5px;'><strong>Resistencia Diel\u00e9ctrica:<\/strong> Soporta 2 000 V m\u00ednimo<\/li>\n<li style='margin-bottom: 5px;'><strong>N\u00famero de Hilos:<\/strong> 4 Hilos<\/li>\n<li style='margin-bottom: 5px;'><strong>Tama\u00f1o de Conductor:<\/strong> # 10 AWG a # 6 AWG<\/li>\n<li style='margin-bottom: 5px;'><strong>Nema:<\/strong> No Nema<\/li>\n<li style='margin-bottom: 5px;'><strong>Est\u00e1ndar Industrial:<\/strong> Est\u00e1ndar CSA C22.2 No. 42&comma; Listado UL 498<\/li>\n<\/ul><\/div>\n<\/p><\/div>\n<p> <!-- Secci\u00f3n de rendimiento --> <\/p>\n<div style='display: flex; flex-wrap: wrap; gap: 30px; margin-bottom: 30px;'>\n<div style='flex: 1 1 300px; min-width: 280px;'>\n<h3 style='font-size: 22px; border-bottom: 2px solid currentColor; padding-bottom: 5px; margin-top: 0; color: inherit; opacity: 0.8;'>Rendimiento<\/h3>\n<ul style='padding-left: 20px; font-size: 15px; color: inherit;'>\n<li style='margin-bottom: 5px;'>El\u00e9ctrico &#8211; Interrupci\u00f3n de corriente: Certificado para interrupci\u00f3n de corriente a corriente nominal completa.<\/li>\n<li style='margin-bottom: 5px;'>El\u00e9ctrico &#8211; Voltaje diel\u00e9ctrico: Soporta un m\u00ednimo de 2 000 V CA Min.<\/li>\n<li style='margin-bottom: 5px;'>Ambiental &#8211; Inflamabilidad: HB o mejor.<\/li>\n<li style='margin-bottom: 5px;'>Ambiental &#8211; Temperatura de funcionamiento: M\u00e1xima continua de 75 \u00b0C y m\u00ednima de -40 \u00b0C sin impactos.<\/li>\n<li style='margin-bottom: 5px;'>Mec\u00e1nico &#8211; Alojamiento de terminales: Cable de cobre trenzado # 10 AWG &#8211; # 6 AWG \u00fanicamente.<\/li>\n<\/ul><\/div>\n<\/p><\/div>\n<p> <!-- Separador --> <\/p>\n<hr style='border: 0; border-top: 1px solid rgba(150&comma; 150&comma; 150&comma; 0.3); margin: 30px 0;'> <\/div>\n","protected":false},"excerpt":{"rendered":"<p>Enchufe Macho con Bloqueo de Media Vuelta Trif\u00e1sico \/ 50 A 250 VCA 3 Fases \/ 3 Polos 4 Hilos \/ Grado Industrial \/ Color Negro y Blanco.<\/p>\n","protected":false},"featured_media":94525,"comment_status":"open","ping_status":"closed","template":"","meta":[],"product_brand":[],"product_cat":[1073],"product_tag":[1074,1066,705],"class_list":{"0":"post-94526","1":"product","2":"type-product","3":"status-publish","4":"has-post-thumbnail","6":"product_cat-apagadores-y-clavijas","7":"product_tag-apagadores-y-clavijas","8":"product_tag-area-electrica","9":"product_tag-hubbell","11":"first","12":"outofstock","13":"sale","14":"shipping-taxable","15":"purchasable","16":"product-type-simple"},"_links":{"self":[{"href":"https:\/\/soydeaqui.ddns.net\/pachuca\/index.php\/wp-json\/wp\/v2\/product\/94526","targetHints":{"allow":["GET"]}}],"collection":[{"href":"https:\/\/soydeaqui.ddns.net\/pachuca\/index.php\/wp-json\/wp\/v2\/product"}],"about":[{"href":"https:\/\/soydeaqui.ddns.net\/pachuca\/index.php\/wp-json\/wp\/v2\/types\/product"}],"replies":[{"embeddable":true,"href":"https:\/\/soydeaqui.ddns.net\/pachuca\/index.php\/wp-json\/wp\/v2\/comments?post=94526"}],"wp:featuredmedia":[{"embeddable":true,"href":"https:\/\/soydeaqui.ddns.net\/pachuca\/index.php\/wp-json\/wp\/v2\/media\/94525"}],"wp:attachment":[{"href":"https:\/\/soydeaqui.ddns.net\/pachuca\/index.php\/wp-json\/wp\/v2\/media?parent=94526"}],"wp:term":[{"taxonomy":"product_brand","embeddable":true,"href":"https:\/\/soydeaqui.ddns.net\/pachuca\/index.php\/wp-json\/wp\/v2\/product_brand?post=94526"},{"taxonomy":"product_cat","embeddable":true,"href":"https:\/\/soydeaqui.ddns.net\/pachuca\/index.php\/wp-json\/wp\/v2\/product_cat?post=94526"},{"taxonomy":"product_tag","embeddable":true,"href":"https:\/\/soydeaqui.ddns.net\/pachuca\/index.php\/wp-json\/wp\/v2\/product_tag?post=94526"}],"curies":[{"name":"wp","href":"https:\/\/api.w.org\/{rel}","templated":true}]}}