{"id":94521,"date":"2026-03-20T06:49:00","date_gmt":"2026-03-20T06:49:00","guid":{"rendered":"https:\/\/soydeaqui.ddns.net\/pachuca\/index.php\/producto\/kit-dvr-movil-2-camaras-interior-2-camaras-exterior-1080p-4-canales-turbohd-tecnologia-ia-integrada-soporta-4g-gps-sensor-g-soporta-2-memorias-sd-512-gb-total\/"},"modified":"2026-03-20T06:49:10","modified_gmt":"2026-03-20T06:49:10","slug":"kit-dvr-movil-2-camaras-interior-2-camaras-exterior-1080p-4-canales-turbohd-tecnologia-ia-integrada-soporta-4g-gps-sensor-g-soporta-2-memorias-sd-512-gb-total","status":"publish","type":"product","link":"https:\/\/soydeaqui.ddns.net\/pachuca\/index.php\/producto\/kit-dvr-movil-2-camaras-interior-2-camaras-exterior-1080p-4-canales-turbohd-tecnologia-ia-integrada-soporta-4g-gps-sensor-g-soporta-2-memorias-sd-512-gb-total\/","title":{"rendered":"Kit DVR M\u00f3vil \/ 2 C\u00e1maras Interior + 2 C\u00e1maras Exterior \/ (1080p) \/ 4 Canales TURBOHD \/ Tecnolog\u00eda IA Integrada \/ Soporta 4G \/ GPS \/ Sensor G \/ Soporta 2 Memorias SD (512 GB total)"},"content":{"rendered":"<div style='width: 100%; max-width: 1200px; margin: 0 auto; font-family: sans-serif; line-height: 1.6; color: inherit; background-color: transparent;'> <!-- Banner principal --> <\/p>\n<div style='text-align: center; margin: 20px 0;'> <a href='https:\/\/www.syscom.mx\/producto\/AE-DI5042-G4-HIKVISION-196402.html'> <img style='width: 100%; height: auto; border: 1px solid rgba(150&comma;150&comma;150&comma;0.3); border-radius: 8px;' src='https:\/\/ftp3.syscom.mx\/usuarios\/jmolinar\/JonathanMolinar\/Hikvision\/Banner-DASHCAM.png' alt='Banner DASHCAM'> <\/a> <\/div>\n<p> <!-- Secci\u00f3n video + contenido principal --> <\/p>\n<div style='display: flex; flex-wrap: wrap; gap: 30px; margin: 30px 0;'>\n<div style='flex: 1 1 400px; min-width: 300px;'>\n<h2 style='font-size: 24px; color: inherit; margin-top: 0;'>Soluciones m\u00f3viles Hikvision<\/h2>\n<p style='color: inherit; font-size: 15px;'>Hikvision la soluci\u00f3n m\u00e1s completa en grabadores m\u00f3viles.<\/p>\n<\/p><\/div>\n<div style='flex: 1 1 560px; min-width: 300px;'>\n<div style='position: relative; padding-bottom: 56.25%; height: 0; overflow: hidden;'>   <\/div>\n<\/p><\/div>\n<\/p><\/div>\n<p> <!-- Informaci\u00f3n del kit --> <\/p>\n<div style='text-align: center; margin: 30px 0;'>\n<h1 style='font-size: 28px; color: inherit; margin: 0;'>AE-MD5043SD\/I\/GLF(KIT)<\/h1>\n<h3 style='font-size: 20px; color: inherit; margin: 15px 0 10px; border-bottom: 2px solid currentColor; padding-bottom: 5px; display: inline-block; min-width: 150px;'>Incluye:<\/h3>\n<div style='display: flex; flex-wrap: wrap; justify-content: center; gap: 15px; margin-top: 15px;'>\n<div style='flex: 1 1 200px; min-width: 180px;'>\n<p style='margin: 5px 0; font-size: 15px; color: inherit;'>1 x <a style='color: inherit; text-decoration: underline;' href='https:\/\/www.syscom.mx\/producto\/AE-MD5043-SD\/I\/GLF-HIKVISION-224630.html'>AE-MD5043SD\/I\/GLF<\/a><\/p>\n<\/p><\/div>\n<div style='flex: 1 1 200px; min-width: 180px;'>\n<p style='margin: 5px 0; font-size: 15px; color: inherit;'>2 x <a style='color: inherit; text-decoration: underline;' href='https:\/\/www.syscom.mx\/producto\/AE-VC124T-IT-HIKVISION-164936.html' target='_blank' rel='noopener'>AE-VC124T-IT<\/a><\/p>\n<\/p><\/div>\n<div style='flex: 1 1 200px; min-width: 180px;'>\n<p style='margin: 5px 0; font-size: 15px; color: inherit;'>2 x <a style='color: inherit; text-decoration: underline;' href='https:\/\/www.syscom.mx\/producto\/AE-VC222T-ITS-HIKVISION-196248.html' target='_blank' rel='noopener'>AE-VC222T-ITS<\/a><\/p>\n<\/p><\/div>\n<\/p><\/div>\n<\/p><\/div>\n<p> <!-- Secci\u00f3n de productos --> <\/p>\n<div style='display: flex; flex-wrap: wrap; gap: 30px; margin: 30px 0;'> <!-- Producto 1 --> <\/p>\n<div style='flex: 1 1 300px; min-width: 280px;'>\n<div style='border: 1px solid rgba(150&comma;150&comma;150&comma;0.3); border-radius: 8px; overflow: hidden; display: flex; flex-direction: column;'>\n<div style='padding: 15px; border-bottom: 1px solid rgba(150&comma;150&comma;150&comma;0.2); font-weight: bold; font-size: 18px; color: inherit;'>1 x AE-MD5043-SD\/I\/GLF<\/div>\n<div style='padding: 15px; color: inherit;'>\n<div style='text-align: center; margin-bottom: 15px;'> <a href='https:\/\/www.syscom.mx\/producto\/AE-MD5043-SD\/I\/GLF-HIKVISION-224630.html'> <img style='width: 100%; height: auto; border: 1px solid rgba(150&comma;150&comma;150&comma;0.3); border-radius: 8px; max-width: 400px; margin: 0 auto;' src='https:\/\/ftp3.syscom.mx\/usuarios\/fotos\/BancoFotografiasSyscom\/HIKVISION\/DSMP5604SD_GLF_WI58\/DSMP5604SD_GLF_WI58-l.PNG' alt='AE-MD5043-SD\/I\/GLF'> <\/a> <\/div>\n<h4 style='margin-top: 0; color: inherit; font-size: 16px; border-bottom: 1px solid rgba(150&comma;150&comma;150&comma;0.2); padding-bottom: 5px;'>Caracter\u00edsticas:<\/h4>\n<ul style='padding-left: 20px; margin: 15px 0; font-size: 14px; list-style-type: disc; color: inherit;'>\n<li style='margin-bottom: 8px;'>Soporta 4 c\u00e1maras m\u00f3vil TURBO 1080p.<\/li>\n<li style='margin-bottom: 8px;'>Soporta audio canal 2&comma;3&comma;y 4. (canal uno por micr\u00f3fono externo).<\/li>\n<li style='margin-bottom: 8px;'>Compresi\u00f3n H.264 \/ H.265.<\/li>\n<li style='margin-bottom: 8px;'>Soporta 2 memorias SD de hasta 256 GB cada uno (no incluida).<\/li>\n<li style='margin-bottom: 8px;'>Incluye m\u00f3dulo de GPS.<\/li>\n<li style='margin-bottom: 8px;'>Incluye m\u00f3dulo de 4G. (requiere SIM de datos para transmisi\u00f3n de informaci\u00f3n remota y licencias del software Hik-Connect 6).<\/li>\n<li style='margin-bottom: 8px; font-weight: bold;'>Soporta c\u00e1maras con Inteligencia Artificial&comma; ADAS&comma; DSM y BSD.<\/li>\n<li style='margin-bottom: 8px;'>Soporta apagado tard\u00edo calendarizado (0 hasta 6 horas).<\/li>\n<\/ul>\n<p style='font-size: 14px; color: inherit; margin-top: 15px; font-style: italic;'> Nota: El consumo de datos (3G \/ 4G) depender\u00e1 de la configuraci\u00f3n de resoluci\u00f3n y el tiempo de visualizaci\u00f3n en tiempo real. <\/p>\n<\/p><\/div>\n<\/p><\/div>\n<\/p><\/div>\n<p> <!-- Producto 2 --> <\/p>\n<div style='flex: 1 1 300px; min-width: 280px;'>\n<div style='border: 1px solid rgba(150&comma;150&comma;150&comma;0.3); border-radius: 8px; overflow: hidden; display: flex; flex-direction: column;'>\n<div style='padding: 15px; border-bottom: 1px solid rgba(150&comma;150&comma;150&comma;0.2); font-weight: bold; font-size: 18px; color: inherit;'>2 x AE-VC222T-ITS<\/div>\n<div style='padding: 15px; color: inherit;'>\n<div style='text-align: center; margin-bottom: 15px;'> <a href='https:\/\/www.syscom.mx\/producto\/DS-2CE10DF0T-F-HIKVISION-189229.html' target='_blank' rel='noopener'> <img style='width: 100%; height: auto; border: 1px solid rgba(150&comma;150&comma;150&comma;0.3); border-radius: 8px; max-width: 400px; margin: 0 auto;' src='https:\/\/ftp3.syscom.mx\/usuarios\/fotos\/BancoFotografiasSyscom\/HIKVISION\/AEVC222TITS\/AEVC222TITS-l.PNG' alt='AE-VC222T-ITS'> <\/a> <\/div>\n<h4 style='margin-top: 0; color: inherit; font-size: 16px; border-bottom: 1px solid rgba(150&comma;150&comma;150&comma;0.2); padding-bottom: 5px;'>Caracter\u00edsticas:<\/h4>\n<ul style='padding-left: 20px; margin: 15px 0; font-size: 14px; list-style-type: disc; color: inherit;'>\n<li style='margin-bottom: 8px;'>Resoluci\u00f3n M\u00e1xima 2 Megapixel (1920 x 1080).<\/li>\n<li style='margin-bottom: 8px;'>Lente 2.1 mm (\u00e1ngulo de visi\u00f3n 117\u00b0).<\/li>\n<li style='margin-bottom: 8px;'>Conector tipo aviaci\u00f3n (por el mismo cable de video inyecta la alimentaci\u00f3n).<\/li>\n<li style='margin-bottom: 8px;'>Micr\u00f3fono interconstruido.<\/li>\n<li style='margin-bottom: 8px;'>Interior.<\/li>\n<\/ul><\/div>\n<\/p><\/div>\n<\/p><\/div>\n<p> <!-- Producto 3 --> <\/p>\n<div style='flex: 1 1 300px; min-width: 280px;'>\n<div style='border: 1px solid rgba(150&comma;150&comma;150&comma;0.3); border-radius: 8px; overflow: hidden; display: flex; flex-direction: column;'>\n<div style='padding: 15px; border-bottom: 1px solid rgba(150&comma;150&comma;150&comma;0.2); font-weight: bold; font-size: 18px; color: inherit;'>2 x AE-VC124T-IT<\/div>\n<div style='padding: 15px; color: inherit;'>\n<div style='text-align: center; margin-bottom: 15px;'> <a href='https:\/\/www.syscom.mx\/producto\/AE-VC124T-IT-HIKVISION-164936.html' target='_blank' rel='noopener'> <img style='width: 100%; height: auto; border: 1px solid rgba(150&comma;150&comma;150&comma;0.3); border-radius: 8px; max-width: 400px; margin: 0 auto;' src='https:\/\/ftp3.syscom.mx\/usuarios\/fotos\/BancoFotografiasSyscom\/HIKVISION\/AEVC224TIT\/AEVC224TIT-l.PNG' alt='AE-VC124T-IT'> <\/a> <\/div>\n<h4 style='margin-top: 0; color: inherit; font-size: 16px; border-bottom: 1px solid rgba(150&comma;150&comma;150&comma;0.2); padding-bottom: 5px;'>Caracter\u00edsticas:<\/h4>\n<ul style='padding-left: 20px; margin: 15px 0; font-size: 14px; list-style-type: disc; color: inherit;'>\n<li style='margin-bottom: 8px;'>Resoluci\u00f3n M\u00e1xima 1 Megapixel (1280 x 720).<\/li>\n<li style='margin-bottom: 8px;'>Lente 2.1 mm (\u00e1ngulo de visi\u00f3n 117\u00b0).<\/li>\n<li style='margin-bottom: 8px;'>Conector tipo aviaci\u00f3n (por el mismo cable de video inyecta la alimentaci\u00f3n).<\/li>\n<li style='margin-bottom: 8px;'>15 mts IR (visi\u00f3n nocturna).<\/li>\n<li style='margin-bottom: 8px;'>Exterior IP68.<\/li>\n<\/ul><\/div>\n<\/p><\/div>\n<\/p><\/div>\n<\/p><\/div>\n<p> <!-- Soluciones de transmisi\u00f3n y centralizaci\u00f3n remota --> <\/p>\n<div style='border: 1px solid rgba(150&comma;150&comma;150&comma;0.3); border-radius: 8px; padding: 20px; margin: 30px 0;'>\n<h3 style='font-size: 20px; color: inherit; margin-top: 0; border-bottom: 2px solid currentColor; padding-bottom: 8px;'>Soluciones para transmisi\u00f3n y centralizaci\u00f3n remota<\/h3>\n<h4 style='font-size: 18px; color: inherit; margin-top: 20px; border-bottom: 1px solid rgba(150&comma;150&comma;150&comma;0.3); padding-bottom: 5px;'>1. Usando la plataforma de Hik-Central Profesional:<\/h4>\n<ul style='padding-left: 20px; margin: 15px 0; font-size: 14px; list-style-type: disc; color: inherit;'>\n<li style='margin-bottom: 8px;'> <strong style='color: inherit;'>HC-P-MS-B<\/strong>: Esta licencia a\u00f1ade la base para dispositivos m\u00f3viles&comma; incluye 10 unidades y tambi\u00e9n m\u00f3dulo de Business Intelligence. <a style='color: inherit; text-decoration: underline;' href='https:\/\/www.syscom.mx\/principal\/searchcont?route=DS-MP5604-HIKVISION-188780&#038;autodetect=HC-P-MS-B' target='_blank' rel='noopener'>Ver m\u00e1s<\/a> <\/li>\n<li style='margin-bottom: 8px;'> <strong style='color: inherit;'>HC-P-MS\/1<\/strong>: Esta licencia agrega 1 dispositivo m\u00f3vil adicional&comma; se requiere tener una licencia base activa. (Se usa a partir del dispositivo n\u00famero 11 en adelante). <a style='color: inherit; text-decoration: underline;' href='https:\/\/www.syscom.mx\/producto\/HC-P-MS-1-HIKVISION-200925.html' target='_blank' rel='noopener'>Ver m\u00e1s<\/a> <\/li>\n<\/ul>\n<p style='margin: 15px 0; font-size: 14px; color: inherit;'>Esta soluci\u00f3n requiere infraestructura de red adicional:<\/p>\n<ul style='padding-left: 20px; margin: 15px 0; font-size: 14px; list-style-type: disc; color: inherit;'>\n<li style='margin-bottom: 8px;'>Se requiere un servidor (PC) dedicada para colocar las licencias del software Hik-Central Profesional&comma; en este servidor se dejan corriendo los servicios para poder consultar el video en vivo&comma; ver grabaciones y posicionamiento de manera remota. (Se recomienda un servidor como m\u00ednimo Core i5 y 8 GB RAM).<\/li>\n<li style='margin-bottom: 8px;'>Se requiere tener una IP p\u00fablica fija (dedicada) y un buen ancho de banda que depender\u00e1 de la cantidad del n\u00famero de DVR\u00b4s m\u00f3viles a centralizar.<\/li>\n<\/ul>\n<h4 style='font-size: 18px; color: inherit; margin-top: 25px; border-bottom: 1px solid rgba(150&comma;150&comma;150&comma;0.3); padding-bottom: 5px;'>2. Usando la plataforma de HikConnect Teams:<\/h4>\n<ul style='padding-left: 20px; margin: 15px 0; font-size: 14px; list-style-type: disc; color: inherit;'>\n<li style='margin-bottom: 8px;'> <strong style='color: inherit;'>HCT-VEHICULO-1D-1A<\/strong>: Licencia Anual HikConnect Teams \/ Monitoreo Vehicular de GPS (Ubicaci\u00f3n) y Video en Tiempo Real por 1 A\u00f1o para 1 Dispositivo \/ Compatible con Dash Cam y DVR\u00b4s M\u00f3viles. <a style='color: inherit; text-decoration: underline;' href='https:\/\/soporte.syscom.mx\/es\/articles\/6645147-hikcentral-connect-agregar-mdvr-modelo-ds-mp5604' target='_blank' rel='noopener'>Tutorial de configuraci\u00f3n<\/a> <\/li>\n<\/ul>\n<p style='margin: 15px 0; font-size: 14px; color: inherit; font-style: italic;'> Nota: Generando su cuenta desde el portal Hik-Connect.com se le otorga 10 equipos gratis&comma; temporalmente por ajustes de la plataforma no se puede agregar m\u00e1s licencias&comma; fecha tentativa de liberaci\u00f3n de la plataforma para nuevas licencias es 15 Enero 2024&comma; para m\u00e1s informaci\u00f3n cont\u00e1ctenos. <\/p>\n<p style='margin: 15px 0; font-size: 14px; color: inherit;'> <a style='color: inherit; text-decoration: underline;' href='https:\/\/soporte.syscom.mx\/es\/articles\/8507358-hikconnect-for-teams-crear-cuenta-hikconnect-for-teams'>Crear cuenta HikConnect teams desde p\u00e1gina web.<\/a> <\/p>\n<\/p><\/div>\n<p> <!-- Banner final --> <\/p>\n<div style='text-align: center; margin: 30px 0;'> <img style='width: 100%; height: auto; border: 1px solid rgba(150&comma;150&comma;150&comma;0.3); border-radius: 8px; max-width: 1200px;' src='https:\/\/ftp3.syscom.mx\/usuarios\/jsosa\/HIKVISION\/imagenes\/banners\/solution%20complete.png' alt='Soluci\u00f3n completa'> <\/div>\n<\/p><\/div>\n","protected":false},"excerpt":{"rendered":"<p>Kit DVR M\u00f3vil \/ 2 C\u00e1maras Interior + 2 C\u00e1maras Exterior \/ (1080p) \/ 4 Canales TURBOHD \/ Tecnolog\u00eda IA Integrada \/ Soporta 4G \/ GPS \/ Sensor G \/ Soporta 2 Memorias SD (512 GB total)<\/p>\n","protected":false},"featured_media":94520,"comment_status":"open","ping_status":"closed","template":"","meta":[],"product_brand":[],"product_cat":[1343],"product_tag":[54,1345,1344],"class_list":{"0":"post-94521","1":"product","2":"type-product","3":"status-publish","4":"has-post-thumbnail","6":"product_cat-videograbadoras-moviles","7":"product_tag-hikvision","8":"product_tag-videograbadoras-moviles","9":"product_tag-videograbadoras-moviles-y-portatiles","11":"first","12":"outofstock","13":"sale","14":"shipping-taxable","15":"purchasable","16":"product-type-simple"},"_links":{"self":[{"href":"https:\/\/soydeaqui.ddns.net\/pachuca\/index.php\/wp-json\/wp\/v2\/product\/94521","targetHints":{"allow":["GET"]}}],"collection":[{"href":"https:\/\/soydeaqui.ddns.net\/pachuca\/index.php\/wp-json\/wp\/v2\/product"}],"about":[{"href":"https:\/\/soydeaqui.ddns.net\/pachuca\/index.php\/wp-json\/wp\/v2\/types\/product"}],"replies":[{"embeddable":true,"href":"https:\/\/soydeaqui.ddns.net\/pachuca\/index.php\/wp-json\/wp\/v2\/comments?post=94521"}],"wp:featuredmedia":[{"embeddable":true,"href":"https:\/\/soydeaqui.ddns.net\/pachuca\/index.php\/wp-json\/wp\/v2\/media\/94520"}],"wp:attachment":[{"href":"https:\/\/soydeaqui.ddns.net\/pachuca\/index.php\/wp-json\/wp\/v2\/media?parent=94521"}],"wp:term":[{"taxonomy":"product_brand","embeddable":true,"href":"https:\/\/soydeaqui.ddns.net\/pachuca\/index.php\/wp-json\/wp\/v2\/product_brand?post=94521"},{"taxonomy":"product_cat","embeddable":true,"href":"https:\/\/soydeaqui.ddns.net\/pachuca\/index.php\/wp-json\/wp\/v2\/product_cat?post=94521"},{"taxonomy":"product_tag","embeddable":true,"href":"https:\/\/soydeaqui.ddns.net\/pachuca\/index.php\/wp-json\/wp\/v2\/product_tag?post=94521"}],"curies":[{"name":"wp","href":"https:\/\/api.w.org\/{rel}","templated":true}]}}