{"id":94509,"date":"2026-03-20T06:48:32","date_gmt":"2026-03-20T06:48:32","guid":{"rendered":"https:\/\/soydeaqui.ddns.net\/pachuca\/index.php\/producto\/memoria-microsd-clase-10-de-256-gb-especializada-para-videovigilancia-movil-uso-24-7-soporta-altas-temperaturas-95-mb-s-lectura-55-mb-s-escritura\/"},"modified":"2026-03-20T06:48:32","modified_gmt":"2026-03-20T06:48:32","slug":"memoria-microsd-clase-10-de-256-gb-especializada-para-videovigilancia-movil-uso-24-7-soporta-altas-temperaturas-95-mb-s-lectura-55-mb-s-escritura","status":"publish","type":"product","link":"https:\/\/soydeaqui.ddns.net\/pachuca\/index.php\/producto\/memoria-microsd-clase-10-de-256-gb-especializada-para-videovigilancia-movil-uso-24-7-soporta-altas-temperaturas-95-mb-s-lectura-55-mb-s-escritura\/","title":{"rendered":"Memoria MicroSD \/ Clase 10 de 256 GB \/ Especializada Para Videovigilancia Movil (Uso 24\/7) \/ Soporta Altas Temperaturas \/ 95 MB\/s Lectura \/ 55 MB\/s Escritura"},"content":{"rendered":"<div style='width: 100%; max-width: 1200px; margin: 0 auto; font-family: sans-serif; line-height: 1.6; color: inherit; background-color: transparent;'> <!-- Banner --> <\/p>\n<div style='width: 100%; max-width: 1200px; margin: 0 auto; text-align: center;'> <img style='width: 100%; height: auto; border: 1px solid rgba(150&comma;150&comma;150&comma;0.3); border-radius: 8px; max-width: 100%;' src='https:\/\/ftp3.syscom.mx\/usuarios\/gmagos\/HIK\/storage\/Vaners\/hiksemi.png' alt='HIKSEMI Banner'> <\/div>\n<p> <!-- Descripci\u00f3n --> <\/p>\n<div style='display: flex; flex-wrap: wrap; align-items: center; justify-content: center; margin: 30px 0;'>\n<div style='flex: 1 1 100%; text-align: center; margin-bottom: 20px;'>\n<h1 style='font-size: 24px; color: inherit; opacity: 0.8; margin: 0; font-weight: bold;'>Especificaciones<\/h1>\n<\/p><\/div>\n<div style='flex: 1 1 300px; min-width: 280px;'>\n<div style='border: 1px solid rgba(150&comma; 150&comma; 150&comma; 0.4); border-radius: 8px; overflow: hidden; display: flex; flex-direction: column;'>\n<div style='padding: 15px; border-bottom: 1px solid rgba(150&comma; 150&comma; 150&comma; 0.2); font-weight: bold; font-size: 18px; color: inherit;'>Caracter\u00edsticas Principales:<\/div>\n<div style='padding: 15px; color: inherit;'>\n<ul style='padding-left: 20px; margin: 0; font-size: 14px; list-style-type: disc;'>\n<li style='margin-bottom: 5px;'><strong>Formato:<\/strong> Micro SDXC<\/li>\n<li style='margin-bottom: 5px;'><strong>Capacidad:<\/strong> 256 GB<\/li>\n<li style='margin-bottom: 5px;'><strong>Velocidad de Lectura:<\/strong> 100 MB\/s<\/li>\n<li style='margin-bottom: 5px;'><strong>Velocidad de Escritura:<\/strong> 85 MB\/s<\/li>\n<li style='margin-bottom: 5px;'><strong>Sistema de Archivos:<\/strong> exFAT<\/li>\n<li style='margin-bottom: 5px;'><strong>Velocidad:<\/strong> Clase 10&comma; U3&comma; V30<\/li>\n<li style='margin-bottom: 5px;'><strong>Memoria Flash NAND:<\/strong> TLC (Triple-Level Cell)<\/li>\n<li style='margin-bottom: 5px;'><strong>Dimensiones:<\/strong> 14.99 x 10.92 x 1.02 mm (0.59 x 0.43 x 0.04 in)<\/li>\n<li style='margin-bottom: 5px;'><strong>Temperatura de Operaci\u00f3n:<\/strong> -25 \u00b0C a 85 \u00b0C<\/li>\n<\/ul><\/div>\n<\/p><\/div>\n<\/p><\/div>\n<\/p><\/div>\n<p> <!-- Videos --> <\/p>\n<div style='display: flex; flex-wrap: wrap; gap: 20px; margin: 30px 0;'>\n<div style='flex: 1 1 400px; min-width: 300px;'>\n<h3 style='text-align: center; font-size: 18px; margin: 0 0 15px 0; font-weight: bold; color: inherit; opacity: 0.8;'>\u00bfQui\u00e9n es HIKSEMI?<\/h3>\n<div style='position: relative; padding-bottom: 56.25%; height: 0; overflow: hidden; margin-bottom: 30px;'>   <\/div>\n<\/p><\/div>\n<div style='flex: 1 1 400px; min-width: 300px;'>\n<h3 style='text-align: center; font-size: 18px; margin: 0 0 15px 0; font-weight: bold; color: inherit; opacity: 0.8;'>Unidades de Estado S\u00f3lido<\/h3>\n<div style='position: relative; padding-bottom: 56.25%; height: 0; overflow: hidden; margin-bottom: 30px;'>   <\/div>\n<\/p><\/div>\n<\/p><\/div>\n<p> <!-- Imagen 1 con overlay --> <\/p>\n<div style='position: relative; width: 100%; margin: 30px 0; overflow: hidden;'> <img style='width: 100%; height: auto; border: 1px solid rgba(150&comma;150&comma;150&comma;0.3); border-radius: 8px; display: block;' src='https:\/\/ftp3.syscom.mx\/usuarios\/gmagos\/HIK\/storage\/Pagina%20WEB\/CITY%20GO\/1.jpg' alt='Imagen de Fondo'> <\/p>\n<div style='position: absolute; top: 50%; left: 50%; transform: translate(-50%&comma; -50%); padding: 25px; text-align: center; width: 100%; max-width: 600px;'>\n<h1 style='font-size: 24px; margin: 0 0 10px 0; font-weight: bold; color: inherit; font-family: verdana&comma; geneva&comma; sans-serif;'>Tarjeta Micro SD CITY GO<\/h1>\n<h2 style='font-size: 18px; margin: 0; color: inherit; font-family: verdana&comma; geneva&comma; sans-serif;'>Dedicado a la videovigilancia<\/h2>\n<\/p><\/div>\n<\/p><\/div>\n<p> <!-- Secci\u00f3n con imagen y texto --> <\/p>\n<div style='display: flex; flex-wrap: wrap; gap: 20px; align-items: center; margin: 30px 0;'>\n<div style='flex: 1 1 300px; min-width: 250px;'> <img style='width: 100%; height: auto; border: 1px solid rgba(150&comma;150&comma;150&comma;0.3); border-radius: 8px;' src='https:\/\/ftp3.syscom.mx\/usuarios\/gmagos\/HIK\/storage\/Pagina%20WEB\/CITY%20GO\/2.jpg' alt='Rendimiento s\u00f3lido con precio m\u00e1s bajo'> <\/div>\n<div style='flex: 1 1 300px; min-width: 250px;'>\n<h2 style='font-size: 20px; margin: 0 0 15px 0; font-weight: bold; color: inherit; opacity: 0.8;'>TLC NAND compatible&comma; rendimiento s\u00f3lido con precio m\u00e1s bajo<\/h2>\n<p style='font-size: 14px; margin: 0; color: inherit; text-align: justify;'>Compatibilidad con TLC NAND para un rendimiento robusto al mejor precio. Alcanza una velocidad m\u00e1xima de lectura de 100 MB\/s y una velocidad m\u00e1xima de escritura de 90 MB\/s. Obt\u00e9n un desempe\u00f1o confiable y eficiente con nuestra tarjeta micro SD<\/p>\n<\/p><\/div>\n<\/p><\/div>\n<p> <!-- Secci\u00f3n con texto e imagen --> <\/p>\n<div style='display: flex; flex-wrap: wrap; gap: 20px; align-items: center; margin: 30px 0;'>\n<div style='flex: 1 1 300px; min-width: 250px;'>\n<h2 style='font-size: 20px; margin: 0 0 15px 0; font-weight: bold; color: inherit; opacity: 0.8;'>Adaptabilidad ultrafuerte<\/h2>\n<p style='font-size: 14px; margin: 0; color: inherit; text-align: justify;'>Tu soluci\u00f3n de adaptabilidad ultrafuerte. Dise\u00f1ada para resistir agua&comma; golpes&comma; rayos X y un amplio rango de temperaturas. Conf\u00eda en nuestra tarjeta micro SD para brindarte resistencia y durabilidad en cualquier entorno<\/p>\n<\/p><\/div>\n<div style='flex: 1 1 300px; min-width: 250px;'> <img style='width: 100%; height: auto; border: 1px solid rgba(150&comma;150&comma;150&comma;0.3); border-radius: 8px;' src='https:\/\/ftp3.syscom.mx\/usuarios\/gmagos\/HIK\/storage\/Pagina%20WEB\/CITY%20GO\/3.png' alt='Adaptabilidad ultrafuerte'> <\/div>\n<\/p><\/div>\n<p> <!-- Imagen 4 con overlay --> <\/p>\n<div style='position: relative; width: 100%; margin: 30px 0; overflow: hidden;'> <img style='width: 100%; height: auto; border: 1px solid rgba(150&comma;150&comma;150&comma;0.3); border-radius: 8px; display: block;' src='https:\/\/ftp3.syscom.mx\/usuarios\/gmagos\/HIK\/storage\/Pagina%20WEB\/CITY%20GO\/4.jpg' alt='Imagen de Fondo'> <\/p>\n<div style='position: absolute; top: 50%; left: 50%; transform: translate(-50%&comma; -50%); padding: 25px; text-align: center; width: 100%; max-width: 600px;'>\n<h1 style='font-size: 22px; margin: 0 0 10px 0; font-weight: bold; color: inherit; font-family: verdana&comma; geneva&comma; sans-serif;'>Con la tarjeta CITY GO TF&comma; una es suficiente<\/h1>\n<h2 style='font-size: 16px; margin: 0; color: inherit; font-family: verdana&comma; geneva&comma; sans-serif;'>De 32 GB a 128 GB&comma; grabaci\u00f3n de v\u00eddeo de hasta 10 000 horas<\/h2>\n<\/p><\/div>\n<\/p><\/div>\n<p> <!-- Banner adicional --> <\/p>\n<div style='width: 100%; max-width: 1200px; margin: 30px auto; text-align: center;'> <img style='width: 100%; height: auto; border: 1px solid rgba(150&comma;150&comma;150&comma;0.3); border-radius: 8px; max-width: 100%;' src='https:\/\/ftp3.syscom.mx\/usuarios\/gmagos\/HIK\/storage\/Vaners\/HIKSEMI-banner1.jpg' alt='Banner Final'> <\/div>\n<\/p><\/div>\n","protected":false},"excerpt":{"rendered":"<p>Memoria MicroSD \/ Clase 10 de 256 GB \/ Especializada Para Videovigilancia Movil (Uso 24\/7) \/ Soporta Altas Temperaturas \/ 95 MB\/s Lectura \/ 55 MB\/s Escritura<\/p>\n","protected":false},"featured_media":94508,"comment_status":"open","ping_status":"closed","template":"","meta":[],"product_brand":[],"product_cat":[2155],"product_tag":[2129,2156,2065],"class_list":{"0":"post-94509","1":"product","2":"type-product","3":"status-publish","4":"has-post-thumbnail","6":"product_cat-memorias-sd-memorias-micro-sd","7":"product_tag-hiksemi-by-hikvision","8":"product_tag-memorias-sd-memorias-micro-sd","9":"product_tag-servidores-almacenamiento","11":"first","12":"instock","13":"sale","14":"shipping-taxable","15":"purchasable","16":"product-type-simple"},"_links":{"self":[{"href":"https:\/\/soydeaqui.ddns.net\/pachuca\/index.php\/wp-json\/wp\/v2\/product\/94509","targetHints":{"allow":["GET"]}}],"collection":[{"href":"https:\/\/soydeaqui.ddns.net\/pachuca\/index.php\/wp-json\/wp\/v2\/product"}],"about":[{"href":"https:\/\/soydeaqui.ddns.net\/pachuca\/index.php\/wp-json\/wp\/v2\/types\/product"}],"replies":[{"embeddable":true,"href":"https:\/\/soydeaqui.ddns.net\/pachuca\/index.php\/wp-json\/wp\/v2\/comments?post=94509"}],"wp:featuredmedia":[{"embeddable":true,"href":"https:\/\/soydeaqui.ddns.net\/pachuca\/index.php\/wp-json\/wp\/v2\/media\/94508"}],"wp:attachment":[{"href":"https:\/\/soydeaqui.ddns.net\/pachuca\/index.php\/wp-json\/wp\/v2\/media?parent=94509"}],"wp:term":[{"taxonomy":"product_brand","embeddable":true,"href":"https:\/\/soydeaqui.ddns.net\/pachuca\/index.php\/wp-json\/wp\/v2\/product_brand?post=94509"},{"taxonomy":"product_cat","embeddable":true,"href":"https:\/\/soydeaqui.ddns.net\/pachuca\/index.php\/wp-json\/wp\/v2\/product_cat?post=94509"},{"taxonomy":"product_tag","embeddable":true,"href":"https:\/\/soydeaqui.ddns.net\/pachuca\/index.php\/wp-json\/wp\/v2\/product_tag?post=94509"}],"curies":[{"name":"wp","href":"https:\/\/api.w.org\/{rel}","templated":true}]}}