{"id":94502,"date":"2026-03-20T06:48:14","date_gmt":"2026-03-20T06:48:14","guid":{"rendered":"https:\/\/soydeaqui.ddns.net\/pachuca\/index.php\/producto\/decodificador-de-video-de-1-salidas-hdmi-4k-soporta-hasta-32-canales-de-video-simultaneos-monitoreo-en-vivo-sin-computadora\/"},"modified":"2026-03-20T06:48:28","modified_gmt":"2026-03-20T06:48:28","slug":"decodificador-de-video-de-1-salidas-hdmi-4k-soporta-hasta-32-canales-de-video-simultaneos-monitoreo-en-vivo-sin-computadora","status":"publish","type":"product","link":"https:\/\/soydeaqui.ddns.net\/pachuca\/index.php\/producto\/decodificador-de-video-de-1-salidas-hdmi-4k-soporta-hasta-32-canales-de-video-simultaneos-monitoreo-en-vivo-sin-computadora\/","title":{"rendered":"Decodificador de V\u00eddeo de 1 Salidas HDMI 4K \/ Soporta hasta 32 canales de V\u00eddeo Simult\u00e1neos \/ Monitoreo En Vivo Sin Computadora"},"content":{"rendered":"<div style='width: 100%; max-width: 1200px; margin: 0 auto; font-family: sans-serif; line-height: 1.6; color: inherit; background-color: transparent;'> <!-- Imagen principal --> <\/p>\n<div style='text-align: center; margin: 30px 0;'> <img style='width: 100%; max-width: 600px; height: auto; border: 1px solid rgba(150&comma;150&comma;150&comma;0.3); border-radius: 8px;' src='https:\/\/ftp3.syscom.mx\/usuarios\/nortega\/hikvision\/HPD.png' alt='Decodificador HIKVISION DS6901UDI(C)'> <\/div>\n<p> <!-- Secci\u00f3n de caracter\u00edsticas principales --> <\/p>\n<div style='display: flex; flex-wrap: wrap; gap: 30px; margin-bottom: 30px;'>\n<div style='flex: 1 1 300px; min-width: 280px;'>\n<h3 style='font-size: 22px; border-bottom: 2px solid currentColor; padding-bottom: 5px; margin-top: 0; color: inherit; opacity: 0.8;'>Caracter\u00edsticas principales<\/h3>\n<ul style='padding-left: 20px; font-size: 15px; color: inherit;'>\n<li style='margin-bottom: 5px;'>Compresi\u00f3n de video: H.265+ \/ H.265 \/ H.264+ \/ H.264 \/ MPEG4<\/li>\n<li style='margin-bottom: 5px;'>Salida de video en 4K<\/li>\n<li style='margin-bottom: 5px;'>Soporta decodificaci\u00f3n de video remoto<\/li>\n<li style='margin-bottom: 5px;'>Soporta audio de dos v\u00edas (entrada\/salida de audio con conector 3.5 mm)<\/li>\n<li style='margin-bottom: 5px;'>Compatible con RTP y RTSP<\/li>\n<li style='margin-bottom: 5px;'>Decodificaci\u00f3n de hasta 32 canales simult\u00e1neos<\/li>\n<li style='margin-bottom: 5px;'><strong>Configuraci\u00f3n y operaci\u00f3n v\u00eda WEB \/ Sin licenciamiento requerido<\/strong><\/li>\n<li style='margin-bottom: 5px;'>Se puede enviar video IP desde una PC (se requiere Cliente Hikcentral)<\/li>\n<\/ul><\/div>\n<p> <!-- Caracter\u00edsticas f\u00edsicas y el\u00e9ctricas --> <\/p>\n<div style='flex: 1 1 300px; min-width: 280px;'>\n<h3 style='font-size: 22px; border-bottom: 2px solid currentColor; padding-bottom: 5px; margin-top: 0; color: inherit; opacity: 0.8;'>Caracter\u00edsticas f\u00edsicas y el\u00e9ctricas<\/h3>\n<ul style='padding-left: 20px; font-size: 15px; color: inherit;'>\n<li style='margin-bottom: 5px;'>Alimentaci\u00f3n 12V \/ 15W<\/li>\n<li style='margin-bottom: 5px;'>Temperatura de operaci\u00f3n: -10 a 55 \u00b0C<\/li>\n<li style='margin-bottom: 5px;'>Dimensiones: 220 x 148 x 45 mm<\/li>\n<li style='margin-bottom: 5px;'>Peso: 1.12 kg<\/li>\n<\/ul><\/div>\n<p> <!-- Interfaces --> <\/p>\n<div style='flex: 1 1 300px; min-width: 280px;'>\n<h3 style='font-size: 22px; border-bottom: 2px solid currentColor; padding-bottom: 5px; margin-top: 0; color: inherit; opacity: 0.8;'>Interfaces<\/h3>\n<ul style='padding-left: 20px; font-size: 15px; color: inherit;'>\n<li style='margin-bottom: 5px;'>8 Entradas y 8 salidas de alarma<\/li>\n<li style='margin-bottom: 5px;'>1 Salida HDMI 4K<\/li>\n<li style='margin-bottom: 5px;'>1 Puerto RJ45 10\/100\/1000 Mbps<\/li>\n<li style='margin-bottom: 5px;'>1 Puerto serial RS-232 (RJ45)<\/li>\n<li style='margin-bottom: 5px;'>1 Puerto serial RS-485<\/li>\n<\/ul>\n<h4 style='font-size: 18px; margin-top: 20px; margin-bottom: 10px; color: inherit; opacity: 0.8;'>Accesorios en caja<\/h4>\n<ul style='padding-left: 20px; font-size: 15px; color: inherit;'>\n<li style='margin-bottom: 5px;'>1 Cable de corriente<\/li>\n<li style='margin-bottom: 5px;'>1 Cable de tierra<\/li>\n<\/ul><\/div>\n<\/p><\/div>\n<p> <!-- Separador --> <\/p>\n<hr style='border: 0; border-top: 1px solid rgba(150&comma; 150&comma; 150&comma; 0.3); margin: 30px 0;'> <!-- Secci\u00f3n de resoluci\u00f3n y requerimientos --> <\/p>\n<div style='display: flex; flex-wrap: wrap; gap: 30px;'> <!-- Resoluci\u00f3n de decodificaci\u00f3n --> <\/p>\n<div style='flex: 1 1 300px; min-width: 280px;'>\n<h3 style='font-size: 22px; border-bottom: 2px solid currentColor; padding-bottom: 5px; margin-top: 0; color: inherit; opacity: 0.8;'>Resoluci\u00f3n de decodificaci\u00f3n de video<\/h3>\n<ul style='padding-left: 20px; font-size: 15px; color: inherit;'>\n<li style='margin-bottom: 5px;'>16 canales 1080p<\/li>\n<li style='margin-bottom: 5px;'>9 canales 4 MP<\/li>\n<li style='margin-bottom: 5px;'>5 canales 6 MP<\/li>\n<li style='margin-bottom: 5px;'>4 canales 8 MP<\/li>\n<li style='margin-bottom: 5px;'>2 canales 12 MP<\/li>\n<li style='margin-bottom: 5px;'>1 canales 24 MP o 32 MP<\/li>\n<\/ul><\/div>\n<p> <!-- Requerimientos HikCentral --> <\/p>\n<div style='flex: 1 1 300px; min-width: 280px;'>\n<h3 style='font-size: 22px; border-bottom: 2px solid currentColor; padding-bottom: 5px; margin-top: 0; color: inherit; opacity: 0.8;'>Requerimientos para integraci\u00f3n con HikCentral<\/h3>\n<ul style='padding-left: 20px; font-size: 15px; color: inherit;'>\n<li style='margin-bottom: 5px;'><strong>HC-P-SW-M<\/strong> (licencia para a\u00f1adir m\u00f3dulo de videowall)<\/li>\n<li style='margin-bottom: 5px;'>Se requiere una estaci\u00f3n de trabajo para poder administrar el software y poder configurar el videowall<\/li>\n<\/ul>\n<p style='margin-top: 20px; font-size: 15px; color: inherit;'><strong>No compatible con IVMS-4200<\/strong><\/p>\n<\/p><\/div>\n<\/p><\/div>\n<p> <!-- Separador --> <\/p>\n<hr style='border: 0; border-top: 1px solid rgba(150&comma; 150&comma; 150&comma; 0.3); margin: 30px 0;'> <!-- Diagramas --> <\/p>\n<div style='margin-top: 30px;'>\n<h3 style='font-size: 22px; text-align: center; margin-bottom: 20px; color: inherit; opacity: 0.8;'>Diagrama de Integraci\u00f3n con HikCentral<\/h3>\n<div style='display: flex; flex-wrap: wrap; gap: 20px; justify-content: center;'>\n<div style='flex: 1 1 300px; min-width: 280px;'> <img style='width: 100%; height: auto; border: 1px solid rgba(150&comma;150&comma;150&comma;0.3); border-radius: 8px;' src='https:\/\/ftp3.syscom.mx\/usuarios\/jsosa\/HIKVISION\/imagenes\/decoders\/diagrama%20decoder.jpg' alt='Diagrama de Integraci\u00f3n con HikCentral'> <\/div>\n<div style='flex: 1 1 300px; min-width: 280px;'> <img style='width: 100%; height: auto; border: 1px solid rgba(150&comma;150&comma;150&comma;0.3); border-radius: 8px;' src='https:\/\/ftp3.syscom.mx\/usuarios\/nortega\/hikvision\/imagenes\/HIKVISION-VW-DS.png' alt='Diagrama HIKVISION-VW-DS'> <\/div>\n<\/p><\/div>\n<\/p><\/div>\n<\/p><\/div>\n","protected":false},"excerpt":{"rendered":"<p>Decodificador de V\u00eddeo de 1 Salidas HDMI 4K \/ Soporta hasta 32 canales de V\u00eddeo Simult\u00e1neos \/ Monitoreo En Vivo Sin Computadora<\/p>\n","protected":false},"featured_media":94501,"comment_status":"open","ping_status":"closed","template":"","meta":[],"product_brand":[],"product_cat":[2234],"product_tag":[122,54,2235],"class_list":{"0":"post-94502","1":"product","2":"type-product","3":"status-publish","4":"has-post-thumbnail","6":"product_cat-nvrs-network-video-recorders","7":"product_tag-camaras-ip-y-nvrs","8":"product_tag-hikvision","9":"product_tag-nvrs-network-video-recorders","11":"first","12":"instock","13":"sale","14":"shipping-taxable","15":"purchasable","16":"product-type-simple"},"_links":{"self":[{"href":"https:\/\/soydeaqui.ddns.net\/pachuca\/index.php\/wp-json\/wp\/v2\/product\/94502","targetHints":{"allow":["GET"]}}],"collection":[{"href":"https:\/\/soydeaqui.ddns.net\/pachuca\/index.php\/wp-json\/wp\/v2\/product"}],"about":[{"href":"https:\/\/soydeaqui.ddns.net\/pachuca\/index.php\/wp-json\/wp\/v2\/types\/product"}],"replies":[{"embeddable":true,"href":"https:\/\/soydeaqui.ddns.net\/pachuca\/index.php\/wp-json\/wp\/v2\/comments?post=94502"}],"wp:featuredmedia":[{"embeddable":true,"href":"https:\/\/soydeaqui.ddns.net\/pachuca\/index.php\/wp-json\/wp\/v2\/media\/94501"}],"wp:attachment":[{"href":"https:\/\/soydeaqui.ddns.net\/pachuca\/index.php\/wp-json\/wp\/v2\/media?parent=94502"}],"wp:term":[{"taxonomy":"product_brand","embeddable":true,"href":"https:\/\/soydeaqui.ddns.net\/pachuca\/index.php\/wp-json\/wp\/v2\/product_brand?post=94502"},{"taxonomy":"product_cat","embeddable":true,"href":"https:\/\/soydeaqui.ddns.net\/pachuca\/index.php\/wp-json\/wp\/v2\/product_cat?post=94502"},{"taxonomy":"product_tag","embeddable":true,"href":"https:\/\/soydeaqui.ddns.net\/pachuca\/index.php\/wp-json\/wp\/v2\/product_tag?post=94502"}],"curies":[{"name":"wp","href":"https:\/\/api.w.org\/{rel}","templated":true}]}}