{"id":94500,"date":"2026-03-20T06:48:10","date_gmt":"2026-03-20T06:48:10","guid":{"rendered":"https:\/\/soydeaqui.ddns.net\/pachuca\/index.php\/producto\/nvr-8mp-4k-64-canales-ip-raid-1-5-6-h-265-16-tb-8-x-2-incluidos-8-bahias-hdd-totales-onvif-ndaa-audio-y-alarmas-i-o-soporta-ia-serie-35-honeywell-security\/"},"modified":"2026-03-20T06:48:11","modified_gmt":"2026-03-20T06:48:11","slug":"nvr-8mp-4k-64-canales-ip-raid-1-5-6-h-265-16-tb-8-x-2-incluidos-8-bahias-hdd-totales-onvif-ndaa-audio-y-alarmas-i-o-soporta-ia-serie-35-honeywell-security","status":"publish","type":"product","link":"https:\/\/soydeaqui.ddns.net\/pachuca\/index.php\/producto\/nvr-8mp-4k-64-canales-ip-raid-1-5-6-h-265-16-tb-8-x-2-incluidos-8-bahias-hdd-totales-onvif-ndaa-audio-y-alarmas-i-o-soporta-ia-serie-35-honeywell-security\/","title":{"rendered":"NVR 8MP 4K \/ 64 Canales IP \/ RAID 1\/5\/6 \/ H.265 \/ 16 TB (8 x 2 ) Incluidos \/ 8 Bah\u00edas HDD Totales \/ ONVIF \/ NDAA \/ Audio y Alarmas I\/O \/ Soporta IA \/ Serie 35 \/ Honeywell Security"},"content":{"rendered":"<div style='width: 100%; max-width: 1200px; margin: 0 auto; font-family: sans-serif; line-height: 1.6; color: inherit; background-color: transparent;'> <!-- Im\u00e1genes iniciales --> <\/p>\n<div style='width: 100%; margin-bottom: 20px;'> <img style='width: 100%; height: auto; border: 1px solid rgba(150&comma;150&comma;150&comma;0.3); border-radius: 8px;' src='https:\/\/ftp3.syscom.mx\/usuarios\/pnunez\/Honeywell\/HC30WE5R2\/Imagenes\/banner-honeywell.jpg' alt='Banner Honeywell'> <\/div>\n<div style='width: 100%; margin-bottom: 20px;'> <img style='width: 100%; height: auto; border: 1px solid rgba(150&comma;150&comma;150&comma;0.3); border-radius: 8px;' src='https:\/\/ftp3.syscom.mx\/usuarios\/pnunez\/Honeywell\/Banners\/syscom-stock-disponible%20%281%29.jpg' alt='Stock disponible'> <\/div>\n<p> <!-- Secci\u00f3n de especificaciones --> <\/p>\n<div style='display: flex; flex-wrap: wrap; gap: 30px; margin-bottom: 30px;'>\n<div style='flex: 1 1 300px; min-width: 280px;'>\n<h3 style='font-size: 22px; border-bottom: 2px solid currentColor; padding-bottom: 5px; margin-top: 0; color: inherit; opacity: 0.8;'>Caracter\u00edsticas del NVR<\/h3>\n<ul style='padding-left: 20px; font-size: 15px; color: inherit;'>\n<li style='margin-bottom: 5px;'>Compresi\u00f3n de v\u00eddeo: H.264&comma; H.265<\/li>\n<li style='margin-bottom: 5px;'>Resoluci\u00f3n m\u00e1xima: 4K (3840 x 2160)<\/li>\n<li style='margin-bottom: 5px;'>Reproducci\u00f3n s\u00edncrona: 64 Canales<\/li>\n<li style='margin-bottom: 5px;'>Almacenamiento: 8 Bah\u00edas Totales 10 TB max. c\/u. 16 TB Enterprise (2 x 8 TB HDD) ya incluido<\/li>\n<li style='margin-bottom: 5px;'>Perfil ONVIF: S<\/li>\n<li style='margin-bottom: 5px;'><strong>Certificaci\u00f3n NDAA.<\/strong><\/li>\n<li style='margin-bottom: 5px;'><strong>Garant\u00eda 5 a\u00f1os.<\/strong><\/li>\n<\/ul><\/div>\n<div style='flex: 1 1 300px; min-width: 280px;'>\n<h3 style='font-size: 22px; border-bottom: 2px solid currentColor; padding-bottom: 5px; margin-top: 0; color: inherit; opacity: 0.8;'>Caracter\u00edsticas Generales<\/h3>\n<ul style='padding-left: 20px; font-size: 15px; color: inherit;'>\n<li style='margin-bottom: 5px;'>Sistema operativo: LINUX embedido.<\/li>\n<li style='margin-bottom: 5px;'>Throughput entrada: 400 Mbps Salida: 400 Mbps.<\/li>\n<li style='margin-bottom: 5px;'>1 Entrada\/ 1 Salida Audio<\/li>\n<li style='margin-bottom: 5px;'>Soporta RAID 1\/5\/6<\/li>\n<li style='margin-bottom: 5px;'>Alarma: 16 Entradas \/ 6 Salidas<\/li>\n<li style='margin-bottom: 5px;'>Detecci\u00f3n de Eventos (C\u00e1mara o Sistema): Detecci\u00f3n de movimiento&comma; Multitudes&comma; P\u00e9rdida de v\u00eddeo&comma; Manipulaci\u00f3n de c\u00e1mara&comma; Intrusi\u00f3n&comma; Merodeo m\u00faltiple.<\/li>\n<\/ul><\/div>\n<div style='flex: 1 1 300px; min-width: 280px;'>\n<h3 style='font-size: 22px; border-bottom: 2px solid currentColor; padding-bottom: 5px; margin-top: 0; color: inherit; opacity: 0.8;'>Caracter\u00edsticas F\u00edsicas y El\u00e9ctricas<\/h3>\n<ul style='padding-left: 20px; font-size: 15px; color: inherit;'>\n<li style='margin-bottom: 5px;'>Dimensiones: 440 \u00d7 426 \u00d7 100 mm.<\/li>\n<li style='margin-bottom: 5px;'>Alimentaci\u00f3n: 100-240V AC&comma; 50\/60 Hz. 200 W max.<\/li>\n<li style='margin-bottom: 5px;'>2 puertos red 1 GB incluido (LAN)<\/li>\n<li style='margin-bottom: 5px;'>Temperatura de operaci\u00f3n: -10\u00b0C a 55\u00b0C<\/li>\n<li style='margin-bottom: 5px;'>Peso: 7 kg sin HDDs<\/li>\n<li style='margin-bottom: 5px;'>Salidas de Video: 1 HDMI 1 (4K)&comma; 1 HDMI 2 (1080p)&comma; 1 VGA<\/li>\n<\/ul><\/div>\n<\/p><\/div>\n<p> <!-- Separador --> <\/p>\n<hr style='border: 0; border-top: 1px solid rgba(150&comma; 150&comma; 150&comma; 0.3); margin: 30px 0;'> <!-- Im\u00e1genes adicionales --> <\/p>\n<div style='width: 100%; margin-bottom: 20px;'> <img style='width: 100%; height: auto; border: 1px solid rgba(150&comma;150&comma;150&comma;0.3); border-radius: 8px;' src='https:\/\/ftp3.syscom.mx\/usuarios\/diego.ramirez\/Honeywell\/HN35640892NR\/layoutHN35640892NR.png' alt='Layout HN35640892NR'> <\/div>\n<div style='width: 100%; margin-bottom: 20px;'> <img style='width: 100%; height: auto; border: 1px solid rgba(150&comma;150&comma;150&comma;0.3); border-radius: 8px;' src='https:\/\/ftp3.syscom.mx\/usuarios\/pnunez\/Honeywell\/NDAA\/NDAA-HONEYWELL.jpg' alt='NDAA Honeywell'> <\/div>\n<p> <!-- Video --> <\/p>\n<div style='position: relative; padding-bottom: 56.25%; height: 0; overflow: hidden; margin-bottom: 30px;'>   <\/div>\n<\/p><\/div>\n","protected":false},"excerpt":{"rendered":"<p>NVR 8MP 4K \/ 64 Canales IP \/ RAID 1\/5\/6 \/ H.265 \/ 16 TB (8 x 2 ) Incluidos \/ 8 Bah\u00edas HDD Totales \/ ONVIF \/ NDAA \/ Audio y Alarmas I\/O \/ Soporta IA \/ Serie 35 \/ Honeywell Security<\/p>\n","protected":false},"featured_media":94499,"comment_status":"open","ping_status":"closed","template":"","meta":[],"product_brand":[],"product_cat":[2234],"product_tag":[122,209,2235],"class_list":{"0":"post-94500","1":"product","2":"type-product","3":"status-publish","4":"has-post-thumbnail","6":"product_cat-nvrs-network-video-recorders","7":"product_tag-camaras-ip-y-nvrs","8":"product_tag-honeywell","9":"product_tag-nvrs-network-video-recorders","11":"first","12":"outofstock","13":"sale","14":"shipping-taxable","15":"purchasable","16":"product-type-simple"},"_links":{"self":[{"href":"https:\/\/soydeaqui.ddns.net\/pachuca\/index.php\/wp-json\/wp\/v2\/product\/94500","targetHints":{"allow":["GET"]}}],"collection":[{"href":"https:\/\/soydeaqui.ddns.net\/pachuca\/index.php\/wp-json\/wp\/v2\/product"}],"about":[{"href":"https:\/\/soydeaqui.ddns.net\/pachuca\/index.php\/wp-json\/wp\/v2\/types\/product"}],"replies":[{"embeddable":true,"href":"https:\/\/soydeaqui.ddns.net\/pachuca\/index.php\/wp-json\/wp\/v2\/comments?post=94500"}],"wp:featuredmedia":[{"embeddable":true,"href":"https:\/\/soydeaqui.ddns.net\/pachuca\/index.php\/wp-json\/wp\/v2\/media\/94499"}],"wp:attachment":[{"href":"https:\/\/soydeaqui.ddns.net\/pachuca\/index.php\/wp-json\/wp\/v2\/media?parent=94500"}],"wp:term":[{"taxonomy":"product_brand","embeddable":true,"href":"https:\/\/soydeaqui.ddns.net\/pachuca\/index.php\/wp-json\/wp\/v2\/product_brand?post=94500"},{"taxonomy":"product_cat","embeddable":true,"href":"https:\/\/soydeaqui.ddns.net\/pachuca\/index.php\/wp-json\/wp\/v2\/product_cat?post=94500"},{"taxonomy":"product_tag","embeddable":true,"href":"https:\/\/soydeaqui.ddns.net\/pachuca\/index.php\/wp-json\/wp\/v2\/product_tag?post=94500"}],"curies":[{"name":"wp","href":"https:\/\/api.w.org\/{rel}","templated":true}]}}