{"id":94490,"date":"2026-03-20T06:47:46","date_gmt":"2026-03-20T06:47:46","guid":{"rendered":"https:\/\/soydeaqui.ddns.net\/pachuca\/index.php\/producto\/bala-ip-4-megapixel-anpr-radar-interconstruido-medicion-de-5-a-120-km-h-reconocimiento-y-captura-de-placas-vehiculares-para-trafico-de-alta-velocidad-darkfighter-wdr-140-db-ip67-ik10-l\/"},"modified":"2026-03-20T06:47:58","modified_gmt":"2026-03-20T06:47:58","slug":"bala-ip-4-megapixel-anpr-radar-interconstruido-medicion-de-5-a-120-km-h-reconocimiento-y-captura-de-placas-vehiculares-para-trafico-de-alta-velocidad-darkfighter-wdr-140-db-ip67-ik10-l","status":"publish","type":"product","link":"https:\/\/soydeaqui.ddns.net\/pachuca\/index.php\/producto\/bala-ip-4-megapixel-anpr-radar-interconstruido-medicion-de-5-a-120-km-h-reconocimiento-y-captura-de-placas-vehiculares-para-trafico-de-alta-velocidad-darkfighter-wdr-140-db-ip67-ik10-l\/","title":{"rendered":"Bala IP 4 Megapixel \/ ANPR \/ Radar Interconstruido Medici\u00f3n de 5 a 120 Km\/h \/ Reconocimiento y Captura de Placas Vehiculares para Trafico de Alta Velocidad \/ DARKFIGHTER \/ WDR 140 dB \/ IP67 \/ IK10 \/ Lente Mot. 8 a 32 mm \/ 100 mts IR \/ MicroSD"},"content":{"rendered":"<div style=\"width: 100%; max-width: 1200px; margin: 0 auto; font-family: sans-serif; line-height: 1.6; color: inherit; background-color: transparent;\"><!-- Banner inicio --><\/p>\n<div style=\"text-align: center; margin: 20px 0;\"><img decoding=\"async\" style=\"width: 45%; height: auto; border: 1px solid rgba(150&comma; 150&comma; 150&comma; 0.3); border-radius: 8px;\" src=\"https:\/\/ftp3.syscom.mx\/usuarios\/jsosa\/HIKVISION\/imagenes\/logo\/hikvision%20see%20far.png\" alt=\"Logo Hikvision\" class=\"fr-fic fr-dii\"><\/div>\n<p><!-- Imagen de escenarios --><\/p>\n<div style=\"text-align: center; border: 1px solid rgba(150&comma;150&comma;150&comma;0.3); border-radius: 8px; padding: 15px; background-color: rgba(249&comma;249&comma;249&comma;0.8); margin: 20px auto; max-width: 800px; box-shadow: 0 2px 5px rgba(150&comma;150&comma;150&comma;0.1);\"><img decoding=\"async\" style=\"width: 100%; height: auto; border: 1px solid rgba(150&comma; 150&comma; 150&comma; 0.3); border-radius: 8px;\" src=\"https:\/\/ftp3.syscom.mx\/usuarios\/smendoza\/smendozaro\/ANPR\/Aplicacion%201.png\" alt=\"Escenarios de aplicaci\u00f3n\" class=\"fr-fic fr-dib\"><\/p>\n<div style=\"text-align: center; font-style: italic; margin-top: 12px; color: inherit; opacity: 0.7; font-size: 0.9em;\"><strong>Escenarios recomendados para instalaci&oacute;n<\/strong><\/div>\n<\/div>\n<p><!-- Descripci\u00f3n ANPR --><\/p>\n<div style=\"margin: 20px 0; font-size: 15px; color: inherit;\">\n<p style=\"margin: 10px 0;\">Para capturar la matr&iacute;cula e identificarla&comma; as&iacute; como capturar la velocidad correctamente&comma; sugerimos que se puedan considerar los siguientes escenarios de aplicaci&oacute;n: la entrada-salida de la ciudad (pueblo)&comma; las carreteras entre ciudades&comma; v&iacute;as de alto nivel o las carreteras de conexi&oacute;n entre v&iacute;as principales.<\/p>\n<p style=\"margin: 10px 0; font-weight: bold;\"><strong>Los escenarios de aplicaci&oacute;n que deben evitarse al elegir el punto de instalaci&oacute;n son: tramos de carretera con colas lentas&comma; tr&aacute;fico complejo&comma; carriles anormales&comma; curvas o callejones sin salida&comma; etc.<\/strong><\/p>\n<\/div>\n<p><!-- Caracter\u00edsticas --><\/p>\n<div style=\"display: flex; flex-wrap: wrap; gap: 20px; margin: 30px 0;\"><!-- Caracter\u00edsticas Generales --><\/p>\n<div style=\"flex: 1 1 400px; min-width: 300px; border: 1px solid rgba(150&comma;150&comma;150&comma;0.4); border-radius: 8px; overflow: hidden; display: flex; flex-direction: column;\">\n<div style=\"padding: 15px; border-bottom: 1px solid rgba(150&comma;150&comma;150&comma;0.2); font-weight: bold; font-size: 18px; color: inherit; background-color: rgba(223&comma;0&comma;30&comma;0.9);\">Caracter&iacute;sticas Generales<\/div>\n<div style=\"padding: 15px; color: inherit;\">\n<ul style=\"padding-left: 20px; margin: 0; font-size: 14px; list-style-type: disc;\">\n<li style=\"margin-bottom: 5px;\">Compresi&oacute;n de video: H.265 \/ H.264.<\/li>\n<li style=\"margin-bottom: 5px;\">CMOS 1\/1.8&#39; Scan Progresivo.<\/li>\n<li style=\"margin-bottom: 5px;\">Lente motorizado: 8 a 32 mm.<\/li>\n<li style=\"margin-bottom: 5px;\">50 mts IR (visi&oacute;n nocturna)<\/li>\n<li style=\"margin-bottom: 5px;\">Velocidad del shutter: 1\/25 s a 1\/100&comma;000 s&comma; soporta Slow Shutter.<\/li>\n<li style=\"margin-bottom: 5px;\">Iluminaci&oacute;n m&iacute;nima: 0.0005Lux @(F1.2&comma;AGC ON).<\/li>\n<li style=\"margin-bottom: 5px;\">Resoluci&oacute;n m&aacute;xima: 60 Hz: 30 fps (2688 &times; 1520&comma; 1920 &times; 1080&comma; 1280 &times; 720&comma; 704 &times; 576&comma; 352 &times; 288.<\/li>\n<li style=\"margin-bottom: 5px;\">Funciones: WDR real 140 dB \/ BLC \/ HLC \/ 3D DNR.<\/li>\n<li style=\"margin-bottom: 5px;\">Carriles de detecci&oacute;n: 3 carriles.<\/li>\n<li style=\"margin-bottom: 5px;\">Radar de medici&oacute;n de velocidad incorporado&comma; rango de velocidad: 5-120 km\/h (+\/- 2 km\/h de precisi&oacute;n).<\/li>\n<\/ul>\n<\/div>\n<\/div>\n<p><!-- Caracter\u00edsticas F\u00edsicas y El\u00e9ctricas --><\/p>\n<div style=\"flex: 1 1 400px; min-width: 300px; border: 1px solid rgba(150&comma;150&comma;150&comma;0.4); border-radius: 8px; overflow: hidden; display: flex; flex-direction: column;\">\n<div style=\"padding: 15px; border-bottom: 1px solid rgba(150&comma;150&comma;150&comma;0.2); font-weight: bold; font-size: 18px; color: inherit; background-color: rgba(223&comma;0&comma;30&comma;0.9);\">Caracter&iacute;sticas F&iacute;sicas y El&eacute;ctricas<\/div>\n<div style=\"padding: 15px; color: inherit;\">\n<ul style=\"padding-left: 20px; margin: 0; font-size: 14px; list-style-type: disc;\">\n<li style=\"margin-bottom: 5px;\">Dimensiones: 298.6 x 184.4 x 115.5 mm.<\/li>\n<li style=\"margin-bottom: 5px;\">Consumo \/ alimentaci&oacute;n: 12 Vcc &#8211; 24 Vcc \/ 12 Watts.<\/li>\n<li style=\"margin-bottom: 5px;\">Temperatura de operaci&oacute;n: -30&deg;C a 70&deg;C (95% de humedad)<\/li>\n<li style=\"margin-bottom: 5px;\">Protecci&oacute;n: IP67 (Interior \/ Exterior).<\/li>\n<li style=\"margin-bottom: 5px;\">Peso: 2.3 Kgs aproximadamente.<\/li>\n<\/ul>\n<p style=\"margin: 15px 0 10px 0; font-weight: bold; color: inherit;\">Accesorios opcionales:<\/p>\n<ul style=\"padding-left: 20px; margin: 0; font-size: 14px; list-style-type: disc;\">\n<li style=\"margin-bottom: 5px;\">Montaje para poste modelo (600 mm diametro): <a style=\"color: #df001e; text-decoration: none;\" href=\"https:\/\/www.syscom.mx\/producto\/DS-1275ZJ-BJH\/600MM-HIKVISION-185558.html\" target=\"_blank\" rel=\"noopener\">DS-1278ZJ-HWB\/HG\/60-300<\/a><\/li>\n<li style=\"margin-bottom: 5px;\">Montaje para poste modelo (127 mm diametro): <a style=\"color: #df001e; text-decoration: none;\" href=\"https:\/\/www.syscom.mx\/producto\/DS-1275ZJ-BJH\/127MM-HIKVISION-226623.html\" target=\"_blank\" rel=\"noopener\">DS-1275ZJ-BJH\/127MM<\/a><\/li>\n<li style=\"margin-bottom: 5px;\">Montaje de Conexi&oacute;n: <a style=\"color: #df001e; text-decoration: none;\" href=\"https:\/\/www.syscom.mx\/producto\/DS-1232ZJ-T\/BJH-HIKVISION-232674.html\" target=\"_blank\" rel=\"noopener\">DS-1232ZJ-T\/BJH<\/a><\/li>\n<li style=\"margin-bottom: 5px;\">Pantalla LED para indicar Exceso de velocidad<a href=\"https:\/\/syscom.pro\/products\/244696\" target=\"_blank\" rel=\"noopener noreferrer\" class=\"fr-strong\"> YJP7681-188-NR<\/a><\/li>\n<\/ul>\n<\/div>\n<\/div>\n<p><!-- Caracter\u00edsticas Destacadas --><\/p>\n<div style=\"flex: 1 1 400px; min-width: 300px; border: 1px solid rgba(150&comma;150&comma;150&comma;0.4); border-radius: 8px; overflow: hidden; display: flex; flex-direction: column;\">\n<div style=\"padding: 15px; border-bottom: 1px solid rgba(150&comma;150&comma;150&comma;0.2); font-weight: bold; font-size: 18px; color: inherit; background-color: rgba(223&comma;0&comma;30&comma;0.9);\">Caracter&iacute;sticas destacadas<\/div>\n<div style=\"padding: 15px; color: inherit;\">\n<ul style=\"padding-left: 20px; margin: 0; font-size: 14px; list-style-type: disc;\">\n<li style=\"margin-bottom: 5px;\">1 Puerto de red: 10 \/ 100 \/ 1000 Mbps.<\/li>\n<li style=\"margin-bottom: 5px;\">Soporta micro SD de hasta 128 GB (no incluida).<\/li>\n<li style=\"margin-bottom: 5px;\">1 puertos RS-485.<\/li>\n<li style=\"margin-bottom: 5px;\">Salidas de alarma: 1<\/li>\n<li style=\"margin-bottom: 5px;\">ONVIF (Versi&oacute;n 2.1&comma; PROFILE S&comma; PROFILE G) \/ ISAPI \/ SDK.<\/li>\n<\/ul>\n<\/div>\n<\/div>\n<p><!-- Consideraciones --><\/p>\n<div style=\"flex: 1 1 400px; min-width: 300px; border: 1px solid rgba(150&comma;150&comma;150&comma;0.4); border-radius: 8px; overflow: hidden; display: flex; flex-direction: column;\">\n<div style=\"padding: 15px; border-bottom: 1px solid rgba(150&comma;150&comma;150&comma;0.2); font-weight: bold; font-size: 18px; color: inherit; background-color: rgba(223&comma;0&comma;30&comma;0.9);\">Consideraciones<\/div>\n<div style=\"padding: 15px; color: inherit;\">\n<ul style=\"padding-left: 20px; margin: 0; font-size: 14px; list-style-type: disc;\">\n<li style=\"margin-bottom: 5px;\">Se recomienda el uso de NVR de las series NI-I&comma; NXI-I&comma; NI-M solo compatible para administraci&oacute;n de lectura de placas.<\/li>\n<li style=\"margin-bottom: 5px;\">Requiere la plataforma de Hik Central Profesional para reportes de velocidad.<\/li>\n<\/ul>\n<p style=\"margin: 15px 0 8px 0; font-weight: bold; color: inherit;\">Licencias a utilizar:<\/p>\n<ul style=\"padding-left: 20px; margin: 0; font-size: 14px; list-style-type: disc;\">\n<li style=\"margin-bottom: 5px;\">HCPVSSB\/0C (Licencia Base de HCP).<\/li>\n<li style=\"margin-bottom: 5px;\">HCPANPR\/1C (Licencia por cada c&aacute;mara de ANPR que se agregue al sistema).<\/li>\n<\/ul>\n<\/div>\n<\/div>\n<\/div>\n<p><!-- T\u00edtulo de instalaci\u00f3n recomendada --><\/p>\n<div style=\"background: linear-gradient(to right&comma; rgba(248&comma;249&comma;250&comma;1)&comma; rgba(255&comma;255&comma;255&comma;1)); border-left: 5px solid rgba(223&comma;0&comma;30&comma;1); padding: 15px 20px; margin: 30px 0; border-radius: 8px; box-shadow: 0 3px 10px rgba(0&comma;0&comma;0&comma;0.05);\">\n<h2 style=\"font-size: 24px; text-align: center; color: inherit; opacity: 0.8; margin: 0;\">Instalaci&oacute;n recomendada para su correcto funcionamiento<\/h2>\n<\/div>\n<p><!-- Instalaci\u00f3n recomendada --><\/p>\n<div style=\"display: flex; flex-wrap: wrap; gap: 20px; margin: 20px 0;\"><!-- Montaje Central --><\/p>\n<div style=\"flex: 1 1 400px; min-width: 300px;\">\n<div style=\"background-color: rgba(255&comma;255&comma;255&comma;1); border-radius: 8px; padding: 20px; margin-bottom: 20px; box-shadow: 0 2px 10px rgba(0&comma;0&comma;0&comma;0.05); border-top: 3px solid rgba(223&comma;0&comma;30&comma;1);\">\n<h3 style=\"font-size: 20px; text-align: center; color: rgba(223&comma;0&comma;30&comma;1); margin-bottom: 15px;\">Montaje Central (Recomendado)<\/h3>\n<div style=\"background-color: rgba(248&comma;249&comma;250&comma;1); border-left: 3px solid rgba(223&comma;0&comma;30&comma;1); padding: 12px 15px; margin-bottom: 12px; border-radius: 0 4px 4px 0;\">\n<p style=\"margin: 0; color: inherit;\">La instalaci&oacute;n en el centro puede proporcionar las condiciones m&aacute;s ideales. Las instrucciones de instalaci&oacute;n son las siguientes:<\/p>\n<\/div>\n<div style=\"background-color: rgba(255&comma;248&comma;248&comma;1); border: 1px dashed rgba(221&comma;221&comma;221&comma;1); padding: 12px 15px; margin-bottom: 15px; border-radius: 4px;\">\n<p style=\"margin: 0; color: inherit;\"><strong style=\"color: rgba(223&comma;0&comma;30&comma;1);\">I.<\/strong> Instale la c&aacute;mara en la posici&oacute;n central de los carriles. Luego&comma; ajuste el &aacute;ngulo vertical para obtener una vista adecuada. Finalmente&comma; ajuste el &aacute;ngulo de rotaci&oacute;n para asegurarse de que todos los carriles est&eacute;n verticales en la vista.<\/p>\n<\/div>\n<div style=\"background-color: rgba(255&comma;248&comma;248&comma;1); border: 1px dashed rgba(221&comma;221&comma;221&comma;1); padding: 12px 15px; margin-bottom: 20px; border-radius: 4px;\">\n<p style=\"margin: 0; color: inherit;\"><strong style=\"color: rgba(223&comma;0&comma;30&comma;1);\">II.<\/strong> La c&aacute;mara admite el conteo de veh&iacute;culos&comma; ya sea que detecte la parte delantera o trasera del veh&iacute;culo.<\/p>\n<\/div>\n<div style=\"text-align: center; border: 1px solid rgba(150&comma;150&comma;150&comma;0.3); border-radius: 8px; padding: 10px; background-color: rgba(249&comma;249&comma;249&comma;1); margin: 20px auto; max-width: 800px; box-shadow: 0 2px 5px rgba(150&comma;150&comma;150&comma;0.1);\"><img decoding=\"async\" style=\"width: 100%; height: auto; border: 1px solid rgba(150&comma; 150&comma; 150&comma; 0.3); border-radius: 8px;\" src=\"https:\/\/ftp3.syscom.mx\/usuarios\/smendoza\/smendozaro\/ANPR\/Instalacion%201.png\" alt=\"Montaje Central\" class=\"fr-fic fr-dib\"><\/p>\n<div style=\"text-align: center; font-style: italic; margin-top: 10px; color: inherit; opacity: 0.7; font-size: 0.9em;\">Configuraci&oacute;n de montaje central<\/div>\n<\/div>\n<\/div>\n<\/div>\n<p><!-- Montaje Lateral --><\/p>\n<div style=\"flex: 1 1 400px; min-width: 300px;\">\n<div style=\"background-color: rgba(255&comma;255&comma;255&comma;1); border-radius: 8px; padding: 20px; margin-bottom: 20px; box-shadow: 0 2px 10px rgba(0&comma;0&comma;0&comma;0.05); border-top: 3px solid rgba(223&comma;0&comma;30&comma;1);\">\n<h3 style=\"font-size: 20px; text-align: center; color: rgba(223&comma;0&comma;30&comma;1); margin-bottom: 15px;\">Montaje Lateral<\/h3>\n<div style=\"background-color: rgba(248&comma;249&comma;250&comma;1); border-left: 3px solid rgba(223&comma;0&comma;30&comma;1); padding: 12px 15px; margin-bottom: 12px; border-radius: 0 4px 4px 0;\">\n<p style=\"margin: 0; color: inherit;\">Generalmente&comma; no es rentable o incluso permitido construir una infraestructura como un Arco. Las condiciones de instalaci&oacute;n proporcionadas pueden ser impredecibles&comma; como utilizar postes de luz o sem&aacute;foros. Por ello&comma; tambi&eacute;n ofrecemos una sugerencia de instalaci&oacute;n en el lateral de la carretera&comma; cumpliendo con el principio b&aacute;sico.<\/p>\n<\/div>\n<div style=\"background-color: rgba(255&comma;248&comma;248&comma;1); border: 1px solid rgba(255&comma;221&comma;221&comma;1); padding: 12px 15px; margin-bottom: 20px; border-radius: 4px;\">\n<p style=\"margin: 0; color: inherit;\"><strong style=\"color: rgba(223&comma;0&comma;30&comma;1);\">Monte la c&aacute;mara en el poste de luz o en el poste al lado de la carretera sin distanciamiento alguno de la carretera para que las condiciones de captura sean las mejores. Luego&comma; ajuste el &aacute;ngulo vertical para obtener una vista adecuada.<\/strong><\/p>\n<\/div>\n<div style=\"text-align: center; border: 1px solid rgba(150&comma;150&comma;150&comma;0.3); border-radius: 8px; padding: 10px; background-color: rgba(249&comma;249&comma;249&comma;1); margin: 20px auto; max-width: 800px; box-shadow: 0 2px 5px rgba(150&comma;150&comma;150&comma;0.1);\"><img decoding=\"async\" style=\"width: 100%; height: auto; border: 1px solid rgba(150&comma; 150&comma; 150&comma; 0.3); border-radius: 8px;\" src=\"https:\/\/ftp3.syscom.mx\/usuarios\/smendoza\/smendozaro\/ANPR\/Instalacion%202.png\" alt=\"Montaje Lateral\" class=\"fr-fic fr-dib\"><\/p>\n<div style=\"text-align: center; font-style: italic; margin-top: 10px; color: inherit; opacity: 0.7; font-size: 0.9em;\">Configuraci&oacute;n de montaje lateral<\/div>\n<\/div>\n<\/div>\n<\/div>\n<\/div>\n<p><!-- Banner final --><\/p>\n<div style=\"text-align: center; margin: 30px 0;\"><img decoding=\"async\" style=\"width: 100%; height: auto; border: 1px solid rgba(150&comma; 150&comma; 150&comma; 0.3); border-radius: 8px;\" src=\"https:\/\/ftp3.syscom.mx\/usuarios\/jsosa\/HIKVISION\/imagenes\/banners\/solution%20complete.png\" alt=\"Soluci\u00f3n completa\" class=\"fr-fic fr-dii\"><\/div>\n<\/div>\n","protected":false},"excerpt":{"rendered":"<p>Bala IP 4 Megapixel \/ ANPR \/ Radar Interconstruido Medici\u00f3n de 5 a 120 Km\/h \/ Reconocimiento y Captura de Placas Vehiculares para Trafico de Alta Velocidad \/ DARKFIGHTER \/ WDR 140 dB \/ IP67 \/ IK10 \/ Lente Mot. 8 a 32 mm \/ 100 mts IR \/ MicroSD<\/p>\n","protected":false},"featured_media":94489,"comment_status":"open","ping_status":"closed","template":"","meta":[],"product_brand":[],"product_cat":[438],"product_tag":[439,122,54],"class_list":{"0":"post-94490","1":"product","2":"type-product","3":"status-publish","4":"has-post-thumbnail","6":"product_cat-bala","7":"product_tag-bala","8":"product_tag-camaras-ip-y-nvrs","9":"product_tag-hikvision","11":"first","12":"instock","13":"sale","14":"shipping-taxable","15":"purchasable","16":"product-type-simple"},"_links":{"self":[{"href":"https:\/\/soydeaqui.ddns.net\/pachuca\/index.php\/wp-json\/wp\/v2\/product\/94490","targetHints":{"allow":["GET"]}}],"collection":[{"href":"https:\/\/soydeaqui.ddns.net\/pachuca\/index.php\/wp-json\/wp\/v2\/product"}],"about":[{"href":"https:\/\/soydeaqui.ddns.net\/pachuca\/index.php\/wp-json\/wp\/v2\/types\/product"}],"replies":[{"embeddable":true,"href":"https:\/\/soydeaqui.ddns.net\/pachuca\/index.php\/wp-json\/wp\/v2\/comments?post=94490"}],"wp:featuredmedia":[{"embeddable":true,"href":"https:\/\/soydeaqui.ddns.net\/pachuca\/index.php\/wp-json\/wp\/v2\/media\/94489"}],"wp:attachment":[{"href":"https:\/\/soydeaqui.ddns.net\/pachuca\/index.php\/wp-json\/wp\/v2\/media?parent=94490"}],"wp:term":[{"taxonomy":"product_brand","embeddable":true,"href":"https:\/\/soydeaqui.ddns.net\/pachuca\/index.php\/wp-json\/wp\/v2\/product_brand?post=94490"},{"taxonomy":"product_cat","embeddable":true,"href":"https:\/\/soydeaqui.ddns.net\/pachuca\/index.php\/wp-json\/wp\/v2\/product_cat?post=94490"},{"taxonomy":"product_tag","embeddable":true,"href":"https:\/\/soydeaqui.ddns.net\/pachuca\/index.php\/wp-json\/wp\/v2\/product_tag?post=94490"}],"curies":[{"name":"wp","href":"https:\/\/api.w.org\/{rel}","templated":true}]}}