{"id":94450,"date":"2026-03-20T06:46:14","date_gmt":"2026-03-20T06:46:14","guid":{"rendered":"https:\/\/soydeaqui.ddns.net\/pachuca\/index.php\/producto\/nvr-8mp-4k-32-canales-ip-16-puertos-poe-h-265-onvif-ndaa-soporta-40-tb-no-incluido-audio-y-alarmas-i-o-soporta-ia-serie-35-honeywell-security\/"},"modified":"2026-03-20T06:46:15","modified_gmt":"2026-03-20T06:46:15","slug":"nvr-8mp-4k-32-canales-ip-16-puertos-poe-h-265-onvif-ndaa-soporta-40-tb-no-incluido-audio-y-alarmas-i-o-soporta-ia-serie-35-honeywell-security","status":"publish","type":"product","link":"https:\/\/soydeaqui.ddns.net\/pachuca\/index.php\/producto\/nvr-8mp-4k-32-canales-ip-16-puertos-poe-h-265-onvif-ndaa-soporta-40-tb-no-incluido-audio-y-alarmas-i-o-soporta-ia-serie-35-honeywell-security\/","title":{"rendered":"NVR 8MP 4K \/ 32 Canales IP \/ 16 Puertos PoE+ \/ H.265 \/ ONVIF \/ NDAA \/ Soporta 40 TB (No Incluido) \/ Audio y Alarmas I\/O \/ Soporta IA Serie 35 \/ Honeywell Security"},"content":{"rendered":"<div style='width: 100%; max-width: 1200px; margin: 0 auto; font-family: sans-serif; line-height: 1.6; color: inherit; background-color: transparent;'> <!-- Im\u00e1genes iniciales --> <\/p>\n<div style='width: 100%; margin-bottom: 30px;'> <img style='width: 100%; height: auto; border: 1px solid rgba(150&comma;150&comma;150&comma;0.3); border-radius: 8px; margin-bottom: 15px;' src='https:\/\/ftp3.syscom.mx\/usuarios\/pnunez\/Honeywell\/HC30WE5R2\/Imagenes\/banner-honeywell.jpg' alt='Banner Honeywell'> <img style='width: 100%; height: auto; border: 1px solid rgba(150&comma;150&comma;150&comma;0.3); border-radius: 8px; margin-top: 15px;' src='https:\/\/ftp3.syscom.mx\/usuarios\/pnunez\/Honeywell\/Banners\/syscom-stock-disponible%20%281%29.jpg' alt='Stock disponible'> <\/div>\n<p> <!-- Secci\u00f3n de especificaciones --> <\/p>\n<div style='display: flex; flex-wrap: wrap; gap: 30px; margin-bottom: 30px;'>\n<div style='flex: 1 1 300px; min-width: 280px;'>\n<h3 style='font-size: 22px; border-bottom: 2px solid currentColor; padding-bottom: 5px; margin-top: 0; color: inherit; opacity: 0.8;'>Caracter\u00edsticas del NVR<\/h3>\n<ul style='padding-left: 20px; font-size: 15px; color: inherit;'>\n<li style='margin-bottom: 5px;'><strong>Compresi\u00f3n de v\u00eddeo:<\/strong> H.264&comma; H.265<\/li>\n<li style='margin-bottom: 5px;'><strong>Resoluci\u00f3n m\u00e1xima:<\/strong> 4K (3840 x 2160)<\/li>\n<li style='margin-bottom: 5px;'><strong>Reproducci\u00f3n s\u00edncrona:<\/strong> 32 Canales<\/li>\n<li style='margin-bottom: 5px;'><strong>Almacenamiento:<\/strong> 40 TB (4 Bah\u00edas 10 TB Max. c\/u) No incluido<\/li>\n<li style='margin-bottom: 5px;'><strong>Perfil ONVIF:<\/strong> S<\/li>\n<li style='margin-bottom: 5px;'><strong>Puertos PoE:<\/strong> 16<\/li>\n<li style='margin-bottom: 5px;'><strong>Certificaci\u00f3n:<\/strong> NDAA<\/li>\n<li style='margin-bottom: 5px;'><strong>Garant\u00eda:<\/strong> 5 a\u00f1os<\/li>\n<\/ul><\/div>\n<div style='flex: 1 1 300px; min-width: 280px;'>\n<h3 style='font-size: 22px; border-bottom: 2px solid currentColor; padding-bottom: 5px; margin-top: 0; color: inherit; opacity: 0.8;'>Caracter\u00edsticas Generales<\/h3>\n<ul style='padding-left: 20px; font-size: 15px; color: inherit;'>\n<li style='margin-bottom: 5px;'><strong>Sistema operativo:<\/strong> LINUX embedido<\/li>\n<li style='margin-bottom: 5px;'><strong>Throughput:<\/strong> Entrada: 320 Mbps&comma; Salida: 320 Mbps<\/li>\n<li style='margin-bottom: 5px;'><strong>Audio:<\/strong> 1 Entrada \/ 1 Salida<\/li>\n<li style='margin-bottom: 5px;'><strong>Alarma:<\/strong> 6 Entradas \/ 2 Salidas<\/li>\n<li style='margin-bottom: 5px;'><strong>Entrada de alarma de c\u00e1mara Serie 35:<\/strong> Detecci\u00f3n de movimiento&comma; P\u00e9rdida de v\u00eddeo&comma; Manipulaci\u00f3n de c\u00e1mara&comma; Intrusi\u00f3n&comma; Merodeo m\u00faltiple&comma; Detecci\u00f3n de multitudes<\/li>\n<\/ul><\/div>\n<div style='flex: 1 1 300px; min-width: 280px;'>\n<h3 style='font-size: 22px; border-bottom: 2px solid currentColor; padding-bottom: 5px; margin-top: 0; color: inherit; opacity: 0.8;'>Caracter\u00edsticas F\u00edsicas y El\u00e9ctricas<\/h3>\n<ul style='padding-left: 20px; font-size: 15px; color: inherit;'>\n<li style='margin-bottom: 5px;'><strong>Dimensiones:<\/strong> 440 \u00d7 372.6 \u00d7 70 mm<\/li>\n<li style='margin-bottom: 5px;'><strong>Alimentaci\u00f3n:<\/strong> 100-240V AC&comma; 50\/60 Hz<\/li>\n<li style='margin-bottom: 5px;'><strong>Puertos LAN:<\/strong> 2 puertos red 1 GB<\/li>\n<li style='margin-bottom: 5px;'><strong>Temperatura de operaci\u00f3n:<\/strong> -10\u00b0C a 55\u00b0C<\/li>\n<li style='margin-bottom: 5px;'><strong>Peso:<\/strong> 4.65 kg (10.25 lb) sin HDDs<\/li>\n<li style='margin-bottom: 5px;'><strong>Puertos PoE:<\/strong> Potencia de salida: 140 W m\u00e1x. (30 W m\u00e1x. para un solo puerto)<\/li>\n<\/ul><\/div>\n<\/p><\/div>\n<p> <!-- Separador --> <\/p>\n<hr style='border: 0; border-top: 1px solid rgba(150&comma; 150&comma; 150&comma; 0.3); margin: 30px 0;'> <!-- Im\u00e1genes adicionales --> <\/p>\n<div style='width: 100%; margin-bottom: 30px;'> <img style='width: 100%; height: auto; border: 1px solid rgba(150&comma;150&comma;150&comma;0.3); border-radius: 8px; margin-bottom: 15px;' src='https:\/\/ftp3.syscom.mx\/usuarios\/pnunez\/Honeywell\/HN35320400\/HN35320400-.png' alt='Vista del NVR'> <img style='width: 100%; height: auto; border: 1px solid rgba(150&comma;150&comma;150&comma;0.3); border-radius: 8px; margin-top: 15px;' src='https:\/\/ftp3.syscom.mx\/usuarios\/pnunez\/Honeywell\/NDAA\/NDAA-HONEYWELL.jpg' alt='Certificaci\u00f3n NDAA'> <\/div>\n<p> <!-- Video --> <\/p>\n<div style='position: relative; padding-bottom: 56.25%; height: 0; overflow: hidden; margin-bottom: 30px;'>   <\/div>\n<\/p><\/div>\n","protected":false},"excerpt":{"rendered":"<p>NVR 8MP 4K \/ 32 Canales IP \/ 16 Puertos PoE+ \/ H.265 \/ ONVIF \/ NDAA \/ Soporta 40 TB (No Incluido) \/ Audio y Alarmas I\/O \/ Soporta IA Serie 35 \/ Honeywell Security<\/p>\n","protected":false},"featured_media":94449,"comment_status":"open","ping_status":"closed","template":"","meta":[],"product_brand":[],"product_cat":[2234],"product_tag":[122,209,2235],"class_list":{"0":"post-94450","1":"product","2":"type-product","3":"status-publish","4":"has-post-thumbnail","6":"product_cat-nvrs-network-video-recorders","7":"product_tag-camaras-ip-y-nvrs","8":"product_tag-honeywell","9":"product_tag-nvrs-network-video-recorders","11":"first","12":"instock","13":"sale","14":"shipping-taxable","15":"purchasable","16":"product-type-simple"},"_links":{"self":[{"href":"https:\/\/soydeaqui.ddns.net\/pachuca\/index.php\/wp-json\/wp\/v2\/product\/94450","targetHints":{"allow":["GET"]}}],"collection":[{"href":"https:\/\/soydeaqui.ddns.net\/pachuca\/index.php\/wp-json\/wp\/v2\/product"}],"about":[{"href":"https:\/\/soydeaqui.ddns.net\/pachuca\/index.php\/wp-json\/wp\/v2\/types\/product"}],"replies":[{"embeddable":true,"href":"https:\/\/soydeaqui.ddns.net\/pachuca\/index.php\/wp-json\/wp\/v2\/comments?post=94450"}],"wp:featuredmedia":[{"embeddable":true,"href":"https:\/\/soydeaqui.ddns.net\/pachuca\/index.php\/wp-json\/wp\/v2\/media\/94449"}],"wp:attachment":[{"href":"https:\/\/soydeaqui.ddns.net\/pachuca\/index.php\/wp-json\/wp\/v2\/media?parent=94450"}],"wp:term":[{"taxonomy":"product_brand","embeddable":true,"href":"https:\/\/soydeaqui.ddns.net\/pachuca\/index.php\/wp-json\/wp\/v2\/product_brand?post=94450"},{"taxonomy":"product_cat","embeddable":true,"href":"https:\/\/soydeaqui.ddns.net\/pachuca\/index.php\/wp-json\/wp\/v2\/product_cat?post=94450"},{"taxonomy":"product_tag","embeddable":true,"href":"https:\/\/soydeaqui.ddns.net\/pachuca\/index.php\/wp-json\/wp\/v2\/product_tag?post=94450"}],"curies":[{"name":"wp","href":"https:\/\/api.w.org\/{rel}","templated":true}]}}