{"id":94448,"date":"2026-03-20T06:46:10","date_gmt":"2026-03-20T06:46:10","guid":{"rendered":"https:\/\/soydeaqui.ddns.net\/pachuca\/index.php\/producto\/nvr-8mp-4k-32-canales-ip-raid-1-5-6-h-265-16-tb-8-x-2-incluidos-4-bahias-hdd-totales-onvif-ndaa-audio-y-alarmas-i-o-soporta-ia-serie-35-honeywell-security\/"},"modified":"2026-03-20T06:46:11","modified_gmt":"2026-03-20T06:46:11","slug":"nvr-8mp-4k-32-canales-ip-raid-1-5-6-h-265-16-tb-8-x-2-incluidos-4-bahias-hdd-totales-onvif-ndaa-audio-y-alarmas-i-o-soporta-ia-serie-35-honeywell-security","status":"publish","type":"product","link":"https:\/\/soydeaqui.ddns.net\/pachuca\/index.php\/producto\/nvr-8mp-4k-32-canales-ip-raid-1-5-6-h-265-16-tb-8-x-2-incluidos-4-bahias-hdd-totales-onvif-ndaa-audio-y-alarmas-i-o-soporta-ia-serie-35-honeywell-security\/","title":{"rendered":"NVR 8MP 4K \/ 32 Canales IP \/ RAID 1\/5\/6 \/ H.265 \/ 16 TB (8 x 2) Incluidos \/ 4 Bah\u00edas HDD Totales \/ ONVIF \/ NDAA \/ Audio y Alarmas I\/O \/ Soporta IA \/ Serie 35 \/ Honeywell Security"},"content":{"rendered":"<div style='width: 100%; max-width: 1200px; margin: 0 auto; font-family: sans-serif; line-height: 1.6; color: inherit;'> <!-- Im\u00e1genes iniciales --> <\/p>\n<div style='width: 100%; margin-bottom: 30px;'> <img style='width: 100%; height: auto; border: 1px solid rgba(150&comma;150&comma;150&comma;0.3); border-radius: 8px;' src='https:\/\/ftp3.syscom.mx\/usuarios\/pnunez\/Honeywell\/HC30WE5R2\/Imagenes\/banner-honeywell.jpg' alt='Banner Honeywell'> <\/div>\n<div style='width: 100%; margin-bottom: 30px;'> <img style='width: 100%; height: auto; border: 1px solid rgba(150&comma;150&comma;150&comma;0.3); border-radius: 8px;' src='https:\/\/ftp3.syscom.mx\/usuarios\/pnunez\/Honeywell\/Banners\/syscom-stock-disponible%20%281%29.jpg' alt='Stock Disponible'> <\/div>\n<p> <!-- Secci\u00f3n de caracter\u00edsticas con grid --> <\/p>\n<div style='display: grid; grid-template-columns: repeat(auto-fill&comma; minmax(280px&comma; 1fr)); gap: 30px; margin-bottom: 30px;'>\n<div style='border: 1px solid rgba(150&comma; 150&comma; 150&comma; 0.4); border-radius: 8px; overflow: hidden; background: rgba(240&comma; 240&comma; 240&comma; 0.1);'>\n<div style='padding: 15px; border-bottom: 1px solid rgba(150&comma; 150&comma; 150&comma; 0.2); font-weight: bold; font-size: 18px; background: #b01a19; color: white;'>Caracter\u00edsticas del NVR:<\/div>\n<ul style='padding: 15px; margin: 0; font-size: 14px; list-style-type: disc; color: inherit;'>\n<li style='margin-bottom: 5px; padding: 5px 0; border-bottom: 1px solid rgba(150&comma; 150&comma; 150&comma; 0.1);'><strong>Compresi\u00f3n de v\u00eddeo:<\/strong> H.264&comma; H.265<\/li>\n<li style='margin-bottom: 5px; padding: 5px 0; border-bottom: 1px solid rgba(150&comma; 150&comma; 150&comma; 0.1);'><strong>Resoluci\u00f3n m\u00e1xima:<\/strong> 4K (3840 x 2160)<\/li>\n<li style='margin-bottom: 5px; padding: 5px 0; border-bottom: 1px solid rgba(150&comma; 150&comma; 150&comma; 0.1);'><strong>Reproducci\u00f3n s\u00edncrona:<\/strong> 32 Canales<\/li>\n<li style='margin-bottom: 5px; padding: 5px 0; border-bottom: 1px solid rgba(150&comma; 150&comma; 150&comma; 0.1);'><strong>Almacenamiento:<\/strong> 4 Bah\u00edas Totales 10 TB max. c\/u. 16 TB Enterprise (2 x 8 TB HDD) ya incluido<\/li>\n<li style='margin-bottom: 5px; padding: 5px 0; border-bottom: 1px solid rgba(150&comma; 150&comma; 150&comma; 0.1);'><strong>Perfil ONVIF:<\/strong> S<\/li>\n<li style='margin-bottom: 5px; padding: 5px 0; border-bottom: 1px solid rgba(150&comma; 150&comma; 150&comma; 0.1);'><strong>Certificaci\u00f3n NDAA.<\/strong><\/li>\n<li style='margin-bottom: 5px; padding: 5px 0;'><strong>Garant\u00eda:<\/strong> 5 a\u00f1os.<\/li>\n<\/ul><\/div>\n<div style='border: 1px solid rgba(150&comma; 150&comma; 150&comma; 0.4); border-radius: 8px; overflow: hidden; background: rgba(240&comma; 240&comma; 240&comma; 0.1);'>\n<div style='padding: 15px; border-bottom: 1px solid rgba(150&comma; 150&comma; 150&comma; 0.2); font-weight: bold; font-size: 18px; background: #b01a19; color: white;'>Caracter\u00edsticas Generales:<\/div>\n<ul style='padding: 15px; margin: 0; font-size: 14px; list-style-type: disc; color: inherit;'>\n<li style='margin-bottom: 5px; padding: 5px 0; border-bottom: 1px solid rgba(150&comma; 150&comma; 150&comma; 0.1);'><strong>Sistema operativo:<\/strong> LINUX embedido.<\/li>\n<li style='margin-bottom: 5px; padding: 5px 0; border-bottom: 1px solid rgba(150&comma; 150&comma; 150&comma; 0.1);'><strong>Throughput entrada:<\/strong> 320 Mbps Salida: 320 Mbps.<\/li>\n<li style='margin-bottom: 5px; padding: 5px 0; border-bottom: 1px solid rgba(150&comma; 150&comma; 150&comma; 0.1);'><strong>Entrada\/Salida Audio:<\/strong> 1 Entrada\/ 1 Salida<\/li>\n<li style='margin-bottom: 5px; padding: 5px 0; border-bottom: 1px solid rgba(150&comma; 150&comma; 150&comma; 0.1);'><strong>Soporta:<\/strong> RAID 1\/5\/6<\/li>\n<li style='margin-bottom: 5px; padding: 5px 0; border-bottom: 1px solid rgba(150&comma; 150&comma; 150&comma; 0.1);'><strong>Alarma:<\/strong> 16 Entradas \/ 4 Salidas<\/li>\n<li style='margin-bottom: 5px; padding: 5px 0;'><strong>Detecci\u00f3n de Eventos:<\/strong> (C\u00e1mara o Sistema): Detecci\u00f3n de movimiento&comma; Multitudes&comma; P\u00e9rdida de v\u00eddeo&comma; Manipulaci\u00f3n de c\u00e1mara&comma; Intrusi\u00f3n&comma; Merodeo m\u00faltiple.<\/li>\n<\/ul><\/div>\n<div style='border: 1px solid rgba(150&comma; 150&comma; 150&comma; 0.4); border-radius: 8px; overflow: hidden; background: rgba(240&comma; 240&comma; 240&comma; 0.1);'>\n<div style='padding: 15px; border-bottom: 1px solid rgba(150&comma; 150&comma; 150&comma; 0.2); font-weight: bold; font-size: 18px; background: #b01a19; color: white;'>Caracter\u00edsticas F\u00edsicas y El\u00e9ctricas:<\/div>\n<ul style='padding: 15px; margin: 0; font-size: 14px; list-style-type: disc; color: inherit;'>\n<li style='margin-bottom: 5px; padding: 5px 0; border-bottom: 1px solid rgba(150&comma; 150&comma; 150&comma; 0.1);'><strong>Dimensiones:<\/strong> 440 \u00d7 370 \u00d7 67 mm.<\/li>\n<li style='margin-bottom: 5px; padding: 5px 0; border-bottom: 1px solid rgba(150&comma; 150&comma; 150&comma; 0.1);'><strong>Alimentaci\u00f3n:<\/strong> 100-240V AC&comma; 50\/60 Hz. 200 W max.<\/li>\n<li style='margin-bottom: 5px; padding: 5px 0; border-bottom: 1px solid rgba(150&comma; 150&comma; 150&comma; 0.1);'><strong>Puertos de red:<\/strong> 2 puertos LAN 1 GB<\/li>\n<li style='margin-bottom: 5px; padding: 5px 0; border-bottom: 1px solid rgba(150&comma; 150&comma; 150&comma; 0.1);'><strong>Temperatura de operaci\u00f3n:<\/strong> -10\u00b0C a 55\u00b0C<\/li>\n<li style='margin-bottom: 5px; padding: 5px 0; border-bottom: 1px solid rgba(150&comma; 150&comma; 150&comma; 0.1);'><strong>Peso:<\/strong> 4.5 kg sin HDDs<\/li>\n<li style='margin-bottom: 5px; padding: 5px 0;'><strong>Salidas de Video:<\/strong> 1 HDMI 1&comma; 1 HDMI 2&comma; 1 VGA<\/li>\n<\/ul><\/div>\n<\/p><\/div>\n<p> <!-- Separador --> <\/p>\n<hr style='border: 0; border-top: 1px solid rgba(150&comma; 150&comma; 150&comma; 0.3); margin: 30px 0;'> <!-- Im\u00e1genes y video --> <\/p>\n<div style='width: 100%; margin-bottom: 30px;'> <img style='width: 100%; height: auto; border: 1px solid rgba(150&comma;150&comma;150&comma;0.3); border-radius: 8px;' src='https:\/\/ftp3.syscom.mx\/usuarios\/diego.ramirez\/Honeywell\/HN35320492NR\/layoutHN35320492NR.png' alt='Dise\u00f1o del NVR'> <\/div>\n<div style='width: 100%; margin-bottom: 30px;'> <img style='width: 100%; height: auto; border: 1px solid rgba(150&comma;150&comma;150&comma;0.3); border-radius: 8px;' src='https:\/\/ftp3.syscom.mx\/usuarios\/pnunez\/Honeywell\/NDAA\/NDAA-HONEYWELL.jpg' alt='Certificaci\u00f3n NDAA'> <\/div>\n<div style='position: relative; padding-bottom: 56.25%; height: 0; overflow: hidden; margin-bottom: 30px;'>   <\/div>\n<\/p><\/div>\n","protected":false},"excerpt":{"rendered":"<p>NVR 8MP 4K \/ 32 Canales IP \/ RAID 1\/5\/6 \/ H.265 \/ 16 TB (8 x 2) Incluidos \/ 4 Bah\u00edas HDD Totales \/ ONVIF \/ NDAA \/ Audio y Alarmas I\/O \/ Soporta IA \/ Serie 35 \/ Honeywell Security<\/p>\n","protected":false},"featured_media":94447,"comment_status":"open","ping_status":"closed","template":"","meta":[],"product_brand":[],"product_cat":[2234],"product_tag":[122,209,2235],"class_list":{"0":"post-94448","1":"product","2":"type-product","3":"status-publish","4":"has-post-thumbnail","6":"product_cat-nvrs-network-video-recorders","7":"product_tag-camaras-ip-y-nvrs","8":"product_tag-honeywell","9":"product_tag-nvrs-network-video-recorders","11":"first","12":"outofstock","13":"sale","14":"shipping-taxable","15":"purchasable","16":"product-type-simple"},"_links":{"self":[{"href":"https:\/\/soydeaqui.ddns.net\/pachuca\/index.php\/wp-json\/wp\/v2\/product\/94448","targetHints":{"allow":["GET"]}}],"collection":[{"href":"https:\/\/soydeaqui.ddns.net\/pachuca\/index.php\/wp-json\/wp\/v2\/product"}],"about":[{"href":"https:\/\/soydeaqui.ddns.net\/pachuca\/index.php\/wp-json\/wp\/v2\/types\/product"}],"replies":[{"embeddable":true,"href":"https:\/\/soydeaqui.ddns.net\/pachuca\/index.php\/wp-json\/wp\/v2\/comments?post=94448"}],"wp:featuredmedia":[{"embeddable":true,"href":"https:\/\/soydeaqui.ddns.net\/pachuca\/index.php\/wp-json\/wp\/v2\/media\/94447"}],"wp:attachment":[{"href":"https:\/\/soydeaqui.ddns.net\/pachuca\/index.php\/wp-json\/wp\/v2\/media?parent=94448"}],"wp:term":[{"taxonomy":"product_brand","embeddable":true,"href":"https:\/\/soydeaqui.ddns.net\/pachuca\/index.php\/wp-json\/wp\/v2\/product_brand?post=94448"},{"taxonomy":"product_cat","embeddable":true,"href":"https:\/\/soydeaqui.ddns.net\/pachuca\/index.php\/wp-json\/wp\/v2\/product_cat?post=94448"},{"taxonomy":"product_tag","embeddable":true,"href":"https:\/\/soydeaqui.ddns.net\/pachuca\/index.php\/wp-json\/wp\/v2\/product_tag?post=94448"}],"curies":[{"name":"wp","href":"https:\/\/api.w.org\/{rel}","templated":true}]}}