{"id":94445,"date":"2026-03-20T06:46:01","date_gmt":"2026-03-20T06:46:01","guid":{"rendered":"https:\/\/soydeaqui.ddns.net\/pachuca\/index.php\/producto\/pantalla-profesional-de-85-resolucion-uhd-3840x2160-pix-entradas-de-video-dvi-hdmi-displayport-hdcp-bocinas-integradas-10w-compatible-vesa\/"},"modified":"2026-03-20T06:46:05","modified_gmt":"2026-03-20T06:46:05","slug":"pantalla-profesional-de-85-resolucion-uhd-3840x2160-pix-entradas-de-video-dvi-hdmi-displayport-hdcp-bocinas-integradas-10w-compatible-vesa","status":"publish","type":"product","link":"https:\/\/soydeaqui.ddns.net\/pachuca\/index.php\/producto\/pantalla-profesional-de-85-resolucion-uhd-3840x2160-pix-entradas-de-video-dvi-hdmi-displayport-hdcp-bocinas-integradas-10w-compatible-vesa\/","title":{"rendered":"Pantalla Profesional de 85&#8243;, Resoluci\u00f3n UHD 3840X2160 PIX., Entradas de Video  DVI \/ HDMI \/ DisplayPort \/ HDCP, Bocinas Integradas 10W. Compatible VESA"},"content":{"rendered":"<div style='width: 100%; max-width: 1200px; margin: 0 auto; font-family: sans-serif; line-height: 1.6; color: inherit; background-color: transparent;'> <!-- Secci\u00f3n de garant\u00eda --> <\/p>\n<div style='margin-bottom: 30px;'>\n<h3 style='font-size: 22px; border-bottom: 2px solid currentColor; padding-bottom: 5px; margin-top: 0; color: inherit; opacity: 0.8;'>Pol\u00edtica de Garant\u00eda<\/h3>\n<p style='font-size: 15px; margin-bottom: 15px; color: inherit;'>SYSCOM se apega a las pol\u00edticas de garant\u00eda de cada proveedor de la marca y\/o f\u00e1brica.<\/p>\n<p style='font-size: 15px; margin-bottom: 15px; color: inherit;'>La cobertura de garant\u00eda por defecto de f\u00e1brica y\/o mal funcionamiento es de 90 d\u00edas con Syscom. Posterior a este periodo&comma; la garant\u00eda es directa con el fabricante.<\/p>\n<p style='font-size: 15px; margin-bottom: 15px; color: inherit;'>En quebraduras&comma; da\u00f1os f\u00edsicos de equipo y\/o empaque da\u00f1ado&comma; reportarlo dentro de las 24 horas posteriores a la fecha de recepci\u00f3n para el reclamo a paqueter\u00eda.<\/p>\n<\/p><\/div>\n<p> <!-- Secci\u00f3n de caracter\u00edsticas con grid --> <\/p>\n<div style='display: grid; grid-template-columns: repeat(auto-fill&comma; minmax(280px&comma; 1fr)); gap: 30px; margin-bottom: 30px;'> <!-- Caracter\u00edsticas principales --> <\/p>\n<div style='border: 1px solid rgba(150&comma; 150&comma; 150&comma; 0.4); border-radius: 8px; overflow: hidden; display: flex; flex-direction: column;'>\n<div style='padding: 15px; border-bottom: 1px solid rgba(150&comma; 150&comma; 150&comma; 0.2); font-weight: bold; font-size: 18px; color: inherit;'>Caracter\u00edsticas principales<\/div>\n<div style='padding: 15px; color: inherit;'>\n<ul style='padding-left: 20px; margin: 0; font-size: 14px; list-style-type: disc; color: inherit;'>\n<li style='margin-bottom: 5px;'>Tama\u00f1o diagonal 85&#8242;<\/li>\n<li style='margin-bottom: 5px;'>Resoluci\u00f3n 4K (3840 x 2160 pix.)<\/li>\n<li style='margin-bottom: 5px;'>Relaci\u00f3n de aspecto 16:9<\/li>\n<li style='margin-bottom: 5px;'>Brillo 500 nit.<\/li>\n<li style='margin-bottom: 5px;'>Bisel 10.9 (arriba&comma; lados) x 12.9 (abajo) mm<\/li>\n<li style='margin-bottom: 5px;'>Relaci\u00f3n de contraste 4000:1<\/li>\n<li style='margin-bottom: 5px;'>Bocinas integradas de 10 W.<\/li>\n<li style='margin-bottom: 5px;'>Aplicable a video solamente<\/li>\n<li style='margin-bottom: 5px;'>Compatible con Samsung VXT (licencia <a style='color: inherit; text-decoration: underline;' href='https:\/\/www.syscom.mx\/principal\/searchcont?route=VXT-P-SAMSUNG-ELECTRONICS-241706&#038;autodetect=VXT-P'>VXT-P<\/a>)<\/li>\n<li style='margin-bottom: 5px;'>Compatible con Magicinfo<\/li>\n<li style='margin-bottom: 5px;'>Operaci\u00f3n 24\/7<\/li>\n<\/ul>\n<p style='font-size: 16px; margin: 15px 0 5px; font-weight: bold; color: inherit;'>3 A\u00f1os de garantia con fabricante<\/p>\n<p style='font-size: 16px; margin: 5px 0; font-weight: bold; color: inherit;'>Informaci\u00f3n de soporte y garant\u00eda: <a style='color: inherit; text-decoration: underline;' href='https:\/\/www.samsung.com\/mx\/support\/warranty\/'>GARANTIA<\/a><\/p>\n<\/p><\/div>\n<\/p><\/div>\n<p> <!-- Conectividad --> <\/p>\n<div style='border: 1px solid rgba(150&comma; 150&comma; 150&comma; 0.4); border-radius: 8px; overflow: hidden; display: flex; flex-direction: column;'>\n<div style='padding: 15px; border-bottom: 1px solid rgba(150&comma; 150&comma; 150&comma; 0.2); font-weight: bold; font-size: 18px; color: inherit;'>Conectividad<\/div>\n<div style='padding: 15px; color: inherit;'>\n<ul style='padding-left: 20px; margin: 0; font-size: 14px; list-style-type: disc; color: inherit;'>\n<li style='margin-bottom: 5px;'>Entradas de Video Display port 1.2&comma; 2 x HDMI&comma; HDCP 2.2<\/li>\n<li style='margin-bottom: 5px;'>Entrada de Audio mini Jack Estereo<\/li>\n<li style='margin-bottom: 5px;'>Puerto 2 x USB 2.0<\/li>\n<li style='margin-bottom: 5px;'>Salidas de Audio mini Jack Estereo<\/li>\n<\/ul><\/div>\n<\/p><\/div>\n<p> <!-- Control externo --> <\/p>\n<div style='border: 1px solid rgba(150&comma; 150&comma; 150&comma; 0.4); border-radius: 8px; overflow: hidden; display: flex; flex-direction: column;'>\n<div style='padding: 15px; border-bottom: 1px solid rgba(150&comma; 150&comma; 150&comma; 0.2); font-weight: bold; font-size: 18px; color: inherit;'>Control externo<\/div>\n<div style='padding: 15px; color: inherit;'>\n<ul style='padding-left: 20px; margin: 0; font-size: 14px; list-style-type: disc; color: inherit;'>\n<li style='margin-bottom: 5px;'>Puerto RS-232C<\/li>\n<li style='margin-bottom: 5px;'>Puerto RJ45<\/li>\n<li style='margin-bottom: 5px;'>Sensor externo IR<\/li>\n<\/ul><\/div>\n<\/p><\/div>\n<p> <!-- Caracter\u00edsticas f\u00edsicas y el\u00e9ctricas --> <\/p>\n<div style='border: 1px solid rgba(150&comma; 150&comma; 150&comma; 0.4); border-radius: 8px; overflow: hidden; display: flex; flex-direction: column;'>\n<div style='padding: 15px; border-bottom: 1px solid rgba(150&comma; 150&comma; 150&comma; 0.2); font-weight: bold; font-size: 18px; color: inherit;'>Caracter\u00edsticas f\u00edsicas y el\u00e9ctricas<\/div>\n<div style='padding: 15px; color: inherit;'>\n<ul style='padding-left: 20px; margin: 0; font-size: 14px; list-style-type: disc; color: inherit;'>\n<li style='margin-bottom: 5px;'>Temperatura de operaci\u00f3n: 0 a 40 \u00b0C<\/li>\n<li style='margin-bottom: 5px;'>Alimentaci\u00f3n: 100-240 Vca&comma; 308 W.<\/li>\n<li style='margin-bottom: 5px;'>Compatible con VESA 600 x 400 mm. No incluye tornilleria<\/li>\n<li style='margin-bottom: 5px;'>Dimensiones: 1904.8 x 1085.3 x 28.5 mm.<\/li>\n<li style='margin-bottom: 5px;'>Peso: 48.4 Kg.<\/li>\n<li style='margin-bottom: 5px;'>No incluye montajes de pared ni de escritorio<\/li>\n<\/ul><\/div>\n<\/p><\/div>\n<\/p><\/div>\n<p> <!-- Separador --> <\/p>\n<hr style='border: 0; border-top: 1px solid rgba(150&comma; 150&comma; 150&comma; 0.3); margin: 30px 0;'> <\/div>\n","protected":false},"excerpt":{"rendered":"<p>Pantalla Profesional de 85&#8243;, Resoluci\u00f3n UHD 3840X2160 PIX., Entradas de Video  DVI \/ HDMI \/ DisplayPort \/ HDCP, Bocinas Integradas 10W. Compatible VESA<\/p>\n","protected":false},"featured_media":94444,"comment_status":"open","ping_status":"closed","template":"","meta":[],"product_brand":[],"product_cat":[2191],"product_tag":[2089,2192,2193],"class_list":{"0":"post-94445","1":"product","2":"type-product","3":"status-publish","4":"has-post-thumbnail","6":"product_cat-pantallas-monitores-monitores-pantallas-y-mobiliario","7":"product_tag-monitores-pantallas-y-mobiliario","8":"product_tag-pantallas-monitores-2","9":"product_tag-samsung-electronics","11":"first","12":"instock","13":"sale","14":"shipping-taxable","15":"purchasable","16":"product-type-simple"},"_links":{"self":[{"href":"https:\/\/soydeaqui.ddns.net\/pachuca\/index.php\/wp-json\/wp\/v2\/product\/94445","targetHints":{"allow":["GET"]}}],"collection":[{"href":"https:\/\/soydeaqui.ddns.net\/pachuca\/index.php\/wp-json\/wp\/v2\/product"}],"about":[{"href":"https:\/\/soydeaqui.ddns.net\/pachuca\/index.php\/wp-json\/wp\/v2\/types\/product"}],"replies":[{"embeddable":true,"href":"https:\/\/soydeaqui.ddns.net\/pachuca\/index.php\/wp-json\/wp\/v2\/comments?post=94445"}],"wp:featuredmedia":[{"embeddable":true,"href":"https:\/\/soydeaqui.ddns.net\/pachuca\/index.php\/wp-json\/wp\/v2\/media\/94444"}],"wp:attachment":[{"href":"https:\/\/soydeaqui.ddns.net\/pachuca\/index.php\/wp-json\/wp\/v2\/media?parent=94445"}],"wp:term":[{"taxonomy":"product_brand","embeddable":true,"href":"https:\/\/soydeaqui.ddns.net\/pachuca\/index.php\/wp-json\/wp\/v2\/product_brand?post=94445"},{"taxonomy":"product_cat","embeddable":true,"href":"https:\/\/soydeaqui.ddns.net\/pachuca\/index.php\/wp-json\/wp\/v2\/product_cat?post=94445"},{"taxonomy":"product_tag","embeddable":true,"href":"https:\/\/soydeaqui.ddns.net\/pachuca\/index.php\/wp-json\/wp\/v2\/product_tag?post=94445"}],"curies":[{"name":"wp","href":"https:\/\/api.w.org\/{rel}","templated":true}]}}