{"id":94433,"date":"2026-03-20T06:45:29","date_gmt":"2026-03-20T06:45:29","guid":{"rendered":"https:\/\/soydeaqui.ddns.net\/pachuca\/index.php\/producto\/decodificador-de-video-de-16-salidas-hdmi-4k-soporta-hasta-256-canales-de-video-simultaneos-videowall\/"},"modified":"2026-03-20T06:45:41","modified_gmt":"2026-03-20T06:45:41","slug":"decodificador-de-video-de-16-salidas-hdmi-4k-soporta-hasta-256-canales-de-video-simultaneos-videowall","status":"publish","type":"product","link":"https:\/\/soydeaqui.ddns.net\/pachuca\/index.php\/producto\/decodificador-de-video-de-16-salidas-hdmi-4k-soporta-hasta-256-canales-de-video-simultaneos-videowall\/","title":{"rendered":"Decodificador de V\u00eddeo de 16 Salidas HDMI 4K \/ Soporta hasta 256 canales de V\u00eddeo Simult\u00e1neos \/ Videowall"},"content":{"rendered":"<div style='width: 100%; max-width: 1200px; margin: 0 auto; font-family: sans-serif; line-height: 1.6; color: inherit; background-color: transparent;'>\n<div style='width: 100%; display: flex; justify-content: center; margin-bottom: 20px;'> <img style='width: 50%; height: auto; border: 1px solid rgba(150&comma;150&comma;150&comma;0.3); border-radius: 8px;' src='https:\/\/ftp3.syscom.mx\/usuarios\/nortega\/hikvision\/HPD.png' alt=''> <\/div>\n<div style='display: flex; flex-wrap: wrap; gap: 30px; margin-bottom: 30px;'>\n<div style='flex: 1 1 300px; min-width: 280px;'>\n<h3 style='font-size: 22px; border-bottom: 2px solid currentColor; padding-bottom: 5px; margin-top: 0; color: inherit; opacity: 0.8;'>Caracter\u00edsticas principales<\/h3>\n<ul style='padding-left: 20px; font-size: 15px; color: inherit;'>\n<li style='margin-bottom: 5px;'>Compresi\u00f3n de video; H.265+ \/ H.265 \/ H.264+ \/ H.264 \/ MPEG4.<\/li>\n<li style='margin-bottom: 5px;'>Salida de video en 4K.<\/li>\n<li style='margin-bottom: 5px;'>Soporta decodificaci\u00f3n de video remoto.<\/li>\n<li style='margin-bottom: 5px;'>Soporta audio de dos vias (entrada\/salida de audio con conector 3.5 mm).<\/li>\n<li style='margin-bottom: 5px;'>Compatible con RTP y RTSP.<\/li>\n<li style='margin-bottom: 5px;'>Decodificaci\u00f3n de hasta 256 canales (m\u00e1ximo 25 canales por pantalla).<\/li>\n<li style='margin-bottom: 5px;'><strong>Configuraci\u00f3n y operaci\u00f3n via WEB \/Sin licencimiento requerido<\/strong>.<\/li>\n<li style='margin-bottom: 5px;'>Se puede enviar video IP desde una PC (se requiere Cliente Hikcentral).<\/li>\n<\/ul><\/div>\n<div style='flex: 1 1 300px; min-width: 280px;'>\n<h3 style='font-size: 22px; border-bottom: 2px solid currentColor; padding-bottom: 5px; margin-top: 0; color: inherit; opacity: 0.8;'>Resoluci\u00f3n de decodificaci\u00f3n de video<\/h3>\n<ul style='padding-left: 20px; font-size: 15px; color: inherit;'>\n<li style='margin-bottom: 5px;'>256 canales 720p<\/li>\n<li style='margin-bottom: 5px;'>128 canales 1080p.<\/li>\n<li style='margin-bottom: 5px;'>64 canales 4MP.<\/li>\n<li style='margin-bottom: 5px;'>40 canales 6MP.<\/li>\n<li style='margin-bottom: 5px;'>32 canales 8MP.<\/li>\n<li style='margin-bottom: 5px;'>16 canales 12MP.<\/li>\n<li style='margin-bottom: 5px;'>8 canales 24MP o 32MP.<\/li>\n<\/ul><\/div>\n<div style='flex: 1 1 300px; min-width: 280px;'>\n<h3 style='font-size: 22px; border-bottom: 2px solid currentColor; padding-bottom: 5px; margin-top: 0; color: inherit; opacity: 0.8;'>Interfaces<\/h3>\n<ul style='padding-left: 20px; font-size: 15px; color: inherit;'>\n<li style='margin-bottom: 5px;'>8 Entradas y 8 salidas de alarma.<\/li>\n<li style='margin-bottom: 5px;'>2 Entradas y 16 Salidas HDMI 4K.<\/li>\n<li style='margin-bottom: 5px;'>2 Puertos RJ45 10\/100\/1000 Mbps.<\/li>\n<li style='margin-bottom: 5px;'>2 Puertos OPT 100 base-FX\/1000 base-X.<\/li>\n<li style='margin-bottom: 5px;'>1 Puerto serial RS-232 (RJ45).<\/li>\n<li style='margin-bottom: 5px;'>2 USB 2.0.<\/li>\n<\/ul>\n<h3 style='font-size: 22px; border-bottom: 2px solid currentColor; padding-bottom: 5px; margin-top: 20px; color: inherit; opacity: 0.8;'>Accesorios en caja<\/h3>\n<ul style='padding-left: 20px; font-size: 15px; color: inherit;'>\n<li style='margin-bottom: 5px;'>2 Cables DB15 a 8 BNC (Audio).<\/li>\n<li style='margin-bottom: 5px;'>2 Cables DB15 a 4 BNC (Video).<\/li>\n<li style='margin-bottom: 5px;'>1 Manual de usuario.<\/li>\n<li style='margin-bottom: 5px;'>1 Cable de corriente.<\/li>\n<li style='margin-bottom: 5px;'>1 Cable de tierra.<\/li>\n<\/ul><\/div>\n<\/p><\/div>\n<div style='display: flex; flex-wrap: wrap; gap: 30px; margin-bottom: 30px;'>\n<div style='flex: 1 1 300px; min-width: 280px;'>\n<h3 style='font-size: 22px; border-bottom: 2px solid currentColor; padding-bottom: 5px; margin-top: 0; color: inherit; opacity: 0.8;'>Caracter\u00edsticas F\u00edsicas y El\u00e9ctricas<\/h3>\n<ul style='padding-left: 20px; font-size: 15px; color: inherit;'>\n<li style='margin-bottom: 5px;'>Alimentaci\u00f3n 110 &#8211; 220 Vca \/ 108 W.<\/li>\n<li style='margin-bottom: 5px;'>Temperatura de operaci\u00f3n: -10 a 55 \u00b0C.<\/li>\n<li style='margin-bottom: 5px;'>Dimensiones: 440 x 321 x 88 mm.<\/li>\n<li style='margin-bottom: 5px;'>Peso: 6.4 kgs<\/li>\n<\/ul><\/div>\n<div style='flex: 1 1 300px; min-width: 280px;'>\n<h3 style='font-size: 22px; border-bottom: 2px solid currentColor; padding-bottom: 5px; margin-top: 0; color: inherit; opacity: 0.8;'>Requerimientos para integraci\u00f3n con HikCentral<\/h3>\n<ul style='padding-left: 20px; font-size: 15px; color: inherit;'>\n<li style='margin-bottom: 5px;'><strong>HC-P-SW-M<\/strong> (licencia para a\u00f1adir modulo de videowall)<\/li>\n<li style='margin-bottom: 5px;'>Se requiere una estaci\u00f3n de trabajo para poder administrar el software y poder configurar el videowall.<\/li>\n<\/ul>\n<p style='margin-top: 15px; color: inherit;'>No compatible con IVMS-4200<\/p>\n<\/p><\/div>\n<\/p><\/div>\n<hr style='border: 0; border-top: 1px solid rgba(150&comma; 150&comma; 150&comma; 0.3); margin: 30px 0;'>\n<div style='width: 100%; margin-bottom: 20px;'>\n<p style='text-align: center; margin-bottom: 15px; font-weight: bold; color: inherit;'>Diagrama de Integraci\u00f3n con HikCentral<\/p>\n<p> <img style='width: 100%; height: auto; border: 1px solid rgba(150&comma;150&comma;150&comma;0.3); border-radius: 8px;' src='https:\/\/ftp3.syscom.mx\/usuarios\/jsosa\/HIKVISION\/imagenes\/decoders\/diagrama%20decoder.jpg' alt=''> <\/div>\n<div style='width: 100%; margin-bottom: 20px;'> <img style='width: 100%; height: auto; border: 1px solid rgba(150&comma;150&comma;150&comma;0.3); border-radius: 8px;' src='https:\/\/ftp3.syscom.mx\/usuarios\/nortega\/hikvision\/imagenes\/HIKVISION-VW-DS.png' alt=''> <\/div>\n<\/p><\/div>\n","protected":false},"excerpt":{"rendered":"<p>Decodificador de V\u00eddeo de 16 Salidas HDMI 4K \/ Soporta hasta 256 canales de V\u00eddeo Simult\u00e1neos \/ Videowall<\/p>\n","protected":false},"featured_media":94432,"comment_status":"open","ping_status":"closed","template":"","meta":[],"product_brand":[],"product_cat":[2264],"product_tag":[122,2265,54],"class_list":{"0":"post-94433","1":"product","2":"type-product","3":"status-publish","4":"has-post-thumbnail","6":"product_cat-codificadores-y-decodificadores-de-video","7":"product_tag-camaras-ip-y-nvrs","8":"product_tag-codificadores-y-decodificadores-de-video","9":"product_tag-hikvision","11":"first","12":"instock","13":"sale","14":"shipping-taxable","15":"purchasable","16":"product-type-simple"},"_links":{"self":[{"href":"https:\/\/soydeaqui.ddns.net\/pachuca\/index.php\/wp-json\/wp\/v2\/product\/94433","targetHints":{"allow":["GET"]}}],"collection":[{"href":"https:\/\/soydeaqui.ddns.net\/pachuca\/index.php\/wp-json\/wp\/v2\/product"}],"about":[{"href":"https:\/\/soydeaqui.ddns.net\/pachuca\/index.php\/wp-json\/wp\/v2\/types\/product"}],"replies":[{"embeddable":true,"href":"https:\/\/soydeaqui.ddns.net\/pachuca\/index.php\/wp-json\/wp\/v2\/comments?post=94433"}],"wp:featuredmedia":[{"embeddable":true,"href":"https:\/\/soydeaqui.ddns.net\/pachuca\/index.php\/wp-json\/wp\/v2\/media\/94432"}],"wp:attachment":[{"href":"https:\/\/soydeaqui.ddns.net\/pachuca\/index.php\/wp-json\/wp\/v2\/media?parent=94433"}],"wp:term":[{"taxonomy":"product_brand","embeddable":true,"href":"https:\/\/soydeaqui.ddns.net\/pachuca\/index.php\/wp-json\/wp\/v2\/product_brand?post=94433"},{"taxonomy":"product_cat","embeddable":true,"href":"https:\/\/soydeaqui.ddns.net\/pachuca\/index.php\/wp-json\/wp\/v2\/product_cat?post=94433"},{"taxonomy":"product_tag","embeddable":true,"href":"https:\/\/soydeaqui.ddns.net\/pachuca\/index.php\/wp-json\/wp\/v2\/product_tag?post=94433"}],"curies":[{"name":"wp","href":"https:\/\/api.w.org\/{rel}","templated":true}]}}