{"id":94386,"date":"2026-03-20T06:43:36","date_gmt":"2026-03-20T06:43:36","guid":{"rendered":"https:\/\/soydeaqui.ddns.net\/pachuca\/index.php\/producto\/kit-camara-termica-solar-resolucion-256-x-192-rango-de-temperatura-20c-a-150c-fusion-de-imagen-bi-espectro-alarma-audible-y-estroboscopica-4g-lte-bateria-lithium-360wh-panel\/"},"modified":"2026-03-20T06:43:37","modified_gmt":"2026-03-20T06:43:37","slug":"kit-camara-termica-solar-resolucion-256-x-192-rango-de-temperatura-20c-a-150c-fusion-de-imagen-bi-espectro-alarma-audible-y-estroboscopica-4g-lte-bateria-lithium-360wh-panel","status":"publish","type":"product","link":"https:\/\/soydeaqui.ddns.net\/pachuca\/index.php\/producto\/kit-camara-termica-solar-resolucion-256-x-192-rango-de-temperatura-20c-a-150c-fusion-de-imagen-bi-espectro-alarma-audible-y-estroboscopica-4g-lte-bateria-lithium-360wh-panel\/","title":{"rendered":"Kit C\u00e1mara T\u00e9rmica Solar &#8211; Resoluci\u00f3n 256 x 192 \/ Rango de temperatura -20\u00b0C a 150\u00b0C \/ Fusi\u00f3n de imagen bi-espectro \/ Alarma audible y estrobosc\u00f3pica \/ 4G LTE \/ Bater\u00eda Lithium 360Wh \/ Panel solar 80W \/ IP"},"content":{"rendered":"<div style=\"width: 100%; max-width: 1200px; margin: 0 auto; font-family: sans-serif; line-height: 1.6; color: inherit; background-color: transparent;\">\n<p style=\"text-align: center;\"><img decoding=\"async\" style=\"width: 100%; max-width: 45%; height: auto; border: 1px solid rgba(150&comma; 150&comma; 150&comma; 0.3); border-radius: 8px;\" src=\"https:\/\/ftp3.syscom.mx\/usuarios\/jsosa\/HIKVISION\/imagenes\/logo\/hikvision%20see%20far.png\" alt=\"Logo Hikvision\" class=\"fr-fic fr-dii\"><\/p>\n<p style=\"text-align: center;\"><img decoding=\"async\" style=\"width: 100%; max-width: 100%; height: auto; border: 1px solid rgba(150&comma; 150&comma; 150&comma; 0.3); border-radius: 8px;\" src=\"https:\/\/ftp3.syscom.mx\/usuarios\/roberto.espino\/FOTOSTERMICAS\/DS2TD262810QA.png\" alt=\"C\u00e1mara t\u00e9rmica\" class=\"fr-fic fr-dii\"><\/p>\n<div style=\"position: relative; padding-bottom: 56.25%; height: 0; overflow: hidden; margin-bottom: 30px;\"> <\/div>\n<div style=\"display: flex; flex-wrap: wrap; gap: 30px; margin-bottom: 30px;\">\n<div style=\"flex: 1 1 45%; min-width: 300px;\">\n<div style=\"position: relative; padding-bottom: 56.25%; height: 0; overflow: hidden;\"> <\/div>\n<\/div>\n<div style=\"flex: 1 1 45%; min-width: 300px;\">\n<div style=\"position: relative; padding-bottom: 56.25%; height: 0; overflow: hidden;\"> <\/div>\n<\/div>\n<\/div>\n<div style=\"display: flex; flex-wrap: wrap; gap: 30px; margin-bottom: 30px;\">\n<div style=\"flex: 1 1 45%; min-width: 300px;\">\n<div style=\"border: 1px solid rgba(150&comma; 150&comma; 150&comma; 0.4); border-radius: 8px; overflow: hidden; display: flex; flex-direction: column;\">\n<div style=\"padding: 15px; background: #df001e; border-bottom: 1px solid #a80000; font-weight: bold; font-size: 18px; color: white; opacity: 0.95;\">Caracter&iacute;sticas Principales:<\/div>\n<div style=\"padding: 15px; color: inherit;\">\n<ul style=\"padding-left: 20px; margin: 0; font-size: 14px; list-style-type: disc;\">\n<li style=\"margin-bottom: 5px;\"><strong>C&aacute;mara t&eacute;rmica:<\/strong>\n<ul style=\"padding-left: 20px; margin: 5px 0 5px 20px; font-size: 14px;\">\n<li style=\"margin-bottom: 5px;\">Lente fijo: 9.7 mm.<\/li>\n<li style=\"margin-bottom: 5px;\">Resoluci&oacute;n: 256 &times; 192.<\/li>\n<li style=\"margin-bottom: 5px;\">Sensor de imagen: oxido de vanadio&comma; detector de plano focal no refrigerado.<\/li>\n<\/ul>\n<\/li>\n<li style=\"margin-bottom: 5px;\"><strong>C&aacute;mara &oacute;ptica:<\/strong>\n<ul style=\"padding-left: 20px; margin: 5px 0 5px 20px; font-size: 14px;\">\n<li style=\"margin-bottom: 5px;\">Lente fijo: 8 mm (39.4&ordm; de apertura).<\/li>\n<li style=\"margin-bottom: 5px;\">Resoluci&oacute;n: 4 Megapixel (2688 x 1520).<\/li>\n<li style=\"margin-bottom: 5px;\">Sensor de imagen: 1\/2.7&#39; CMOS Scan Progresivo.<\/li>\n<li style=\"margin-bottom: 5px;\">Iluminaci&oacute;n m&iacute;nima: Color: 0.0089 Lux @ (F1.6&comma; AGC ON).<\/li>\n<li style=\"margin-bottom: 5px;\">WDR 120dB \/ Cruce de l&iacute;nea \/ Entrada y salida de regi&oacute;n<\/li>\n<li style=\"margin-bottom: 5px;\">30 mts IR (visi&oacute;n nocturna).<\/li>\n<li style=\"margin-bottom: 5px;\">Ranura para SIM de datos (4G).<\/li>\n<\/ul>\n<\/li>\n<\/ul>\n<\/div>\n<\/div>\n<\/div>\n<div style=\"flex: 1 1 45%; min-width: 300px;\">\n<div style=\"border: 1px solid rgba(150&comma; 150&comma; 150&comma; 0.4); border-radius: 8px; overflow: hidden; display: flex; flex-direction: column;\">\n<div style=\"padding: 15px; background: #df001e; border-bottom: 1px solid #a80000; font-weight: bold; font-size: 18px; color: white; opacity: 0.95;\">Entradas y Salidas de Audio \/ Alarmas \/ Red \/ Almacenamiento:<\/div>\n<div style=\"padding: 15px; color: inherit;\">\n<ul style=\"padding-left: 20px; margin: 0; font-size: 14px; list-style-type: disc;\">\n<li style=\"margin-bottom: 5px;\">Protocolos: IPv4\/IPv6&comma; HTTP&comma; HTTPS&comma; 802.1x&comma; Qos&comma; FTP&comma; SMTP&comma; UPnP&comma; SNMP&comma; DNS&comma; DDNS&comma; NTP&comma; RTSP&comma; RTCP&comma; RTP&comma; TCP\/IP&comma; DHCP&comma; PPPoE&comma; UDP&comma; IGMP&comma; ICMP&comma; Bonjour<\/li>\n<li style=\"margin-bottom: 5px;\">Soporta ONVIF (Profile S&comma; Profile G) \/ ISAPI \/ SDK.<\/li>\n<li style=\"margin-bottom: 5px;\">Soporta NAS.<\/li>\n<li style=\"margin-bottom: 5px;\">Soporta navegadores Chrome&comma; IE&comma; Mozilla&comma; Safari.<\/li>\n<li style=\"margin-bottom: 5px;\">Soporta triple streaming.<\/li>\n<li style=\"margin-bottom: 5px;\">Soporta 6 usuarios simult&aacute;neos.<\/li>\n<li style=\"margin-bottom: 5px;\">Soporta Micro SD de hasta 256 GB (no incluida).<\/li>\n<li style=\"margin-bottom: 5px;\">Red: 1 puerto RJ45 (10 \/ 100 Mbps) para configuraci&oacute;n.<\/li>\n<li style=\"margin-bottom: 5px;\">Micr&oacute;fono y altavoz integrado (audio de 2 v&iacute;as).<\/li>\n<\/ul>\n<\/div>\n<\/div>\n<\/div>\n<\/div>\n<div style=\"display: flex; flex-wrap: wrap; gap: 30px; margin-bottom: 30px;\">\n<div style=\"flex: 1 1 45%; min-width: 300px;\">\n<div style=\"border: 1px solid rgba(150&comma; 150&comma; 150&comma; 0.4); border-radius: 8px; overflow: hidden; display: flex; flex-direction: column;\">\n<div style=\"padding: 15px; background: #df001e; border-bottom: 1px solid #a80000; font-weight: bold; font-size: 18px; color: white; opacity: 0.95;\">Caracter&iacute;sticas F&iacute;sicas y El&eacute;ctricas:<\/div>\n<div style=\"padding: 15px; color: inherit;\">\n<ul style=\"padding-left: 20px; margin: 0; font-size: 14px; list-style-type: disc;\">\n<li style=\"margin-bottom: 5px;\">Aplicaci&oacute;n: Interior \/ Exterior.<\/li>\n<li style=\"margin-bottom: 5px;\">Protecci&oacute;n: IP67.<\/li>\n<li style=\"margin-bottom: 5px;\">Temperatura de operaci&oacute;n: -40&deg;C a 65&deg;C.<\/li>\n<li style=\"margin-bottom: 5px;\">Alimentaci&oacute;n \/ Consumo: 12 Vcc.<\/li>\n<li style=\"margin-bottom: 5px;\">Dimensiones: 208.9 mm &times; 106 mm &times; 105.2 mm<\/li>\n<li style=\"margin-bottom: 5px;\">Peso con empaque: 33.09 kgs.<\/li>\n<li style=\"margin-bottom: 5px;\"><strong>Incluye:<\/strong> c&aacute;mara&comma; panel solar&comma; bater&iacute;a de respaldo&comma; montaje de poste&comma; brazo para camara y panel.<\/li>\n<\/ul>\n<\/div>\n<\/div>\n<\/div>\n<div style=\"flex: 1 1 45%; min-width: 300px;\">\n<div style=\"border: 1px solid rgba(150&comma; 150&comma; 150&comma; 0.4); border-radius: 8px; overflow: hidden; display: flex; flex-direction: column;\">\n<div style=\"padding: 15px; background: #df001e; border-bottom: 1px solid #a80000; font-weight: bold; font-size: 18px; color: white; opacity: 0.95;\">Caracter&iacute;sticas Generales<\/div>\n<div style=\"padding: 15px; color: inherit;\">\n<ul style=\"padding-left: 20px; margin: 0; font-size: 14px; list-style-type: disc;\">\n<li style=\"margin-bottom: 5px;\"><strong>Bater&iacute;a:<\/strong>\n<ul style=\"padding-left: 20px; margin: 5px 0 5px 20px; font-size: 14px;\">\n<li style=\"margin-bottom: 5px;\">Tipo de bater&iacute;a: Litio<\/li>\n<li style=\"margin-bottom: 5px;\">Voltaje de la bater&iacute;a: 10.8 V<\/li>\n<li style=\"margin-bottom: 5px;\">Capacidad de la bater&iacute;a: 360 Wh (90 Wh por cada bater&iacute;a)<\/li>\n<li style=\"margin-bottom: 5px;\">Temperatura de funcionamiento: -20 &deg;C a 60 &deg;C<\/li>\n<li style=\"margin-bottom: 5px;\">Vida &uacute;til de la bater&iacute;a: +500 ciclos<\/li>\n<li style=\"margin-bottom: 5px;\">Voltaje m&aacute;ximo de salida: 12.6 V<\/li>\n<\/ul>\n<\/li>\n<\/ul>\n<\/div>\n<\/div>\n<\/div>\n<\/div>\n<div style=\"display: flex; flex-wrap: wrap; gap: 30px; margin-bottom: 30px;\">\n<div style=\"flex: 1 1 100%; min-width: 300px;\">\n<div style=\"border: 1px solid rgba(150&comma; 150&comma; 150&comma; 0.4); border-radius: 8px; overflow: hidden; display: flex; flex-direction: column;\">\n<div style=\"padding: 15px; background: #df001e; border-bottom: 1px solid #a80000; font-weight: bold; font-size: 18px; color: white; opacity: 0.95;\">Consideraciones:<\/div>\n<div style=\"padding: 15px; color: inherit;\">\n<ul style=\"padding-left: 20px; margin: 0; font-size: 14px; list-style-type: disc;\">\n<li style=\"margin-bottom: 5px;\"><strong>El SIM no esta incluido en el kit&comma; debe ser adquirido por separado.<\/strong><\/li>\n<\/ul>\n<\/div>\n<\/div>\n<\/div>\n<\/div>\n<hr style=\"border: 0; border-top: 1px solid rgba(150&comma; 150&comma; 150&comma; 0.3); margin: 30px 0;\">\n<div style=\"display: flex; flex-wrap: wrap; gap: 30px; margin-bottom: 30px;\">\n<div style=\"flex: 1 1 100%; min-width: 300px; text-align: center;\"><img decoding=\"async\" style=\"width: 100%; max-width: 100%; height: auto; border: 1px solid rgba(150&comma; 150&comma; 150&comma; 0.3); border-radius: 8px;\" src=\"https:\/\/ftp3.syscom.mx\/usuarios\/gmagos\/HIK\/IP\/IPC\/Solar\/imagenes%20\/a-easy-power-solution-with-a-solar-panel-and-a-battery.jpg\" alt=\"Soluci\u00f3n de energ\u00eda solar\" class=\"fr-fic fr-dii\"><\/div>\n<div style=\"flex: 1 1 100%; min-width: 300px;\">\n<h3 style=\"font-size: 22px; border-bottom: 2px solid currentColor; padding-bottom: 5px; margin-top: 0; color: inherit; opacity: 0.8;\">No se necesitan cables el&eacute;ctricos ni de red<\/h3>\n<p style=\"font-size: 15px; color: inherit;\">Al funcionar con energ&iacute;a solar&comma; este equipo se instala sin ning&uacute;n tipo de cableado el&eacute;ctrico. La bater&iacute;a incorporada permite una gesti&oacute;n inteligente de la energ&iacute;a y su almacenamiento a largo plazo. Los usuarios pueden disfrutar de hasta 7 d&iacute;as de funcionamiento continuo en ausencia de luz solar directa.<\/p>\n<p style=\"font-size: 15px; color: inherit;\">Al ser compatible con m&uacute;ltiples est&aacute;ndares&comma; como GSM&comma; WCDMA y 4G LTE&comma; las c&aacute;maras se conectan a internet f&aacute;cilmente y sin cables a trav&eacute;s de redes m&oacute;viles.<\/p>\n<\/div>\n<\/div>\n<div style=\"display: flex; flex-wrap: wrap; gap: 30px; margin-bottom: 30px;\">\n<div style=\"flex: 1 1 100%; min-width: 300px;\">\n<h3 style=\"font-size: 22px; border-bottom: 2px solid currentColor; padding-bottom: 5px; margin-top: 0; color: inherit; opacity: 0.8;\">Instalaci&oacute;n f&aacute;cil<\/h3>\n<p style=\"font-size: 15px; color: inherit;\">La ligereza y el dise&ntilde;o modular profesional hacen posible el montaje sin equipos mec&aacute;nicos&comma; lo que reduce enormemente los costes y el tiempo de instalaci&oacute;n.<\/p>\n<\/div>\n<div style=\"flex: 1 1 100%; min-width: 300px; text-align: center;\"><img decoding=\"async\" style=\"width: 100%; max-width: 100%; height: auto; border: 1px solid rgba(150&comma; 150&comma; 150&comma; 0.3); border-radius: 8px;\" src=\"https:\/\/ftp3.syscom.mx\/usuarios\/gmagos\/HIK\/IP\/IPC\/Solar\/imagenes%20\/Bad-weather-No-problem.-.jpg\" alt=\"Instalaci\u00f3n f\u00e1cil\" class=\"fr-fic fr-dii\"><\/div>\n<\/div>\n<div style=\"display: flex; flex-wrap: wrap; gap: 30px; margin-bottom: 30px;\">\n<div style=\"flex: 1 1 100%; min-width: 300px; text-align: center;\"><img decoding=\"async\" style=\"width: 100%; max-width: 100%; height: auto; border: 1px solid rgba(150&comma; 150&comma; 150&comma; 0.3); border-radius: 8px;\" src=\"https:\/\/ftp3.syscom.mx\/usuarios\/gmagos\/HIK\/IP\/IPC\/Solar\/imagenes%20\/Easy%20installation.jpg\" alt=\"Instalaci\u00f3n en mal tiempo\" class=\"fr-fic fr-dii\"><\/div>\n<div style=\"flex: 1 1 100%; min-width: 300px;\">\n<h3 style=\"font-size: 22px; border-bottom: 2px solid currentColor; padding-bottom: 5px; margin-top: 0; color: inherit; opacity: 0.8;\">&iquest;Hace mal tiempo? No hay problema.<\/h3>\n<p style=\"font-size: 15px; color: inherit;\">Al estar dise&ntilde;adas para el exterior&comma; las instalaciones de c&aacute;maras a base de energ&iacute;a solar son propensas a sufrir condiciones meteorol&oacute;gicas extremas&comma; como fuertes vientos y tormentas. No hay problema. Las c&aacute;maras solares de Hikvision son robustas y estables.<\/p>\n<\/div>\n<\/div>\n<div style=\"display: flex; flex-wrap: wrap; gap: 30px; margin-bottom: 30px;\">\n<div style=\"flex: 1 1 100%; min-width: 300px;\">\n<h3 style=\"font-size: 22px; border-bottom: 2px solid currentColor; padding-bottom: 5px; margin-top: 0; color: inherit; opacity: 0.8;\">&iquest;Las temperaturas son extremadamente bajas? No hay problema.<\/h3>\n<p style=\"font-size: 15px; color: inherit;\">Las bater&iacute;as convencionales suelen perder potencia o quedan completamente inutilizadas en invierno&comma; sobre todo a altitudes elevadas. Sin embargo&comma; estas c&aacute;maras a base de energ&iacute;a solar vienen con una bater&iacute;a que funciona a temperaturas de hasta -20&deg; Celsius (-4 &deg;F).<\/p>\n<\/div>\n<div style=\"flex: 1 1 100%; min-width: 300px; text-align: center;\"><img decoding=\"async\" style=\"width: 100%; max-width: 100%; height: auto; border: 1px solid rgba(150&comma; 150&comma; 150&comma; 0.3); border-radius: 8px;\" src=\"https:\/\/ftp3.syscom.mx\/usuarios\/gmagos\/HIK\/IP\/IPC\/Solar\/imagenes%20\/Extremely-low-temperatures.jpg\" alt=\"Temperaturas extremadamente bajas\" class=\"fr-fic fr-dii\"><\/div>\n<\/div>\n<hr style=\"border: 0; border-top: 1px solid rgba(150&comma; 150&comma; 150&comma; 0.3); margin: 30px 0;\">\n<div style=\"display: flex; flex-wrap: wrap; gap: 30px; margin-bottom: 30px;\">\n<div style=\"flex: 1 1 100%; min-width: 300px; text-align: center;\"><img decoding=\"async\" style=\"width: 100%; max-width: 100%; height: auto; border: 1px solid rgba(150&comma; 150&comma; 150&comma; 0.3); border-radius: 8px;\" src=\"https:\/\/ftp3.syscom.mx\/usuarios\/jsosa\/HIKVISION\/imagenes\/banners\/solution%20complete.png\" alt=\"Soluci\u00f3n completa\" class=\"fr-fic fr-dii\"><\/div>\n<\/div>\n<\/div>\n","protected":false},"excerpt":{"rendered":"<p>Kit C\u00e1mara T\u00e9rmica Solar &#8211; Resoluci\u00f3n 256 x 192 \/ Rango de temperatura -20\u00b0C a 150\u00b0C \/ Fusi\u00f3n de imagen bi-espectro \/ Alarma audible y estrobosc\u00f3pica \/ 4G LTE \/ Bater\u00eda Lithium 360Wh \/ Panel solar 80W \/ IP<\/p>\n","protected":false},"featured_media":94385,"comment_status":"open","ping_status":"closed","template":"","meta":[],"product_brand":[],"product_cat":[2231],"product_tag":[54,2233,2232],"class_list":{"0":"post-94386","1":"product","2":"type-product","3":"status-publish","4":"has-post-thumbnail","6":"product_cat-ip-megapixel","7":"product_tag-hikvision","8":"product_tag-ip-megapixel","9":"product_tag-kits-sistemas-completos","11":"first","12":"instock","13":"sale","14":"shipping-taxable","15":"purchasable","16":"product-type-simple"},"_links":{"self":[{"href":"https:\/\/soydeaqui.ddns.net\/pachuca\/index.php\/wp-json\/wp\/v2\/product\/94386","targetHints":{"allow":["GET"]}}],"collection":[{"href":"https:\/\/soydeaqui.ddns.net\/pachuca\/index.php\/wp-json\/wp\/v2\/product"}],"about":[{"href":"https:\/\/soydeaqui.ddns.net\/pachuca\/index.php\/wp-json\/wp\/v2\/types\/product"}],"replies":[{"embeddable":true,"href":"https:\/\/soydeaqui.ddns.net\/pachuca\/index.php\/wp-json\/wp\/v2\/comments?post=94386"}],"wp:featuredmedia":[{"embeddable":true,"href":"https:\/\/soydeaqui.ddns.net\/pachuca\/index.php\/wp-json\/wp\/v2\/media\/94385"}],"wp:attachment":[{"href":"https:\/\/soydeaqui.ddns.net\/pachuca\/index.php\/wp-json\/wp\/v2\/media?parent=94386"}],"wp:term":[{"taxonomy":"product_brand","embeddable":true,"href":"https:\/\/soydeaqui.ddns.net\/pachuca\/index.php\/wp-json\/wp\/v2\/product_brand?post=94386"},{"taxonomy":"product_cat","embeddable":true,"href":"https:\/\/soydeaqui.ddns.net\/pachuca\/index.php\/wp-json\/wp\/v2\/product_cat?post=94386"},{"taxonomy":"product_tag","embeddable":true,"href":"https:\/\/soydeaqui.ddns.net\/pachuca\/index.php\/wp-json\/wp\/v2\/product_tag?post=94386"}],"curies":[{"name":"wp","href":"https:\/\/api.w.org\/{rel}","templated":true}]}}