{"id":94380,"date":"2026-03-20T06:43:24","date_gmt":"2026-03-20T06:43:24","guid":{"rendered":"https:\/\/soydeaqui.ddns.net\/pachuca\/index.php\/producto\/lente-de-vision-artificial-6mm-montura-c-enfoque-manual\/"},"modified":"2026-03-20T06:43:26","modified_gmt":"2026-03-20T06:43:26","slug":"lente-de-vision-artificial-6mm-montura-c-enfoque-manual","status":"publish","type":"product","link":"https:\/\/soydeaqui.ddns.net\/pachuca\/index.php\/producto\/lente-de-vision-artificial-6mm-montura-c-enfoque-manual\/","title":{"rendered":"Lente de visi\u00f3n artificial 6mm \/ Montura C \/ Enfoque Manual"},"content":{"rendered":"<div style='width: 100%; max-width: 1200px; margin: 0 auto; font-family: sans-serif; line-height: 1.6; color: inherit; background-color: transparent;'> <!-- Imagen principal --> <\/p>\n<div style='margin-bottom: 30px;'> <img style='width: 100%; height: auto; border: 1px solid rgba(150&comma;150&comma;150&comma;0.3); border-radius: 8px;' src='https:\/\/ftp3.syscom.mx\/usuarios\/anavarrete\/Tamron\/Tamronbanner3.png' alt=''> <\/div>\n<p> <!-- Secci\u00f3n de caracter\u00edsticas --> <\/p>\n<div style='display: flex; flex-wrap: wrap; gap: 30px; margin-bottom: 30px;'>\n<div style='flex: 1 1 300px; min-width: 280px;'>\n<h3 style='font-size: 22px; border-bottom: 2px solid currentColor; padding-bottom: 5px; margin-top: 0; color: inherit; opacity: 0.8;'>Caracter\u00edsticas<\/h3>\n<ul style='padding-left: 20px; font-size: 15px; color: inherit;'>\n<li style='margin-bottom: 5px;'><strong>Nombre:<\/strong> M118FM06<\/li>\n<li style='margin-bottom: 5px;'><strong>Tama\u00f1o del sensor:<\/strong> 1\/1.8&#8242;<\/li>\n<li style='margin-bottom: 5px;'><strong>Montar:<\/strong> C<\/li>\n<li style='margin-bottom: 5px;'><strong>M\u00edn. tama\u00f1o de p\u00edxel:<\/strong> 4&comma;0 \u00b5m<\/li>\n<li style='margin-bottom: 5px;'><strong>Longitud focal:<\/strong> 6mm<\/li>\n<li style='margin-bottom: 5px;'><strong>tipo de apertura:<\/strong> Manual<\/li>\n<li style='margin-bottom: 5px;'><strong>Rango de apertura:<\/strong> 1&comma;4 a 16<\/li>\n<li style='margin-bottom: 5px;'><strong>MODIFICACI\u00d3N:<\/strong> 0&comma;1m &#8211; \u221e<\/li>\n<li style='margin-bottom: 5px;'><strong>Tipo de enfoque:<\/strong> Manual&comma; con cerradura<\/li>\n<li style='margin-bottom: 5px;'><strong>Peso:<\/strong> 86g +\/- 3g<\/li>\n<li style='margin-bottom: 5px;'><strong>Rango espectral:<\/strong> Luz visible<\/li>\n<li style='margin-bottom: 5px;'><strong>Longitud total \u00f3ptica:<\/strong> 61&comma;8 mm<\/li>\n<li style='margin-bottom: 5px;'><strong>Di\u00e1metro m\u00e1ximo:<\/strong> 37mm<\/li>\n<li style='margin-bottom: 5px;'><strong>Temperatura de funcionamiento:<\/strong> -10\u00b0C a +60\u00b0C<\/li>\n<li style='margin-bottom: 5px;'><strong>Hilo de filtro:<\/strong> M34P=0&comma;5<\/li>\n<\/ul><\/div>\n<\/p><\/div>\n<\/p><\/div>\n","protected":false},"excerpt":{"rendered":"<p>Lente de visi\u00f3n artificial 6mm \/ Montura C \/ Enfoque Manual<\/p>\n","protected":false},"featured_media":32,"comment_status":"open","ping_status":"closed","template":"","meta":[],"product_brand":[],"product_cat":[2279],"product_tag":[417,2280,2281],"class_list":{"0":"post-94380","1":"product","2":"type-product","3":"status-publish","4":"has-post-thumbnail","6":"product_cat-lentes","7":"product_tag-accesorios-generales","8":"product_tag-lentes","9":"product_tag-tamron","11":"first","12":"outofstock","13":"sale","14":"shipping-taxable","15":"purchasable","16":"product-type-simple"},"_links":{"self":[{"href":"https:\/\/soydeaqui.ddns.net\/pachuca\/index.php\/wp-json\/wp\/v2\/product\/94380","targetHints":{"allow":["GET"]}}],"collection":[{"href":"https:\/\/soydeaqui.ddns.net\/pachuca\/index.php\/wp-json\/wp\/v2\/product"}],"about":[{"href":"https:\/\/soydeaqui.ddns.net\/pachuca\/index.php\/wp-json\/wp\/v2\/types\/product"}],"replies":[{"embeddable":true,"href":"https:\/\/soydeaqui.ddns.net\/pachuca\/index.php\/wp-json\/wp\/v2\/comments?post=94380"}],"wp:featuredmedia":[{"embeddable":true,"href":"https:\/\/soydeaqui.ddns.net\/pachuca\/index.php\/wp-json\/wp\/v2\/media\/32"}],"wp:attachment":[{"href":"https:\/\/soydeaqui.ddns.net\/pachuca\/index.php\/wp-json\/wp\/v2\/media?parent=94380"}],"wp:term":[{"taxonomy":"product_brand","embeddable":true,"href":"https:\/\/soydeaqui.ddns.net\/pachuca\/index.php\/wp-json\/wp\/v2\/product_brand?post=94380"},{"taxonomy":"product_cat","embeddable":true,"href":"https:\/\/soydeaqui.ddns.net\/pachuca\/index.php\/wp-json\/wp\/v2\/product_cat?post=94380"},{"taxonomy":"product_tag","embeddable":true,"href":"https:\/\/soydeaqui.ddns.net\/pachuca\/index.php\/wp-json\/wp\/v2\/product_tag?post=94380"}],"curies":[{"name":"wp","href":"https:\/\/api.w.org\/{rel}","templated":true}]}}