{"id":94362,"date":"2026-03-20T06:42:34","date_gmt":"2026-03-20T06:42:34","guid":{"rendered":"https:\/\/soydeaqui.ddns.net\/pachuca\/index.php\/producto\/dvr-8-canales-turbohd-2-canales-ip-2-megapixel-1080p-lite-acusense-lite-evita-falsas-alarmas-audio-por-coaxitron-1-bahia-de-disco-duro-h-265-salida-de-video-full-hd\/"},"modified":"2026-03-20T06:42:48","modified_gmt":"2026-03-20T06:42:48","slug":"dvr-8-canales-turbohd-2-canales-ip-2-megapixel-1080p-lite-acusense-lite-evita-falsas-alarmas-audio-por-coaxitron-1-bahia-de-disco-duro-h-265-salida-de-video-full-hd","status":"publish","type":"product","link":"https:\/\/soydeaqui.ddns.net\/pachuca\/index.php\/producto\/dvr-8-canales-turbohd-2-canales-ip-2-megapixel-1080p-lite-acusense-lite-evita-falsas-alarmas-audio-por-coaxitron-1-bahia-de-disco-duro-h-265-salida-de-video-full-hd\/","title":{"rendered":"DVR 8 Canales TurboHD + 2 Canales IP \/ 2 Megapixel (1080p) Lite \/ Acusense Lite (Evita Falsas Alarmas) \/ Audio por Coaxitron \/ 1 Bah\u00eda de Disco Duro \/ H.265+ \/ Salida de V\u00eddeo Full HD"},"content":{"rendered":"<div style='width: 100%; max-width: 1200px; margin: 0 auto; font-family: sans-serif; line-height: 1.6; color: inherit; background-color: transparent;'>\n<div style='display: flex; flex-wrap: wrap; gap: 30px; margin-bottom: 30px;'>\n<div style='flex: 1 1 300px; min-width: 280px;'> <img style='width: 100%; height: auto; border: 1px solid rgba(150&comma;150&comma;150&comma;0.3); border-radius: 8px;' src='https:\/\/ftp3.syscom.mx\/usuarios\/ftp\/single_page\/HIKVISION\/acusense-colorvu.png' alt=''> <\/div>\n<\/p><\/div>\n<div style='display: flex; flex-wrap: wrap; gap: 30px; margin-bottom: 30px;'>\n<div style='flex: 1 1 300px; min-width: 280px;'> <img style='width: 100%; height: auto; border: 1px solid rgba(150&comma;150&comma;150&comma;0.3); border-radius: 8px;' src='https:\/\/ftp3.syscom.mx\/usuarios\/fotos\/IDS7208HQHIM1\/S(C)\/192927-untitled.png' alt=''> <\/div>\n<div style='flex: 1 1 300px; min-width: 280px;'> <img style='width: 100%; height: auto; border: 1px solid rgba(150&comma;150&comma;150&comma;0.3); border-radius: 8px;' src='https:\/\/ftp3.syscom.mx\/usuarios\/fotos\/IDS7208HQHIM1\/S(C)\/192927-untitled_(2).png' alt=''> <\/div>\n<\/p><\/div>\n<div style='display: flex; flex-wrap: wrap; gap: 30px; margin-bottom: 30px;'>\n<div style='flex: 1 1 300px; min-width: 280px;'>\n<h3 style='font-size: 22px; border-bottom: 2px solid currentColor; padding-bottom: 5px; margin-top: 0; color: inherit; opacity: 0.8;'>AcuSense Lite<\/h3>\n<ul style='padding-left: 20px; font-size: 15px; color: inherit;'>\n<li style='margin-bottom: 5px;'>Permite a partir de la funci\u00f3n de detecci\u00f3n de movimiento realizar un filtrado de humanos \/ veh\u00edculos para:<\/li>\n<li style='margin-bottom: 5px;'>Solo recibir notificaciones de humanos \/ veh\u00edculos<\/li>\n<li style='margin-bottom: 5px;'>Para grabar \u00fanicamente cuando pase un humano \/ veh\u00edculo<\/li>\n<li style='margin-bottom: 5px;'>Esta funci\u00f3n se puede activar en todos los canales anal\u00f3gicos<\/li>\n<\/ul><\/div>\n<\/p><\/div>\n<div style='display: flex; flex-wrap: wrap; gap: 30px; margin-bottom: 30px;'>\n<div style='flex: 1 1 300px; min-width: 280px;'> <img style='width: 100%; height: auto; border: 1px solid rgba(150&comma;150&comma;150&comma;0.3); border-radius: 8px;' src='http:\/\/ftp3.syscom\/usuarios\/nicolas.jimenez\/Hikvision\/Banners\/grabadoras.jpg' alt=''> <\/div>\n<\/p><\/div>\n<div style='display: flex; flex-wrap: wrap; gap: 30px; margin-bottom: 30px;'>\n<div style='flex: 1 1 250px; border: 1px solid rgba(150&comma; 150&comma; 150&comma; 0.4); border-radius: 8px; overflow: hidden; display: flex; flex-direction: column;'>\n<div style='padding: 15px; border-bottom: 1px solid rgba(150&comma; 150&comma; 150&comma; 0.2); font-weight: bold; font-size: 18px; color: inherit;'>Caracter\u00edsticas principales<\/div>\n<div style='padding: 15px; color: inherit;'>\n<ul style='padding-left: 20px; margin: 0; font-size: 14px; list-style-type: disc;'>\n<li style='margin-bottom: 5px;'>Tecnolog\u00eda TURBOHD 1080P Lite<\/li>\n<li style='margin-bottom: 5px;'>Soporte de 5 tecnolog\u00edas: HD-TVI \/ Anal\u00f3gico \/ HD-CVI \/ AHD \/ IP<\/li>\n<li style='margin-bottom: 5px;'>Acceso remoto: PC (WINDOWS \/ MAC)&comma; Smart Phone (iPhone&comma; iPad&comma; Android)<\/li>\n<li style='margin-bottom: 5px;'>Compatibilidad con navegador Chrome (IE tab)&comma; Safari&comma; Internet Explorer<\/li>\n<li style='margin-bottom: 5px;'>Software cliente multi sitio de hasta 256 canales (iVMS-4200)<\/li>\n<li style='margin-bottom: 5px;'>Compatible con Hik-Connect P2P (<a href='https:\/\/appstore.hikvision.com\/' target='_blank' rel='noopener' style='color: inherit; text-decoration: underline;'>https:\/\/appstore.hikvision.com\/<\/a>)<\/li>\n<li style='margin-bottom: 5px;'>Soporta DynDNS \/ No-IP<\/li>\n<\/ul><\/div>\n<\/p><\/div>\n<div style='flex: 1 1 250px; border: 1px solid rgba(150&comma; 150&comma; 150&comma; 0.4); border-radius: 8px; overflow: hidden; display: flex; flex-direction: column;'>\n<div style='padding: 15px; border-bottom: 1px solid rgba(150&comma; 150&comma; 150&comma; 0.2); font-weight: bold; font-size: 18px; color: inherit;'>Compresi\u00f3n y resoluci\u00f3n<\/div>\n<div style='padding: 15px; color: inherit;'>\n<ul style='padding-left: 20px; margin: 0; font-size: 14px; list-style-type: disc;'>\n<li style='margin-bottom: 5px;'>H.265 Pro+ \/ H.265 Pro \/ H.264+ \/ H.264<\/li>\n<li style='margin-bottom: 5px;'>Soporta 8 canales TURBOHD \/ anal\u00f3gicos + 2 canales IP = 10 canales en total<\/li>\n<li style='margin-bottom: 5px;'><strong style='color: #333333; background-color: #ffffff;'>NOTA: Permite apagar canales an\u00e1logos para agregar canales IP<\/strong><\/li>\n<li style='margin-bottom: 5px;'>Soporta tecnolog\u00edas:\n<ul style='padding-left: 20px; margin: 0; font-size: 14px; list-style-type: disc;'>\n<li style='margin-bottom: 5px;'>HD-TVI: 1080p Lite \/ 720p@ 30 IPS<\/li>\n<li style='margin-bottom: 5px;'>CVBS: WD1 @ 30 IPS<\/li>\n<li style='margin-bottom: 5px;'>AHD: 1080p Lite \/ 720p @ 30 IPS<\/li>\n<li style='margin-bottom: 5px;'>CVI: 1080p Lite \/ 720p @ 30 IPS<\/li>\n<li style='margin-bottom: 5px;'>IP: 5 Megapixel<\/li>\n<\/ul>\n<\/li>\n<li style='margin-bottom: 5px;'>El audio se recibe por la se\u00f1al TVI<\/li>\n<li style='margin-bottom: 5px;'><span style='color: #f7ff0c; font-weight: bold;'>Cuenta con AcuSense para filtrar humanos y veh\u00edculos por detecci\u00f3n de movimiento<\/span> (No cuenta con videoanal\u00edticos como cruces de l\u00ednea \/ entrada de \u00e1rea)<\/li>\n<\/ul><\/div>\n<\/p><\/div>\n<div style='flex: 1 1 250px; border: 1px solid rgba(150&comma; 150&comma; 150&comma; 0.4); border-radius: 8px; overflow: hidden; display: flex; flex-direction: column;'>\n<div style='padding: 15px; border-bottom: 1px solid rgba(150&comma; 150&comma; 150&comma; 0.2); font-weight: bold; font-size: 18px; color: inherit;'>Caracter\u00edsticas f\u00edsicas y el\u00e9ctricas<\/div>\n<div style='padding: 15px; color: inherit;'>\n<ul style='padding-left: 20px; margin: 0; font-size: 14px; list-style-type: disc;'>\n<li style='margin-bottom: 5px;'>Alimentaci\u00f3n: 12 Vcc<\/li>\n<li style='margin-bottom: 5px;'>Consumo sin disco duro: 12 Watts<\/li>\n<li style='margin-bottom: 5px;'>Temperatura de operaci\u00f3n: -10 \u00baC &#8211; 55 \u00baC<\/li>\n<li style='margin-bottom: 5px;'>Dimensiones: 200 \u00d7 200 \u00d7 45 mm (W \u00d7 D \u00d7 H)<\/li>\n<li style='margin-bottom: 5px;'>Peso: 0.8 Kg sin disco duro<\/li>\n<\/ul><\/div>\n<\/p><\/div>\n<div style='flex: 1 1 250px; border: 1px solid rgba(150&comma; 150&comma; 150&comma; 0.4); border-radius: 8px; overflow: hidden; display: flex; flex-direction: column;'>\n<div style='padding: 15px; border-bottom: 1px solid rgba(150&comma; 150&comma; 150&comma; 0.2); font-weight: bold; font-size: 18px; color: inherit;'>Funciones de red<\/div>\n<div style='padding: 15px; color: inherit;'>\n<ul style='padding-left: 20px; margin: 0; font-size: 14px; list-style-type: disc;'>\n<li style='margin-bottom: 5px;'>Protocolos: TCP\/IP&comma; PPPoE&comma; DHCP&comma; Hik Cloud P2P&comma; DNS&comma; DDNS&comma; NTP&comma; SADP&comma; SMTP&comma; NFS&comma; iSCSI&comma; UPnP\u2122&comma; HTTPS<\/li>\n<li style='margin-bottom: 5px;'>Soporta Doble streaming<\/li>\n<\/ul><\/div>\n<\/p><\/div>\n<div style='flex: 1 1 250px; border: 1px solid rgba(150&comma; 150&comma; 150&comma; 0.4); border-radius: 8px; overflow: hidden; display: flex; flex-direction: column;'>\n<div style='padding: 15px; border-bottom: 1px solid rgba(150&comma; 150&comma; 150&comma; 0.2); font-weight: bold; font-size: 18px; color: inherit;'>Funciones de grabaci\u00f3n y visualizaci\u00f3n<\/div>\n<div style='padding: 15px; color: inherit;'>\n<ul style='padding-left: 20px; margin: 0; font-size: 14px; list-style-type: disc;'>\n<li style='margin-bottom: 5px;'>Detecci\u00f3n de movimiento multi zona<\/li>\n<li style='margin-bottom: 5px;'>Zoom digital en visualizaci\u00f3n y grabaci\u00f3n<\/li>\n<li style='margin-bottom: 5px;'>Soporta m\u00faltiples tipos de grabaci\u00f3n&comma; incluyendo tiempo real&comma; grabaci\u00f3n manual&comma; detecci\u00f3n de movimiento<\/li>\n<li style='margin-bottom: 5px;'>B\u00fasqueda inteligente de grabaciones por detecci\u00f3n de movimiento<\/li>\n<li style='margin-bottom: 5px;'>Se proporciona SDK y c\u00f3digos de demostraci\u00f3n para disminuir el tiempo de desarrollo de aplicaciones<\/li>\n<li style='margin-bottom: 5px;'>Grabaci\u00f3n con Sobre-escritura autom\u00e1tica<\/li>\n<li style='margin-bottom: 5px;'>Main stream: 1080P Lite \/ 720p \/ WD1 \/ 4CIF<\/li>\n<li style='margin-bottom: 5px;'>Sub stream: 4 CIF \/ CIF<\/li>\n<\/ul><\/div>\n<\/p><\/div>\n<div style='flex: 1 1 250px; border: 1px solid rgba(150&comma; 150&comma; 150&comma; 0.4); border-radius: 8px; overflow: hidden; display: flex; flex-direction: column;'>\n<div style='padding: 15px; border-bottom: 1px solid rgba(150&comma; 150&comma; 150&comma; 0.2); font-weight: bold; font-size: 18px; color: inherit;'>Interfaces entradas \/ salidas<\/div>\n<div style='padding: 15px; color: inherit;'>\n<ul style='padding-left: 20px; margin: 0; font-size: 14px; list-style-type: disc;'>\n<li style='margin-bottom: 5px;'>Salida de video en Full HD HDMI y VGA (salida simult\u00e1nea)<\/li>\n<li style='margin-bottom: 5px;'>Entrada audio: 1 (RCA&comma; 2.0 Vp-p&comma; 1K\u03a9)<\/li>\n<li style='margin-bottom: 5px;'>Soporta audio en todos sus canales por coaxitron utilizando c\u00e1maras con audio integrado (<a href='https:\/\/www.syscom.mx\/principal\/promociones\/camaras_con_audio_por_coaxitron_2_mp-5477.html?ordenar=Relevancia&#038;pag=1' target='_blank' rel='noopener' style='color: inherit; text-decoration: underline;'>ver modelos compatibles<\/a>)<\/li>\n<li style='margin-bottom: 5px;'>Salida audio: 1 (RCA&comma; 2.0 Vp-p&comma; 1K\u03a9)<\/li>\n<li style='margin-bottom: 5px;'>Entrada alarma: N\/A<\/li>\n<li style='margin-bottom: 5px;'>Salida alarma: N\/A<\/li>\n<li style='margin-bottom: 5px;'>Interfaz USB: 2 puerto (2.0) trasero<\/li>\n<li style='margin-bottom: 5px;'>Interfaz red: 1 puertos (RJ-45 10\/100 Mbps)<\/li>\n<li style='margin-bottom: 5px;'>Capacidad de disco duro: 1 de hasta 4 TB<\/li>\n<\/ul><\/div>\n<\/p><\/div>\n<div style='flex: 1 1 250px; border: 1px solid rgba(150&comma; 150&comma; 150&comma; 0.4); border-radius: 8px; overflow: hidden; display: flex; flex-direction: column;'>\n<div style='padding: 15px; border-bottom: 1px solid rgba(150&comma; 150&comma; 150&comma; 0.2); font-weight: bold; font-size: 18px; color: inherit;'>Consideraciones<\/div>\n<div style='padding: 15px; color: inherit;'>\n<ul style='padding-left: 20px; margin: 0; font-size: 14px; list-style-type: disc;'>\n<li style='margin-bottom: 5px;'>Para conectar los canales IP requiere utilizar un switch\/switch poe (no incluido)<\/li>\n<li style='margin-bottom: 5px;'>Para utilizar audio de 2 v\u00edas se recomienda colocar un micr\u00f3fono en la entrada de audio&comma; no se recomienda para audio de 2 v\u00edas una c\u00e1mara con audio por coaxitron<\/li>\n<\/ul><\/div>\n<\/p><\/div>\n<\/p><\/div>\n<\/p><\/div>\n","protected":false},"excerpt":{"rendered":"<p>DVR 8 Canales TurboHD + 2 Canales IP \/ 2 Megapixel (1080p) Lite \/ Acusense Lite (Evita Falsas Alarmas) \/ Audio por Coaxitron \/ 1 Bah\u00eda de Disco Duro \/ H.265+ \/ Salida de V\u00eddeo Full HD<\/p>\n","protected":false},"featured_media":94361,"comment_status":"open","ping_status":"closed","template":"","meta":[],"product_brand":[],"product_cat":[2254],"product_tag":[2255,2257,2256],"class_list":{"0":"post-94362","1":"product","2":"type-product","3":"status-publish","4":"has-post-thumbnail","6":"product_cat-videograbadoras-analogicas-turbohd-tvi-ahd-cvi","7":"product_tag-camaras-y-dvrs-hd-turbohd-ahd-hd-tvi","8":"product_tag-epcom-professional","9":"product_tag-videograbadoras-analogicas-turbohd-tvi-ahd-cvi","11":"first","12":"instock","13":"sale","14":"shipping-taxable","15":"purchasable","16":"product-type-simple"},"_links":{"self":[{"href":"https:\/\/soydeaqui.ddns.net\/pachuca\/index.php\/wp-json\/wp\/v2\/product\/94362","targetHints":{"allow":["GET"]}}],"collection":[{"href":"https:\/\/soydeaqui.ddns.net\/pachuca\/index.php\/wp-json\/wp\/v2\/product"}],"about":[{"href":"https:\/\/soydeaqui.ddns.net\/pachuca\/index.php\/wp-json\/wp\/v2\/types\/product"}],"replies":[{"embeddable":true,"href":"https:\/\/soydeaqui.ddns.net\/pachuca\/index.php\/wp-json\/wp\/v2\/comments?post=94362"}],"wp:featuredmedia":[{"embeddable":true,"href":"https:\/\/soydeaqui.ddns.net\/pachuca\/index.php\/wp-json\/wp\/v2\/media\/94361"}],"wp:attachment":[{"href":"https:\/\/soydeaqui.ddns.net\/pachuca\/index.php\/wp-json\/wp\/v2\/media?parent=94362"}],"wp:term":[{"taxonomy":"product_brand","embeddable":true,"href":"https:\/\/soydeaqui.ddns.net\/pachuca\/index.php\/wp-json\/wp\/v2\/product_brand?post=94362"},{"taxonomy":"product_cat","embeddable":true,"href":"https:\/\/soydeaqui.ddns.net\/pachuca\/index.php\/wp-json\/wp\/v2\/product_cat?post=94362"},{"taxonomy":"product_tag","embeddable":true,"href":"https:\/\/soydeaqui.ddns.net\/pachuca\/index.php\/wp-json\/wp\/v2\/product_tag?post=94362"}],"curies":[{"name":"wp","href":"https:\/\/api.w.org\/{rel}","templated":true}]}}