{"id":94358,"date":"2026-03-20T06:42:26","date_gmt":"2026-03-20T06:42:26","guid":{"rendered":"https:\/\/soydeaqui.ddns.net\/pachuca\/index.php\/producto\/camra-ip-2mp-uso-ext-ip69k\/"},"modified":"2026-03-20T06:42:27","modified_gmt":"2026-03-20T06:42:27","slug":"camra-ip-2mp-uso-ext-ip69k","status":"publish","type":"product","link":"https:\/\/soydeaqui.ddns.net\/pachuca\/index.php\/producto\/camra-ip-2mp-uso-ext-ip69k\/","title":{"rendered":"CAMRA IP \/ 2MP \/  USO EXT IP69K"},"content":{"rendered":"<div style='width: 100%; max-width: 1200px; margin: 0 auto; font-family: sans-serif; line-height: 1.6; color: inherit; background-color: transparent;'>\n<div style='width: 100%;'> <img style='width: 100%; height: auto; border: 1px solid rgba(150&comma;150&comma;150&comma;0.3); border-radius: 8px;' src='http:\/\/ftp3.syscom.mx\/usuarios\/aberumen\/bannerxmr.jpg' alt='Banner XMR'> <\/div>\n<div style='margin-top: 20px; margin-bottom: 30px;'>\n<p style='color: inherit; opacity: 0.7; font-size: 14px;'>\n<p style='color: inherit; font-size: 20px; font-weight: bold; margin-bottom: 15px;'>Seguridad Sobre Ruedas<\/p>\n<p style='color: inherit; font-size: 15px; margin-bottom: 20px;'>Obtenga la mayor calidad de imagen con las c\u00e1maras para soluciones de videovigilancia m\u00f3vil XMR la cual ofrece nuevos dise\u00f1os en c\u00e1maras AHD con la mejor tecnolog\u00eda <span style='font-weight: bold;'>Anti-vibraci\u00f3n<\/span> y <span style='font-weight: bold;'>alta fiabilidad.<\/span><\/p>\n<\/p><\/div>\n<div style='display: flex; flex-wrap: wrap; gap: 30px; margin-bottom: 30px;'>\n<div style='flex: 1 1 300px; min-width: 280px;'>\n<div style='border-left: 5px solid #080808; border-radius: 8px; padding: 15px; background-color: rgba(128&comma; 128&comma; 128&comma; 0.16); box-shadow: 2px 2px 10px rgba(216&comma; 216&comma; 216&comma; 0.5);'>\n<h3 style='font-size: 18px; margin-top: 0; margin-bottom: 15px; font-weight: bold; color: inherit;'>Caracter\u00edsticas principales:<\/h3>\n<ul style='padding-left: 20px; margin: 0; font-size: 14px; color: inherit;'>\n<li style='margin-bottom: 8px;'>CMOS 1\/2.9&#8242; Scan Progresivo<\/li>\n<li style='margin-bottom: 8px;'>Iluminaci\u00f3n m\u00ednima 0.05 Lux<\/li>\n<li style='margin-bottom: 8px;'>Rango de IR; 3 a 5m<\/li>\n<li style='margin-bottom: 8px;'>Lente fijo 2.2 mm<\/li>\n<li style='margin-bottom: 8px; font-weight: bold;'>Resoluci\u00f3n de 1MP AHD<\/li>\n<li style='margin-bottom: 8px; font-weight: bold;'>Nivel de protecci\u00f3n IP67<\/li>\n<\/ul><\/div>\n<\/p><\/div>\n<div style='flex: 1 1 300px; min-width: 280px;'>\n<div style='border-left: 5px solid #080808; border-radius: 8px; padding: 15px; background-color: rgba(128&comma; 128&comma; 128&comma; 0.16); box-shadow: 2px 2px 10px rgba(216&comma; 216&comma; 216&comma; 0.5);'>\n<h3 style='font-size: 18px; margin-top: 0; margin-bottom: 15px; font-weight: bold; color: inherit;'>Caracter\u00edsticas F\u00edsicas y El\u00e9ctricas:<\/h3>\n<ul style='padding-left: 20px; margin: 0; font-size: 14px; color: inherit;'>\n<li style='margin-bottom: 8px;'>Voltaje de entrada 12Vcc<\/li>\n<li style='margin-bottom: 8px;'>Temperatura de operaci\u00f3n -20~50\u00b0C<\/li>\n<\/ul><\/div>\n<\/p><\/div>\n<div style='flex: 1 1 300px; min-width: 280px;'>\n<div style='border-left: 5px solid #080808; border-radius: 8px; padding: 15px; background-color: rgba(128&comma; 128&comma; 128&comma; 0.16); box-shadow: 2px 2px 10px rgba(216&comma; 216&comma; 216&comma; 0.5);'>\n<h3 style='font-size: 18px; margin-top: 0; margin-bottom: 15px; font-weight: bold; color: inherit;'>Caracter\u00edsticas Destacadas:<\/h3>\n<ul style='padding-left: 20px; margin: 0; font-size: 14px; color: inherit;'>\n<li style='margin-bottom: 8px; font-weight: bold;'>Conector tipo aviaci\u00f3n<\/li>\n<li style='margin-bottom: 8px; font-weight: bold;'>Para interior<\/li>\n<li style='margin-bottom: 8px;'><\/li>\n<\/ul><\/div>\n<\/p><\/div>\n<\/p><\/div>\n<div style='margin: 40px 0;'>\n<div style='margin-bottom: 30px;'>\n<div style='position: relative; padding-bottom: 56.25%; height: 0; overflow: hidden;'>   <\/div>\n<\/p><\/div>\n<div>\n<div style='position: relative; padding-bottom: 56.25%; height: 0; overflow: hidden;'>   <\/div>\n<\/p><\/div>\n<\/p><\/div>\n<\/p><\/div>\n","protected":false},"excerpt":{"rendered":"<p>CAMRA IP \/ 2MP \/  USO EXT IP69K<\/p>\n","protected":false},"featured_media":32,"comment_status":"open","ping_status":"closed","template":"","meta":[],"product_brand":[],"product_cat":[2272,1406],"product_tag":[2273,1409,935,1345],"class_list":{"0":"post-94358","1":"product","2":"type-product","3":"status-publish","4":"has-post-thumbnail","6":"product_cat-camaras-moviles","7":"product_cat-videograbadoras-moviles-videovigilancia","8":"product_tag-camaras-moviles","9":"product_tag-dash-cams-y-body-cams","10":"product_tag-epcom","11":"product_tag-videograbadoras-moviles","13":"first","14":"outofstock","15":"sale","16":"shipping-taxable","17":"purchasable","18":"product-type-simple"},"_links":{"self":[{"href":"https:\/\/soydeaqui.ddns.net\/pachuca\/index.php\/wp-json\/wp\/v2\/product\/94358","targetHints":{"allow":["GET"]}}],"collection":[{"href":"https:\/\/soydeaqui.ddns.net\/pachuca\/index.php\/wp-json\/wp\/v2\/product"}],"about":[{"href":"https:\/\/soydeaqui.ddns.net\/pachuca\/index.php\/wp-json\/wp\/v2\/types\/product"}],"replies":[{"embeddable":true,"href":"https:\/\/soydeaqui.ddns.net\/pachuca\/index.php\/wp-json\/wp\/v2\/comments?post=94358"}],"wp:featuredmedia":[{"embeddable":true,"href":"https:\/\/soydeaqui.ddns.net\/pachuca\/index.php\/wp-json\/wp\/v2\/media\/32"}],"wp:attachment":[{"href":"https:\/\/soydeaqui.ddns.net\/pachuca\/index.php\/wp-json\/wp\/v2\/media?parent=94358"}],"wp:term":[{"taxonomy":"product_brand","embeddable":true,"href":"https:\/\/soydeaqui.ddns.net\/pachuca\/index.php\/wp-json\/wp\/v2\/product_brand?post=94358"},{"taxonomy":"product_cat","embeddable":true,"href":"https:\/\/soydeaqui.ddns.net\/pachuca\/index.php\/wp-json\/wp\/v2\/product_cat?post=94358"},{"taxonomy":"product_tag","embeddable":true,"href":"https:\/\/soydeaqui.ddns.net\/pachuca\/index.php\/wp-json\/wp\/v2\/product_tag?post=94358"}],"curies":[{"name":"wp","href":"https:\/\/api.w.org\/{rel}","templated":true}]}}