{"id":94355,"date":"2026-03-20T06:42:16","date_gmt":"2026-03-20T06:42:16","guid":{"rendered":"https:\/\/soydeaqui.ddns.net\/pachuca\/index.php\/producto\/camara-domo-5mp-inteligencia-artificial-idla-ir40m-wdr-real-2-7-a-13-5mm-interior-entrada-y-salida-de-audio\/"},"modified":"2026-03-20T06:42:22","modified_gmt":"2026-03-20T06:42:22","slug":"camara-domo-5mp-inteligencia-artificial-idla-ir40m-wdr-real-2-7-a-13-5mm-interior-entrada-y-salida-de-audio","status":"publish","type":"product","link":"https:\/\/soydeaqui.ddns.net\/pachuca\/index.php\/producto\/camara-domo-5mp-inteligencia-artificial-idla-ir40m-wdr-real-2-7-a-13-5mm-interior-entrada-y-salida-de-audio\/","title":{"rendered":"CAMARA DOMO 5MP | INTELIGENCIA ARTIFICIAL (IDLA) | IR40M | WDR REAL | 2.7 A 13.5MM | INTERIOR| ENTRADA Y SALIDA DE AUDIO"},"content":{"rendered":"<div style='width: 100%; max-width: 1200px; margin: 0 auto; font-family: sans-serif; line-height: 1.6; color: inherit; background-color: transparent;'> <!-- Banner principal --> <\/p>\n<div style='width: 100%; margin-bottom: 30px;'> <img style='width: 100%; height: auto; border: 1px solid rgba(150&comma;150&comma;150&comma;0.3); border-radius: 8px;' src='https:\/\/ftp3.syscom.mx\/usuarios\/fotos\/DCT4831HRXA\/196150-baner-proyectos.jpg' alt=''> <\/div>\n<p> <!-- Logo --> <\/p>\n<div style='width: 100%; margin-bottom: 30px;'> <img style='width: 50%; height: auto; margin: 0 auto; border: 1px solid rgba(150&comma;150&comma;150&comma;0.3); border-radius: 8px; display: block;' src='https:\/\/ftp3.syscom.mx\/usuarios\/luis.vargas\/IDIS\/Imagenes\/logo.png' alt=''> <\/div>\n<p> <!-- Contenido principal --> <\/p>\n<div style='display: flex; flex-wrap: wrap; gap: 30px; margin-bottom: 30px;'>\n<div style='flex: 1 1 300px; min-width: 280px;'> <img style='width: 75%; height: auto; margin: 0 auto 0 auto; border: 1px solid rgba(150&comma;150&comma;150&comma;0.3); border-radius: 8px; display: block;' src='https:\/\/ftp3.syscom.mx\/usuarios\/albamaria\/albamaria\/IDIS\/camaras\/DC-D4537HRXA..png' alt=''> <\/p>\n<div style='text-align: center; margin-top: 20px;'>\n<h1 style='font-size: 24px; color: inherit; margin-bottom: 10px;'>DC-D4538RA<\/h1>\n<h3 style='font-size: 18px; color: #147e82; margin-bottom: 20px;'>IDIS<\/h3>\n<p style='margin: 0 70px; font-size: 14px; color: inherit; text-align: center;'>Se trata de c\u00e1maras utilizadas generalmente m\u00e1s para exterior por su estructura f\u00edsica son m\u00e1s persuasivas a la vista de las personas&comma; esto es de acuerdo para el tipo de espacio. Esto no quiere decir que sean exclusivamente externas ya que pueden ser para interior tambi\u00e9n y algunas cuentan con certificaci\u00f3n antivandalicas.<\/p>\n<\/p><\/div>\n<\/p><\/div>\n<p> <!-- Caracter\u00edsticas principales --> <\/p>\n<div style='flex: 1 1 300px; min-width: 280px;'> <img style='width: 100%; height: auto; margin: 40px 0; border: 1px solid rgba(150&comma;150&comma;150&comma;0.3); border-radius: 8px; background-color: #ffffff;' src='https:\/\/ftp3.syscom.mx\/usuarios\/pnunez\/IDIS\/Imagenes%20ERP\/DC-D4213WRXarriba.png' alt=''> <\/p>\n<div style='border-top: 5px solid #0093A3; padding: 0 15px; margin-bottom: 25px;'>\n<h2 style='font-size: 22px; color: inherit; margin-top: 0; margin-bottom: 10px;'>Caracteristicas<\/h2>\n<h4 style='font-size: 18px; color: inherit; margin-bottom: 15px;'><strong>Camara Domo 5MP<\/strong><\/h4>\n<ul style='padding-left: 20px; margin: 0; list-style-type: disc; color: inherit;'>\n<li style='margin-bottom: 5px;'>F\u00e1cil instalaci\u00f3n con DirectIP NVR<\/li>\n<li style='margin-bottom: 5px;'>Codificaci\u00f3n de video: H.264&comma; H.265&comma; M-JPEG&comma; Intelligent Codec.<\/li>\n<li style='margin-bottom: 5px;'>Lente motorizado de 2.7 &#8211; 13.5mm<\/li>\n<li style='margin-bottom: 5px;'>IR: 40 mts<\/li>\n<li style='margin-bottom: 5px;'>WDR 120dB<\/li>\n<li style='margin-bottom: 5px;'>Acceso Remoto: Direct IP en NVR&comma; IDIS Web&comma; IDIS Mobile&comma; IDIS Soluition Suite.<\/li>\n<li style='margin-bottom: 5px;'><strong>Soporta audio de 2 vias (Microfono integrado)<\/strong><\/li>\n<li style='margin-bottom: 5px;'>Dise\u00f1o Mec\u00e1nico de 3 ejes para Instalaci\u00f3n<\/li>\n<li style='margin-bottom: 5px;'><strong>Calefactor Incorporado<\/strong><\/li>\n<li style='margin-bottom: 5px;'><strong>Compatible con ONVIF &comma; Direct IP 2.0<\/strong><\/li>\n<li style='margin-bottom: 5px;'><strong>IDIS Analisis de Aprendizaje Profundo (IDLA); Detecci\u00f3n de movimento&comma; alarma antimanipulaci\u00f3n ( Active tampering Alarm)&comma; detecci\u00f3n de objetos&comma; intrusion&comma; merodeo&comma; cruce de linea y detecci\u00f3n de rostros.<\/strong><\/li>\n<li style='margin-bottom: 5px;'><strong>Cumple con NDAA<\/strong><\/li>\n<\/ul><\/div>\n<\/p><\/div>\n<p> <!-- Caracter\u00edsticas generales --> <\/p>\n<div style='flex: 1 1 300px; min-width: 280px;'> <img style='width: 78%; height: auto; margin: 63px auto 63px auto; border: 1px solid rgba(150&comma;150&comma;150&comma;0.3); border-radius: 8px;' src='https:\/\/ftp3.syscom.mx\/usuarios\/pnunez\/IDIS\/Brochure\/DC-D4217RX\/ff2607a0c3d217271cdf76e114dd3f6b.png' alt=''> <\/p>\n<div style='border-top: 5px solid #0093A3; padding: 0 15px; margin-bottom: 25px;'>\n<h2 style='font-size: 22px; color: inherit; margin-top: 20px; margin-bottom: 15px;'>Caracteristicas Generales<\/h2>\n<p style='margin: 10px 0;'><strong>Almacenamiento;<\/strong><\/p>\n<ul style='padding-left: 20px; margin: 0; list-style-type: disc; color: inherit;'>\n<li style='margin-bottom: 5px;'>Tipo de almacenamiento; micro SD \/ SDHC \/ SDXC&comma; Smart Failover (hasta 512GB).<\/li>\n<li style='margin-bottom: 5px;'>Multi-streaming de video: 4 Streaming de video.<\/li>\n<li style='margin-bottom: 5px;'>Compatible con resoluci\u00f3n:<\/li>\n<li style='margin-bottom: 5px;'>4:3: 2592&#215;1944&comma; 1920&#215;1440&comma; 1280&#215;960&comma; 640&#215;480<\/li>\n<li style='margin-bottom: 5px;'>16:9: 2592&#215;1456&comma; 1920&#215;1080&comma; 1280&#215;720&comma; 640&#215;360<\/li>\n<li style='margin-bottom: 5px;'>Buffer de grabaci\u00f3n: 60MB<\/li>\n<\/ul>\n<p style='margin: 10px 0;'><strong>Funciones de red:<\/strong><\/p>\n<ul style='padding-left: 20px; margin: 0; list-style-type: disc; color: inherit;'>\n<li style='margin-bottom: 5px;'>Protocolos de red: DirectIP 2.0 Protocol&comma; IPv4&comma; IPv6&comma; RTP\/RTSP\/TCP&comma; \/HTTP\/TCP&comma; RTP\/UDP RTSP\/TCP&comma; HTTP&comma; HTTPS&comma; FTP&comma; SNTP&comma; SMTP&comma; FEN&comma; mDNS&comma; uPNP&comma; SNMPv2P<\/li>\n<li style='margin-bottom: 5px;'>Protocolos de seguridad: SSL Encryption&comma; Multi-user Authority&comma; IEEE 802.1x&comma; IP Filtering&comma; HTTPS<\/li>\n<\/ul><\/div>\n<\/p><\/div>\n<p> <!-- Caracter\u00edsticas f\u00edsicas y el\u00e9ctricas --> <\/p>\n<div style='flex: 1 1 300px; min-width: 280px;'> <img style='width: 100%; height: auto; margin: 44.5px auto 38.5px; border: 1px solid rgba(150&comma;150&comma;150&comma;0.3); border-radius: 8px; display: block;' src='https:\/\/www.idisglobal.com\/uploads\/product\/dimension\/74b0c783a60d6fd54d12b7e506827f01.png' alt=''> <\/p>\n<div style='border-top: 5px solid #0093A3; padding: 0 15px; margin-bottom: 25px;'>\n<h2 style='font-size: 22px; color: inherit; margin-top: 20px; margin-bottom: 15px;'>Caracteristicas Fisicas y Electricas<\/h2>\n<ul style='padding-left: 20px; margin: 0; list-style-type: disc; color: inherit;'>\n<li style='margin-bottom: 5px;'>Dimensiones: \u00d8122 x 103.4mm<\/li>\n<li style='margin-bottom: 5px;'>Temperatura: -40 \u00b0C ~ +55 \u00b0C *Arranque por encima de -20 \u00b0C<\/li>\n<li style='margin-bottom: 5px;'>Consumo de energia: 12 V a 1 A&comma; 12 W<\/li>\n<li style='margin-bottom: 5px;'>PoE&comma; IEEE 802.3af (clase 3)&comma; 9.5<\/li>\n<li style='margin-bottom: 5px;'>Peso: 0.350Kg<\/li>\n<li style='margin-bottom: 5px;'>Compresion: H.265&comma; H.264 (MP)&comma; M-JPEG<\/li>\n<li style='margin-bottom: 5px;'>Interior<\/li>\n<li style='margin-bottom: 5px;'>Alarma Entrada (1) \/ Salida (1)<\/li>\n<li style='margin-bottom: 5px;'>Certificaciones; FCC&comma; CE&comma;KC<\/li>\n<\/ul><\/div>\n<\/p><\/div>\n<\/p><\/div>\n<p> <!-- Im\u00e1genes adicionales --> <\/p>\n<div style='width: 100%; margin-bottom: 30px;'> <img style='width: 100%; height: auto; border: 1px solid rgba(150&comma;150&comma;150&comma;0.3); border-radius: 8px;' src='https:\/\/www.syscom.mx\/producto\/idis-dcd4537hrxa-215807.html' alt=''> <\/div>\n<div style='width: 100%; margin-bottom: 30px;'> <img style='width: 100%; height: auto; border: 1px solid rgba(150&comma;150&comma;150&comma;0.3); border-radius: 8px;' src='https:\/\/ftp3.syscom.mx\/usuarios\/albamaria\/albamaria\/IDIS\/camaras\/NDAA%20%281%29.jpg' alt=''> <\/div>\n<p> <!-- Videos de YouTube --> <\/p>\n<div style='display: flex; flex-wrap: wrap; gap: 20px; margin-bottom: 30px;'>\n<div style='flex: 1 1 300px; min-width: 280px;'>\n<div style='position: relative; padding-bottom: 56.25%; height: 0; overflow: hidden;'>   <\/div>\n<\/p><\/div>\n<div style='flex: 1 1 300px; min-width: 280px;'>\n<div style='position: relative; padding-bottom: 56.25%; height: 0; overflow: hidden;'>   <\/div>\n<\/p><\/div>\n<\/p><\/div>\n<\/p><\/div>\n","protected":false},"excerpt":{"rendered":"<p>CAMARA DOMO 5MP | INTELIGENCIA ARTIFICIAL (IDLA) | IR40M | WDR REAL | 2.7 A 13.5MM | INTERIOR| ENTRADA Y SALIDA DE AUDIO<\/p>\n","protected":false},"featured_media":94354,"comment_status":"open","ping_status":"closed","template":"","meta":[],"product_brand":[],"product_cat":[2056],"product_tag":[122,2057,2276],"class_list":{"0":"post-94355","1":"product","2":"type-product","3":"status-publish","4":"has-post-thumbnail","6":"product_cat-domo-eyeball-turret","7":"product_tag-camaras-ip-y-nvrs","8":"product_tag-domo-eyeball-turret","9":"product_tag-idis","11":"first","12":"instock","13":"sale","14":"shipping-taxable","15":"purchasable","16":"product-type-simple"},"_links":{"self":[{"href":"https:\/\/soydeaqui.ddns.net\/pachuca\/index.php\/wp-json\/wp\/v2\/product\/94355","targetHints":{"allow":["GET"]}}],"collection":[{"href":"https:\/\/soydeaqui.ddns.net\/pachuca\/index.php\/wp-json\/wp\/v2\/product"}],"about":[{"href":"https:\/\/soydeaqui.ddns.net\/pachuca\/index.php\/wp-json\/wp\/v2\/types\/product"}],"replies":[{"embeddable":true,"href":"https:\/\/soydeaqui.ddns.net\/pachuca\/index.php\/wp-json\/wp\/v2\/comments?post=94355"}],"wp:featuredmedia":[{"embeddable":true,"href":"https:\/\/soydeaqui.ddns.net\/pachuca\/index.php\/wp-json\/wp\/v2\/media\/94354"}],"wp:attachment":[{"href":"https:\/\/soydeaqui.ddns.net\/pachuca\/index.php\/wp-json\/wp\/v2\/media?parent=94355"}],"wp:term":[{"taxonomy":"product_brand","embeddable":true,"href":"https:\/\/soydeaqui.ddns.net\/pachuca\/index.php\/wp-json\/wp\/v2\/product_brand?post=94355"},{"taxonomy":"product_cat","embeddable":true,"href":"https:\/\/soydeaqui.ddns.net\/pachuca\/index.php\/wp-json\/wp\/v2\/product_cat?post=94355"},{"taxonomy":"product_tag","embeddable":true,"href":"https:\/\/soydeaqui.ddns.net\/pachuca\/index.php\/wp-json\/wp\/v2\/product_tag?post=94355"}],"curies":[{"name":"wp","href":"https:\/\/api.w.org\/{rel}","templated":true}]}}