{"id":94336,"date":"2026-03-20T06:41:23","date_gmt":"2026-03-20T06:41:23","guid":{"rendered":"https:\/\/soydeaqui.ddns.net\/pachuca\/index.php\/producto\/bala-ip-4-megapixel-anpr-reconocimiento-y-captura-de-placas-vehiculares-para-trafico-de-alta-velocidad-darkfighter-wdr-140-db-ip67-ik10-lente-mot-10-a-50-mm-40-mts-ir-micro-sd\/"},"modified":"2026-03-20T06:41:36","modified_gmt":"2026-03-20T06:41:36","slug":"bala-ip-4-megapixel-anpr-reconocimiento-y-captura-de-placas-vehiculares-para-trafico-de-alta-velocidad-darkfighter-wdr-140-db-ip67-ik10-lente-mot-10-a-50-mm-40-mts-ir-micro-sd","status":"publish","type":"product","link":"https:\/\/soydeaqui.ddns.net\/pachuca\/index.php\/producto\/bala-ip-4-megapixel-anpr-reconocimiento-y-captura-de-placas-vehiculares-para-trafico-de-alta-velocidad-darkfighter-wdr-140-db-ip67-ik10-lente-mot-10-a-50-mm-40-mts-ir-micro-sd\/","title":{"rendered":"Bala IP 4 Megapixel \/ ANPR \/ Reconocimiento y Captura de Placas Vehiculares para Trafico de Alta Velocidad \/ DARKFIGHTER \/ WDR 140 dB \/ IP67 \/ IK10 \/ Lente Mot. 10 a 50 mm \/ 40 mts IR \/ Micro SD"},"content":{"rendered":"<div style='width: 100%; max-width: 1200px; margin: 0 auto; font-family: sans-serif; line-height: 1.6; color: inherit; background-color: transparent;'>\n<p style='text-align: center;'><img style='width: 45%; height: auto; border: 1px solid rgba(150&comma;150&comma;150&comma;0.3); border-radius: 8px;' src='https:\/\/ftp3.syscom.mx\/usuarios\/jsosa\/HIKVISION\/imagenes\/logo\/hikvision%20see%20far.png' alt='Logo Hikvision'><\/p>\n<div style='display: flex; flex-wrap: wrap; gap: 30px; margin-top: 30px;'>\n<div style='flex: 1 1 300px; min-width: 280px;'>\n<h3 style='font-size: 22px; border-bottom: 2px solid currentColor; padding-bottom: 5px; margin-top: 0; color: inherit; opacity: 0.8;'>Caracter\u00edsticas principales<\/h3>\n<ul style='padding-left: 20px; font-size: 15px; color: inherit;'>\n<li style='margin-bottom: 5px;'>Compresi\u00f3n de video: H.265 \/ H.264<\/li>\n<li style='margin-bottom: 5px;'>CMOS 1\/1.8&#8242; Scan Progresivo<\/li>\n<li style='margin-bottom: 5px;'>Lente motorizado: 10 a 50 mm<\/li>\n<li style='margin-bottom: 5px;'>40 mts IR (visi\u00f3n nocturna)<\/li>\n<li style='margin-bottom: 5px;'>Velocidad del shutter: 1\/25 s a 1\/100&comma;000 s&comma; soporta Slow Shutter<\/li>\n<li style='margin-bottom: 5px;'>Iluminaci\u00f3n m\u00ednima DARKFIGHTER \u00bd :0.001Lux @(F1.2&comma;AGC ON)<\/li>\n<li style='margin-bottom: 5px;'>Resoluci\u00f3n m\u00e1xima: 60 Hz: 30 fps (2688 \u00d7 1520&comma; 1920 \u00d7 1080&comma; 1280 \u00d7 720&comma; 704 \u00d7 576&comma; 352 \u00d7 288<\/li>\n<li style='margin-bottom: 5px;'>Funciones: WDR real 140 dB \/ BLC \/ HLC \/ 3D DNR<\/li>\n<li style='margin-bottom: 5px;'>Soporta hasta 3 carriles de l\u00edneas para autom\u00f3viles<\/li>\n<li style='margin-bottom: 5px;'>Rango de captura de matr\u00edculas: 5 a 120 km\/h. <strong>No mide velocidad<\/strong><\/li>\n<\/ul><\/div>\n<div style='flex: 1 1 300px; min-width: 280px;'>\n<h3 style='font-size: 22px; border-bottom: 2px solid currentColor; padding-bottom: 5px; margin-top: 0; color: inherit; opacity: 0.8;'>Caracter\u00edsticas F\u00edsicas y El\u00e9ctricas<\/h3>\n<ul style='padding-left: 20px; font-size: 15px; color: inherit;'>\n<li style='margin-bottom: 5px;'>Dimensiones: 428.5 x 120 x 132.8 mm<\/li>\n<li style='margin-bottom: 5px;'>Consumo \/ alimentaci\u00f3n: 12 Vcc &#8211; 24 Vcc \/ 12 Watts \/ PoE+<\/li>\n<li style='margin-bottom: 5px;'>Temperatura de operaci\u00f3n: -30\u00b0C a 70\u00b0C (95% de humedad)<\/li>\n<li style='margin-bottom: 5px;'>Protecci\u00f3n: IP67 (Interior \/ Exterior)<\/li>\n<li style='margin-bottom: 5px;'>Antivand\u00e1lico: IK10<\/li>\n<li style='margin-bottom: 5px;'>Peso: 3.12 Kgs aproximadamente<\/li>\n<\/ul>\n<p style='margin-top: 20px; margin-bottom: 10px; font-weight: bold;'>Accesorios:<\/p>\n<ul style='padding-left: 20px; font-size: 15px; color: inherit;'>\n<li style='margin-bottom: 5px;'>Montaje para poste 14cm de diametro&comma; modelo: <a href='https:\/\/www.syscom.mx\/producto\/DS-1275ZJ\/HWB-HIKVISION-160210.html' target='_blank' rel='noopener' style='color: inherit; text-decoration: underline;'>DS-1275ZJ\/HWB<\/a><\/li>\n<\/ul><\/div>\n<div style='flex: 1 1 300px; min-width: 280px;'>\n<h3 style='font-size: 22px; border-bottom: 2px solid currentColor; padding-bottom: 5px; margin-top: 0; color: inherit; opacity: 0.8;'>Funciones destacadas<\/h3>\n<ul style='padding-left: 20px; font-size: 15px; color: inherit;'>\n<li style='margin-bottom: 5px;'>1 Puerto de red: 10 \/ 100 \/ 1000 Mbps<\/li>\n<li style='margin-bottom: 5px;'>Soporta micro SD de hasta 128 GB (no incluida)<\/li>\n<li style='margin-bottom: 5px;'>1 puertos RS-485<\/li>\n<li style='margin-bottom: 5px;'>Entradas de alarma: 1<\/li>\n<li style='margin-bottom: 5px;'>Salidas de alarma: 1<\/li>\n<li style='margin-bottom: 5px;'>ONVIF (Versi\u00f3n 2.1&comma; PROFILE S&comma; PROFILE G) \/ ISAPI \/ SDK<\/li>\n<\/ul><\/div>\n<\/p><\/div>\n<hr style='border: 0; border-top: 1px solid rgba(150&comma; 150&comma; 150&comma; 0.3); margin: 30px 0;'>\n<div style='margin-top: 30px;'>\n<h3 style='font-size: 22px; border-bottom: 2px solid currentColor; padding-bottom: 5px; margin-top: 0; color: inherit; opacity: 0.8;'>Consideraciones<\/h3>\n<ul style='padding-left: 20px; font-size: 15px; color: inherit;'>\n<li style='margin-bottom: 5px;'>Se recomienda el uso de NVR de las series NI-I&comma; NXI&comma; NI-M para poder obtener el mayor desempe\u00f1o con la soluci\u00f3n de lectura de placas<\/li>\n<\/ul><\/div>\n<div style='margin-top: 30px;'> <img style='width: 100%; height: auto; border: 1px solid rgba(150&comma;150&comma;150&comma;0.3); border-radius: 8px;' src='https:\/\/ftp3.syscom.mx\/usuarios\/fcarrillo\/Hikvision\/Imagenes\/solution-banner-2021.png' alt='Banner soluci\u00f3n Hikvision'> <\/div>\n<\/p><\/div>\n","protected":false},"excerpt":{"rendered":"<p>Bala IP 4 Megapixel \/ ANPR \/ Reconocimiento y Captura de Placas Vehiculares para Trafico de Alta Velocidad \/ DARKFIGHTER \/ WDR 140 dB \/ IP67 \/ IK10 \/ Lente Mot. 10 a 50 mm \/ 40 mts IR \/ Micro SD<\/p>\n","protected":false},"featured_media":94335,"comment_status":"open","ping_status":"closed","template":"","meta":[],"product_brand":[],"product_cat":[438],"product_tag":[439,122,54],"class_list":{"0":"post-94336","1":"product","2":"type-product","3":"status-publish","4":"has-post-thumbnail","6":"product_cat-bala","7":"product_tag-bala","8":"product_tag-camaras-ip-y-nvrs","9":"product_tag-hikvision","11":"first","12":"outofstock","13":"sale","14":"shipping-taxable","15":"purchasable","16":"product-type-simple"},"_links":{"self":[{"href":"https:\/\/soydeaqui.ddns.net\/pachuca\/index.php\/wp-json\/wp\/v2\/product\/94336","targetHints":{"allow":["GET"]}}],"collection":[{"href":"https:\/\/soydeaqui.ddns.net\/pachuca\/index.php\/wp-json\/wp\/v2\/product"}],"about":[{"href":"https:\/\/soydeaqui.ddns.net\/pachuca\/index.php\/wp-json\/wp\/v2\/types\/product"}],"replies":[{"embeddable":true,"href":"https:\/\/soydeaqui.ddns.net\/pachuca\/index.php\/wp-json\/wp\/v2\/comments?post=94336"}],"wp:featuredmedia":[{"embeddable":true,"href":"https:\/\/soydeaqui.ddns.net\/pachuca\/index.php\/wp-json\/wp\/v2\/media\/94335"}],"wp:attachment":[{"href":"https:\/\/soydeaqui.ddns.net\/pachuca\/index.php\/wp-json\/wp\/v2\/media?parent=94336"}],"wp:term":[{"taxonomy":"product_brand","embeddable":true,"href":"https:\/\/soydeaqui.ddns.net\/pachuca\/index.php\/wp-json\/wp\/v2\/product_brand?post=94336"},{"taxonomy":"product_cat","embeddable":true,"href":"https:\/\/soydeaqui.ddns.net\/pachuca\/index.php\/wp-json\/wp\/v2\/product_cat?post=94336"},{"taxonomy":"product_tag","embeddable":true,"href":"https:\/\/soydeaqui.ddns.net\/pachuca\/index.php\/wp-json\/wp\/v2\/product_tag?post=94336"}],"curies":[{"name":"wp","href":"https:\/\/api.w.org\/{rel}","templated":true}]}}