{"id":94320,"date":"2026-03-20T06:40:33","date_gmt":"2026-03-20T06:40:33","guid":{"rendered":"https:\/\/soydeaqui.ddns.net\/pachuca\/index.php\/producto\/camara-ip-oculta-en-barrera-2mp-h-265-wisestream-wdr-120db\/"},"modified":"2026-03-20T06:40:33","modified_gmt":"2026-03-20T06:40:33","slug":"camara-ip-oculta-en-barrera-2mp-h-265-wisestream-wdr-120db","status":"publish","type":"product","link":"https:\/\/soydeaqui.ddns.net\/pachuca\/index.php\/producto\/camara-ip-oculta-en-barrera-2mp-h-265-wisestream-wdr-120db\/","title":{"rendered":"C\u00e1mara IP Oculta en Barrera 2MP \/ H.265 &#038; WiseStream \/ WDR 120dB"},"content":{"rendered":"<div style='width: 100%; max-width: 1200px; margin: 0 auto; font-family: sans-serif; line-height: 1.6; color: inherit; background-color: transparent;'> <!-- Secci\u00f3n de caracter\u00edsticas --> <\/p>\n<div style='display: flex; flex-wrap: wrap; gap: 30px; margin-bottom: 30px;'>\n<div style='flex: 1 1 300px; min-width: 280px;'>\n<h3 style='font-size: 22px; border-bottom: 2px solid currentColor; padding-bottom: 5px; margin-top: 0; color: inherit; opacity: 0.8;'>Caracter\u00edsticas de la c\u00e1mara<\/h3>\n<ul style='padding-left: 20px; font-size: 15px; color: inherit;'>\n<li style='margin-bottom: 5px;'>Compensaci\u00f3n de Luz: <strong>WDR Real (120dB)<\/strong>&comma; BLC&comma; HLC<\/li>\n<\/ul><\/div>\n<div style='flex: 1 1 300px; min-width: 280px;'>\n<h3 style='font-size: 22px; border-bottom: 2px solid currentColor; padding-bottom: 5px; margin-top: 0; color: inherit; opacity: 0.8;'>Compresi\u00f3n de v\u00eddeo y resoluci\u00f3n m\u00e1xima<\/h3>\n<ul style='padding-left: 20px; font-size: 15px; color: inherit;'>\n<li style='margin-bottom: 5px;'>Compresi\u00f3n de Video: <strong>H.265 &#038; WiseStream \/ H.264+ \/ H.264 \/ MJPEG<\/strong><\/li>\n<li style='margin-bottom: 5px;'>Resoluci\u00f3n m\u00e1xima: <strong>1920 \u00d7 1080 (2MP)<\/strong><\/li>\n<\/ul><\/div>\n<div style='flex: 1 1 300px; min-width: 280px;'>\n<h3 style='font-size: 22px; border-bottom: 2px solid currentColor; padding-bottom: 5px; margin-top: 0; color: inherit; opacity: 0.8;'>Videoanal\u00edticos<\/h3>\n<ul style='padding-left: 20px; font-size: 15px; color: inherit;'>\n<li style='margin-bottom: 5px;'>Mapas de Calor&comma; Conteo de Personas&comma; Auto Seguimiento Digital&comma; Manejo de Filas&comma; Detecci\u00f3n de Audio&comma; L\u00ednea Virtual&comma; Entrada \/ Salida&comma; Detecci\u00f3n de Niebla y Polvo&comma; Detecci\u00f3n de Desenfoque&comma; Manipulaci\u00f3n y Merodeo<\/li>\n<\/ul><\/div>\n<div style='flex: 1 1 300px; min-width: 280px;'>\n<h3 style='font-size: 22px; border-bottom: 2px solid currentColor; padding-bottom: 5px; margin-top: 0; color: inherit; opacity: 0.8;'>Funciones de red y almacenamiento<\/h3>\n<ul style='padding-left: 20px; font-size: 15px; color: inherit;'>\n<li style='margin-bottom: 5px;'>Almacenamiento: <strong>MicroSD de hasta 1TB<\/strong><\/li>\n<li style='margin-bottom: 5px;'>ONVIF: <strong>Profile S \/ G&comma; SUNAPI 2.0<\/strong><\/li>\n<\/ul><\/div>\n<div style='flex: 1 1 300px; min-width: 280px;'>\n<h3 style='font-size: 22px; border-bottom: 2px solid currentColor; padding-bottom: 5px; margin-top: 0; color: inherit; opacity: 0.8;'>Interfaces y Audio<\/h3>\n<ul style='padding-left: 20px; font-size: 15px; color: inherit;'>\n<li style='margin-bottom: 5px;'>Audio: <strong>1 entrada y 1 salida<\/strong><\/li>\n<li style='margin-bottom: 5px;'>Red: <strong>1 puerto RJ45 (10\/100 BASE-T)<\/strong><\/li>\n<li style='margin-bottom: 5px;'>Alarma: <strong>1 entrada y 1 salida<\/strong><\/li>\n<\/ul><\/div>\n<div style='flex: 1 1 300px; min-width: 280px;'>\n<h3 style='font-size: 22px; border-bottom: 2px solid currentColor; padding-bottom: 5px; margin-top: 0; color: inherit; opacity: 0.8;'>Caracter\u00edsticas f\u00edsicas y el\u00e9ctricas<\/h3>\n<ul style='padding-left: 20px; font-size: 15px; color: inherit;'>\n<li style='margin-bottom: 5px;'>Temperatura de operaci\u00f3n: <strong>-10 a 55 \u00b0C<\/strong>&comma; Humedad Menor a 90%<\/li>\n<li style='margin-bottom: 5px;'>Alimentaci\u00f3n: <strong>12Vcc @ 8.6W \/ PoE (802.3af) @ 10.5W<\/strong><\/li>\n<li style='margin-bottom: 5px;'>Uso en: <strong>Interior<\/strong><\/li>\n<li style='margin-bottom: 5px;'>Dimensiones: <strong>66.5 x 46 x 175 a 737 mm<\/strong><\/li>\n<li style='margin-bottom: 5px;'>Peso: <strong>1 kg<\/strong><\/li>\n<\/ul><\/div>\n<div style='flex: 1 1 300px; min-width: 280px;'>\n<h3 style='font-size: 22px; border-bottom: 2px solid currentColor; padding-bottom: 5px; margin-top: 0; color: inherit; opacity: 0.8;'>Garant\u00eda<\/h3>\n<ul style='padding-left: 20px; font-size: 15px; color: inherit;'>\n<li style='margin-bottom: 5px;'><strong>3 a\u00f1os<\/strong><\/li>\n<\/ul><\/div>\n<\/p><\/div>\n<\/p><\/div>\n","protected":false},"excerpt":{"rendered":"<p>C\u00e1mara IP Oculta en Barrera 2MP \/ H.265 &#038; WiseStream \/ WDR 120dB<\/p>\n","protected":false},"featured_media":94319,"comment_status":"open","ping_status":"closed","template":"","meta":[],"product_brand":[],"product_cat":[2274],"product_tag":[122,1055,2275],"class_list":{"0":"post-94320","1":"product","2":"type-product","3":"status-publish","4":"has-post-thumbnail","6":"product_cat-ocultas-pinhole","7":"product_tag-camaras-ip-y-nvrs","8":"product_tag-hanwha-vision","9":"product_tag-ocultas-pinhole","11":"first","12":"outofstock","13":"sale","14":"shipping-taxable","15":"purchasable","16":"product-type-simple"},"_links":{"self":[{"href":"https:\/\/soydeaqui.ddns.net\/pachuca\/index.php\/wp-json\/wp\/v2\/product\/94320","targetHints":{"allow":["GET"]}}],"collection":[{"href":"https:\/\/soydeaqui.ddns.net\/pachuca\/index.php\/wp-json\/wp\/v2\/product"}],"about":[{"href":"https:\/\/soydeaqui.ddns.net\/pachuca\/index.php\/wp-json\/wp\/v2\/types\/product"}],"replies":[{"embeddable":true,"href":"https:\/\/soydeaqui.ddns.net\/pachuca\/index.php\/wp-json\/wp\/v2\/comments?post=94320"}],"wp:featuredmedia":[{"embeddable":true,"href":"https:\/\/soydeaqui.ddns.net\/pachuca\/index.php\/wp-json\/wp\/v2\/media\/94319"}],"wp:attachment":[{"href":"https:\/\/soydeaqui.ddns.net\/pachuca\/index.php\/wp-json\/wp\/v2\/media?parent=94320"}],"wp:term":[{"taxonomy":"product_brand","embeddable":true,"href":"https:\/\/soydeaqui.ddns.net\/pachuca\/index.php\/wp-json\/wp\/v2\/product_brand?post=94320"},{"taxonomy":"product_cat","embeddable":true,"href":"https:\/\/soydeaqui.ddns.net\/pachuca\/index.php\/wp-json\/wp\/v2\/product_cat?post=94320"},{"taxonomy":"product_tag","embeddable":true,"href":"https:\/\/soydeaqui.ddns.net\/pachuca\/index.php\/wp-json\/wp\/v2\/product_tag?post=94320"}],"curies":[{"name":"wp","href":"https:\/\/api.w.org\/{rel}","templated":true}]}}