{"id":94288,"date":"2026-03-20T06:39:06","date_gmt":"2026-03-20T06:39:06","guid":{"rendered":"https:\/\/soydeaqui.ddns.net\/pachuca\/index.php\/producto\/ups-de-500-va-300-w-topologia-linea-interactiva-entrada-120-vca-nema-5-15p-tipo-rack-1-ur-con-6-tomas-nema-5-15r\/"},"modified":"2026-03-20T06:39:21","modified_gmt":"2026-03-20T06:39:21","slug":"ups-de-500-va-300-w-topologia-linea-interactiva-entrada-120-vca-nema-5-15p-tipo-rack-1-ur-con-6-tomas-nema-5-15r","status":"publish","type":"product","link":"https:\/\/soydeaqui.ddns.net\/pachuca\/index.php\/producto\/ups-de-500-va-300-w-topologia-linea-interactiva-entrada-120-vca-nema-5-15p-tipo-rack-1-ur-con-6-tomas-nema-5-15r\/","title":{"rendered":"UPS de 500 VA\/300 W, Topolog\u00eda L\u00ednea Interactiva, Entrada 120 Vca NEMA 5-15P, Tipo Rack 1 UR, Con 6 Tomas NEMA 5-15R"},"content":{"rendered":"<div style='width: 100%; max-width: 1200px; margin: 0 auto; font-family: sans-serif; line-height: 1.6; color: inherit; background-color: transparent;'>\n<div style='display: flex; flex-wrap: wrap; gap: 30px; margin-bottom: 30px;'>\n<div style='flex: 1 1 300px; min-width: 280px;'>\n<h3 style='font-size: 22px; border-bottom: 2px solid currentColor; padding-bottom: 5px; margin-top: 0; color: inherit; opacity: 0.8;'>Caracter\u00edsticas Generales<\/h3>\n<p style='margin-top: 0; margin-bottom: 15px; font-size: 15px; color: inherit;'> <img style='width: 100%; height: auto; border: 1px solid rgba(150&comma;150&comma;150&comma;0.3); border-radius: 8px;' src='https:\/\/ftp3.syscom.mx\/usuarios\/fotos\/logotipos\/cyberpower.png' alt=''> <\/p>\n<p style='margin-top: 0; margin-bottom: 15px; font-size: 15px; color: inherit;'>CyberPower OR500LCDRM1U es un UPS interactivo en l\u00ednea que ofrece simulaci\u00f3n de onda sinusoidal de salida para dispositivos de sistemas de oficina que incluyen PC&comma; estaciones de trabajo&comma; dispositivos de red y perif\u00e9ricos. Normalmente se integra en la oficina de reserva&comma; en la sala de servidores y en entornos de centros de datos para asegurar una alimentaci\u00f3n fiable de reserva durante los cortes de corriente.<\/p>\n<p style='margin-top: 0; margin-bottom: 15px; font-size: 15px; color: inherit;'>Adem\u00e1s&comma; su dise\u00f1o convertible de instalaci\u00f3n en servidor y torre le otorga una flexibilidad optimizada para su montaje y funcionamiento en casi cualquier entorno.<\/p>\n<\/p><\/div>\n<\/p><\/div>\n<div style='display: flex; flex-wrap: wrap; gap: 30px; margin-bottom: 30px;'>\n<div style='flex: 1 1 300px; min-width: 280px;'>\n<h3 style='font-size: 22px; border-bottom: 2px solid currentColor; padding-bottom: 5px; margin-top: 0; color: inherit; opacity: 0.8;'>Caracter\u00edsticas T\u00e9cnicas<\/h3>\n<ul style='padding-left: 20px; font-size: 15px; color: inherit;'>\n<li style='margin-bottom: 5px;'><strong>Voltaje de entrada:<\/strong> 90 &#8211; 140V<\/li>\n<li style='margin-bottom: 5px;'><strong>Frecuencia de entrada:<\/strong> 57 &#8211; 63Hz<\/li>\n<li style='margin-bottom: 5px;'><strong>Tipo de enchufe de entrada:<\/strong> NEMA 5-15P <img style='width: 40px; height: 40px; margin-left: 5px; vertical-align: middle; border: 1px solid rgba(150&comma;150&comma;150&comma;0.3); border-radius: 4px;' src='https:\/\/www.cyberpower.com\/mx\/es\/File\/GetImageByDocId\/GeneralAttribute-235' alt=''> <\/li>\n<li style='margin-bottom: 5px;'><strong>Longitud del cable:<\/strong> 3 m<\/li>\n<li style='margin-bottom: 5px;'><strong>Salida VA:<\/strong> 500<\/li>\n<li style='margin-bottom: 5px;'><strong>Salida Watts:<\/strong> 300<\/li>\n<li style='margin-bottom: 5px;'><strong>Total de tomas de salida:<\/strong> 6 (4 respaldo y protecci\u00f3n&comma; 2 solo protecci\u00f3n)<\/li>\n<li style='margin-bottom: 5px;'><strong>Tipos de tomas:<\/strong> 6 NEMA 5-15R <img style='width: 40px; height: 40px; margin-left: 5px; vertical-align: middle; border: 1px solid rgba(150&comma;150&comma;150&comma;0.3); border-radius: 4px;' src='https:\/\/www.cyberpower.com\/mx\/es\/File\/GetImageByDocId\/GeneralAttribute-238' alt=''> <\/li>\n<li style='margin-bottom: 5px;'><strong>Tipo de onda:<\/strong> Simulada<\/li>\n<li style='margin-bottom: 5px;'><strong>Especificaciones de bater\u00eda:<\/strong> 2 x 6V\/7Ah<\/li>\n<li style='margin-bottom: 5px;'><strong>Tiempo de respaldo con media carga (150 W):<\/strong> 12 Minutos<\/li>\n<li style='margin-bottom: 5px;'><strong>Tiempo de respaldo con carga completa (300 W):<\/strong> 3 Minutos<\/li>\n<li style='margin-bottom: 5px;'><strong>Tarjeta de administraci\u00f3n remota:<\/strong> RMCARD205<\/li>\n<li style='margin-bottom: 5px;'><strong>Protecci\u00f3n de picos:<\/strong> 1030 Joules<\/li>\n<li style='margin-bottom: 5px;'><strong>Protecci\u00f3n para datos:<\/strong> Tel\u00e9fono RJ11<\/li>\n<li style='margin-bottom: 5px;'><strong>Indicadores:<\/strong> Pantalla LCD de lectura<\/li>\n<li style='margin-bottom: 5px;'><strong>Dimensiones:<\/strong> 433 X 44 X 235 mm (Ancho x Alto x Profundidad)<\/li>\n<li style='margin-bottom: 5px;'><strong>Peso:<\/strong> 8.2 kg<\/li>\n<li style='margin-bottom: 5px;'><strong>Certificaciones:<\/strong> FCC Clase B&comma; UL&comma; NOM<\/li>\n<li style='margin-bottom: 5px;'><strong>NO es compatible con generador de energ\u00eda (plantas de respaldo).<\/strong><\/li>\n<li style='margin-bottom: 5px;'><strong>Incluye bater\u00edas<\/strong><\/li>\n<\/ul><\/div>\n<div style='flex: 1 1 300px; min-width: 280px;'>\n<h3 style='font-size: 22px; border-bottom: 2px solid currentColor; padding-bottom: 5px; margin-top: 0; color: inherit; opacity: 0.8;'>Funcionalidades<\/h3>\n<ul style='padding-left: 20px; font-size: 15px; color: inherit;'>\n<li style='margin-bottom: 5px;'>Pantalla LCD multifunci\u00f3n que ofrece informaci\u00f3n en tiempo real<\/li>\n<li style='margin-bottom: 5px;'>Puertos de red para protecci\u00f3n contra picos repentinos de corriente debidos a ca\u00eddas de rayos<\/li>\n<li style='margin-bottom: 5px;'>Dise\u00f1o convertible de instalaci\u00f3n en servidor y torre<\/li>\n<li style='margin-bottom: 5px;'>Sustituci\u00f3n en caliente de bater\u00edas<\/li>\n<\/ul><\/div>\n<\/p><\/div>\n<div style='display: flex; flex-wrap: wrap; gap: 30px; margin-bottom: 30px;'>\n<div style='flex: 1 1 300px; min-width: 280px;'>\n<h3 style='font-size: 22px; border-bottom: 2px solid currentColor; padding-bottom: 5px; margin-top: 0; color: inherit; opacity: 0.8;'>Aplicaciones<\/h3>\n<ul style='padding-left: 20px; font-size: 15px; color: inherit;'>\n<li style='margin-bottom: 5px;'>Protecci\u00f3n para PC y estaciones de trabajo<\/li>\n<li style='margin-bottom: 5px;'>Protecci\u00f3n para dispositivos de red<\/li>\n<li style='margin-bottom: 5px;'>Oficina de reserva<\/li>\n<li style='margin-bottom: 5px;'>Sala de servidores<\/li>\n<li style='margin-bottom: 5px;'>Entornos de centros de datos<\/li>\n<\/ul><\/div>\n<div style='flex: 1 1 300px; min-width: 280px;'>\n<h3 style='font-size: 22px; border-bottom: 2px solid currentColor; padding-bottom: 5px; margin-top: 0; color: inherit; opacity: 0.8;'>Caracter\u00edsticas de Seguridad<\/h3>\n<ul style='padding-left: 20px; font-size: 15px; color: inherit;'>\n<li style='margin-bottom: 5px;'>Protecci\u00f3n contra picos de 1030 Joules<\/li>\n<li style='margin-bottom: 5px;'>Protecci\u00f3n para datos en l\u00ednea telef\u00f3nica RJ11<\/li>\n<li style='margin-bottom: 5px;'>Dise\u00f1o con protecci\u00f3n contra sobrecarga<\/li>\n<li style='margin-bottom: 5px;'>Protecci\u00f3n contra cortocircuito<\/li>\n<li style='margin-bottom: 5px;'>Sistema de alarma audible para condiciones anormales<\/li>\n<\/ul><\/div>\n<\/p><\/div>\n<div style='display: flex; flex-wrap: wrap; gap: 30px; margin-bottom: 30px;'>\n<div style='flex: 1 1 300px; min-width: 280px;'>\n<h3 style='font-size: 22px; border-bottom: 2px solid currentColor; padding-bottom: 5px; margin-top: 0; color: inherit; opacity: 0.8;'>Caracter\u00edsticas de Gesti\u00f3n<\/h3>\n<ul style='padding-left: 20px; font-size: 15px; color: inherit;'>\n<li style='margin-bottom: 5px;'>Pantalla LCD multifunci\u00f3n<\/li>\n<li style='margin-bottom: 5px;'>Tarjeta de administraci\u00f3n remota RMCARD205<\/li>\n<li style='margin-bottom: 5px;'>Sustituci\u00f3n en caliente de bater\u00edas<\/li>\n<li style='margin-bottom: 5px;'>Notificaci\u00f3n de estado mediante indicadores LED<\/li>\n<\/ul><\/div>\n<\/p><\/div>\n<hr style='border: 0; border-top: 1px solid rgba(150&comma; 150&comma; 150&comma; 0.3); margin: 30px 0;'> <\/div>\n","protected":false},"excerpt":{"rendered":"<p>UPS de 500 VA\/300 W, Topolog\u00eda L\u00ednea Interactiva, Entrada 120 Vca NEMA 5-15P, Tipo Rack 1 UR, Con 6 Tomas NEMA 5-15R<\/p>\n","protected":false},"featured_media":94287,"comment_status":"open","ping_status":"closed","template":"","meta":[],"product_brand":[],"product_cat":[1231],"product_tag":[677,142,1232],"class_list":{"0":"post-94288","1":"product","2":"type-product","3":"status-publish","4":"has-post-thumbnail","6":"product_cat-ups-no-break-energia-videovigilancia","7":"product_tag-cyberpower","8":"product_tag-energia","9":"product_tag-ups-no-break-2","11":"first","12":"instock","13":"sale","14":"shipping-taxable","15":"purchasable","16":"product-type-simple"},"_links":{"self":[{"href":"https:\/\/soydeaqui.ddns.net\/pachuca\/index.php\/wp-json\/wp\/v2\/product\/94288","targetHints":{"allow":["GET"]}}],"collection":[{"href":"https:\/\/soydeaqui.ddns.net\/pachuca\/index.php\/wp-json\/wp\/v2\/product"}],"about":[{"href":"https:\/\/soydeaqui.ddns.net\/pachuca\/index.php\/wp-json\/wp\/v2\/types\/product"}],"replies":[{"embeddable":true,"href":"https:\/\/soydeaqui.ddns.net\/pachuca\/index.php\/wp-json\/wp\/v2\/comments?post=94288"}],"wp:featuredmedia":[{"embeddable":true,"href":"https:\/\/soydeaqui.ddns.net\/pachuca\/index.php\/wp-json\/wp\/v2\/media\/94287"}],"wp:attachment":[{"href":"https:\/\/soydeaqui.ddns.net\/pachuca\/index.php\/wp-json\/wp\/v2\/media?parent=94288"}],"wp:term":[{"taxonomy":"product_brand","embeddable":true,"href":"https:\/\/soydeaqui.ddns.net\/pachuca\/index.php\/wp-json\/wp\/v2\/product_brand?post=94288"},{"taxonomy":"product_cat","embeddable":true,"href":"https:\/\/soydeaqui.ddns.net\/pachuca\/index.php\/wp-json\/wp\/v2\/product_cat?post=94288"},{"taxonomy":"product_tag","embeddable":true,"href":"https:\/\/soydeaqui.ddns.net\/pachuca\/index.php\/wp-json\/wp\/v2\/product_tag?post=94288"}],"curies":[{"name":"wp","href":"https:\/\/api.w.org\/{rel}","templated":true}]}}