{"id":9427,"date":"2026-03-18T07:22:15","date_gmt":"2026-03-18T07:22:15","guid":{"rendered":"https:\/\/soydeaqui.ddns.net\/pachuca\/index.php\/producto\/grapadora-para-cables-de-voz-datos-y-video-utp-a-madera-tablaroca-compatible-con-grapas-450-001-450-002-450-003\/"},"modified":"2026-03-18T07:22:15","modified_gmt":"2026-03-18T07:22:15","slug":"grapadora-para-cables-de-voz-datos-y-video-utp-a-madera-tablaroca-compatible-con-grapas-450-001-450-002-450-003","status":"publish","type":"product","link":"https:\/\/soydeaqui.ddns.net\/pachuca\/index.php\/producto\/grapadora-para-cables-de-voz-datos-y-video-utp-a-madera-tablaroca-compatible-con-grapas-450-001-450-002-450-003\/","title":{"rendered":"Grapadora para Cables de Voz, Datos y Video (UTP) a Madera \/ Tablaroca. Compatible con Grapas 450-001, 450-002, 450-003"},"content":{"rendered":"<div style='width: 100%; max-width: 1200px; margin: 0 auto; font-family: sans-serif; line-height: 1.6; color: inherit; background-color: transparent;'>\n<div style='display: flex; flex-wrap: wrap; gap: 30px; margin-bottom: 30px;'>\n<div style='flex: 1 1 300px; min-width: 280px;'>\n<h3 style='font-size: 22px; border-bottom: 2px solid currentColor; padding-bottom: 5px; margin-top: 0; color: inherit; opacity: 0.8;'>Caracter\u00edsticas<\/h3>\n<ul style='padding-left: 20px; font-size: 15px; color: inherit;'>\n<li style='margin-bottom: 5px;'>Engrapadora con acci\u00f3n progresiva que ofrece estabilidad y operaci\u00f3n con una sola mano.<\/li>\n<li style='margin-bottom: 5px;'>Funciona exclusivamente con las grapas de Klein Tools (450-001&comma; 450-002 y 450-003).<\/li>\n<li style='margin-bottom: 5px;'>Use grapas con aislamiento para cables de voz&comma; datos&comma; video y cables no met\u00e1licos forrados NM (Romex\u00ae).<\/li>\n<li style='margin-bottom: 5px;'>Se pueden ajustar a tama\u00f1os de grapas de 1\/4&#8221;&comma; 5\/16&#8221; y 11\/32&#8221;.<\/li>\n<li style='margin-bottom: 5px;'>Se pueden ajustar a tama\u00f1os de grapas de 1\/4&#8221;&comma; para cables de datos CAT3 y CAT5e&comma; cable de altavoz y cable de seguridad de hasta 1\/4&#8221; \u00d7 5\/16&#8221; (6 mm \u00d7 8 mm) de tama\u00f1o.<\/li>\n<li style='margin-bottom: 5px;'>Se pueden ajustar a tama\u00f1os de grapas de 5\/16&#8221;&comma; para cables coaxiales (RG59&comma; RG6\/6Q) y de datos (CAT3\/5e\/CAT6\/6A) de hasta 5\/16&#8221; \u00d7 5\/16&#8221; (8 mm \u00d7 8 mm) de tama\u00f1o.<\/li>\n<li style='margin-bottom: 5px;'>Se pueden ajustar a tama\u00f1os de grapas de 11\/32&#8221;&comma; cable NM (Romex\u00ae) como 14\/3&comma; 14\/3G&comma; 12\/3 y otros cables de hasta 11\/32&#8221; \u00d7 19\/32&#8221; (9 mm \u00d7 15 mm) de tama\u00f1o.<\/li>\n<li style='margin-bottom: 5px;'>Canal ajustable en la cara de montaje que gu\u00eda y protege el cable.<\/li>\n<li style='margin-bottom: 5px;'>Empujador de grapas asegurado que permanece sujeto para evitar que se extrav\u00ede.<\/li>\n<li style='margin-bottom: 5px;'>Palanca de configuraci\u00f3n ajustable de fuerza.<\/li>\n<li style='margin-bottom: 5px;'>Gu\u00eda para grapas con abertura de dos niveles para cables de tama\u00f1o peque\u00f1o y grande.<\/li>\n<li style='margin-bottom: 5px;'>Cuerpo de aluminio fundido que ofrece durabilidad.<\/li>\n<li style='margin-bottom: 5px;'>Mango acojinado.<\/li>\n<li style='margin-bottom: 5px;'>No se atasca.<\/li>\n<li style='margin-bottom: 5px;'>Romex\u00ae es una marca registrada de Southwire Company.<\/li>\n<li style='margin-bottom: 5px; font-weight: bold;'>No es compatible con otras marcas de grapas.<\/li>\n<\/ul><\/div>\n<\/p><\/div>\n<div style='display: flex; flex-wrap: wrap; gap: 20px; margin-bottom: 30px;'>\n<div style='flex: 1 1 250px; border: 1px solid rgba(150&comma; 150&comma; 150&comma; 0.4); border-radius: 8px; overflow: hidden; display: flex; flex-direction: column;'>\n<div style='padding: 15px; border-bottom: 1px solid rgba(150&comma; 150&comma; 150&comma; 0.2); font-weight: bold; font-size: 18px; color: inherit;'>Dimensiones<\/div>\n<div style='padding: 15px; color: inherit;'>\n<ul style='padding-left: 20px; margin: 0; font-size: 14px; list-style-type: disc;'>\n<li style='margin-bottom: 5px;'>Longitud total: 7.5&#8242; (191 mm)<\/li>\n<li style='margin-bottom: 5px;'>Altura total: 1.75&#8242; (44 mm)<\/li>\n<li style='margin-bottom: 5px;'>Ancho total: 6.5&#8242; (165 mm)<\/li>\n<li style='margin-bottom: 5px;'>Longitud del mango: 6&#8242; (152 mm)<\/li>\n<li style='margin-bottom: 5px;'>Capacidad de grapa: 20 a 30<\/li>\n<li style='margin-bottom: 5px;'>Peso: 0.8 kg (1.7 lb)<\/li>\n<\/ul><\/div>\n<\/p><\/div>\n<\/p><\/div>\n<div style='display: flex; flex-wrap: wrap; gap: 20px; margin-bottom: 30px;'>\n<div style='flex: 1 1 250px; border: 1px solid rgba(150&comma; 150&comma; 150&comma; 0.4); border-radius: 8px; overflow: hidden; display: flex; flex-direction: column;'>\n<div style='padding: 15px; border-bottom: 1px solid rgba(150&comma; 150&comma; 150&comma; 0.2); font-weight: bold; font-size: 18px; color: inherit;'>Grampas compatibles<\/div>\n<div style='padding: 15px; color: inherit;'>\n<p style='margin: 0 0 15px 0; font-size: 14px;'>NO INCLUYE GRAPAS&comma; SE VENDEN POR SEPARADO<\/p>\n<p style='margin: 0 0 15px 0; font-size: 14px;'>Modelos compatibles: <a href='https:\/\/www.syscom.mx\/principal\/buscar?global_search=45000%20grapas%20kelin&#038;ordenar=Relevancia&#038;pag=1&#038;marca=klein%20tools' style='color: inherit; text-decoration: underline;'>450-001&comma; 450-002 y 450-003<\/a><\/p>\n<\/p><\/div>\n<\/p><\/div>\n<\/p><\/div>\n<div style='position: relative; padding-bottom: 56.25%; height: 0; overflow: hidden; margin-bottom: 30px;'>   <\/div>\n<\/p><\/div>\n","protected":false},"excerpt":{"rendered":"<p>Grapadora para Cables de Voz, Datos y Video (UTP) a Madera \/ Tablaroca. Compatible con Grapas 450-001, 450-002, 450-003<\/p>\n","protected":false},"featured_media":9426,"comment_status":"open","ping_status":"closed","template":"","meta":[],"product_brand":[],"product_cat":[608],"product_tag":[586,25,432],"class_list":{"0":"post-9427","1":"product","2":"type-product","3":"status-publish","4":"has-post-thumbnail","6":"product_cat-herramientas-cableado-de-cobre","7":"product_tag-cableado-de-cobre","8":"product_tag-herramientas","9":"product_tag-klein-tools","11":"first","12":"instock","13":"sale","14":"shipping-taxable","15":"purchasable","16":"product-type-simple"},"_links":{"self":[{"href":"https:\/\/soydeaqui.ddns.net\/pachuca\/index.php\/wp-json\/wp\/v2\/product\/9427","targetHints":{"allow":["GET"]}}],"collection":[{"href":"https:\/\/soydeaqui.ddns.net\/pachuca\/index.php\/wp-json\/wp\/v2\/product"}],"about":[{"href":"https:\/\/soydeaqui.ddns.net\/pachuca\/index.php\/wp-json\/wp\/v2\/types\/product"}],"replies":[{"embeddable":true,"href":"https:\/\/soydeaqui.ddns.net\/pachuca\/index.php\/wp-json\/wp\/v2\/comments?post=9427"}],"wp:featuredmedia":[{"embeddable":true,"href":"https:\/\/soydeaqui.ddns.net\/pachuca\/index.php\/wp-json\/wp\/v2\/media\/9426"}],"wp:attachment":[{"href":"https:\/\/soydeaqui.ddns.net\/pachuca\/index.php\/wp-json\/wp\/v2\/media?parent=9427"}],"wp:term":[{"taxonomy":"product_brand","embeddable":true,"href":"https:\/\/soydeaqui.ddns.net\/pachuca\/index.php\/wp-json\/wp\/v2\/product_brand?post=9427"},{"taxonomy":"product_cat","embeddable":true,"href":"https:\/\/soydeaqui.ddns.net\/pachuca\/index.php\/wp-json\/wp\/v2\/product_cat?post=9427"},{"taxonomy":"product_tag","embeddable":true,"href":"https:\/\/soydeaqui.ddns.net\/pachuca\/index.php\/wp-json\/wp\/v2\/product_tag?post=9427"}],"curies":[{"name":"wp","href":"https:\/\/api.w.org\/{rel}","templated":true}]}}