{"id":94269,"date":"2026-03-20T06:38:16","date_gmt":"2026-03-20T06:38:16","guid":{"rendered":"https:\/\/soydeaqui.ddns.net\/pachuca\/index.php\/producto\/ups-de-825-va-450-w-topologia-linea-interactiva-entrada-120-vca-nema-5-15p-tipo-gabinete-compacto-con-8-tomas-nema-5-15r\/"},"modified":"2026-03-20T06:38:25","modified_gmt":"2026-03-20T06:38:25","slug":"ups-de-825-va-450-w-topologia-linea-interactiva-entrada-120-vca-nema-5-15p-tipo-gabinete-compacto-con-8-tomas-nema-5-15r","status":"publish","type":"product","link":"https:\/\/soydeaqui.ddns.net\/pachuca\/index.php\/producto\/ups-de-825-va-450-w-topologia-linea-interactiva-entrada-120-vca-nema-5-15p-tipo-gabinete-compacto-con-8-tomas-nema-5-15r\/","title":{"rendered":"UPS de 825 VA\/450 W, Topolog\u00eda L\u00ednea Interactiva, Entrada 120 Vca NEMA 5-15P, Tipo Gabinete Compacto, Con 8 Tomas NEMA 5-15R"},"content":{"rendered":"<div style='width: 100%; max-width: 1200px; margin: 0 auto; font-family: sans-serif; line-height: 1.6; color: inherit; background-color: transparent;'>\n<div style='display: flex; flex-direction: column; gap: 30px;'>\n<div style='width: 100%;'> <img style='width: 100%; max-width: 600px; height: auto; border: 1px solid rgba(150&comma;150&comma;150&comma;0.3); border-radius: 8px;' src='https:\/\/ftp3.syscom.mx\/usuarios\/fotos\/logotipos\/cyberpower.png' alt=''> <\/div>\n<div style='width: 100%;'>\n<p style='margin: 0 0 15px;'>CyberPower CP825AVRLCD garantiza protecci\u00f3n de respaldo de energ\u00eda para sistemas de cine en casa&comma; dispositivos multimedia&comma; equipos de TI&comma; computadoras&comma; estaciones de trabajo&comma; dispositivos NAS \/ Storage&comma; dispositivos de telecomunicaciones&comma; dispositivos de red&comma; sistemas de seguridad \/ emergencia y sistemas de vigilancia. El producto cuenta con tecnolog\u00eda de ahorro de energ\u00eda para ahorrar costos de electricidad&comma; al tiempo que proporciona respaldo de bater\u00eda&comma; tomacorrientes protegidos contra sobretensiones y filtro EMI para proteger sus dispositivos.<\/p>\n<p style='margin: 0 0 15px;'>El UPS presenta una pantalla LCD multifunci\u00f3n para mostrar informaci\u00f3n sobre la potencia y las condiciones de la bater\u00eda. La protecci\u00f3n de l\u00ednea telef\u00f3nica incluida puede proteger los tel\u00e9fonos contra sobretensiones y picos. Tambi\u00e9n es compatible con PowerPanel\u00ae Power Management Software para realizar un apagado ordenado de la PC.<\/p>\n<\/p><\/div>\n<\/p><\/div>\n<hr style='border: 0; border-top: 1px solid rgba(150&comma; 150&comma; 150&comma; 0.3); margin: 30px 0;'>\n<div style='display: flex; flex-wrap: wrap; gap: 30px; margin-bottom: 30px;'>\n<div style='flex: 1 1 300px; min-width: 280px;'>\n<h3 style='font-size: 22px; border-bottom: 2px solid currentColor; padding-bottom: 5px; margin-top: 0; color: inherit; opacity: 0.8;'>Especificaciones t\u00e9cnicas<\/h3>\n<ul style='padding-left: 20px; font-size: 15px; color: inherit; list-style-type: disc;'>\n<li style='margin-bottom: 5px;'>Voltaje de entrada: 90 &#8211; 140 Vca<\/li>\n<li style='margin-bottom: 5px;'>Frecuencia de entrada: 60Hz \u00b1 3Hz<\/li>\n<li style='margin-bottom: 5px;'>Forma de Onda: modificada<\/li>\n<li style='margin-bottom: 5px;'>Tipo de enchufe de entrada: NEMA 5-15P <img style='width: 40px; height: 40px; border: 1px solid rgba(150&comma;150&comma;150&comma;0.3); border-radius: 8px; margin-left: 8px;' src='https:\/\/www.cyberpower.com\/mx\/es\/File\/GetImageByDocId\/GeneralAttribute-235' alt=''> <\/li>\n<li style='margin-bottom: 5px;'>Longitud del cable: 1.8 m<\/li>\n<li style='margin-bottom: 5px;'>Salida VA: 825<\/li>\n<li style='margin-bottom: 5px;'>Salida Watts: 450<\/li>\n<li style='margin-bottom: 5px;'>Factor de potencia: 0.55<\/li>\n<li style='margin-bottom: 5px;'>Total de tomas: 8 (4 respaldo y protecci\u00f3n&comma; y 4 protecci\u00f3n)<\/li>\n<li style='margin-bottom: 5px;'>Tipo de tomas: 8 NEMA 5-15R <img style='width: 40px; height: 40px; border: 1px solid rgba(150&comma;150&comma;150&comma;0.3); border-radius: 8px; margin-left: 8px;' src='https:\/\/www.cyberpower.com\/mx\/es\/File\/GetImageByDocId\/GeneralAttribute-238' alt=''> <\/li>\n<li style='margin-bottom: 5px;'>Especificaciones de bater\u00eda: 1 x 12V\/9Ah<\/li>\n<li style='margin-bottom: 5px;'>Tiempo de respaldo con media carga (225 W): 13.5 Minutos<\/li>\n<li style='margin-bottom: 5px;'>Tiempo de respaldo con carga completa (450 W): 1.2 Minutos<\/li>\n<li style='margin-bottom: 5px;'>Tiempo de transferencia: 4 milisegundos<\/li>\n<li style='margin-bottom: 5px;'>Protecci\u00f3n de picos: 1030 Joules<\/li>\n<li style='margin-bottom: 5px;'>Indicadores: Pantalla LCD de lectura<\/li>\n<li style='margin-bottom: 5px;'>Dimensiones: 280 x 173 x 88 mm (Ancho x Alto x Profundidad)<\/li>\n<li style='margin-bottom: 5px;'>Peso: 5.77 kg<\/li>\n<li style='margin-bottom: 5px;'>Certificaciones: FCC Clase B &comma; UL &comma; NOM<\/li>\n<li style='margin-bottom: 5px;'><strong>(incluye bater\u00edas)<\/strong><\/li>\n<li style='margin-bottom: 5px;'><strong>NO es compatible con generador de energ\u00eda (plantas de respaldo)<\/strong><\/li>\n<\/ul><\/div>\n<\/p><\/div>\n<\/p><\/div>\n","protected":false},"excerpt":{"rendered":"<p>UPS de 825 VA\/450 W, Topolog\u00eda L\u00ednea Interactiva, Entrada 120 Vca NEMA 5-15P, Tipo Gabinete Compacto, Con 8 Tomas NEMA 5-15R<\/p>\n","protected":false},"featured_media":94268,"comment_status":"open","ping_status":"closed","template":"","meta":[],"product_brand":[],"product_cat":[1231],"product_tag":[677,142,1232],"class_list":{"0":"post-94269","1":"product","2":"type-product","3":"status-publish","4":"has-post-thumbnail","6":"product_cat-ups-no-break-energia-videovigilancia","7":"product_tag-cyberpower","8":"product_tag-energia","9":"product_tag-ups-no-break-2","11":"first","12":"instock","13":"sale","14":"shipping-taxable","15":"purchasable","16":"product-type-simple"},"_links":{"self":[{"href":"https:\/\/soydeaqui.ddns.net\/pachuca\/index.php\/wp-json\/wp\/v2\/product\/94269","targetHints":{"allow":["GET"]}}],"collection":[{"href":"https:\/\/soydeaqui.ddns.net\/pachuca\/index.php\/wp-json\/wp\/v2\/product"}],"about":[{"href":"https:\/\/soydeaqui.ddns.net\/pachuca\/index.php\/wp-json\/wp\/v2\/types\/product"}],"replies":[{"embeddable":true,"href":"https:\/\/soydeaqui.ddns.net\/pachuca\/index.php\/wp-json\/wp\/v2\/comments?post=94269"}],"wp:featuredmedia":[{"embeddable":true,"href":"https:\/\/soydeaqui.ddns.net\/pachuca\/index.php\/wp-json\/wp\/v2\/media\/94268"}],"wp:attachment":[{"href":"https:\/\/soydeaqui.ddns.net\/pachuca\/index.php\/wp-json\/wp\/v2\/media?parent=94269"}],"wp:term":[{"taxonomy":"product_brand","embeddable":true,"href":"https:\/\/soydeaqui.ddns.net\/pachuca\/index.php\/wp-json\/wp\/v2\/product_brand?post=94269"},{"taxonomy":"product_cat","embeddable":true,"href":"https:\/\/soydeaqui.ddns.net\/pachuca\/index.php\/wp-json\/wp\/v2\/product_cat?post=94269"},{"taxonomy":"product_tag","embeddable":true,"href":"https:\/\/soydeaqui.ddns.net\/pachuca\/index.php\/wp-json\/wp\/v2\/product_tag?post=94269"}],"curies":[{"name":"wp","href":"https:\/\/api.w.org\/{rel}","templated":true}]}}