{"id":94266,"date":"2026-03-20T06:38:07","date_gmt":"2026-03-20T06:38:07","guid":{"rendered":"https:\/\/soydeaqui.ddns.net\/pachuca\/index.php\/producto\/camara-ip-2mp-para-exterior-sugerida-para-instalar-junto-a-la-placa-del-vehiculo-nivel-de-proteccion-ip69\/"},"modified":"2026-03-20T06:38:10","modified_gmt":"2026-03-20T06:38:10","slug":"camara-ip-2mp-para-exterior-sugerida-para-instalar-junto-a-la-placa-del-vehiculo-nivel-de-proteccion-ip69","status":"publish","type":"product","link":"https:\/\/soydeaqui.ddns.net\/pachuca\/index.php\/producto\/camara-ip-2mp-para-exterior-sugerida-para-instalar-junto-a-la-placa-del-vehiculo-nivel-de-proteccion-ip69\/","title":{"rendered":"C\u00c1MARA IP \/ 2MP \/ PARA EXTERIOR \/ SUGERIDA PARA INSTALAR JUNTO A LA PLACA DEL VEH\u00cdCULO \/ NIVEL DE PROTECCION IP69"},"content":{"rendered":"<div style='width: 100%; max-width: 1200px; margin: 0 auto; font-family: sans-serif; line-height: 1.6; color: inherit; background-color: transparent;'>\n<div style='width: 100%;'> <img style='width: 100%; height: auto; border: 1px solid rgba(150&comma;150&comma;150&comma;0.3); border-radius: 8px;' src='http:\/\/ftp3.syscom.mx\/usuarios\/aberumen\/bannerxmr.jpg' alt='Banner Streamax XMRCA38'> <\/div>\n<div style='margin-top: 20px; margin-bottom: 30px;'>\n<p style='color: inherit; opacity: 0.8;'><strong>Seguridad Sobre Ruedas<\/strong><\/p>\n<p style='color: inherit;'>Obtenga la mayor calidad de imagen con las c\u00e1maras para soluciones de videovigilancia m\u00f3vil XMR la cual ofrece nuevos dise\u00f1os en c\u00e1maras AHD con la mejor tecnolog\u00eda <strong>Anti-vibraci\u00f3n<\/strong> y <strong>alta fiabilidad.<\/strong><\/p>\n<\/p><\/div>\n<div style='display: flex; flex-wrap: wrap; gap: 30px; margin-bottom: 30px;'>\n<div style='flex: 1 1 300px; min-width: 280px;'>\n<div style='border-left: 5px solid #080808; border-radius: 8px; padding: 15px; background-color: rgba(128&comma; 128&comma; 128&comma; 0.16);'> <strong style='color: inherit; font-size: 16px;'>Caracter\u00edsticas principales:<\/strong> <\/p>\n<ul style='padding-left: 20px; margin-top: 10px; color: inherit; font-size: 14px;'>\n<li style='margin-bottom: 5px;'>CMOS 1\/2.9&#8242; Scan Progresivo<\/li>\n<li style='margin-bottom: 5px;'>Iluminaci\u00f3n m\u00ednima 0.05 Lux<\/li>\n<li style='margin-bottom: 5px;'>Rango de IR; 3 a 5m<\/li>\n<li style='margin-bottom: 5px;'>Lente fijo 2.2 mm<\/li>\n<li style='margin-bottom: 5px;'><strong>Resoluci\u00f3n de 2MP IP<\/strong><\/li>\n<li style='margin-bottom: 5px;'><strong>Nivel de protecci\u00f3n IP69<\/strong><\/li>\n<\/ul><\/div>\n<\/p><\/div>\n<div style='flex: 1 1 300px; min-width: 280px;'>\n<div style='border-left: 5px solid #080808; border-radius: 8px; padding: 15px; background-color: rgba(128&comma; 128&comma; 128&comma; 0.16);'> <strong style='color: inherit; font-size: 16px;'>Caracter\u00edsticas F\u00edsicas y El\u00e9ctricas:<\/strong> <\/p>\n<ul style='padding-left: 20px; margin-top: 10px; color: inherit; font-size: 14px;'>\n<li style='margin-bottom: 5px;'>Voltaje de entrada 12Vcc<\/li>\n<li style='margin-bottom: 5px;'>Temperatura de operaci\u00f3n -20~50\u00b0C<\/li>\n<\/ul><\/div>\n<\/p><\/div>\n<div style='flex: 1 1 300px; min-width: 280px;'>\n<div style='border-left: 5px solid #080808; border-radius: 8px; padding: 15px; background-color: rgba(128&comma; 128&comma; 128&comma; 0.16);'> <strong style='color: inherit; font-size: 16px;'>Caracter\u00edsticas Destacadas:<\/strong> <\/p>\n<ul style='padding-left: 20px; margin-top: 10px; color: inherit; font-size: 14px;'>\n<li style='margin-bottom: 5px;'><strong>Conector tipo aviaci\u00f3n<\/strong><\/li>\n<li style='margin-bottom: 5px;'><strong>Para interior<\/strong><\/li>\n<li style='margin-bottom: 5px;'><\/li>\n<\/ul><\/div>\n<\/p><\/div>\n<\/p><\/div>\n<div style='display: flex; flex-wrap: wrap; gap: 30px; margin-top: 40px;'>\n<div style='flex: 1 1 400px; min-width: 300px;'>\n<div style='position: relative; padding-bottom: 56.25%; height: 0; overflow: hidden; margin-bottom: 30px;'>   <\/div>\n<\/p><\/div>\n<div style='flex: 1 1 400px; min-width: 300px;'>\n<div style='position: relative; padding-bottom: 56.25%; height: 0; overflow: hidden; margin-bottom: 30px;'>   <\/div>\n<\/p><\/div>\n<\/p><\/div>\n<hr style='border: 0; border-top: 1px solid rgba(150&comma; 150&comma; 150&comma; 0.3); margin: 40px 0;'> <\/div>\n","protected":false},"excerpt":{"rendered":"<p>C\u00c1MARA IP \/ 2MP \/ PARA EXTERIOR \/ SUGERIDA PARA INSTALAR JUNTO A LA PLACA DEL VEH\u00cdCULO \/ NIVEL DE PROTECCION IP69<\/p>\n","protected":false},"featured_media":94265,"comment_status":"open","ping_status":"closed","template":"","meta":[],"product_brand":[],"product_cat":[2272,1406],"product_tag":[2273,1409,1474,1345],"class_list":{"0":"post-94266","1":"product","2":"type-product","3":"status-publish","4":"has-post-thumbnail","6":"product_cat-camaras-moviles","7":"product_cat-videograbadoras-moviles-videovigilancia","8":"product_tag-camaras-moviles","9":"product_tag-dash-cams-y-body-cams","10":"product_tag-streamax","11":"product_tag-videograbadoras-moviles","13":"first","14":"instock","15":"sale","16":"shipping-taxable","17":"purchasable","18":"product-type-simple"},"_links":{"self":[{"href":"https:\/\/soydeaqui.ddns.net\/pachuca\/index.php\/wp-json\/wp\/v2\/product\/94266","targetHints":{"allow":["GET"]}}],"collection":[{"href":"https:\/\/soydeaqui.ddns.net\/pachuca\/index.php\/wp-json\/wp\/v2\/product"}],"about":[{"href":"https:\/\/soydeaqui.ddns.net\/pachuca\/index.php\/wp-json\/wp\/v2\/types\/product"}],"replies":[{"embeddable":true,"href":"https:\/\/soydeaqui.ddns.net\/pachuca\/index.php\/wp-json\/wp\/v2\/comments?post=94266"}],"wp:featuredmedia":[{"embeddable":true,"href":"https:\/\/soydeaqui.ddns.net\/pachuca\/index.php\/wp-json\/wp\/v2\/media\/94265"}],"wp:attachment":[{"href":"https:\/\/soydeaqui.ddns.net\/pachuca\/index.php\/wp-json\/wp\/v2\/media?parent=94266"}],"wp:term":[{"taxonomy":"product_brand","embeddable":true,"href":"https:\/\/soydeaqui.ddns.net\/pachuca\/index.php\/wp-json\/wp\/v2\/product_brand?post=94266"},{"taxonomy":"product_cat","embeddable":true,"href":"https:\/\/soydeaqui.ddns.net\/pachuca\/index.php\/wp-json\/wp\/v2\/product_cat?post=94266"},{"taxonomy":"product_tag","embeddable":true,"href":"https:\/\/soydeaqui.ddns.net\/pachuca\/index.php\/wp-json\/wp\/v2\/product_tag?post=94266"}],"curies":[{"name":"wp","href":"https:\/\/api.w.org\/{rel}","templated":true}]}}