{"id":94263,"date":"2026-03-20T06:38:00","date_gmt":"2026-03-20T06:38:00","guid":{"rendered":"https:\/\/soydeaqui.ddns.net\/pachuca\/index.php\/producto\/panovu-series-vista-panoramica-180-16-megapixel-en-total-4-lentes-2-8-mm-4-lentes-4-megapixel-20-mts-ir-exterior-ip67-ik10-12-vcc-poe-micro-sd\/"},"modified":"2026-03-20T06:38:04","modified_gmt":"2026-03-20T06:38:04","slug":"panovu-series-vista-panoramica-180-16-megapixel-en-total-4-lentes-2-8-mm-4-lentes-4-megapixel-20-mts-ir-exterior-ip67-ik10-12-vcc-poe-micro-sd","status":"publish","type":"product","link":"https:\/\/soydeaqui.ddns.net\/pachuca\/index.php\/producto\/panovu-series-vista-panoramica-180-16-megapixel-en-total-4-lentes-2-8-mm-4-lentes-4-megapixel-20-mts-ir-exterior-ip67-ik10-12-vcc-poe-micro-sd\/","title":{"rendered":"PanoVu Series \/ Vista Panor\u00e1mica 180\u00b0 \/ 16 Megapixel en Total \/ 4 Lentes 2.8 mm (4 Lentes 4 Megapixel) \/ 20 mts IR \/ Exterior IP67 \/ IK10 \/ 12 Vcc \/ PoE+ \/ Micro SD"},"content":{"rendered":"<div style='width: 100%; max-width: 1200px; margin: 0 auto; font-family: sans-serif; line-height: 1.6; color: inherit; background-color: transparent;'>\n<p style='text-align: center;'><img style='width: 45%; height: auto; border: 1px solid rgba(150&comma;150&comma;150&comma;0.3); border-radius: 8px;' src='https:\/\/ftp3.syscom.mx\/usuarios\/jsosa\/HIKVISION\/imagenes\/logo\/hikvision%20see%20far.png' alt='Logo Hikvision'><\/p>\n<div style='display: flex; flex-wrap: wrap; gap: 30px; margin-bottom: 30px;'>\n<div style='flex: 1 1 300px; min-width: 280px;'>\n<h3 style='font-size: 22px; border-bottom: 2px solid currentColor; padding-bottom: 5px; margin-top: 0; color: inherit; opacity: 0.8;'>Caracter\u00edsticas principales<\/h3>\n<ul style='padding-left: 20px; font-size: 15px; color: inherit;'>\n<li style='margin-bottom: 5px;'>Resoluci\u00f3n m\u00e1xima: 8160 x 3616<\/li>\n<li style='margin-bottom: 5px;'>Iluminaci\u00f3n m\u00ednima: color 0.009 Lux @ (F1.2&comma; AGC ON)<\/li>\n<li style='margin-bottom: 5px;'>Iluminaci\u00f3n m\u00ednima: B\/N 0.0009 Lux @ (F1.2&comma; AGC ON)<\/li>\n<li style='margin-bottom: 5px;'>D\u00eda \/ Noche Real (filtro ICR)<\/li>\n<li style='margin-bottom: 5px;'>4 lentes de 2.8 mm (c\/u). Vista panor\u00e1mica 180\u00ba<\/li>\n<li style='margin-bottom: 5px;'>Distancia de infrarrojo: 20 mts Smart IR (visi\u00f3n nocturna)<\/li>\n<li style='margin-bottom: 5px;'>Funciones normales: dWDR \/ ROI \/ 3D DNR \/ BLC \/ HLC \/ EIS<\/li>\n<li style='margin-bottom: 5px;'>Compresi\u00f3n: H.265 \/ H.264<\/li>\n<\/ul><\/div>\n<div style='flex: 1 1 300px; min-width: 280px;'>\n<h3 style='font-size: 22px; border-bottom: 2px solid currentColor; padding-bottom: 5px; margin-top: 0; color: inherit; opacity: 0.8;'>Caracter\u00edsticas F\u00edsicas y El\u00e9ctricas<\/h3>\n<ul style='padding-left: 20px; font-size: 15px; color: inherit;'>\n<li style='margin-bottom: 5px;'>Alimentaci\u00f3n: 12 Vcc \/ PoE 802.3 at \/ 23 W<\/li>\n<li style='margin-bottom: 5px;'>Temperatura de operaci\u00f3n: -40\u00b0C a 60\u00b0C \/ Humedad al 95% m\u00e1ximo<\/li>\n<li style='margin-bottom: 5px;'>Uso en exterior: IP67 \/ IK10<\/li>\n<li style='margin-bottom: 5px;'>Dimensiones: 190 x 207 x 208 mm<\/li>\n<li style='margin-bottom: 5px;'>Peso: 3.5 kg<\/li>\n<\/ul><\/div>\n<div style='flex: 1 1 300px; min-width: 280px;'>\n<h3 style='font-size: 22px; border-bottom: 2px solid currentColor; padding-bottom: 5px; margin-top: 0; color: inherit; opacity: 0.8;'>Caracter\u00edsticas Destacadas<\/h3>\n<ul style='padding-left: 20px; font-size: 15px; color: inherit;'>\n<li style='margin-bottom: 5px;'>La c\u00e1mara permite una vista panor\u00e1mica de 180\u00b0 gracias a los cuatro lentes de 8MP cada uno con los que cuenta<\/li>\n<\/ul><\/div>\n<\/p><\/div>\n<div style='display: flex; flex-wrap: wrap; gap: 20px; margin-bottom: 30px;'>\n<div style='flex: 1 1 100%; border: 1px solid rgba(150&comma; 150&comma; 150&comma; 0.4); border-radius: 8px; overflow: hidden; display: flex; flex-direction: column;'>\n<div style='padding: 15px; border-bottom: 1px solid rgba(150&comma; 150&comma; 150&comma; 0.2); font-weight: bold; font-size: 18px; color: inherit;'>Consideraciones<\/div>\n<div style='padding: 15px; color: inherit;'>\n<ul style='padding-left: 20px; margin: 0; font-size: 14px; list-style-type: disc;'>\n<li style='margin-bottom: 5px;'> <\/li>\n<\/ul><\/div>\n<\/p><\/div>\n<\/p><\/div>\n<p style='text-align: center;'><img style='width: 100%; height: auto; border: 1px solid rgba(150&comma;150&comma;150&comma;0.3); border-radius: 8px;' src='https:\/\/ftp3.syscom.mx\/usuarios\/jsosa\/HIKVISION\/imagenes\/banners\/solution%20complete.png' alt='Banner soluci\u00f3n completa'><\/p>\n<\/p><\/div>\n","protected":false},"excerpt":{"rendered":"<p>PanoVu Series \/ Vista Panor\u00e1mica 180\u00b0 \/ 16 Megapixel en Total \/ 4 Lentes 2.8 mm (4 Lentes 4 Megapixel) \/ 20 mts IR \/ Exterior IP67 \/ IK10 \/ 12 Vcc \/ PoE+ \/ Micro SD<\/p>\n","protected":false},"featured_media":94262,"comment_status":"open","ping_status":"closed","template":"","meta":[],"product_brand":[],"product_cat":[2248],"product_tag":[122,2249,54],"class_list":{"0":"post-94263","1":"product","2":"type-product","3":"status-publish","4":"has-post-thumbnail","6":"product_cat-fisheye-y-hemisfericas","7":"product_tag-camaras-ip-y-nvrs","8":"product_tag-fisheye-y-hemisfericas","9":"product_tag-hikvision","11":"first","12":"outofstock","13":"sale","14":"shipping-taxable","15":"purchasable","16":"product-type-simple"},"yoast_head":"<!-- This site is optimized with the Yoast SEO plugin v27.4 - https:\/\/yoast.com\/product\/yoast-seo-wordpress\/ -->\r\n<title>PanoVu Series \/ Vista Panor\u00e1mica 180\u00b0 \/ 16 Megapixel en Total \/ 4 Lentes 2.8 mm (4 Lentes 4 Megapixel) \/ 20 mts IR \/ Exterior IP67 \/ IK10 \/ 12 Vcc \/ PoE+ \/ Micro SD - Instalaci\u00f3n de C\u00e1maras de Seguridad en Pachuca<\/title>\r\n<meta name=\"robots\" content=\"index, follow, max-snippet:-1, max-image-preview:large, max-video-preview:-1\" \/>\r\n<link rel=\"canonical\" href=\"https:\/\/soydeaqui.ddns.net\/pachuca\/index.php\/producto\/panovu-series-vista-panoramica-180-16-megapixel-en-total-4-lentes-2-8-mm-4-lentes-4-megapixel-20-mts-ir-exterior-ip67-ik10-12-vcc-poe-micro-sd\/\" \/>\r\n<meta property=\"og:locale\" content=\"es_MX\" \/>\r\n<meta property=\"og:type\" content=\"article\" \/>\r\n<meta property=\"og:title\" content=\"PanoVu Series \/ Vista Panor\u00e1mica 180\u00b0 \/ 16 Megapixel en Total \/ 4 Lentes 2.8 mm (4 Lentes 4 Megapixel) \/ 20 mts IR \/ Exterior IP67 \/ IK10 \/ 12 Vcc \/ PoE+ \/ Micro SD - Instalaci\u00f3n de C\u00e1maras de Seguridad en Pachuca\" \/>\r\n<meta property=\"og:description\" content=\"PanoVu Series \/ Vista Panor\u00e1mica 180\u00b0 \/ 16 Megapixel en Total \/ 4 Lentes 2.8 mm (4 Lentes 4 Megapixel) \/ 20 mts IR \/ Exterior IP67 \/ IK10 \/ 12 Vcc \/ PoE+ \/ Micro SD\" \/>\r\n<meta property=\"og:url\" content=\"https:\/\/soydeaqui.ddns.net\/pachuca\/index.php\/producto\/panovu-series-vista-panoramica-180-16-megapixel-en-total-4-lentes-2-8-mm-4-lentes-4-megapixel-20-mts-ir-exterior-ip67-ik10-12-vcc-poe-micro-sd\/\" \/>\r\n<meta property=\"og:site_name\" content=\"Instalaci\u00f3n de C\u00e1maras de Seguridad en Pachuca\" \/>\r\n<meta property=\"article:modified_time\" content=\"2026-03-20T06:38:04+00:00\" \/>\r\n<meta property=\"og:image\" content=\"https:\/\/soydeaqui.ddns.net\/pachuca\/wp-content\/uploads\/2026\/03\/DS2CD6944G0IHSC-l.png\" \/>\r\n\t<meta property=\"og:image:width\" content=\"1000\" \/>\r\n\t<meta property=\"og:image:height\" content=\"1000\" \/>\r\n\t<meta property=\"og:image:type\" content=\"image\/png\" \/>\r\n<meta name=\"twitter:card\" content=\"summary_large_image\" \/>\r\n<meta name=\"twitter:label1\" content=\"Tiempo de lectura\" \/>\n\t<meta name=\"twitter:data1\" content=\"1 minuto\" \/>\r\n<script type=\"application\/ld+json\" class=\"yoast-schema-graph\">{\"@context\":\"https:\\\/\\\/schema.org\",\"@graph\":[{\"@type\":\"WebPage\",\"@id\":\"https:\\\/\\\/soydeaqui.ddns.net\\\/pachuca\\\/index.php\\\/producto\\\/panovu-series-vista-panoramica-180-16-megapixel-en-total-4-lentes-2-8-mm-4-lentes-4-megapixel-20-mts-ir-exterior-ip67-ik10-12-vcc-poe-micro-sd\\\/\",\"url\":\"https:\\\/\\\/soydeaqui.ddns.net\\\/pachuca\\\/index.php\\\/producto\\\/panovu-series-vista-panoramica-180-16-megapixel-en-total-4-lentes-2-8-mm-4-lentes-4-megapixel-20-mts-ir-exterior-ip67-ik10-12-vcc-poe-micro-sd\\\/\",\"name\":\"PanoVu Series \\\/ Vista Panor\u00e1mica 180\u00b0 \\\/ 16 Megapixel en Total \\\/ 4 Lentes 2.8 mm (4 Lentes 4 Megapixel) \\\/ 20 mts IR \\\/ Exterior IP67 \\\/ IK10 \\\/ 12 Vcc \\\/ PoE+ \\\/ Micro SD - Instalaci\u00f3n de C\u00e1maras de Seguridad en Pachuca\",\"isPartOf\":{\"@id\":\"https:\\\/\\\/soydeaqui.ddns.net\\\/pachuca\\\/#website\"},\"primaryImageOfPage\":{\"@id\":\"https:\\\/\\\/soydeaqui.ddns.net\\\/pachuca\\\/index.php\\\/producto\\\/panovu-series-vista-panoramica-180-16-megapixel-en-total-4-lentes-2-8-mm-4-lentes-4-megapixel-20-mts-ir-exterior-ip67-ik10-12-vcc-poe-micro-sd\\\/#primaryimage\"},\"image\":{\"@id\":\"https:\\\/\\\/soydeaqui.ddns.net\\\/pachuca\\\/index.php\\\/producto\\\/panovu-series-vista-panoramica-180-16-megapixel-en-total-4-lentes-2-8-mm-4-lentes-4-megapixel-20-mts-ir-exterior-ip67-ik10-12-vcc-poe-micro-sd\\\/#primaryimage\"},\"thumbnailUrl\":\"https:\\\/\\\/soydeaqui.ddns.net\\\/pachuca\\\/wp-content\\\/uploads\\\/2026\\\/03\\\/DS2CD6944G0IHSC-l.png\",\"datePublished\":\"2026-03-20T06:38:00+00:00\",\"dateModified\":\"2026-03-20T06:38:04+00:00\",\"breadcrumb\":{\"@id\":\"https:\\\/\\\/soydeaqui.ddns.net\\\/pachuca\\\/index.php\\\/producto\\\/panovu-series-vista-panoramica-180-16-megapixel-en-total-4-lentes-2-8-mm-4-lentes-4-megapixel-20-mts-ir-exterior-ip67-ik10-12-vcc-poe-micro-sd\\\/#breadcrumb\"},\"inLanguage\":\"es\",\"potentialAction\":[{\"@type\":\"ReadAction\",\"target\":[\"https:\\\/\\\/soydeaqui.ddns.net\\\/pachuca\\\/index.php\\\/producto\\\/panovu-series-vista-panoramica-180-16-megapixel-en-total-4-lentes-2-8-mm-4-lentes-4-megapixel-20-mts-ir-exterior-ip67-ik10-12-vcc-poe-micro-sd\\\/\"]}]},{\"@type\":\"ImageObject\",\"inLanguage\":\"es\",\"@id\":\"https:\\\/\\\/soydeaqui.ddns.net\\\/pachuca\\\/index.php\\\/producto\\\/panovu-series-vista-panoramica-180-16-megapixel-en-total-4-lentes-2-8-mm-4-lentes-4-megapixel-20-mts-ir-exterior-ip67-ik10-12-vcc-poe-micro-sd\\\/#primaryimage\",\"url\":\"https:\\\/\\\/soydeaqui.ddns.net\\\/pachuca\\\/wp-content\\\/uploads\\\/2026\\\/03\\\/DS2CD6944G0IHSC-l.png\",\"contentUrl\":\"https:\\\/\\\/soydeaqui.ddns.net\\\/pachuca\\\/wp-content\\\/uploads\\\/2026\\\/03\\\/DS2CD6944G0IHSC-l.png\",\"width\":1000,\"height\":1000},{\"@type\":\"BreadcrumbList\",\"@id\":\"https:\\\/\\\/soydeaqui.ddns.net\\\/pachuca\\\/index.php\\\/producto\\\/panovu-series-vista-panoramica-180-16-megapixel-en-total-4-lentes-2-8-mm-4-lentes-4-megapixel-20-mts-ir-exterior-ip67-ik10-12-vcc-poe-micro-sd\\\/#breadcrumb\",\"itemListElement\":[{\"@type\":\"ListItem\",\"position\":1,\"name\":\"Inicio\",\"item\":\"https:\\\/\\\/soydeaqui.ddns.net\\\/pachuca\\\/\"},{\"@type\":\"ListItem\",\"position\":2,\"name\":\"Shop\",\"item\":\"https:\\\/\\\/soydeaqui.ddns.net\\\/pachuca\\\/index.php\\\/shop\\\/\"},{\"@type\":\"ListItem\",\"position\":3,\"name\":\"PanoVu Series \\\/ Vista Panor\u00e1mica 180\u00b0 \\\/ 16 Megapixel en Total \\\/ 4 Lentes 2.8 mm (4 Lentes 4 Megapixel) \\\/ 20 mts IR \\\/ Exterior IP67 \\\/ IK10 \\\/ 12 Vcc \\\/ PoE+ \\\/ Micro SD\"}]},{\"@type\":\"WebSite\",\"@id\":\"https:\\\/\\\/soydeaqui.ddns.net\\\/pachuca\\\/#website\",\"url\":\"https:\\\/\\\/soydeaqui.ddns.net\\\/pachuca\\\/\",\"name\":\"Instalaci\u00f3n de C\u00e1maras de Seguridad en Pachuca\",\"description\":\"Instalaci\u00f3n de CCTV en Pachuca\",\"potentialAction\":[{\"@type\":\"SearchAction\",\"target\":{\"@type\":\"EntryPoint\",\"urlTemplate\":\"https:\\\/\\\/soydeaqui.ddns.net\\\/pachuca\\\/?s={search_term_string}\"},\"query-input\":{\"@type\":\"PropertyValueSpecification\",\"valueRequired\":true,\"valueName\":\"search_term_string\"}}],\"inLanguage\":\"es\"}]}<\/script>\r\n<!-- \/ Yoast SEO plugin. -->","yoast_head_json":{"title":"PanoVu Series \/ Vista Panor\u00e1mica 180\u00b0 \/ 16 Megapixel en Total \/ 4 Lentes 2.8 mm (4 Lentes 4 Megapixel) \/ 20 mts IR \/ Exterior IP67 \/ IK10 \/ 12 Vcc \/ PoE+ \/ Micro SD - Instalaci\u00f3n de C\u00e1maras de Seguridad en Pachuca","robots":{"index":"index","follow":"follow","max-snippet":"max-snippet:-1","max-image-preview":"max-image-preview:large","max-video-preview":"max-video-preview:-1"},"canonical":"https:\/\/soydeaqui.ddns.net\/pachuca\/index.php\/producto\/panovu-series-vista-panoramica-180-16-megapixel-en-total-4-lentes-2-8-mm-4-lentes-4-megapixel-20-mts-ir-exterior-ip67-ik10-12-vcc-poe-micro-sd\/","og_locale":"es_MX","og_type":"article","og_title":"PanoVu Series \/ Vista Panor\u00e1mica 180\u00b0 \/ 16 Megapixel en Total \/ 4 Lentes 2.8 mm (4 Lentes 4 Megapixel) \/ 20 mts IR \/ Exterior IP67 \/ IK10 \/ 12 Vcc \/ PoE+ \/ Micro SD - Instalaci\u00f3n de C\u00e1maras de Seguridad en Pachuca","og_description":"PanoVu Series \/ Vista Panor\u00e1mica 180\u00b0 \/ 16 Megapixel en Total \/ 4 Lentes 2.8 mm (4 Lentes 4 Megapixel) \/ 20 mts IR \/ Exterior IP67 \/ IK10 \/ 12 Vcc \/ PoE+ \/ Micro SD","og_url":"https:\/\/soydeaqui.ddns.net\/pachuca\/index.php\/producto\/panovu-series-vista-panoramica-180-16-megapixel-en-total-4-lentes-2-8-mm-4-lentes-4-megapixel-20-mts-ir-exterior-ip67-ik10-12-vcc-poe-micro-sd\/","og_site_name":"Instalaci\u00f3n de C\u00e1maras de Seguridad en Pachuca","article_modified_time":"2026-03-20T06:38:04+00:00","og_image":[{"width":1000,"height":1000,"url":"https:\/\/soydeaqui.ddns.net\/pachuca\/wp-content\/uploads\/2026\/03\/DS2CD6944G0IHSC-l.png","type":"image\/png"}],"twitter_card":"summary_large_image","twitter_misc":{"Tiempo de lectura":"1 minuto"},"schema":{"@context":"https:\/\/schema.org","@graph":[{"@type":"WebPage","@id":"https:\/\/soydeaqui.ddns.net\/pachuca\/index.php\/producto\/panovu-series-vista-panoramica-180-16-megapixel-en-total-4-lentes-2-8-mm-4-lentes-4-megapixel-20-mts-ir-exterior-ip67-ik10-12-vcc-poe-micro-sd\/","url":"https:\/\/soydeaqui.ddns.net\/pachuca\/index.php\/producto\/panovu-series-vista-panoramica-180-16-megapixel-en-total-4-lentes-2-8-mm-4-lentes-4-megapixel-20-mts-ir-exterior-ip67-ik10-12-vcc-poe-micro-sd\/","name":"PanoVu Series \/ Vista Panor\u00e1mica 180\u00b0 \/ 16 Megapixel en Total \/ 4 Lentes 2.8 mm (4 Lentes 4 Megapixel) \/ 20 mts IR \/ Exterior IP67 \/ IK10 \/ 12 Vcc \/ PoE+ \/ Micro SD - Instalaci\u00f3n de C\u00e1maras de Seguridad en Pachuca","isPartOf":{"@id":"https:\/\/soydeaqui.ddns.net\/pachuca\/#website"},"primaryImageOfPage":{"@id":"https:\/\/soydeaqui.ddns.net\/pachuca\/index.php\/producto\/panovu-series-vista-panoramica-180-16-megapixel-en-total-4-lentes-2-8-mm-4-lentes-4-megapixel-20-mts-ir-exterior-ip67-ik10-12-vcc-poe-micro-sd\/#primaryimage"},"image":{"@id":"https:\/\/soydeaqui.ddns.net\/pachuca\/index.php\/producto\/panovu-series-vista-panoramica-180-16-megapixel-en-total-4-lentes-2-8-mm-4-lentes-4-megapixel-20-mts-ir-exterior-ip67-ik10-12-vcc-poe-micro-sd\/#primaryimage"},"thumbnailUrl":"https:\/\/soydeaqui.ddns.net\/pachuca\/wp-content\/uploads\/2026\/03\/DS2CD6944G0IHSC-l.png","datePublished":"2026-03-20T06:38:00+00:00","dateModified":"2026-03-20T06:38:04+00:00","breadcrumb":{"@id":"https:\/\/soydeaqui.ddns.net\/pachuca\/index.php\/producto\/panovu-series-vista-panoramica-180-16-megapixel-en-total-4-lentes-2-8-mm-4-lentes-4-megapixel-20-mts-ir-exterior-ip67-ik10-12-vcc-poe-micro-sd\/#breadcrumb"},"inLanguage":"es","potentialAction":[{"@type":"ReadAction","target":["https:\/\/soydeaqui.ddns.net\/pachuca\/index.php\/producto\/panovu-series-vista-panoramica-180-16-megapixel-en-total-4-lentes-2-8-mm-4-lentes-4-megapixel-20-mts-ir-exterior-ip67-ik10-12-vcc-poe-micro-sd\/"]}]},{"@type":"ImageObject","inLanguage":"es","@id":"https:\/\/soydeaqui.ddns.net\/pachuca\/index.php\/producto\/panovu-series-vista-panoramica-180-16-megapixel-en-total-4-lentes-2-8-mm-4-lentes-4-megapixel-20-mts-ir-exterior-ip67-ik10-12-vcc-poe-micro-sd\/#primaryimage","url":"https:\/\/soydeaqui.ddns.net\/pachuca\/wp-content\/uploads\/2026\/03\/DS2CD6944G0IHSC-l.png","contentUrl":"https:\/\/soydeaqui.ddns.net\/pachuca\/wp-content\/uploads\/2026\/03\/DS2CD6944G0IHSC-l.png","width":1000,"height":1000},{"@type":"BreadcrumbList","@id":"https:\/\/soydeaqui.ddns.net\/pachuca\/index.php\/producto\/panovu-series-vista-panoramica-180-16-megapixel-en-total-4-lentes-2-8-mm-4-lentes-4-megapixel-20-mts-ir-exterior-ip67-ik10-12-vcc-poe-micro-sd\/#breadcrumb","itemListElement":[{"@type":"ListItem","position":1,"name":"Inicio","item":"https:\/\/soydeaqui.ddns.net\/pachuca\/"},{"@type":"ListItem","position":2,"name":"Shop","item":"https:\/\/soydeaqui.ddns.net\/pachuca\/index.php\/shop\/"},{"@type":"ListItem","position":3,"name":"PanoVu Series \/ Vista Panor\u00e1mica 180\u00b0 \/ 16 Megapixel en Total \/ 4 Lentes 2.8 mm (4 Lentes 4 Megapixel) \/ 20 mts IR \/ Exterior IP67 \/ IK10 \/ 12 Vcc \/ PoE+ \/ Micro SD"}]},{"@type":"WebSite","@id":"https:\/\/soydeaqui.ddns.net\/pachuca\/#website","url":"https:\/\/soydeaqui.ddns.net\/pachuca\/","name":"Instalaci\u00f3n de C\u00e1maras de Seguridad en Pachuca","description":"Instalaci\u00f3n de CCTV en Pachuca","potentialAction":[{"@type":"SearchAction","target":{"@type":"EntryPoint","urlTemplate":"https:\/\/soydeaqui.ddns.net\/pachuca\/?s={search_term_string}"},"query-input":{"@type":"PropertyValueSpecification","valueRequired":true,"valueName":"search_term_string"}}],"inLanguage":"es"}]}},"_links":{"self":[{"href":"https:\/\/soydeaqui.ddns.net\/pachuca\/index.php\/wp-json\/wp\/v2\/product\/94263","targetHints":{"allow":["GET"]}}],"collection":[{"href":"https:\/\/soydeaqui.ddns.net\/pachuca\/index.php\/wp-json\/wp\/v2\/product"}],"about":[{"href":"https:\/\/soydeaqui.ddns.net\/pachuca\/index.php\/wp-json\/wp\/v2\/types\/product"}],"replies":[{"embeddable":true,"href":"https:\/\/soydeaqui.ddns.net\/pachuca\/index.php\/wp-json\/wp\/v2\/comments?post=94263"}],"wp:featuredmedia":[{"embeddable":true,"href":"https:\/\/soydeaqui.ddns.net\/pachuca\/index.php\/wp-json\/wp\/v2\/media\/94262"}],"wp:attachment":[{"href":"https:\/\/soydeaqui.ddns.net\/pachuca\/index.php\/wp-json\/wp\/v2\/media?parent=94263"}],"wp:term":[{"taxonomy":"product_brand","embeddable":true,"href":"https:\/\/soydeaqui.ddns.net\/pachuca\/index.php\/wp-json\/wp\/v2\/product_brand?post=94263"},{"taxonomy":"product_cat","embeddable":true,"href":"https:\/\/soydeaqui.ddns.net\/pachuca\/index.php\/wp-json\/wp\/v2\/product_cat?post=94263"},{"taxonomy":"product_tag","embeddable":true,"href":"https:\/\/soydeaqui.ddns.net\/pachuca\/index.php\/wp-json\/wp\/v2\/product_tag?post=94263"}],"curies":[{"name":"wp","href":"https:\/\/api.w.org\/{rel}","templated":true}]}}