{"id":94233,"date":"2026-03-20T06:36:57","date_gmt":"2026-03-20T06:36:57","guid":{"rendered":"https:\/\/soydeaqui.ddns.net\/pachuca\/index.php\/producto\/dual-light-2-microfonos-integrados-bala-ip-6-megapixel-lente-mot-2-8-a-12-mm-60-mts-luz-blanca-60-mts-ir-exterior-ip67-ik10-wdr-120-db-poe-acusense-alarmas-i-o-micro-sd-on\/"},"modified":"2026-03-20T06:36:58","modified_gmt":"2026-03-20T06:36:58","slug":"dual-light-2-microfonos-integrados-bala-ip-6-megapixel-lente-mot-2-8-a-12-mm-60-mts-luz-blanca-60-mts-ir-exterior-ip67-ik10-wdr-120-db-poe-acusense-alarmas-i-o-micro-sd-on","status":"publish","type":"product","link":"https:\/\/soydeaqui.ddns.net\/pachuca\/index.php\/producto\/dual-light-2-microfonos-integrados-bala-ip-6-megapixel-lente-mot-2-8-a-12-mm-60-mts-luz-blanca-60-mts-ir-exterior-ip67-ik10-wdr-120-db-poe-acusense-alarmas-i-o-micro-sd-on\/","title":{"rendered":"[Dual Light + 2 Micr\u00f3fonos Integrados] Bala IP 6 Megapixel \/ Lente Mot. 2.8 a 12 mm \/ 60 mts Luz Blanca + 60 mts IR \/ Exterior IP67 \/ IK10 \/  WDR 120 dB \/ PoE+ \/ ACUSENSE \/ Alarmas I\/O \/ Micro SD \/ ONVIF \/ Metal \/ ACUSEARCH"},"content":{"rendered":"<div style='width: 100%; max-width: 1200px; margin: 0 auto; font-family: sans-serif; line-height: 1.6; color: inherit; background-color: transparent;'> <!-- Imagen principal --> <\/p>\n<div style='margin: 30px 0;'> <img style='width: 100%; height: auto; border: 1px solid rgba(150&comma;150&comma;150&comma;0.3); border-radius: 8px;' src='https:\/\/ftp3.syscom.mx\/usuarios\/ftp\/single_page\/HIKVISION\/vision-nocturna-V2.jpg' alt='Visi\u00f3n nocturna'> <\/div>\n<p> <!-- Secci\u00f3n de caracter\u00edsticas principales --> <\/p>\n<div style='display: flex; flex-wrap: wrap; gap: 30px; margin-bottom: 30px;'>\n<div style='flex: 1 1 300px; min-width: 280px;'>\n<h3 style='font-size: 22px; border-bottom: 2px solid currentColor; padding-bottom: 5px; margin-top: 0; color: inherit; opacity: 0.8;'>Caracter\u00edsticas Principales<\/h3>\n<ul style='padding-left: 20px; font-size: 15px; color: inherit;'>\n<li style='margin-bottom: 5px;'><strong>Resoluci\u00f3n m\u00e1xima:<\/strong> 6 Megapixel (3200 \u00d7 1800)<\/li>\n<li style='margin-bottom: 5px;'><strong>Iluminaci\u00f3n m\u00ednima:<\/strong> 0.005 Lux @ (F1.6&comma; AGC ON)<\/li>\n<li style='margin-bottom: 5px;'><strong>Distancia focal:<\/strong> 2.8 &#8211; 12 mm (\u00e1ngulo de apertura 102.3\u00b0 a 35\u00b0)<\/li>\n<li style='margin-bottom: 5px;'><strong>Distancia de infrarrojo:<\/strong> 60 mts Smart IR<\/li>\n<li style='margin-bottom: 5px;'><strong>Funciones normales:<\/strong> WDR 120dB \/ ROI \/ 3D DNR \/ BLC \/ HLC<\/li>\n<li style='margin-bottom: 5px;'><strong>Funciones Avanzadas:<\/strong> Detecci\u00f3n de Rostros \/ Intrusi\u00f3n de \u00e1rea \/ Cruce de l\u00ednea<\/li>\n<li style='margin-bottom: 5px;'><strong>Compresi\u00f3n:<\/strong> H.265+ \/ H.265 \/ H.264+ \/ H.264<\/li>\n<li style='margin-bottom: 5px;'><strong>Plataforma compatible:<\/strong> Hik-Connect <a href='https:\/\/appstore.hikvision.com\/' target='_blank' rel='noopener' style='color: inherit; text-decoration: underline; opacity: 0.8;'>https:\/\/appstore.hikvision.com\/<\/a><\/li>\n<\/ul><\/div>\n<p> <!-- Secci\u00f3n de caracter\u00edsticas f\u00edsicas y el\u00e9ctricas --> <\/p>\n<div style='flex: 1 1 300px; min-width: 280px;'>\n<h3 style='font-size: 22px; border-bottom: 2px solid currentColor; padding-bottom: 5px; margin-top: 0; color: inherit; opacity: 0.8;'>Caracter\u00edsticas F\u00edsicas y El\u00e9ctricas<\/h3>\n<ul style='padding-left: 20px; font-size: 15px; color: inherit;'>\n<li style='margin-bottom: 5px;'><strong>Alimentaci\u00f3n:<\/strong> 12 Vcc \/ 1 A \/ PoE 802.3 at \/ 13 W<\/li>\n<li style='margin-bottom: 5px;'><strong>Temperatura de operaci\u00f3n:<\/strong> -30\u00b0C a 60\u00b0C \/ Humedad al 95% m\u00e1ximo<\/li>\n<li style='margin-bottom: 5px;'><strong>Uso:<\/strong> Exterior IP67<\/li>\n<li style='margin-bottom: 5px;'><strong>Antivand\u00e1lica:<\/strong> IK10<\/li>\n<li style='margin-bottom: 5px;'><strong>Dimensiones:<\/strong> 298 mm \u00d7 97.9 mm \u00d7 95.7 mm<\/li>\n<li style='margin-bottom: 5px;'><strong>Peso:<\/strong> 1531 gramos<\/li>\n<\/ul><\/div>\n<\/p><\/div>\n<p> <!-- Secci\u00f3n de entrada\/salida y almacenamiento --> <\/p>\n<div style='display: flex; flex-wrap: wrap; gap: 30px; margin-bottom: 30px;'>\n<div style='flex: 1 1 300px; min-width: 280px;'>\n<h3 style='font-size: 22px; border-bottom: 2px solid currentColor; padding-bottom: 5px; margin-top: 0; color: inherit; opacity: 0.8;'>Entradas y Salidas \/ Almacenamiento<\/h3>\n<ul style='padding-left: 20px; font-size: 15px; color: inherit;'>\n<li style='margin-bottom: 5px;'><strong>Entradas de alarma:<\/strong> 1<\/li>\n<li style='margin-bottom: 5px;'><strong>Salidas de alarma:<\/strong> 1 (max. 24VDC\/24VAC&comma; 1 A)<\/li>\n<li style='margin-bottom: 5px;'><strong>Entradas de audio:<\/strong> 1<\/li>\n<li style='margin-bottom: 5px;'><strong>Salidas de audio:<\/strong> 1<\/li>\n<li style='margin-bottom: 5px;'><strong>Micr\u00f3fono integrado:<\/strong> Arreglo de Micr\u00f3fono Doble para mejor cobertura<\/li>\n<li style='margin-bottom: 5px;'><strong>Almacenamiento:<\/strong> Micro SD hasta 512 GB (no incluida)<\/li>\n<li style='margin-bottom: 5px;'><strong>Puerto de red:<\/strong> 1 (10 \/ 100 Mbps \/ PoE 802.3at)<\/li>\n<\/ul><\/div>\n<p> <!-- Secci\u00f3n de accesorios --> <\/p>\n<div style='flex: 1 1 300px; min-width: 280px;'>\n<h3 style='font-size: 22px; border-bottom: 2px solid currentColor; padding-bottom: 5px; margin-top: 0; color: inherit; opacity: 0.8;'>Accesorios Opcionales<\/h3>\n<ul style='padding-left: 20px; font-size: 15px; color: inherit;'>\n<li style='margin-bottom: 5px;'><a href='https:\/\/ftp3.syscom.mx\/usuarios\/emendoza\/elesbanmch\/HIKVISON\/EDICIONES\/DS-2CD2663G2-LIZS2U_Datasheet_20250208.pdf?_gl=1*13l416w*_gcl_au*MTc3NjMxMDk4MS4xNzUwMTgxMDMx' target='_blank' rel='noopener' style='color: inherit; text-decoration: underline; opacity: 0.8;'>Ficha t\u00e9cnica para validar accesorios compatibles<\/a><\/li>\n<\/ul><\/div>\n<\/p><\/div>\n<p> <!-- Secci\u00f3n de caracter\u00edsticas destacadas --> <\/p>\n<div style='margin-bottom: 30px;'>\n<h3 style='font-size: 22px; border-bottom: 2px solid currentColor; padding-bottom: 5px; margin-top: 0; color: inherit; opacity: 0.8;'>Caracter\u00edsticas Destacadas<\/h3>\n<ul style='padding-left: 20px; font-size: 15px; color: inherit;'>\n<li style='margin-bottom: 5px;'>Compatible con la plataforma Hik-Connect para conexi\u00f3n r\u00e1pida y sencilla<\/li>\n<li style='margin-bottom: 5px;'>Soporta anal\u00edtico ACUSENSE con filtro de humano y veh\u00edculos para eventos inteligentes<\/li>\n<li style='margin-bottom: 5px;'>Tecnolog\u00eda Dual Light: imagen B\/N con IR y luz blanca autom\u00e1tica al detectar movimiento<\/li>\n<li style='margin-bottom: 5px;'>Soporta anal\u00edtico de cruce de l\u00ednea e intrusi\u00f3n de \u00e1rea<\/li>\n<\/ul><\/div>\n<p> <!-- Tabla DORI --> <\/p>\n<div style='margin-bottom: 30px;'>\n<h3 style='font-size: 22px; border-bottom: 2px solid currentColor; padding-bottom: 5px; margin-top: 0; color: inherit; opacity: 0.8;'>Distancias DORI<\/h3>\n<p style='font-size: 15px; color: inherit;'>DORI es un est\u00e1ndar utilizado para definir la distancia a la cual se puede detectar&comma; observar&comma; reconocer e identificar personas y objetos con claridad<\/p>\n<div style='overflow-x: auto; margin: 20px 0;'>\n<table style='width: 100%; border-collapse: collapse; font-size: 15px; color: inherit;'>\n<thead>\n<tr style='background-color: rgba(150&comma;150&comma;150&comma;0.1);'>\n<th style='padding: 12px; border: 1px solid rgba(150&comma;150&comma;150&comma;0.3);'>Distancia Focal<\/th>\n<th style='padding: 12px; border: 1px solid rgba(150&comma;150&comma;150&comma;0.3);'>Detectar<\/th>\n<th style='padding: 12px; border: 1px solid rgba(150&comma;150&comma;150&comma;0.3);'>Observar<\/th>\n<th style='padding: 12px; border: 1px solid rgba(150&comma;150&comma;150&comma;0.3);'>Reconocer<\/th>\n<th style='padding: 12px; border: 1px solid rgba(150&comma;150&comma;150&comma;0.3);'>Identificar<\/th>\n<\/tr>\n<\/thead>\n<tbody>\n<tr>\n<td style='padding: 10px; border: 1px solid rgba(150&comma;150&comma;150&comma;0.3);'>Distancia (2.8 a 12 mm)<\/td>\n<td style='padding: 10px; border: 1px solid rgba(150&comma;150&comma;150&comma;0.3);'>75.3 a 201.0 m<\/td>\n<td style='padding: 10px; border: 1px solid rgba(150&comma;150&comma;150&comma;0.3);'>29.9 a 79.8 m<\/td>\n<td style='padding: 10px; border: 1px solid rgba(150&comma;150&comma;150&comma;0.3);'>15.1 a 40.2 m<\/td>\n<td style='padding: 10px; border: 1px solid rgba(150&comma;150&comma;150&comma;0.3);'>7.5 a 20.1 m<\/td>\n<\/tr>\n<\/tbody>\n<\/table><\/div>\n<\/p><\/div>\n<p> <!-- Video YouTube --> <\/p>\n<div style='position: relative; padding-bottom: 56.25%; height: 0; overflow: hidden; margin-bottom: 30px;'>   <\/div>\n<p> <!-- Secci\u00f3n de im\u00e1genes explicativas --> <\/p>\n<div style='display: flex; flex-wrap: wrap; gap: 20px; margin-bottom: 30px;'>\n<div style='flex: 1 1 300px; min-width: 280px;'> <img style='width: 100%; height: auto; border: 1px solid rgba(150&comma;150&comma;150&comma;0.3); border-radius: 8px;' src='https:\/\/ftp3.syscom.mx\/usuarios\/ftp\/single_page\/HIKVISION\/acusense-colorvu.png' alt=''> <\/div>\n<div style='flex: 1 1 300px; min-width: 280px; display: flex; align-items: center;'>\n<p style='font-size: 15px; color: inherit; margin: 0;'>Soporta anal\u00edtico de ACUSENSE Lite que distingue personas y veh\u00edculos de otros objetos&comma; enfoc\u00e1ndose en amenazas de seguridad reales con b\u00fasquedas de video eficientes<\/p>\n<\/p><\/div>\n<\/p><\/div>\n<p> <!-- Cards de iluminaci\u00f3n --> <\/p>\n<div style='display: flex; flex-wrap: wrap; gap: 20px; margin-bottom: 30px;'>\n<div style='flex: 1 1 300px; min-width: 280px; border: 1px solid rgba(150&comma; 150&comma; 150&comma; 0.4); border-radius: 8px; overflow: hidden; display: flex; flex-direction: column;'>\n<div style='padding: 15px; border-bottom: 1px solid rgba(150&comma; 150&comma; 150&comma; 0.2); font-weight: bold; font-size: 18px; color: inherit;'>Luz IR Encendida<\/div>\n<div style='padding: 15px; color: inherit;'> <img style='width: 100%; height: auto; border: 1px solid rgba(150&comma;150&comma;150&comma;0.3); border-radius: 8px; margin-bottom: 15px;' src='https:\/\/ftp3.syscom.mx\/usuarios\/ftp\/single_page\/HIKVISION\/IR-PON-1.png' alt='Luz IR Encendida'> <\/p>\n<p style='font-size: 14px; margin: 0;'>En ausencia de veh\u00edculo o persona&comma; la c\u00e1mara utiliza s\u00f3lo luz IR<\/p>\n<\/p><\/div>\n<\/p><\/div>\n<div style='flex: 1 1 300px; min-width: 280px; border: 1px solid rgba(150&comma; 150&comma; 150&comma; 0.4); border-radius: 8px; overflow: hidden; display: flex; flex-direction: column;'>\n<div style='padding: 15px; border-bottom: 1px solid rgba(150&comma; 150&comma; 150&comma; 0.2); font-weight: bold; font-size: 18px; color: inherit;'>Luz LED Encendida<\/div>\n<div style='padding: 15px; color: inherit;'> <img style='width: 100%; height: auto; border: 1px solid rgba(150&comma;150&comma;150&comma;0.3); border-radius: 8px; margin-bottom: 15px;' src='https:\/\/ftp3.syscom.mx\/usuarios\/ftp\/single_page\/HIKVISION\/LED-ON-1.jpg' alt='Luz LED Encendida'> <\/p>\n<p style='font-size: 14px; margin: 0;'>Cuando se detecta un veh\u00edculo o persona&comma; la luz blanca se activa autom\u00e1ticamente&comma; produciendo im\u00e1genes en color con detalles claros<\/p>\n<\/p><\/div>\n<\/p><\/div>\n<div style='flex: 1 1 300px; min-width: 280px; border: 1px solid rgba(150&comma; 150&comma; 150&comma; 0.4); border-radius: 8px; overflow: hidden; display: flex; flex-direction: column;'>\n<div style='padding: 15px; border-bottom: 1px solid rgba(150&comma; 150&comma; 150&comma; 0.2); font-weight: bold; font-size: 18px; color: inherit;'>Luz IR Encendida<\/div>\n<div style='padding: 15px; color: inherit;'> <img style='width: 100%; height: auto; border: 1px solid rgba(150&comma;150&comma;150&comma;0.3); border-radius: 8px; margin-bottom: 15px;' src='https:\/\/ftp3.syscom.mx\/usuarios\/ftp\/single_page\/HIKVISION\/IR-PON-2.png' alt='Luz IR Encendida'> <\/p>\n<p style='font-size: 14px; margin: 0;'>Una vez que el veh\u00edculo o la persona se aleja&comma; la c\u00e1mara vuelve autom\u00e1ticamente a la luz IR<\/p>\n<\/p><\/div>\n<\/p><\/div>\n<\/p><\/div>\n<p> <!-- Separador final --> <\/p>\n<hr style='border: 0; border-top: 1px solid rgba(150&comma; 150&comma; 150&comma; 0.3); margin: 30px 0;'> <\/div>\n","protected":false},"excerpt":{"rendered":"<p>[Dual Light + 2 Micr\u00f3fonos Integrados] Bala IP 6 Megapixel \/ Lente Mot. 2.8 a 12 mm \/ 60 mts Luz Blanca + 60 mts IR \/ Exterior IP67 \/ IK10 \/  WDR 120 dB \/ PoE+ \/ ACUSENSE \/ Alarmas I\/O \/ Micro SD \/ ONVIF \/ Metal \/ ACUSEARCH<\/p>\n","protected":false},"featured_media":94232,"comment_status":"open","ping_status":"closed","template":"","meta":[],"product_brand":[],"product_cat":[438],"product_tag":[439,122,54],"class_list":{"0":"post-94233","1":"product","2":"type-product","3":"status-publish","4":"has-post-thumbnail","6":"product_cat-bala","7":"product_tag-bala","8":"product_tag-camaras-ip-y-nvrs","9":"product_tag-hikvision","11":"first","12":"instock","13":"sale","14":"shipping-taxable","15":"purchasable","16":"product-type-simple"},"_links":{"self":[{"href":"https:\/\/soydeaqui.ddns.net\/pachuca\/index.php\/wp-json\/wp\/v2\/product\/94233","targetHints":{"allow":["GET"]}}],"collection":[{"href":"https:\/\/soydeaqui.ddns.net\/pachuca\/index.php\/wp-json\/wp\/v2\/product"}],"about":[{"href":"https:\/\/soydeaqui.ddns.net\/pachuca\/index.php\/wp-json\/wp\/v2\/types\/product"}],"replies":[{"embeddable":true,"href":"https:\/\/soydeaqui.ddns.net\/pachuca\/index.php\/wp-json\/wp\/v2\/comments?post=94233"}],"wp:featuredmedia":[{"embeddable":true,"href":"https:\/\/soydeaqui.ddns.net\/pachuca\/index.php\/wp-json\/wp\/v2\/media\/94232"}],"wp:attachment":[{"href":"https:\/\/soydeaqui.ddns.net\/pachuca\/index.php\/wp-json\/wp\/v2\/media?parent=94233"}],"wp:term":[{"taxonomy":"product_brand","embeddable":true,"href":"https:\/\/soydeaqui.ddns.net\/pachuca\/index.php\/wp-json\/wp\/v2\/product_brand?post=94233"},{"taxonomy":"product_cat","embeddable":true,"href":"https:\/\/soydeaqui.ddns.net\/pachuca\/index.php\/wp-json\/wp\/v2\/product_cat?post=94233"},{"taxonomy":"product_tag","embeddable":true,"href":"https:\/\/soydeaqui.ddns.net\/pachuca\/index.php\/wp-json\/wp\/v2\/product_tag?post=94233"}],"curies":[{"name":"wp","href":"https:\/\/api.w.org\/{rel}","templated":true}]}}